{"id":11141,"date":"2024-02-29T08:42:33","date_gmt":"2024-02-29T08:42:33","guid":{"rendered":"https:\/\/godsheart.tv\/newdesign\/?page_id=11141"},"modified":"2025-07-09T18:05:14","modified_gmt":"2025-07-09T17:05:14","slug":"andachten","status":"publish","type":"page","link":"https:\/\/godsheart.tv\/de\/andachten\/","title":{"rendered":"Andachten"},"content":{"rendered":"\t\t<div data-elementor-type=\"wp-page\" data-elementor-id=\"11141\" class=\"elementor elementor-11141\">\n\t\t\t\t<div class=\"elementor-element elementor-element-2cbac3f e-flex e-con-boxed e-con e-parent\" data-id=\"2cbac3f\" data-element_type=\"container\" data-e-type=\"container\">\n\t\t\t\t\t<div class=\"e-con-inner\">\n\t\t\t\t<div class=\"elementor-element elementor-element-5cc48f2 elementor-widget elementor-widget-text-editor\" data-id=\"5cc48f2\" data-element_type=\"widget\" data-e-type=\"widget\" data-widget_type=\"text-editor.default\">\n\t\t\t\t<div class=\"elementor-widget-container\">\n\t\t\t\t\t\t\t\t\t<p><em>&#8220;Woran dein Herz festh\u00e4lt, kann dich leicht in Besitz nehmen. Wenn wir Gottes Wort in unserem Herzen festhalten, wird es zu unserer Festung.&#8221;<\/em><\/p><p><strong>\u00a0<\/strong>Wie finden wir im Trubel der t\u00e4glichen Aktivit\u00e4ten die Zeit, uns um unser geistliches Leben zu k\u00fcmmern? Bei so vielen widerstreitenden Kr\u00e4ften, die um unsere Aufmerksamkeit k\u00e4mpfen, ist es wichtiger denn je, t\u00e4glich Zeit mit dem lebendigen Wort Gottes zu verbringen &#8211; der einzigen Quelle der Wahrheit und Best\u00e4ndigkeit, auf die wir uns immer verlassen k\u00f6nnen! In <strong><em>Matth\u00e4us 24,35<\/em><\/strong> hei\u00dft es: <strong>&#8220;Himmel und Erde werden vergehen, aber meine Worte werden niemals vergehen.&#8221;<\/strong> Wenn du diese Andachten des God&#8217;s Heart TV Teams liest, beten wir daf\u00fcr, dass Gott dein Herz f\u00fcr seine Weisheit \u00f6ffnet und dir hilft, das Leben klar zu sehen &#8211; mit seinen Augen.<\/p><p>\u00a0<\/p>\t\t\t\t\t\t\t\t<\/div>\n\t\t\t\t<\/div>\n\t\t\t\t\t<\/div>\n\t\t\t\t<\/div>\n\t\t<div class=\"elementor-element elementor-element-e5b7cdb e-flex e-con-boxed e-con e-parent\" data-id=\"e5b7cdb\" data-element_type=\"container\" data-e-type=\"container\">\n\t\t\t\t\t<div class=\"e-con-inner\">\n\t\t\t\t<div class=\"elementor-element elementor-element-b2ba544 elementor-grid-3 elementor-grid-tablet-2 elementor-grid-mobile-1 elementor-widget elementor-widget-wpzoom-elementor-addons-posts-grid\" data-id=\"b2ba544\" data-element_type=\"widget\" data-e-type=\"widget\" data-settings=\"{&quot;columns&quot;:&quot;3&quot;,&quot;columns_tablet&quot;:&quot;2&quot;,&quot;columns_mobile&quot;:&quot;1&quot;}\" data-widget_type=\"wpzoom-elementor-addons-posts-grid.default\">\n\t\t\t\t<div class=\"elementor-widget-container\">\n\t\t\t\t\t\t\t<div \n\t\t\tclass=\"wpz-grid\" \n\t\t\tdata-uid=\"b2ba544\"\n\t\t\tdata-offset=\"9\"\n\t\t\tdata-posts-grid='{\"posts_per_page\":9,\"post_status\":\"publish\",\"paged\":1,\"post__not_in\":[],\"ignore_sticky_posts\":true,\"category_name\":\"devotions\",\"orderby\":\"post_date\",\"order\":\"desc\",\"offset\":9,\"show_image\":\"yes\",\"post_thumbnail_size\":\"portfolio_item-thumbnail_square\",\"show_title\":\"yes\",\"title_tag\":\"h3\",\"meta_data\":[\"date\"],\"show_excerpt\":\"yes\",\"excerpt_length\":80,\"show_read_more\":\"yes\",\"read_more_text\":\"Mehr Lesen \\u00bb\",\"grid_style\":\"1\",\"total\":3}'>\n\t\t\t\t\t\t<div class=\"wpz-grid-container elementor-grid wpz-grid-desktop-3  wpz-grid-tablet-2  wpz-grid-mobile-1 \">\n\t\t\t\t\n        <article id=\"post-19793\" class=\"wpz-post post-19793 post type-post status-publish format-standard has-post-thumbnail hentry category-devotions\">\n         \n            <div class=\"post-grid-inner\">\n            \t\n            \t\t\t\t<div class=\"post-grid-thumbnail\">\n\t\t\t\t<a href=\"https:\/\/godsheart.tv\/de\/blog\/2025\/10\/08\/vertrauen-nur-gott\/\" title=\"VERTRAUE NUR GOTT\">\n\t\t\t\t\t<img fetchpriority=\"high\" decoding=\"async\" width=\"800\" height=\"800\" src=\"https:\/\/godsheart.tv\/de\/wp-content\/uploads\/2025\/10\/TRUST-ONLY-GOD-800x800.png\" class=\"attachment-portfolio_item-thumbnail_square size-portfolio_item-thumbnail_square wp-post-image\" alt=\"\" srcset=\"https:\/\/godsheart.tv\/de\/wp-content\/uploads\/2025\/10\/TRUST-ONLY-GOD-800x800.png 800w, https:\/\/godsheart.tv\/de\/wp-content\/uploads\/2025\/10\/TRUST-ONLY-GOD-300x300.png 300w, https:\/\/godsheart.tv\/de\/wp-content\/uploads\/2025\/10\/TRUST-ONLY-GOD-1024x1024.png 1024w, https:\/\/godsheart.tv\/de\/wp-content\/uploads\/2025\/10\/TRUST-ONLY-GOD-150x150.png 150w, https:\/\/godsheart.tv\/de\/wp-content\/uploads\/2025\/10\/TRUST-ONLY-GOD-768x768.png 768w, https:\/\/godsheart.tv\/de\/wp-content\/uploads\/2025\/10\/TRUST-ONLY-GOD-1000x1000.png 1000w, https:\/\/godsheart.tv\/de\/wp-content\/uploads\/2025\/10\/TRUST-ONLY-GOD-280x280.png 280w, https:\/\/godsheart.tv\/de\/wp-content\/uploads\/2025\/10\/TRUST-ONLY-GOD-560x560.png 560w, https:\/\/godsheart.tv\/de\/wp-content\/uploads\/2025\/10\/TRUST-ONLY-GOD-600x600.png 600w, https:\/\/godsheart.tv\/de\/wp-content\/uploads\/2025\/10\/TRUST-ONLY-GOD-24x24.png 24w, https:\/\/godsheart.tv\/de\/wp-content\/uploads\/2025\/10\/TRUST-ONLY-GOD-36x36.png 36w, https:\/\/godsheart.tv\/de\/wp-content\/uploads\/2025\/10\/TRUST-ONLY-GOD-48x48.png 48w, https:\/\/godsheart.tv\/de\/wp-content\/uploads\/2025\/10\/TRUST-ONLY-GOD.png 1080w\" sizes=\"(max-width: 800px) 100vw, 800px\" \/>\t\t\t\t<\/a>\n\t\t\t<\/div>\n\t\t\n                <div class=\"post-grid-text-wrap\">\n               \t\t\t\t<h3 class=\"title\">\n\t\t\t<a href=\"https:\/\/godsheart.tv\/de\/blog\/2025\/10\/08\/vertrauen-nur-gott\/\" title=\"VERTRAUE NUR GOTT\">VERTRAUE NUR GOTT<\/a>\n\t\t<\/h3>\n\t\t\t                \t\t<div class=\"post-grid-meta\">\n\t\t\t<span class=\"post-date\">October 8, 2025<\/span>\t\t<\/div>\n\t\t\t                <div class=\"post-grid-excerpt\"><p>Jesaja 2,22: \u201dVerlasst euch nicht auf den Menschen, der doch von der Atemluft abh\u00e4ngig ist. Was kann man von ihm schon erwarten?\u201d Menschen Gottes, wir neigen heute dazu, unrealistische Erwartungen an die Menschen um uns herum zu stellen. Wenn wir nicht aufpassen, kann das dazu f\u00fchren, dass wir unser Herz davor verschlie\u00dfen, anderen zu helfen, weil wir in der Vergangenheit schlechte Erfahrungen gemacht haben. Wenn du wegen eines Verrats verbittert und wegen einer Entt\u00e4uschung entmutigt bist, dienst du nur dem&hellip;<\/p>\n<\/div>\t                <a class=\"read-more-btn\" href=\"https:\/\/godsheart.tv\/de\/blog\/2025\/10\/08\/vertrauen-nur-gott\/\">Mehr Lesen \u00bb<\/a>                <\/div>\n\n            <\/div><!-- .blog-inner -->\n           \n        <\/article>\n\n        \n        <article id=\"post-17161\" class=\"wpz-post post-17161 post type-post status-publish format-standard has-post-thumbnail hentry category-devotions\">\n         \n            <div class=\"post-grid-inner\">\n            \t\n            \t\t\t\t<div class=\"post-grid-thumbnail\">\n\t\t\t\t<a href=\"https:\/\/godsheart.tv\/de\/blog\/2025\/05\/22\/the-heart-to-whom-god-speaks\/\" title=\"THE HEART TO WHOM GOD SPEAKS\">\n\t\t\t\t\t<img decoding=\"async\" width=\"800\" height=\"800\" src=\"https:\/\/godsheart.tv\/de\/wp-content\/uploads\/2025\/05\/THE-HEART-TO-WHOM-GOD-SPEAKS-800x800.jpg\" class=\"attachment-portfolio_item-thumbnail_square size-portfolio_item-thumbnail_square wp-post-image\" alt=\"\" srcset=\"https:\/\/godsheart.tv\/de\/wp-content\/uploads\/2025\/05\/THE-HEART-TO-WHOM-GOD-SPEAKS-800x800.jpg 800w, https:\/\/godsheart.tv\/de\/wp-content\/uploads\/2025\/05\/THE-HEART-TO-WHOM-GOD-SPEAKS-300x300.jpg 300w, https:\/\/godsheart.tv\/de\/wp-content\/uploads\/2025\/05\/THE-HEART-TO-WHOM-GOD-SPEAKS-1024x1024.jpg 1024w, https:\/\/godsheart.tv\/de\/wp-content\/uploads\/2025\/05\/THE-HEART-TO-WHOM-GOD-SPEAKS-150x150.jpg 150w, https:\/\/godsheart.tv\/de\/wp-content\/uploads\/2025\/05\/THE-HEART-TO-WHOM-GOD-SPEAKS-768x768.jpg 768w, https:\/\/godsheart.tv\/de\/wp-content\/uploads\/2025\/05\/THE-HEART-TO-WHOM-GOD-SPEAKS-1000x1000.jpg 1000w, https:\/\/godsheart.tv\/de\/wp-content\/uploads\/2025\/05\/THE-HEART-TO-WHOM-GOD-SPEAKS-280x280.jpg 280w, https:\/\/godsheart.tv\/de\/wp-content\/uploads\/2025\/05\/THE-HEART-TO-WHOM-GOD-SPEAKS-560x560.jpg 560w, https:\/\/godsheart.tv\/de\/wp-content\/uploads\/2025\/05\/THE-HEART-TO-WHOM-GOD-SPEAKS-600x600.jpg 600w, https:\/\/godsheart.tv\/de\/wp-content\/uploads\/2025\/05\/THE-HEART-TO-WHOM-GOD-SPEAKS-36x36.jpg 36w, https:\/\/godsheart.tv\/de\/wp-content\/uploads\/2025\/05\/THE-HEART-TO-WHOM-GOD-SPEAKS-48x48.jpg 48w, https:\/\/godsheart.tv\/de\/wp-content\/uploads\/2025\/05\/THE-HEART-TO-WHOM-GOD-SPEAKS.jpg 1080w\" sizes=\"(max-width: 800px) 100vw, 800px\" \/>\t\t\t\t<\/a>\n\t\t\t<\/div>\n\t\t\n                <div class=\"post-grid-text-wrap\">\n               \t\t\t\t<h3 class=\"title\">\n\t\t\t<a href=\"https:\/\/godsheart.tv\/de\/blog\/2025\/05\/22\/the-heart-to-whom-god-speaks\/\" title=\"THE HEART TO WHOM GOD SPEAKS\">THE HEART TO WHOM GOD SPEAKS<\/a>\n\t\t<\/h3>\n\t\t\t                \t\t<div class=\"post-grid-meta\">\n\t\t\t<span class=\"post-date\">May 22, 2025<\/span>\t\t<\/div>\n\t\t\t                <div class=\"post-grid-excerpt\"><p>1 Kings 19:11-12, \u201cThe\u00a0Lord\u00a0said, \u2018Go out and stand on the mountain\u00a0in the presence of the\u00a0Lord, for the\u00a0Lord\u00a0is about to pass by.\u2019 Then a great and powerful wind\u00a0tore the mountains apart and shattered\u00a0the rocks before the\u00a0Lord, but the\u00a0Lord\u00a0was not in the wind. After the wind there was an earthquake, but the\u00a0Lord\u00a0was not in the earthquake.\u00a0After the earthquake came a fire,\u00a0but the\u00a0Lord\u00a0was not in the fire. And after the fire came a gentle whisper.\u201d God can speak to His people in many&hellip;<\/p>\n<\/div>\t                <a class=\"read-more-btn\" href=\"https:\/\/godsheart.tv\/de\/blog\/2025\/05\/22\/the-heart-to-whom-god-speaks\/\">Mehr Lesen \u00bb<\/a>                <\/div>\n\n            <\/div><!-- .blog-inner -->\n           \n        <\/article>\n\n        \n        <article id=\"post-17116\" class=\"wpz-post post-17116 post type-post status-publish format-standard has-post-thumbnail hentry category-devotions\">\n         \n            <div class=\"post-grid-inner\">\n            \t\n            \t\t\t\t<div class=\"post-grid-thumbnail\">\n\t\t\t\t<a href=\"https:\/\/godsheart.tv\/de\/blog\/2025\/05\/15\/dealing-with-disturbance\/\" title=\"DEALING WITH DISTURBANCE\">\n\t\t\t\t\t<img decoding=\"async\" width=\"800\" height=\"800\" src=\"https:\/\/godsheart.tv\/de\/wp-content\/uploads\/2025\/05\/DEALING-WITH-DISTURBANCE-800x800.jpg\" class=\"attachment-portfolio_item-thumbnail_square size-portfolio_item-thumbnail_square wp-post-image\" alt=\"\" srcset=\"https:\/\/godsheart.tv\/de\/wp-content\/uploads\/2025\/05\/DEALING-WITH-DISTURBANCE-800x800.jpg 800w, https:\/\/godsheart.tv\/de\/wp-content\/uploads\/2025\/05\/DEALING-WITH-DISTURBANCE-300x300.jpg 300w, https:\/\/godsheart.tv\/de\/wp-content\/uploads\/2025\/05\/DEALING-WITH-DISTURBANCE-1024x1024.jpg 1024w, https:\/\/godsheart.tv\/de\/wp-content\/uploads\/2025\/05\/DEALING-WITH-DISTURBANCE-150x150.jpg 150w, https:\/\/godsheart.tv\/de\/wp-content\/uploads\/2025\/05\/DEALING-WITH-DISTURBANCE-768x768.jpg 768w, https:\/\/godsheart.tv\/de\/wp-content\/uploads\/2025\/05\/DEALING-WITH-DISTURBANCE-1000x1000.jpg 1000w, https:\/\/godsheart.tv\/de\/wp-content\/uploads\/2025\/05\/DEALING-WITH-DISTURBANCE-280x280.jpg 280w, https:\/\/godsheart.tv\/de\/wp-content\/uploads\/2025\/05\/DEALING-WITH-DISTURBANCE-560x560.jpg 560w, https:\/\/godsheart.tv\/de\/wp-content\/uploads\/2025\/05\/DEALING-WITH-DISTURBANCE-600x600.jpg 600w, https:\/\/godsheart.tv\/de\/wp-content\/uploads\/2025\/05\/DEALING-WITH-DISTURBANCE-36x36.jpg 36w, https:\/\/godsheart.tv\/de\/wp-content\/uploads\/2025\/05\/DEALING-WITH-DISTURBANCE-48x48.jpg 48w, https:\/\/godsheart.tv\/de\/wp-content\/uploads\/2025\/05\/DEALING-WITH-DISTURBANCE.jpg 1080w\" sizes=\"(max-width: 800px) 100vw, 800px\" \/>\t\t\t\t<\/a>\n\t\t\t<\/div>\n\t\t\n                <div class=\"post-grid-text-wrap\">\n               \t\t\t\t<h3 class=\"title\">\n\t\t\t<a href=\"https:\/\/godsheart.tv\/de\/blog\/2025\/05\/15\/dealing-with-disturbance\/\" title=\"DEALING WITH DISTURBANCE\">DEALING WITH DISTURBANCE<\/a>\n\t\t<\/h3>\n\t\t\t                \t\t<div class=\"post-grid-meta\">\n\t\t\t<span class=\"post-date\">May 15, 2025<\/span>\t\t<\/div>\n\t\t\t                <div class=\"post-grid-excerpt\"><p>Mark 11:25, \u201cAnd when you stand praying, if you hold anything against anyone, forgive them, so that your Father in heaven may forgive you your sins.\u201d Many people launch into Bible reading and prayer without taking the important step of considering the state of their hearts. That is why they often find themselves reading without receiving revelation and praying without peace of heart. Sometimes we try to mask the disturbance of the heart by engaging ourselves in other activities in&hellip;<\/p>\n<\/div>\t                <a class=\"read-more-btn\" href=\"https:\/\/godsheart.tv\/de\/blog\/2025\/05\/15\/dealing-with-disturbance\/\">Mehr Lesen \u00bb<\/a>                <\/div>\n\n            <\/div><!-- .blog-inner -->\n           \n        <\/article>\n\n        \t\t\t<\/div>\n\n\t\t\t\t\t\t\t\t\t\t<div class=\"wpz-posts-grid-load-more\">\n\t\t\t\t\t<a href=\"#\" class=\"wpz-posts-grid-load-more-btn btn\">Mehr Laden<\/a>\n\t\t\t\t<\/div>\n\t\t\t\t<input type=\"hidden\" id=\"wpz_posts_grid_load_moreb2ba544\" name=\"wpz_posts_grid_load_moreb2ba544\" value=\"2f8324dadf\" \/><input type=\"hidden\" name=\"_wp_http_referer\" value=\"\/de\/wp-json\/wp\/v2\/pages\/11141\" \/>\t\t\t\t\t\n\t\t<\/div><!-- \/\/.wpz-grid -->\n\t\t\t\t\t\t<\/div>\n\t\t\t\t<\/div>\n\t\t\t\t\t<\/div>\n\t\t\t\t<\/div>\n\t\t\t\t<\/div>\n\t\t","protected":false},"excerpt":{"rendered":"<p>&#8220;Woran dein Herz festh\u00e4lt, kann dich leicht in Besitz nehmen. Wenn wir Gottes Wort in unserem Herzen festhalten, wird es zu unserer Festung.&#8221; \u00a0Wie finden wir im Trubel der t\u00e4glichen Aktivit\u00e4ten die Zeit, uns um unser geistliches Leben zu k\u00fcmmern? Bei so vielen widerstreitenden Kr\u00e4ften, die um unsere Aufmerksamkeit k\u00e4mpfen, [&hellip;]<\/p>\n","protected":false},"author":1,"featured_media":0,"parent":0,"menu_order":0,"comment_status":"closed","ping_status":"closed","template":"page-templates\/full-width-builder-bb.php","meta":{"content-type":"","footnotes":""},"class_list":["post-11141","page","type-page","status-publish","hentry"],"_links":{"self":[{"href":"https:\/\/godsheart.tv\/de\/wp-json\/wp\/v2\/pages\/11141","targetHints":{"allow":["GET"]}}],"collection":[{"href":"https:\/\/godsheart.tv\/de\/wp-json\/wp\/v2\/pages"}],"about":[{"href":"https:\/\/godsheart.tv\/de\/wp-json\/wp\/v2\/types\/page"}],"author":[{"embeddable":true,"href":"https:\/\/godsheart.tv\/de\/wp-json\/wp\/v2\/users\/1"}],"replies":[{"embeddable":true,"href":"https:\/\/godsheart.tv\/de\/wp-json\/wp\/v2\/comments?post=11141"}],"version-history":[{"count":7,"href":"https:\/\/godsheart.tv\/de\/wp-json\/wp\/v2\/pages\/11141\/revisions"}],"predecessor-version":[{"id":18776,"href":"https:\/\/godsheart.tv\/de\/wp-json\/wp\/v2\/pages\/11141\/revisions\/18776"}],"wp:attachment":[{"href":"https:\/\/godsheart.tv\/de\/wp-json\/wp\/v2\/media?parent=11141"}],"curies":[{"name":"wp","href":"https:\/\/api.w.org\/{rel}","templated":true}]}}