{"id":11187,"date":"2024-03-01T14:52:56","date_gmt":"2024-03-01T14:52:56","guid":{"rendered":"https:\/\/godsheart.tv\/newdesign\/?page_id=11187"},"modified":"2025-07-10T08:26:45","modified_gmt":"2025-07-10T07:26:45","slug":"whatsapp","status":"publish","type":"page","link":"https:\/\/godsheart.tv\/de\/whatsapp\/","title":{"rendered":"WhatsApp T\u00e4gliche Ermutigung"},"content":{"rendered":"\t\t<div data-elementor-type=\"wp-page\" data-elementor-id=\"11187\" class=\"elementor elementor-11187\">\n\t\t\t\t<div class=\"elementor-element elementor-element-2cbac3f e-flex e-con-boxed e-con e-parent\" data-id=\"2cbac3f\" data-element_type=\"container\" data-e-type=\"container\">\n\t\t\t\t\t<div class=\"e-con-inner\">\n\t\t\t\t<div class=\"elementor-element elementor-element-5cc48f2 elementor-widget elementor-widget-text-editor\" data-id=\"5cc48f2\" data-element_type=\"widget\" data-e-type=\"widget\" data-widget_type=\"text-editor.default\">\n\t\t\t\t<div class=\"elementor-widget-container\">\n\t\t\t\t\t\t\t\t\t<p>M\u00f6chtest du t\u00e4glich Worte der Ermutigung, kurze Predigtclips, Glaubenszeugnisse und regelm\u00e4\u00dfige Updates von Bruder Chris und dem God\u2019s Heart TV Team auf WhatsApp erhalten?<\/p><p>Klicke einfach auf diesen Link \u2013 <a href=\"https:\/\/whatsapp.com\/channel\/0029VaEKmrs3bbVA7fxPZp1U\" target=\"_blank\" rel=\"noopener\">https:\/\/whatsapp.com\/channel\/0029VaEKmrs3bbVA7fxPZp1U<\/a> \u2013 und nimm die Einladung an, dem God\u2019s Heart TV Daily Mutmach-Kanal auf WhatsApp zu folgen. Sobald du dem Kanal gefolgt bist, erh\u00e4ltst du t\u00e4gliche Ermutigungen direkt auf dein Handy via WhatsApp!<\/p><p>Bitte beachte, dass wir deine Privatsph\u00e4re respektieren und deine Kontaktdaten NICHT an andere weitergeben, wenn du diesem Kanal folgst. Es steht dir auch frei, dem Kanal jederzeit nicht mehr zu folgen.<\/p><p>Wir m\u00f6chten dich ermutigen, die Botschaften und ermutigenden Worte, die du von God\u2019s Heart TV erh\u00e4ltst, mit deinen anderen Kontakten zu teilen, sei es \u00fcber deine Social-Media-Kan\u00e4le oder \u00fcber deinen WhatsApp-Status! Denken daran, dass jeder Christ ein Missionar, Evangelist und Zeuge ist!<\/p><p>Wenn einer deiner Freunde, Familienmitglieder oder Kollegen diese t\u00e4glichen Worte der Ermutigung erhalten m\u00f6chte, kannst du den Link gerne mit ihnen teilen und sie einladen, dem Kanal zu folgen, oder sie auf diese Seite verweisen.<\/p>\t\t\t\t\t\t\t\t<\/div>\n\t\t\t\t<\/div>\n\t\t\t\t\t<\/div>\n\t\t\t\t<\/div>\n\t\t\t\t<\/div>\n\t\t","protected":false},"excerpt":{"rendered":"<p>M\u00f6chtest du t\u00e4glich Worte der Ermutigung, kurze Predigtclips, Glaubenszeugnisse und regelm\u00e4\u00dfige Updates von Bruder Chris und dem God\u2019s Heart TV Team auf WhatsApp erhalten? Klicke einfach auf diesen Link \u2013 https:\/\/whatsapp.com\/channel\/0029VaEKmrs3bbVA7fxPZp1U \u2013 und nimm die Einladung an, dem God\u2019s Heart TV Daily Mutmach-Kanal auf WhatsApp zu folgen. Sobald du dem [&hellip;]<\/p>\n","protected":false},"author":1,"featured_media":0,"parent":0,"menu_order":0,"comment_status":"closed","ping_status":"closed","template":"page-templates\/full-width-builder-bb.php","meta":{"content-type":"","footnotes":""},"class_list":["post-11187","page","type-page","status-publish","hentry"],"_links":{"self":[{"href":"https:\/\/godsheart.tv\/de\/wp-json\/wp\/v2\/pages\/11187","targetHints":{"allow":["GET"]}}],"collection":[{"href":"https:\/\/godsheart.tv\/de\/wp-json\/wp\/v2\/pages"}],"about":[{"href":"https:\/\/godsheart.tv\/de\/wp-json\/wp\/v2\/types\/page"}],"author":[{"embeddable":true,"href":"https:\/\/godsheart.tv\/de\/wp-json\/wp\/v2\/users\/1"}],"replies":[{"embeddable":true,"href":"https:\/\/godsheart.tv\/de\/wp-json\/wp\/v2\/comments?post=11187"}],"version-history":[{"count":4,"href":"https:\/\/godsheart.tv\/de\/wp-json\/wp\/v2\/pages\/11187\/revisions"}],"predecessor-version":[{"id":19008,"href":"https:\/\/godsheart.tv\/de\/wp-json\/wp\/v2\/pages\/11187\/revisions\/19008"}],"wp:attachment":[{"href":"https:\/\/godsheart.tv\/de\/wp-json\/wp\/v2\/media?parent=11187"}],"curies":[{"name":"wp","href":"https:\/\/api.w.org\/{rel}","templated":true}]}}