{"id":11414,"date":"2024-03-01T21:27:18","date_gmt":"2024-03-01T21:27:18","guid":{"rendered":"https:\/\/godsheart.tv\/newdesign\/?page_id=11414"},"modified":"2025-07-10T17:24:15","modified_gmt":"2025-07-10T16:24:15","slug":"wohltaetigkeit","status":"publish","type":"page","link":"https:\/\/godsheart.tv\/de\/wohltaetigkeit\/","title":{"rendered":"Soziale Projekte"},"content":{"rendered":"\t\t<div data-elementor-type=\"wp-page\" data-elementor-id=\"11414\" class=\"elementor elementor-11414\">\n\t\t\t\t<div class=\"elementor-element elementor-element-2cbac3f e-flex e-con-boxed e-con e-parent\" data-id=\"2cbac3f\" data-element_type=\"container\" data-e-type=\"container\">\n\t\t\t\t\t<div class=\"e-con-inner\">\n\t\t\t\t<div class=\"elementor-element elementor-element-5cc48f2 elementor-widget elementor-widget-text-editor\" data-id=\"5cc48f2\" data-element_type=\"widget\" data-e-type=\"widget\" data-widget_type=\"text-editor.default\">\n\t\t\t\t<div class=\"elementor-widget-container\">\n\t\t\t\t\t\t\t\t\t<p><em>\u00a0&#8220;Als Christen ist es eine heilige Verantwortung, sich um die weniger Privilegierten in unserer Mitte zu k\u00fcmmern.&#8221;<\/em><\/p><p>Eine der Hauptaufgaben von God&#8217;s Heart TV ist es, Gottes Liebe in Wohlt\u00e4tigkeitsprojekten weiterzugeben, denn wir wissen, dass der Beweis unserer Liebe zu Gott das \u00dcberflie\u00dfen dieser Liebe auf andere ist.<\/p><p>Hier sind einige Berichte \u00fcber die j\u00fcngsten humanit\u00e4ren Projekte von God&#8217;s Heart TV, die in L\u00e4ndern wie Kolumbien, Honduras, Malawi, der Demokratischen Republik Kongo, Mexiko, Kasachstan und Gro\u00dfbritannien stattgefunden haben. <a href=\"https:\/\/godsheart.tv\/de\/portfolio\/wohltatigkeit\/\">Du kannst dir hier auch kurze Videodokumentationen \u00fcber einige dieser Projekte ansehen.<\/a><\/p>\t\t\t\t\t\t\t\t<\/div>\n\t\t\t\t<\/div>\n\t\t\t\t\t<\/div>\n\t\t\t\t<\/div>\n\t\t<div class=\"elementor-element elementor-element-e5b7cdb e-flex e-con-boxed e-con e-parent\" data-id=\"e5b7cdb\" data-element_type=\"container\" data-e-type=\"container\">\n\t\t\t\t\t<div class=\"e-con-inner\">\n\t\t\t\t<div class=\"elementor-element elementor-element-b2ba544 elementor-grid-3 elementor-grid-tablet-2 elementor-grid-mobile-1 elementor-widget elementor-widget-wpzoom-elementor-addons-posts-grid\" data-id=\"b2ba544\" data-element_type=\"widget\" data-e-type=\"widget\" data-settings=\"{&quot;columns&quot;:&quot;3&quot;,&quot;columns_tablet&quot;:&quot;2&quot;,&quot;columns_mobile&quot;:&quot;1&quot;}\" data-widget_type=\"wpzoom-elementor-addons-posts-grid.default\">\n\t\t\t\t<div class=\"elementor-widget-container\">\n\t\t\t\t\t\t\t<div \n\t\t\tclass=\"wpz-grid\" \n\t\t\tdata-uid=\"b2ba544\"\n\t\t\tdata-offset=\"12\"\n\t\t\tdata-posts-grid='{\"posts_per_page\":12,\"post_status\":\"publish\",\"paged\":1,\"post__not_in\":[],\"ignore_sticky_posts\":true,\"category_name\":\"charity\",\"orderby\":\"post_date\",\"order\":\"desc\",\"offset\":12,\"show_image\":\"yes\",\"post_thumbnail_size\":\"portfolio_item-thumbnail\",\"show_title\":\"yes\",\"title_tag\":\"h3\",\"meta_data\":[\"date\"],\"show_excerpt\":\"yes\",\"excerpt_length\":80,\"show_read_more\":\"yes\",\"read_more_text\":\"Mehr lesen \\u00bb\",\"grid_style\":\"1\",\"total\":3}'>\n\t\t\t\t\t\t<div class=\"wpz-grid-container elementor-grid wpz-grid-desktop-3  wpz-grid-tablet-2  wpz-grid-mobile-1 \">\n\t\t\t\t\n        <article id=\"post-17454\" class=\"wpz-post post-17454 post type-post status-publish format-standard has-post-thumbnail hentry category-charity\">\n         \n            <div class=\"post-grid-inner\">\n            \t\n            \t\t\t\t<div class=\"post-grid-thumbnail\">\n\t\t\t\t<a href=\"https:\/\/godsheart.tv\/de\/blog\/2025\/04\/30\/gods-heart-tv-support-in-kharkiv-ukraine\/\" title=\"God\u2019s Heart TV Support in Kharkiv, Ukraine!\">\n\t\t\t\t\t<img fetchpriority=\"high\" decoding=\"async\" width=\"600\" height=\"400\" src=\"https:\/\/godsheart.tv\/de\/wp-content\/uploads\/2025\/04\/0-02-05-0281d3481344a6a0df2a6b7b09e9002a1b394459388ca19798f47a80edff567a_b885792442c29592-600x400.jpg\" class=\"attachment-portfolio_item-thumbnail size-portfolio_item-thumbnail wp-post-image\" alt=\"\" \/>\t\t\t\t<\/a>\n\t\t\t<\/div>\n\t\t\n                <div class=\"post-grid-text-wrap\">\n               \t\t\t\t<h3 class=\"title\">\n\t\t\t<a href=\"https:\/\/godsheart.tv\/de\/blog\/2025\/04\/30\/gods-heart-tv-support-in-kharkiv-ukraine\/\" title=\"God\u2019s Heart TV Support in Kharkiv, Ukraine!\">God\u2019s Heart TV Support in Kharkiv, Ukraine!<\/a>\n\t\t<\/h3>\n\t\t\t                \t\t<div class=\"post-grid-meta\">\n\t\t\t<span class=\"post-date\">April 30, 2025<\/span>\t\t<\/div>\n\t\t\t                <div class=\"post-grid-excerpt\"><p>As part of its ongoing support, God\u2019s Heart TV has partnered with a local ministry to help displaced people through the cold winter in Kharkiv, Ukraine. What a privilege to be in a position to help! \u201cDo not forget to do good and to share with others, for with such sacrifices God is pleased.\u201d \u2013 Hebrews 13:16<\/p>\n<\/div>\t                <a class=\"read-more-btn\" href=\"https:\/\/godsheart.tv\/de\/blog\/2025\/04\/30\/gods-heart-tv-support-in-kharkiv-ukraine\/\">Mehr lesen \u00bb<\/a>                <\/div>\n\n            <\/div><!-- .blog-inner -->\n           \n        <\/article>\n\n        \n        <article id=\"post-17460\" class=\"wpz-post post-17460 post type-post status-publish format-standard has-post-thumbnail hentry category-charity\">\n         \n            <div class=\"post-grid-inner\">\n            \t\n            \t\t\t\t<div class=\"post-grid-thumbnail\">\n\t\t\t\t<a href=\"https:\/\/godsheart.tv\/de\/blog\/2025\/01\/05\/sharing-the-love-of-christ-at-christmas\/\" title=\"SHARING THE LOVE OF CHRIST AT CHRISTMAS!\">\n\t\t\t\t\t<img decoding=\"async\" width=\"600\" height=\"400\" src=\"https:\/\/godsheart.tv\/de\/wp-content\/uploads\/2025\/01\/L0A2136-2-600x400.jpg\" class=\"attachment-portfolio_item-thumbnail size-portfolio_item-thumbnail wp-post-image\" alt=\"\" srcset=\"https:\/\/godsheart.tv\/de\/wp-content\/uploads\/2025\/01\/L0A2136-2-600x401.jpg 600w, https:\/\/godsheart.tv\/de\/wp-content\/uploads\/2025\/01\/L0A2136-2-300x200.jpg 300w, https:\/\/godsheart.tv\/de\/wp-content\/uploads\/2025\/01\/L0A2136-2-1024x684.jpg 1024w, https:\/\/godsheart.tv\/de\/wp-content\/uploads\/2025\/01\/L0A2136-2-768x513.jpg 768w, https:\/\/godsheart.tv\/de\/wp-content\/uploads\/2025\/01\/L0A2136-2-1000x668.jpg 1000w, https:\/\/godsheart.tv\/de\/wp-content\/uploads\/2025\/01\/L0A2136-2-838x560.jpg 838w, https:\/\/godsheart.tv\/de\/wp-content\/uploads\/2025\/01\/L0A2136-2-36x24.jpg 36w, https:\/\/godsheart.tv\/de\/wp-content\/uploads\/2025\/01\/L0A2136-2-48x32.jpg 48w, https:\/\/godsheart.tv\/de\/wp-content\/uploads\/2025\/01\/L0A2136-2.jpg 1374w\" sizes=\"(max-width: 600px) 100vw, 600px\" \/>\t\t\t\t<\/a>\n\t\t\t<\/div>\n\t\t\n                <div class=\"post-grid-text-wrap\">\n               \t\t\t\t<h3 class=\"title\">\n\t\t\t<a href=\"https:\/\/godsheart.tv\/de\/blog\/2025\/01\/05\/sharing-the-love-of-christ-at-christmas\/\" title=\"SHARING THE LOVE OF CHRIST AT CHRISTMAS!\">SHARING THE LOVE OF CHRIST AT CHRISTMAS!<\/a>\n\t\t<\/h3>\n\t\t\t                \t\t<div class=\"post-grid-meta\">\n\t\t\t<span class=\"post-date\">January 5, 2025<\/span>\t\t<\/div>\n\t\t\t                <div class=\"post-grid-excerpt\"><p>Over the Christmas season \u2013 a time to celebrate Jesus Christ by giving, especially to the less privileged &#8211; the God\u2019s Heart TV Team visited \u2018Chooselife\u2019, a drug and alcohol intervention centre located in South Wales, where the team presented many Christmas hampers. Alan Andrews, the Director of \u2018Chooselife\u2019 appreciated God for sending the gifts from God\u2019s Heart TV, explaining that the gifts would be given to the people they worked with who had \u201cburned all the bridges\u201d and wouldn\u2019t&hellip;<\/p>\n<\/div>\t                <a class=\"read-more-btn\" href=\"https:\/\/godsheart.tv\/de\/blog\/2025\/01\/05\/sharing-the-love-of-christ-at-christmas\/\">Mehr lesen \u00bb<\/a>                <\/div>\n\n            <\/div><!-- .blog-inner -->\n           \n        <\/article>\n\n        \n        <article id=\"post-6599\" class=\"wpz-post post-6599 post type-post status-publish format-standard has-post-thumbnail hentry category-charity\">\n         \n            <div class=\"post-grid-inner\">\n            \t\n            \t\t\t\t<div class=\"post-grid-thumbnail\">\n\t\t\t\t<a href=\"https:\/\/godsheart.tv\/de\/blog\/2022\/03\/05\/gods-heart-tv-charity-journey\/\" title=\"GOD\u2019S HEART TV CHARITY JOURNEY!\">\n\t\t\t\t\t<img decoding=\"async\" width=\"600\" height=\"400\" src=\"https:\/\/godsheart.tv\/de\/wp-content\/uploads\/2022\/03\/charity-journey-600x400.jpg\" class=\"attachment-portfolio_item-thumbnail size-portfolio_item-thumbnail wp-post-image\" alt=\"\" \/>\t\t\t\t<\/a>\n\t\t\t<\/div>\n\t\t\n                <div class=\"post-grid-text-wrap\">\n               \t\t\t\t<h3 class=\"title\">\n\t\t\t<a href=\"https:\/\/godsheart.tv\/de\/blog\/2022\/03\/05\/gods-heart-tv-charity-journey\/\" title=\"GOD\u2019S HEART TV CHARITY JOURNEY!\">GOD\u2019S HEART TV CHARITY JOURNEY!<\/a>\n\t\t<\/h3>\n\t\t\t                \t\t<div class=\"post-grid-meta\">\n\t\t\t<span class=\"post-date\">March 5, 2022<\/span>\t\t<\/div>\n\t\t\t                <div class=\"post-grid-excerpt\"><p>On a recent humanitarian journey, the God\u2019s Heart TV Team visited Stalybridge, a small town near Manchester, UK. Working with a local charitable organisation &#8211; Barty\u2019s Food Bank &#8211; boxes of food were provided to several schools and institutions who support deprived families in the area. It\u2019s a privilege to be in a position to help others &#8211; and as Jesus Christ said, \u201cIt is more blessed to give than to receive\u201d (Acts 20:35).<\/p>\n<\/div>\t                <a class=\"read-more-btn\" href=\"https:\/\/godsheart.tv\/de\/blog\/2022\/03\/05\/gods-heart-tv-charity-journey\/\">Mehr lesen \u00bb<\/a>                <\/div>\n\n            <\/div><!-- .blog-inner -->\n           \n        <\/article>\n\n        \t\t\t<\/div>\n\n\t\t\t\t\t\t\t\t\t\t<div class=\"wpz-posts-grid-load-more\">\n\t\t\t\t\t<a href=\"#\" class=\"wpz-posts-grid-load-more-btn btn\">Mehr laden<\/a>\n\t\t\t\t<\/div>\n\t\t\t\t<input type=\"hidden\" id=\"wpz_posts_grid_load_moreb2ba544\" name=\"wpz_posts_grid_load_moreb2ba544\" value=\"bd1e71b924\" \/><input type=\"hidden\" name=\"_wp_http_referer\" value=\"\/de\/wp-json\/wp\/v2\/pages\/11414\" \/>\t\t\t\t\t\n\t\t<\/div><!-- \/\/.wpz-grid -->\n\t\t\t\t\t\t<\/div>\n\t\t\t\t<\/div>\n\t\t\t\t\t<\/div>\n\t\t\t\t<\/div>\n\t\t\t\t<\/div>\n\t\t","protected":false},"excerpt":{"rendered":"<p>\u00a0&#8220;Als Christen ist es eine heilige Verantwortung, sich um die weniger Privilegierten in unserer Mitte zu k\u00fcmmern.&#8221; Eine der Hauptaufgaben von God&#8217;s Heart TV ist es, Gottes Liebe in Wohlt\u00e4tigkeitsprojekten weiterzugeben, denn wir wissen, dass der Beweis unserer Liebe zu Gott das \u00dcberflie\u00dfen dieser Liebe auf andere ist. Hier sind [&hellip;]<\/p>\n","protected":false},"author":1,"featured_media":0,"parent":0,"menu_order":0,"comment_status":"closed","ping_status":"closed","template":"page-templates\/full-width-builder-bb.php","meta":{"content-type":"","footnotes":""},"class_list":["post-11414","page","type-page","status-publish","hentry"],"_links":{"self":[{"href":"https:\/\/godsheart.tv\/de\/wp-json\/wp\/v2\/pages\/11414","targetHints":{"allow":["GET"]}}],"collection":[{"href":"https:\/\/godsheart.tv\/de\/wp-json\/wp\/v2\/pages"}],"about":[{"href":"https:\/\/godsheart.tv\/de\/wp-json\/wp\/v2\/types\/page"}],"author":[{"embeddable":true,"href":"https:\/\/godsheart.tv\/de\/wp-json\/wp\/v2\/users\/1"}],"replies":[{"embeddable":true,"href":"https:\/\/godsheart.tv\/de\/wp-json\/wp\/v2\/comments?post=11414"}],"version-history":[{"count":14,"href":"https:\/\/godsheart.tv\/de\/wp-json\/wp\/v2\/pages\/11414\/revisions"}],"predecessor-version":[{"id":19033,"href":"https:\/\/godsheart.tv\/de\/wp-json\/wp\/v2\/pages\/11414\/revisions\/19033"}],"wp:attachment":[{"href":"https:\/\/godsheart.tv\/de\/wp-json\/wp\/v2\/media?parent=11414"}],"curies":[{"name":"wp","href":"https:\/\/api.w.org\/{rel}","templated":true}]}}