{"id":11971,"date":"2024-08-09T12:21:54","date_gmt":"2024-08-09T12:21:54","guid":{"rendered":"https:\/\/godsheart.tv\/newdesign\/?page_id=11971"},"modified":"2025-07-10T08:05:33","modified_gmt":"2025-07-10T07:05:33","slug":"beziehungsratschlage","status":"publish","type":"page","link":"https:\/\/godsheart.tv\/de\/beziehungsratschlage\/","title":{"rendered":"Beziehungsratschl\u00e4ge"},"content":{"rendered":"\t\t<div data-elementor-type=\"wp-page\" data-elementor-id=\"11971\" class=\"elementor elementor-11971\">\n\t\t\t\t<div class=\"elementor-element elementor-element-1cf2037 e-flex e-con-boxed e-con e-parent\" data-id=\"1cf2037\" data-element_type=\"container\" data-e-type=\"container\">\n\t\t\t\t\t<div class=\"e-con-inner\">\n\t\t\t\t<div class=\"elementor-element elementor-element-80bfbc7 elementor-widget elementor-widget-text-editor\" data-id=\"80bfbc7\" data-element_type=\"widget\" data-e-type=\"widget\" data-widget_type=\"text-editor.default\">\n\t\t\t\t<div class=\"elementor-widget-container\">\n\t\t\t\t\t\t\t\t\t<p><em>&#8220;Lasst eure Differenzen nicht zur Spaltung f\u00fchren.&#8221;<\/em><strong>\u00a0<\/strong><\/p><p>Es gibt keine Beziehung, die frei von Konflikten und Auseinandersetzungen ist. Die Frage ist, wie du mit solchen Problemen auf eine gottgef\u00e4llige Art und Weise umgehst, die die Beziehung st\u00e4rkt, anstatt sie zu zerbrechen. Hier findest du einige praktische Ratschl\u00e4ge von Bruder Chris f\u00fcr den Umgang mit Herausforderungen in Beziehungen.<\/p>\t\t\t\t\t\t\t\t<\/div>\n\t\t\t\t<\/div>\n\t\t\t\t\t<\/div>\n\t\t\t\t<\/div>\n\t\t<div class=\"elementor-element elementor-element-c9a85f3 e-flex e-con-boxed e-con e-parent\" data-id=\"c9a85f3\" data-element_type=\"container\" data-e-type=\"container\">\n\t\t\t\t\t<div class=\"e-con-inner\">\n\t\t\t\t<div class=\"elementor-element elementor-element-57a126d elementor-widget elementor-widget-wpzoom-elementor-addons-portfolio-showcase\" data-id=\"57a126d\" data-element_type=\"widget\" data-e-type=\"widget\" data-settings=\"{&quot;portfolio_showcase_styles&quot;:&quot;default&quot;}\" data-widget_type=\"wpzoom-elementor-addons-portfolio-showcase.default\">\n\t\t\t\t<div class=\"elementor-widget-container\">\n\t\t\t\t\t<div class=\"portfolio-showcase\"><div class=\"portfolio-showcase-header\"><nav class=\"portfolio-archive-taxonomies\" style=\"display:none;\">\n\t<ul class=\"portfolio-taxonomies portfolio-taxonomies-filter-by\">\n\t\t<li data-subcategory=\"150\"\t\t\tclass=\"cat-item cat-item-all current-cat\" \n\t\t\tdata-counter=\"1\"\n\t\t>\n\t\t\t<a href=\"https:\/\/godsheart.tv\/de\/portfolio\/\">All<\/a>\n\t\t<\/li>\n\t\t<li class=\"cat-item-none\">No categories<\/li>\t<\/ul>\n<\/nav><\/div><!-- \/\/ .portfolio-showcase-header -->\t\t\t<div data-subcategory=\"150\"\t\t\t\tdata-ajax-items-loading=\"\"\n\t\t\t\tdata-nonce=\"c9ad951a3a\"\n\t\t\t\tdata-count-nonce=\"9c2fcec13c\"\n\t\t\t\tdata-items-count=\"1\"\n\t\t\t\tdata-instance=\"{&quot;layout_type&quot;:&quot;full-width&quot;,&quot;col_number&quot;:&quot;3&quot;,&quot;aspect_ratio&quot;:&quot;portrait&quot;,&quot;background_video&quot;:true,&quot;show_masonry&quot;:false,&quot;show_popup&quot;:true,&quot;show_popup_caption&quot;:false,&quot;show_popup_excerpt&quot;:false,&quot;show_excerpt&quot;:false,&quot;view_all_btn&quot;:true,&quot;readmore_text&quot;:&quot;Read More&quot;,&quot;enable_director_name&quot;:false,&quot;enable_year&quot;:false,&quot;enable_category&quot;:false,&quot;show_count&quot;:100,&quot;show_categories&quot;:true,&quot;always_play_background_video&quot;:false}\"\n\t\t\t\tclass=\"portfolio-grid  portfolio_with_space col_no_3 \"\n\t\t\t>\n\t\t\t\t            <article id=\"post-17558\" class=\" portfolio_150_item portfolio_item post-17558 type-portfolio_item status-publish has-post-thumbnail hentry portfolio-relationships\">\n            \n                    <div class=\"entry-thumbnail-popover\">\n                        <div class=\"entry-thumbnail-popover-content lightbox_popup_insp popover-content--animated\" data-show-caption=\"\" data-show-excerpt=\"\">\n\n                            <a class=\"wpz-portfolio-link\" href=\"https:\/\/godsheart.tv\/de\/video\/its-not-worth-damaging-your-heart-for-the-sake-of-mere-flesh-and-blood\/\" title=\"Nur JESUS wird dich nie im Stich lassen!!!\"><\/a>\n\n                            <div class=\"entry-meta\">\n\n                                <!-- start lightbox --><a\n                                    class=\"mfp-iframe portfolio-popup-video\"\n                                    href=\"https:\/\/youtube.com\/watch?v=vLPiet3vS_g\" aria-label=\"Watch Video\"><\/a>\n                                \n                                <h3 class=\"portfolio_item-title\">\n                                    <a href=\"https:\/\/godsheart.tv\/de\/video\/its-not-worth-damaging-your-heart-for-the-sake-of-mere-flesh-and-blood\/\"\n                                       title=\"Nur JESUS wird dich nie im Stich lassen!!!\">Nur JESUS wird dich nie im Stich lassen!!!<\/a>\n                                <\/h3>\n\n                                <ul>\n                                    \n                                    \n                                                                    <\/ul>\n\n                                \n                            <\/div>\n\n                        <\/div>\n                    <\/div>\n\n                    \n                        <img fetchpriority=\"high\" decoding=\"async\" width=\"600\" height=\"720\" src=\"https:\/\/godsheart.tv\/de\/wp-content\/uploads\/2015\/05\/maxresdefault-600x720.jpg\" class=\"attachment-portfolio_item-thumbnail_portrait size-portfolio_item-thumbnail_portrait wp-post-image\" alt=\"\" \/>\n                    \n\n                            <\/article>\n\t\t\t<\/div><!-- \/\/ .portfolio-grid -->\n\n\t\t\t\t\t\t\t\n\n\t\t\t\t\n\t\t\t\t\t<div class=\"portfolio-preloader\">\n\t\t\t\t<div id=\"loading-39x\">\n\t\t\t\t\t<div class=\"spinner\">\n\t\t\t\t\t\t<div class=\"rect1\"><\/div> \n\t\t\t\t\t\t<div class=\"rect2\"><\/div> \n\t\t\t\t\t\t<div class=\"rect3\"><\/div> \n\t\t\t\t\t\t<div class=\"rect4\"><\/div> \n\t\t\t\t\t\t<div class=\"rect5\"><\/div>\n\t\t\t\t\t<\/div>\n\t\t\t\t<\/div>\n\t\t\t<\/div>\n\t\t\n        \n\t\t<\/div><!-- \/\/ .portfolio-showcase -->\t\t\t\t<\/div>\n\t\t\t\t<\/div>\n\t\t\t\t\t<\/div>\n\t\t\t\t<\/div>\n\t\t\t\t<\/div>\n\t\t","protected":false},"excerpt":{"rendered":"<p>&#8220;Lasst eure Differenzen nicht zur Spaltung f\u00fchren.&#8221;\u00a0 Es gibt keine Beziehung, die frei von Konflikten und Auseinandersetzungen ist. Die Frage ist, wie du mit solchen Problemen auf eine gottgef\u00e4llige Art und Weise umgehst, die die Beziehung st\u00e4rkt, anstatt sie zu zerbrechen. Hier findest du einige praktische Ratschl\u00e4ge von Bruder Chris [&hellip;]<\/p>\n","protected":false},"author":1,"featured_media":0,"parent":0,"menu_order":0,"comment_status":"closed","ping_status":"closed","template":"","meta":{"content-type":"","footnotes":""},"class_list":["post-11971","page","type-page","status-publish","hentry"],"_links":{"self":[{"href":"https:\/\/godsheart.tv\/de\/wp-json\/wp\/v2\/pages\/11971","targetHints":{"allow":["GET"]}}],"collection":[{"href":"https:\/\/godsheart.tv\/de\/wp-json\/wp\/v2\/pages"}],"about":[{"href":"https:\/\/godsheart.tv\/de\/wp-json\/wp\/v2\/types\/page"}],"author":[{"embeddable":true,"href":"https:\/\/godsheart.tv\/de\/wp-json\/wp\/v2\/users\/1"}],"replies":[{"embeddable":true,"href":"https:\/\/godsheart.tv\/de\/wp-json\/wp\/v2\/comments?post=11971"}],"version-history":[{"count":4,"href":"https:\/\/godsheart.tv\/de\/wp-json\/wp\/v2\/pages\/11971\/revisions"}],"predecessor-version":[{"id":19000,"href":"https:\/\/godsheart.tv\/de\/wp-json\/wp\/v2\/pages\/11971\/revisions\/19000"}],"wp:attachment":[{"href":"https:\/\/godsheart.tv\/de\/wp-json\/wp\/v2\/media?parent=11971"}],"curies":[{"name":"wp","href":"https:\/\/api.w.org\/{rel}","templated":true}]}}