{"id":12981,"date":"2024-08-14T16:09:14","date_gmt":"2024-08-14T16:09:14","guid":{"rendered":"https:\/\/godsheart.tv\/newdesign\/?page_id=12981"},"modified":"2025-07-12T17:49:16","modified_gmt":"2025-07-12T16:49:16","slug":"ueber-uns","status":"publish","type":"page","link":"https:\/\/godsheart.tv\/de\/ueber-uns\/","title":{"rendered":"\u00dcber Uns"},"content":{"rendered":"\t\t<div data-elementor-type=\"wp-page\" data-elementor-id=\"12981\" class=\"elementor elementor-12981\">\n\t\t\t\t\t\t<section class=\"elementor-section elementor-top-section elementor-element elementor-element-21aa954e elementor-section-full_width elementor-section-height-min-height elementor-section-items-bottom elementor-section-height-default\" data-id=\"21aa954e\" data-element_type=\"section\" data-e-type=\"section\" data-settings=\"{&quot;background_background&quot;:&quot;classic&quot;}\">\n\t\t\t\t\t\t\t<div class=\"elementor-background-overlay\"><\/div>\n\t\t\t\t\t\t\t<div class=\"elementor-container elementor-column-gap-no\">\n\t\t\t\t\t<div class=\"elementor-column elementor-col-100 elementor-top-column elementor-element elementor-element-b53e221\" data-id=\"b53e221\" data-element_type=\"column\" data-e-type=\"column\">\n\t\t\t<div class=\"elementor-widget-wrap\">\n\t\t\t\t\t\t\t<\/div>\n\t\t<\/div>\n\t\t\t\t\t<\/div>\n\t\t<\/section>\n\t\t\t\t<section class=\"elementor-section elementor-top-section elementor-element elementor-element-bc45edb elementor-section-full_width elementor-section-height-default elementor-section-height-default\" data-id=\"bc45edb\" data-element_type=\"section\" data-e-type=\"section\" data-settings=\"{&quot;background_background&quot;:&quot;classic&quot;}\">\n\t\t\t\t\t\t\t<div class=\"elementor-background-overlay\"><\/div>\n\t\t\t\t\t\t\t<div class=\"elementor-container elementor-column-gap-no\">\n\t\t\t\t\t<div class=\"elementor-column elementor-col-100 elementor-top-column elementor-element elementor-element-2eedde3\" data-id=\"2eedde3\" data-element_type=\"column\" data-e-type=\"column\">\n\t\t\t<div class=\"elementor-widget-wrap elementor-element-populated\">\n\t\t\t\t\t\t<section class=\"elementor-section elementor-inner-section elementor-element elementor-element-44e125a elementor-section-content-middle elementor-section-boxed elementor-section-height-default elementor-section-height-default\" data-id=\"44e125a\" data-element_type=\"section\" data-e-type=\"section\">\n\t\t\t\t\t\t<div class=\"elementor-container elementor-column-gap-no\">\n\t\t\t\t\t<div class=\"elementor-column elementor-col-50 elementor-inner-column elementor-element elementor-element-3c9faaa\" data-id=\"3c9faaa\" data-element_type=\"column\" data-e-type=\"column\">\n\t\t\t<div class=\"elementor-widget-wrap elementor-element-populated\">\n\t\t\t\t\t\t<div class=\"elementor-element elementor-element-5e4686d elementor-widget__width-inherit elementor-widget elementor-widget-heading\" data-id=\"5e4686d\" data-element_type=\"widget\" data-e-type=\"widget\" data-widget_type=\"heading.default\">\n\t\t\t\t<div class=\"elementor-widget-container\">\n\t\t\t\t\t<h1 class=\"elementor-heading-title elementor-size-default\">\u00dcber Uns<\/h1>\t\t\t\t<\/div>\n\t\t\t\t<\/div>\n\t\t\t\t\t<\/div>\n\t\t<\/div>\n\t\t\t\t<div class=\"elementor-column elementor-col-50 elementor-inner-column elementor-element elementor-element-749ad93\" data-id=\"749ad93\" data-element_type=\"column\" data-e-type=\"column\">\n\t\t\t<div class=\"elementor-widget-wrap\">\n\t\t\t\t\t\t\t<\/div>\n\t\t<\/div>\n\t\t\t\t\t<\/div>\n\t\t<\/section>\n\t\t\t\t\t<\/div>\n\t\t<\/div>\n\t\t\t\t\t<\/div>\n\t\t<\/section>\n\t\t\t\t<section class=\"elementor-section elementor-top-section elementor-element elementor-element-9cae3d7 elementor-section-full_width elementor-section-height-default elementor-section-height-default\" data-id=\"9cae3d7\" data-element_type=\"section\" data-e-type=\"section\" data-settings=\"{&quot;background_background&quot;:&quot;classic&quot;}\">\n\t\t\t\t\t\t\t<div class=\"elementor-background-overlay\"><\/div>\n\t\t\t\t\t\t\t<div class=\"elementor-container elementor-column-gap-no\">\n\t\t\t\t\t<div class=\"elementor-column elementor-col-100 elementor-top-column elementor-element elementor-element-78859a4\" data-id=\"78859a4\" data-element_type=\"column\" data-e-type=\"column\">\n\t\t\t<div class=\"elementor-widget-wrap elementor-element-populated\">\n\t\t\t\t\t\t<section class=\"elementor-section elementor-inner-section elementor-element elementor-element-21b4425 elementor-section-content-middle elementor-section-boxed elementor-section-height-default elementor-section-height-default\" data-id=\"21b4425\" data-element_type=\"section\" data-e-type=\"section\">\n\t\t\t\t\t\t<div class=\"elementor-container elementor-column-gap-no\">\n\t\t\t\t\t<div class=\"elementor-column elementor-col-50 elementor-inner-column elementor-element elementor-element-04508a6\" data-id=\"04508a6\" data-element_type=\"column\" data-e-type=\"column\">\n\t\t\t<div class=\"elementor-widget-wrap elementor-element-populated\">\n\t\t\t\t\t\t<div class=\"elementor-element elementor-element-aefad0d elementor-widget elementor-widget-heading\" data-id=\"aefad0d\" data-element_type=\"widget\" data-e-type=\"widget\" data-widget_type=\"heading.default\">\n\t\t\t\t<div class=\"elementor-widget-container\">\n\t\t\t\t\t<h2 class=\"elementor-heading-title elementor-size-default\">God's Heart TV<\/h2>\t\t\t\t<\/div>\n\t\t\t\t<\/div>\n\t\t\t\t\t<\/div>\n\t\t<\/div>\n\t\t\t\t<div class=\"elementor-column elementor-col-50 elementor-inner-column elementor-element elementor-element-52bf7cd\" data-id=\"52bf7cd\" data-element_type=\"column\" data-e-type=\"column\">\n\t\t\t<div class=\"elementor-widget-wrap elementor-element-populated\">\n\t\t\t\t\t\t<div class=\"elementor-element elementor-element-0d20aa3 elementor-widget elementor-widget-text-editor\" data-id=\"0d20aa3\" data-element_type=\"widget\" data-e-type=\"widget\" data-widget_type=\"text-editor.default\">\n\t\t\t\t<div class=\"elementor-widget-container\">\n\t\t\t\t\t\t\t\t\t<p><strong>God&#8217;s Heart TV ist ein internationales christliches Missionswerk mit Sitz in Nordwales, Gro\u00dfbritannien. Er wurde im Januar 2022 von Bruder Chris gegr\u00fcndet. Unser Hauptaugenmerk liegt auf dem Online-Gebet, dem Austausch von Gottes Wort und dem Engagement in humanit\u00e4ren Projekten.<\/strong><\/p>\t\t\t\t\t\t\t\t<\/div>\n\t\t\t\t<\/div>\n\t\t\t\t\t<\/div>\n\t\t<\/div>\n\t\t\t\t\t<\/div>\n\t\t<\/section>\n\t\t\t\t\t<\/div>\n\t\t<\/div>\n\t\t\t\t\t<\/div>\n\t\t<\/section>\n\t\t\t\t<section class=\"elementor-section elementor-top-section elementor-element elementor-element-ccd27a8 elementor-section-full_width elementor-section-height-default elementor-section-height-default\" data-id=\"ccd27a8\" data-element_type=\"section\" data-e-type=\"section\" data-settings=\"{&quot;background_background&quot;:&quot;classic&quot;}\">\n\t\t\t\t\t\t\t<div class=\"elementor-background-overlay\"><\/div>\n\t\t\t\t\t\t\t<div class=\"elementor-container elementor-column-gap-no\">\n\t\t\t\t\t<div class=\"elementor-column elementor-col-100 elementor-top-column elementor-element elementor-element-9ee7979\" data-id=\"9ee7979\" data-element_type=\"column\" data-e-type=\"column\">\n\t\t\t<div class=\"elementor-widget-wrap elementor-element-populated\">\n\t\t\t\t\t\t<section class=\"elementor-section elementor-inner-section elementor-element elementor-element-969a8d8 elementor-section-content-middle elementor-section-boxed elementor-section-height-default elementor-section-height-default\" data-id=\"969a8d8\" data-element_type=\"section\" data-e-type=\"section\">\n\t\t\t\t\t\t<div class=\"elementor-container elementor-column-gap-no\">\n\t\t\t\t\t<div class=\"elementor-column elementor-col-50 elementor-inner-column elementor-element elementor-element-2a94b04\" data-id=\"2a94b04\" data-element_type=\"column\" data-e-type=\"column\">\n\t\t\t<div class=\"elementor-widget-wrap elementor-element-populated\">\n\t\t\t\t\t\t<div class=\"elementor-element elementor-element-89c2226 elementor-widget elementor-widget-heading\" data-id=\"89c2226\" data-element_type=\"widget\" data-e-type=\"widget\" data-widget_type=\"heading.default\">\n\t\t\t\t<div class=\"elementor-widget-container\">\n\t\t\t\t\t<h2 class=\"elementor-heading-title elementor-size-default\">Bruder Chris<\/h2>\t\t\t\t<\/div>\n\t\t\t\t<\/div>\n\t\t\t\t\t<\/div>\n\t\t<\/div>\n\t\t\t\t<div class=\"elementor-column elementor-col-50 elementor-inner-column elementor-element elementor-element-4b8501d\" data-id=\"4b8501d\" data-element_type=\"column\" data-e-type=\"column\">\n\t\t\t<div class=\"elementor-widget-wrap elementor-element-populated\">\n\t\t\t\t\t\t<div class=\"elementor-element elementor-element-1b3c83b elementor-widget elementor-widget-text-editor\" data-id=\"1b3c83b\" data-element_type=\"widget\" data-e-type=\"widget\" data-widget_type=\"text-editor.default\">\n\t\t\t\t<div class=\"elementor-widget-container\">\n\t\t\t\t\t\t\t\t\t<p><strong>Christopher Tonge &#8211; bekannt als Brother Chris &#8211; wuchs in einem christlichen Elternhaus in Winchester, Gro\u00dfbritannien, auf. Im Alter von sechzehn Jahren ging er in die Synagoge, Church Of All Nations (SCOAN) in Lagos, Nigeria, und verbrachte die n\u00e4chsten siebzehn Jahre unter der Mentorschaft von Prophet T.B. Joshua. Der Heilige Geist veranlasste ihn, im Januar 2022 God&#8217;s Heart TV zu gr\u00fcnden. Im September 2022 heiratete er Allison, eine Kolumbianerin, die ebenfalls acht Jahre lang als Evangelistin im SCOAN t\u00e4tig war.<\/strong><\/p>\t\t\t\t\t\t\t\t<\/div>\n\t\t\t\t<\/div>\n\t\t\t\t\t<\/div>\n\t\t<\/div>\n\t\t\t\t\t<\/div>\n\t\t<\/section>\n\t\t\t\t\t<\/div>\n\t\t<\/div>\n\t\t\t\t\t<\/div>\n\t\t<\/section>\n\t\t\t\t<section class=\"elementor-section elementor-top-section elementor-element elementor-element-8fe62c7 elementor-section-full_width elementor-section-height-default elementor-section-height-default\" data-id=\"8fe62c7\" data-element_type=\"section\" data-e-type=\"section\" data-settings=\"{&quot;background_background&quot;:&quot;classic&quot;}\">\n\t\t\t\t\t\t\t<div class=\"elementor-background-overlay\"><\/div>\n\t\t\t\t\t\t\t<div class=\"elementor-container elementor-column-gap-no\">\n\t\t\t\t\t<div class=\"elementor-column elementor-col-100 elementor-top-column elementor-element elementor-element-8ae243b\" data-id=\"8ae243b\" data-element_type=\"column\" data-e-type=\"column\">\n\t\t\t<div class=\"elementor-widget-wrap elementor-element-populated\">\n\t\t\t\t\t\t<section class=\"elementor-section elementor-inner-section elementor-element elementor-element-5128c2a elementor-section-content-middle elementor-section-boxed elementor-section-height-default elementor-section-height-default\" data-id=\"5128c2a\" data-element_type=\"section\" data-e-type=\"section\">\n\t\t\t\t\t\t<div class=\"elementor-container elementor-column-gap-no\">\n\t\t\t\t\t<div class=\"elementor-column elementor-col-50 elementor-inner-column elementor-element elementor-element-87ba2ab\" data-id=\"87ba2ab\" data-element_type=\"column\" data-e-type=\"column\">\n\t\t\t<div class=\"elementor-widget-wrap elementor-element-populated\">\n\t\t\t\t\t\t<div class=\"elementor-element elementor-element-08e231b elementor-widget elementor-widget-heading\" data-id=\"08e231b\" data-element_type=\"widget\" data-e-type=\"widget\" data-widget_type=\"heading.default\">\n\t\t\t\t<div class=\"elementor-widget-container\">\n\t\t\t\t\t<h2 class=\"elementor-heading-title elementor-size-default\">God's Heart TV Studio<\/h2>\t\t\t\t<\/div>\n\t\t\t\t<\/div>\n\t\t\t\t\t<\/div>\n\t\t<\/div>\n\t\t\t\t<div class=\"elementor-column elementor-col-50 elementor-inner-column elementor-element elementor-element-ce4e048\" data-id=\"ce4e048\" data-element_type=\"column\" data-e-type=\"column\">\n\t\t\t<div class=\"elementor-widget-wrap elementor-element-populated\">\n\t\t\t\t\t\t<div class=\"elementor-element elementor-element-bbfd2af elementor-widget elementor-widget-text-editor\" data-id=\"bbfd2af\" data-element_type=\"widget\" data-e-type=\"widget\" data-widget_type=\"text-editor.default\">\n\t\t\t\t<div class=\"elementor-widget-container\">\n\t\t\t\t\t\t\t\t\t<p><strong>Seit Juni 2024 finden die interaktiven Gebetsgottesdienste im neuen God&#8217;s Heart TV Studio statt, einem Geb\u00e4ude, das ganz dem Werk Gottes gewidmet ist. Es befindet sich in der &#8220;Jerusalem Chapel&#8221;, einem Geb\u00e4ude im Herzen von Nordwales, das seit \u00fcber 100 Jahren f\u00fcr Gottes Zwecke genutzt wird.<\/strong><\/p>\t\t\t\t\t\t\t\t<\/div>\n\t\t\t\t<\/div>\n\t\t\t\t\t<\/div>\n\t\t<\/div>\n\t\t\t\t\t<\/div>\n\t\t<\/section>\n\t\t\t\t\t<\/div>\n\t\t<\/div>\n\t\t\t\t\t<\/div>\n\t\t<\/section>\n\t\t\t\t<section class=\"elementor-section elementor-top-section elementor-element elementor-element-10497f1 elementor-section-full_width elementor-section-height-default elementor-section-height-default\" data-id=\"10497f1\" data-element_type=\"section\" data-e-type=\"section\" data-settings=\"{&quot;background_background&quot;:&quot;classic&quot;}\">\n\t\t\t\t\t\t\t<div class=\"elementor-background-overlay\"><\/div>\n\t\t\t\t\t\t\t<div class=\"elementor-container elementor-column-gap-no\">\n\t\t\t\t\t<div class=\"elementor-column elementor-col-100 elementor-top-column elementor-element elementor-element-7b8b1a9\" data-id=\"7b8b1a9\" data-element_type=\"column\" data-e-type=\"column\">\n\t\t\t<div class=\"elementor-widget-wrap elementor-element-populated\">\n\t\t\t\t\t\t<section class=\"elementor-section elementor-inner-section elementor-element elementor-element-c20fc95 elementor-section-content-middle elementor-section-boxed elementor-section-height-default elementor-section-height-default\" data-id=\"c20fc95\" data-element_type=\"section\" data-e-type=\"section\">\n\t\t\t\t\t\t<div class=\"elementor-container elementor-column-gap-no\">\n\t\t\t\t\t<div class=\"elementor-column elementor-col-50 elementor-inner-column elementor-element elementor-element-7f6f298\" data-id=\"7f6f298\" data-element_type=\"column\" data-e-type=\"column\">\n\t\t\t<div class=\"elementor-widget-wrap elementor-element-populated\">\n\t\t\t\t\t\t<div class=\"elementor-element elementor-element-e9ea78a elementor-widget elementor-widget-heading\" data-id=\"e9ea78a\" data-element_type=\"widget\" data-e-type=\"widget\" data-widget_type=\"heading.default\">\n\t\t\t\t<div class=\"elementor-widget-container\">\n\t\t\t\t\t<h2 class=\"elementor-heading-title elementor-size-default\">Gods Heart TV Team<\/h2>\t\t\t\t<\/div>\n\t\t\t\t<\/div>\n\t\t\t\t\t<\/div>\n\t\t<\/div>\n\t\t\t\t<div class=\"elementor-column elementor-col-50 elementor-inner-column elementor-element elementor-element-8332a22\" data-id=\"8332a22\" data-element_type=\"column\" data-e-type=\"column\">\n\t\t\t<div class=\"elementor-widget-wrap elementor-element-populated\">\n\t\t\t\t\t\t<div class=\"elementor-element elementor-element-20fb369 elementor-widget elementor-widget-text-editor\" data-id=\"20fb369\" data-element_type=\"widget\" data-e-type=\"widget\" data-widget_type=\"text-editor.default\">\n\t\t\t\t<div class=\"elementor-widget-container\">\n\t\t\t\t\t\t\t\t\t<p><strong>Wir danken Gott f\u00fcr das engagierte Team von ehrenamtlichen Mitarbeitern, die unerm\u00fcdlich hinter den Kulissen arbeiten, damit wir unsere monatlichen Live-Gottesdienste \u00fcbertragen k\u00f6nnen. Hier kannst du als ehrenamtlicher Mitarbeiter bei God&#8217;s Heart TV mitmachen<\/strong><\/p><ul><li><a href=\"https:\/\/godsheart.tv\/de\/uk-ehrenamtliche-helfer\/\" rel=\"noopener\">Ehrenamtlicher helfer in Gro\u00dfbritannien<\/a><\/li><li><a href=\"https:\/\/godsheart.tv\/de\/technisch\/\" rel=\"noopener\">Technische Unterst\u00fctzung<\/a><\/li><li><a href=\"https:\/\/godsheart.tv\/de\/uebersetzer\/\" rel=\"noopener\">\u00dcbersetzung<\/a><\/li><\/ul>\t\t\t\t\t\t\t\t<\/div>\n\t\t\t\t<\/div>\n\t\t\t\t\t<\/div>\n\t\t<\/div>\n\t\t\t\t\t<\/div>\n\t\t<\/section>\n\t\t\t\t\t<\/div>\n\t\t<\/div>\n\t\t\t\t\t<\/div>\n\t\t<\/section>\n\t\t\t\t<section class=\"elementor-section elementor-top-section elementor-element elementor-element-f451843 elementor-section-full_width elementor-section-height-default elementor-section-height-default\" data-id=\"f451843\" data-element_type=\"section\" data-e-type=\"section\">\n\t\t\t\t\t\t\t<div class=\"elementor-background-overlay\"><\/div>\n\t\t\t\t\t\t\t<div class=\"elementor-container elementor-column-gap-no\">\n\t\t\t\t\t<div class=\"elementor-column elementor-col-100 elementor-top-column elementor-element elementor-element-092fabe\" data-id=\"092fabe\" data-element_type=\"column\" data-e-type=\"column\">\n\t\t\t<div class=\"elementor-widget-wrap elementor-element-populated\">\n\t\t\t\t\t\t<section class=\"elementor-section elementor-inner-section elementor-element elementor-element-862236f elementor-section-content-middle elementor-section-boxed elementor-section-height-default elementor-section-height-default\" data-id=\"862236f\" data-element_type=\"section\" data-e-type=\"section\">\n\t\t\t\t\t\t<div class=\"elementor-container elementor-column-gap-no\">\n\t\t\t\t\t<div class=\"elementor-column elementor-col-50 elementor-inner-column elementor-element elementor-element-3669857\" data-id=\"3669857\" data-element_type=\"column\" data-e-type=\"column\">\n\t\t\t<div class=\"elementor-widget-wrap elementor-element-populated\">\n\t\t\t\t\t\t<div class=\"elementor-element elementor-element-99df485 elementor-widget elementor-widget-heading\" data-id=\"99df485\" data-element_type=\"widget\" data-e-type=\"widget\" data-widget_type=\"heading.default\">\n\t\t\t\t<div class=\"elementor-widget-container\">\n\t\t\t\t\t<h2 class=\"elementor-heading-title elementor-size-default\">Unser Auftrag<\/h2>\t\t\t\t<\/div>\n\t\t\t\t<\/div>\n\t\t\t\t\t<\/div>\n\t\t<\/div>\n\t\t\t\t<div class=\"elementor-column elementor-col-50 elementor-inner-column elementor-element elementor-element-c0e6f8d\" data-id=\"c0e6f8d\" data-element_type=\"column\" data-e-type=\"column\">\n\t\t\t<div class=\"elementor-widget-wrap elementor-element-populated\">\n\t\t\t\t\t\t<div class=\"elementor-element elementor-element-150f8a9 elementor-widget elementor-widget-text-editor\" data-id=\"150f8a9\" data-element_type=\"widget\" data-e-type=\"widget\" data-widget_type=\"text-editor.default\">\n\t\t\t\t<div class=\"elementor-widget-container\">\n\t\t\t\t\t\t\t\t\t<ol><li>Menschen zu einem besseren Verst\u00e4ndnis des Herzens Gottes zu f\u00fchren <strong><strong><em>(Apostelgeschichte 13,22)<\/em><\/strong><\/strong><p>\u00a0<\/p><\/li><li>Das Evangelium von Jesus Christus zu verk\u00fcnden und in der Kraft des Heiligen Geistes zu beten <strong><em>(1. <\/em><\/strong><strong><strong><em>Korinther 2,4-5)<\/em><\/strong><\/strong><p>\u00a0<\/p><\/li><li>Ein Klima des Glaubens kultivieren, in dem die Menschen das Leben klar sehen k\u00f6nnen <strong><strong><em>(2 K\u00f6nige 6,17)<\/em><\/strong><\/strong><\/li><li>Gottes Liebe durch karitative Projekte weitergeben (<strong><em>Johannes 3,18)<\/em><\/strong><\/li><\/ol>\t\t\t\t\t\t\t\t<\/div>\n\t\t\t\t<\/div>\n\t\t\t\t\t<\/div>\n\t\t<\/div>\n\t\t\t\t\t<\/div>\n\t\t<\/section>\n\t\t\t\t\t<\/div>\n\t\t<\/div>\n\t\t\t\t\t<\/div>\n\t\t<\/section>\n\t\t\t\t<section class=\"elementor-section elementor-top-section elementor-element elementor-element-5b3454b elementor-section-full_width elementor-section-height-default elementor-section-height-default\" data-id=\"5b3454b\" data-element_type=\"section\" data-e-type=\"section\">\n\t\t\t\t\t\t\t<div class=\"elementor-background-overlay\"><\/div>\n\t\t\t\t\t\t\t<div class=\"elementor-container elementor-column-gap-no\">\n\t\t\t\t\t<div class=\"elementor-column elementor-col-100 elementor-top-column elementor-element elementor-element-42d7ba0\" data-id=\"42d7ba0\" data-element_type=\"column\" data-e-type=\"column\">\n\t\t\t<div class=\"elementor-widget-wrap elementor-element-populated\">\n\t\t\t\t\t\t<section class=\"elementor-section elementor-inner-section elementor-element elementor-element-d9ed9b8 elementor-section-content-middle elementor-section-boxed elementor-section-height-default elementor-section-height-default\" data-id=\"d9ed9b8\" data-element_type=\"section\" data-e-type=\"section\">\n\t\t\t\t\t\t<div class=\"elementor-container elementor-column-gap-no\">\n\t\t\t\t\t<div class=\"elementor-column elementor-col-50 elementor-inner-column elementor-element elementor-element-13eb671\" data-id=\"13eb671\" data-element_type=\"column\" data-e-type=\"column\">\n\t\t\t<div class=\"elementor-widget-wrap elementor-element-populated\">\n\t\t\t\t\t\t<div class=\"elementor-element elementor-element-c3f6e21 elementor-widget elementor-widget-heading\" data-id=\"c3f6e21\" data-element_type=\"widget\" data-e-type=\"widget\" data-widget_type=\"heading.default\">\n\t\t\t\t<div class=\"elementor-widget-container\">\n\t\t\t\t\t<h2 class=\"elementor-heading-title elementor-size-default\">Wir Glauben<\/h2>\t\t\t\t<\/div>\n\t\t\t\t<\/div>\n\t\t\t\t\t<\/div>\n\t\t<\/div>\n\t\t\t\t<div class=\"elementor-column elementor-col-50 elementor-inner-column elementor-element elementor-element-9f8047c\" data-id=\"9f8047c\" data-element_type=\"column\" data-e-type=\"column\">\n\t\t\t<div class=\"elementor-widget-wrap elementor-element-populated\">\n\t\t\t\t\t\t<div class=\"elementor-element elementor-element-6be931b elementor-widget elementor-widget-text-editor\" data-id=\"6be931b\" data-element_type=\"widget\" data-e-type=\"widget\" data-widget_type=\"text-editor.default\">\n\t\t\t\t<div class=\"elementor-widget-container\">\n\t\t\t\t\t\t\t\t\t<p>Die Heilige Schrift, wie sie urspr\u00fcnglich von Gott gegeben wurde, g\u00f6ttlich inspiriert, unfehlbar, v\u00f6llig vertrauensw\u00fcrdig und die h\u00f6chste Autorit\u00e4t in allen Fragen des Glaubens und Verhaltens.\u00a0<em>(<strong><a href=\"https:\/\/www.biblegateway.com\/passage\/?search=2%20Timothy%203%3A15-17&amp;version=SCH2000\">2. Timotheus 3,15-17<\/a>;\u00a0<a href=\"https:\/\/www.biblegateway.com\/passage\/?search=2%20Peter%201.20-21&amp;version=SCH2000\" data-wplink-edit=\"true\">2. Petrus 1,20-21<\/a>;\u00a0<a href=\"https:\/\/www.biblegateway.com\/passage\/?search=Proverbs%2030%3A5&amp;version=SCH2000\">Spr\u00fcche 30,5<\/a><\/strong>)<\/em><\/p><p>Ein Gott, ewig\u00a0existent in drei Personen, Vater, Sohn und Heiliger Geist.<strong><em>(<a href=\"https:\/\/www.biblegateway.com\/passage\/?search=Deuteronomy%206%3A4&amp;version=SCH2000\">5. Buch Mose 6:4<\/a>;\u00a0<a href=\"https:\/\/www.biblegateway.com\/passage\/?search=Matthew%2028%3A19&amp;version=SCH2000\">Matth\u00e4us 28:19<\/a>;\u00a0<a href=\"https:\/\/www.biblegateway.com\/passage\/?search=John%2010%3A30&amp;version=SCH2000\">Johannes 10:30<\/a>)<\/em><\/strong><\/p><p>Unser Herr Jesus Christus,\u00a0Gott im Fleisch, seine jungfr\u00e4uliche Geburt, sein s\u00fcndloses menschliches Leben, seine g\u00f6ttlichen Wunder, sein stellvertretender und s\u00fchnender Tod, seine leibliche Auferstehung, seine Himmelfahrt, sein Mittlerwerk und seine pers\u00f6nliche Wiederkunft in Macht und Herrlichkeit.<strong>\u00a0<\/strong><strong><em>(<a href=\"https:\/\/www.biblegateway.com\/passage\/?search=Colossians%202%3A9&amp;version=SCH2000\">Kolosser 2,9<\/a>;\u00a0<a href=\"https:\/\/www.biblegateway.com\/passage\/?search=Hebrews%204%3A15&amp;version=SCH2000\">Hebr\u00e4er 4,15<\/a>;\u00a0<a href=\"https:\/\/www.biblegateway.com\/passage\/?search=Acts%202%3A22-24&amp;version=SCH2000\">Apostelgeschichte 2,22-24<\/a>;<a href=\"https:\/\/www.biblegateway.com\/passage\/?search=Acts%201%3A11&amp;version=SCH2000\">Apostelgeschichte 1,11<\/a>)<\/em><\/strong><\/p><p>Die Errettung<strong>\u00a0<\/strong>der verlorenen und s\u00fcndigen Menschheit durch das vergossene Blut des Herrn Jesus Christus durch den Glauben unabh\u00e4ngig von Werken und die Wiedergeburt durch den Heiligen Geist.\u00a0<em>(<strong><a href=\"https:\/\/www.biblegateway.com\/passage\/?search=Ephesians%202%3A8-9&amp;version=SCH2000\">Epheser 2,8-9<\/a>;\u00a0<a href=\"https:\/\/www.biblegateway.com\/passage\/?search=Titus%203%3A3-7&amp;version=SCH2000\">Titus 3,3-7<\/a>;\u00a0<a href=\"https:\/\/www.biblegateway.com\/passage\/?search=1%20Corinthians%206%3A11&amp;version=SCH2000\">1. Korinther 6,11<\/a><\/strong>)<\/em><\/p><p>Den Heiligen Geistdurch dessen Innewohnen der Gl\u00e4ubige bef\u00e4higt wird, ein heiliges Leben zu f\u00fchren und f\u00fcr den Herrn Jesus Christus zu zeugen und zu arbeiten.\u00a0<em>(<strong><a href=\"https:\/\/www.biblegateway.com\/passage\/?search=Romans%208%3A9-13&amp;version=SCH2000\">R\u00f6mer 8:9-13<\/a>;\u00a0<a href=\"https:\/\/www.biblegateway.com\/passage\/?search=Galatians%205%3A16-25&amp;version=SCH2000\">Galater 5:16-25<\/a>;<\/strong><a href=\"https:\/\/www.biblegateway.com\/passage\/?search=2%20Corinthians%203%3A17-18&amp;version=SCH2000\"><strong>2 Korinther 3:17-18<\/strong><\/a>)<\/em><\/p><p>Die Einheit des Geistes<strong>\u00a0<\/strong>aller wahren Gl\u00e4ubigen, die Kirche, der Leib Christi.\u00a0<em>(<strong><a href=\"https:\/\/www.biblegateway.com\/passage\/?search=John%2017%3A20-23&amp;version=SCH2000\">Johannes 17:20-23<\/a>;\u00a0<a href=\"https:\/\/www.biblegateway.com\/passage\/?search=Ephesians%202%3A19-22&amp;version=SCH2000\">Epheser 2:19-22<\/a>;<\/strong><a href=\"https:\/\/www.biblegateway.com\/passage\/?search=Ephesians%204%3A4-6&amp;version=SCH2000\"><strong>Epheser 4:4-6<\/strong><\/a>)<\/em><\/p><p>Die Auferstehung\u00a0sowohl der Erl\u00f6sten als auch der Verlorenen; die Erl\u00f6sten zur Auferstehung des Lebens, die Verlorenen zur Auferstehung der Verdammnis.\u00a0<em>(<strong><a href=\"https:\/\/www.biblegateway.com\/passage\/?search=1%20Corinthians%2015%3A42-44&amp;version=SCH2000\">1. Korinther 15,42-44<\/a>;\u00a0<a href=\"https:\/\/www.biblegateway.com\/passage\/?search=1%20John%205%3A10-12&amp;version=SCH2000\">1. Johannes 5,10-12<\/a>;<\/strong><a href=\"https:\/\/www.biblegateway.com\/passage\/?search=Matthew%2025%3A46&amp;version=SCH2000\"><strong>Matth\u00e4us 25,46<\/strong><\/a>)<\/em><\/p>\t\t\t\t\t\t\t\t<\/div>\n\t\t\t\t<\/div>\n\t\t\t\t\t<\/div>\n\t\t<\/div>\n\t\t\t\t\t<\/div>\n\t\t<\/section>\n\t\t\t\t\t<\/div>\n\t\t<\/div>\n\t\t\t\t\t<\/div>\n\t\t<\/section>\n\t\t\t\t<\/div>\n\t\t","protected":false},"excerpt":{"rendered":"<p>\u00dcber Uns God&#8217;s Heart TV God&#8217;s Heart TV ist ein internationales christliches Missionswerk mit Sitz in Nordwales, Gro\u00dfbritannien. Er wurde im Januar 2022 von Bruder Chris gegr\u00fcndet. Unser Hauptaugenmerk liegt auf dem Online-Gebet, dem Austausch von Gottes Wort und dem Engagement in humanit\u00e4ren Projekten. Bruder Chris Christopher Tonge &#8211; bekannt [&hellip;]<\/p>\n","protected":false},"author":1,"featured_media":0,"parent":0,"menu_order":0,"comment_status":"closed","ping_status":"closed","template":"page-templates\/full-width-transparent.php","meta":{"content-type":"","footnotes":""},"class_list":["post-12981","page","type-page","status-publish","hentry"],"_links":{"self":[{"href":"https:\/\/godsheart.tv\/de\/wp-json\/wp\/v2\/pages\/12981","targetHints":{"allow":["GET"]}}],"collection":[{"href":"https:\/\/godsheart.tv\/de\/wp-json\/wp\/v2\/pages"}],"about":[{"href":"https:\/\/godsheart.tv\/de\/wp-json\/wp\/v2\/types\/page"}],"author":[{"embeddable":true,"href":"https:\/\/godsheart.tv\/de\/wp-json\/wp\/v2\/users\/1"}],"replies":[{"embeddable":true,"href":"https:\/\/godsheart.tv\/de\/wp-json\/wp\/v2\/comments?post=12981"}],"version-history":[{"count":20,"href":"https:\/\/godsheart.tv\/de\/wp-json\/wp\/v2\/pages\/12981\/revisions"}],"predecessor-version":[{"id":19048,"href":"https:\/\/godsheart.tv\/de\/wp-json\/wp\/v2\/pages\/12981\/revisions\/19048"}],"wp:attachment":[{"href":"https:\/\/godsheart.tv\/de\/wp-json\/wp\/v2\/media?parent=12981"}],"curies":[{"name":"wp","href":"https:\/\/api.w.org\/{rel}","templated":true}]}}