{"id":13145,"date":"2024-08-16T13:10:49","date_gmt":"2024-08-16T13:10:49","guid":{"rendered":"https:\/\/godsheart.tv\/newdesign\/?page_id=13145"},"modified":"2025-07-09T17:46:28","modified_gmt":"2025-07-09T16:46:28","slug":"interaktives-gebet","status":"publish","type":"page","link":"https:\/\/godsheart.tv\/de\/interaktives-gebet\/","title":{"rendered":"Interaktives Gebet"},"content":{"rendered":"\t\t<div data-elementor-type=\"wp-page\" data-elementor-id=\"13145\" class=\"elementor elementor-13145\">\n\t\t\t\t\t\t<section class=\"elementor-section elementor-top-section elementor-element elementor-element-21aa954e elementor-section-full_width elementor-section-height-min-height elementor-section-height-default elementor-section-items-middle\" data-id=\"21aa954e\" data-element_type=\"section\" data-e-type=\"section\" data-settings=\"{&quot;background_background&quot;:&quot;classic&quot;}\">\n\t\t\t\t\t\t\t<div class=\"elementor-background-overlay\"><\/div>\n\t\t\t\t\t\t\t<div class=\"elementor-container elementor-column-gap-no\">\n\t\t\t\t\t<div class=\"elementor-column elementor-col-100 elementor-top-column elementor-element elementor-element-93e76b3\" data-id=\"93e76b3\" data-element_type=\"column\" data-e-type=\"column\">\n\t\t\t<div class=\"elementor-widget-wrap\">\n\t\t\t\t\t\t\t<\/div>\n\t\t<\/div>\n\t\t\t\t\t<\/div>\n\t\t<\/section>\n\t\t<div class=\"elementor-element elementor-element-75deb36 e-flex e-con-boxed e-con e-parent\" data-id=\"75deb36\" data-element_type=\"container\" data-e-type=\"container\">\n\t\t\t\t\t<div class=\"e-con-inner\">\n\t\t\t\t<div class=\"elementor-element elementor-element-e9a7a36 elementor-widget elementor-widget-heading\" data-id=\"e9a7a36\" data-element_type=\"widget\" data-e-type=\"widget\" data-widget_type=\"heading.default\">\n\t\t\t\t<div class=\"elementor-widget-container\">\n\t\t\t\t\t<h1 class=\"elementor-heading-title elementor-size-default\">Interaktives Gebet<\/h1>\t\t\t\t<\/div>\n\t\t\t\t<\/div>\n\t\t\t\t<div class=\"elementor-element elementor-element-eed64f9 elementor-widget elementor-widget-text-editor\" data-id=\"eed64f9\" data-element_type=\"widget\" data-e-type=\"widget\" data-widget_type=\"text-editor.default\">\n\t\t\t\t<div class=\"elementor-widget-container\">\n\t\t\t\t\t\t\t\t\t<p><em>&#8220;Unsere Einschr\u00e4nkungen schr\u00e4nken Gottes Autorit\u00e4t nicht ein. Unsere Unzul\u00e4nglichkeiten verk\u00fcrzen nicht die Reichweite seiner m\u00e4chtigen Hand. Unsere Schwachpunkte machen ihn nicht weniger vollkommen.&#8221;<\/em><\/p><p><strong>Interaktives Gebet<\/strong> ist eine M\u00f6glichkeit, online direkt von Bruder Chris Gebet zu erhalten, egal wo auf der Welt du dich gerade befindest &#8211; \u00fcber Zoom. Die Heilige Schrift ist voll von Beispielen, die zeigen, dass Gott nicht durch menschliche Barrieren wie Entfernungen eingeschr\u00e4nkt ist. In <strong><em>Matth\u00e4us 8,8<\/em><\/strong> zum Beispiel sagte der r\u00f6mische Zenturio zu Jesus: <strong><em>&#8220;Sprich das Wort, so wird mein Knecht geheilt&#8221;<\/em><\/strong> &#8211; und das Wunder geschah auf der Stelle!<\/p><p>Wenn du an einem interaktiven Gebetsgottesdienst \u00fcber Zoom teilnehmen m\u00f6chtest, f\u00fclle bitte das untenstehende Formular aus und warte geduldig auf eine E-Mail-Antwort von unserem Team \u00fcber <a href=\"mailto:info@godsheart.tv\">info@godsheart.tv<\/a>. Dieses Gebet ist ein freies Angebot. Wie Jesus Christus in <strong><em>Matth\u00e4us 10,8<\/em><\/strong> sagt: <strong>&#8220;Umsonst habt ihr empfangen, umsonst gebt.&#8221;<\/strong><\/p><p><span style=\"color: #b3b3b3;\">(Please note that Interactive Prayer involves appearing and being recorded via video and we understand this may not be appropriate for everyone. You can also submit a general prayer request <a style=\"color: #b3b3b3;\" href=\"https:\/\/godsheart.tv\/connect\/\" target=\"_blank\" rel=\"noopener\">here<\/a>.)<\/span><\/p>\t\t\t\t\t\t\t\t<\/div>\n\t\t\t\t<\/div>\n\t\t\t\t<div class=\"elementor-element elementor-element-dad54f3 elementor-widget elementor-widget-hubspot-form\" data-id=\"dad54f3\" data-element_type=\"widget\" data-e-type=\"widget\" data-widget_type=\"hubspot-form.default\">\n\t\t\t\t<div class=\"elementor-widget-container\">\n\t\t\t\t\t\n\t\t\t\t\t\t<script>\n\t\t\t\t\t\t\twindow.hsFormsOnReady = window.hsFormsOnReady || [];\n\t\t\t\t\t\t\twindow.hsFormsOnReady.push(()=>{\n\t\t\t\t\t\t\t\thbspt.forms.create({\n\t\t\t\t\t\t\t\t\tportalId: 25392988,\n\t\t\t\t\t\t\t\t\tformId: \"0ca717d3-2f38-45e0-aef1-ceb068cb2081\",\n\t\t\t\t\t\t\t\t\ttarget: \"#hbspt-form-1776882064000-2390522190\",\n\t\t\t\t\t\t\t\t\tregion: \"eu1\",\n\t\t\t\t\t\t\t\t\t\n\t\t\t\t\t\t\t})});\n\t\t\t\t\t\t<\/script>\n\t\t\t\t\t\t<div class=\"hbspt-form\" id=\"hbspt-form-1776882064000-2390522190\"><\/div>\t\t\t\t<\/div>\n\t\t\t\t<\/div>\n\t\t\t\t<div class=\"elementor-element elementor-element-103f3eb elementor-widget elementor-widget-image\" data-id=\"103f3eb\" data-element_type=\"widget\" data-e-type=\"widget\" data-widget_type=\"image.default\">\n\t\t\t\t<div class=\"elementor-widget-container\">\n\t\t\t\t\t\t\t\t\t\t\t\t\t\t\t<img fetchpriority=\"high\" decoding=\"async\" width=\"1140\" height=\"45\" src=\"https:\/\/godsheart.tv\/de\/wp-content\/uploads\/2025\/05\/Bkgrnd-1140x45-1.jpg\" class=\"attachment-full size-full wp-image-17603\" alt=\"\" srcset=\"https:\/\/godsheart.tv\/de\/wp-content\/uploads\/2025\/05\/Bkgrnd-1140x45-1.jpg 1140w, https:\/\/godsheart.tv\/de\/wp-content\/uploads\/2025\/05\/Bkgrnd-1140x45-1-300x12.jpg 300w, https:\/\/godsheart.tv\/de\/wp-content\/uploads\/2025\/05\/Bkgrnd-1140x45-1-1024x40.jpg 1024w, https:\/\/godsheart.tv\/de\/wp-content\/uploads\/2025\/05\/Bkgrnd-1140x45-1-768x30.jpg 768w, https:\/\/godsheart.tv\/de\/wp-content\/uploads\/2025\/05\/Bkgrnd-1140x45-1-1000x39.jpg 1000w, https:\/\/godsheart.tv\/de\/wp-content\/uploads\/2025\/05\/Bkgrnd-1140x45-1-600x24.jpg 600w, https:\/\/godsheart.tv\/de\/wp-content\/uploads\/2025\/05\/Bkgrnd-1140x45-1-36x1.jpg 36w, https:\/\/godsheart.tv\/de\/wp-content\/uploads\/2025\/05\/Bkgrnd-1140x45-1-48x2.jpg 48w\" sizes=\"(max-width: 1140px) 100vw, 1140px\" \/>\t\t\t\t\t\t\t\t\t\t\t\t\t\t\t<\/div>\n\t\t\t\t<\/div>\n\t\t\t\t<div class=\"elementor-element elementor-element-333a2a9 elementor-widget-divider--view-line elementor-widget elementor-widget-divider\" data-id=\"333a2a9\" data-element_type=\"widget\" data-e-type=\"widget\" data-widget_type=\"divider.default\">\n\t\t\t\t<div class=\"elementor-widget-container\">\n\t\t\t\t\t\t\t<div class=\"elementor-divider\">\n\t\t\t<span class=\"elementor-divider-separator\">\n\t\t\t\t\t\t<\/span>\n\t\t<\/div>\n\t\t\t\t\t\t<\/div>\n\t\t\t\t<\/div>\n\t\t\t\t\t<\/div>\n\t\t\t\t<\/div>\n\t\t<div class=\"elementor-element elementor-element-996c346 e-flex e-con-boxed e-con e-parent\" data-id=\"996c346\" data-element_type=\"container\" data-e-type=\"container\">\n\t\t\t\t\t<div class=\"e-con-inner\">\n\t\t\t\t<div class=\"elementor-element elementor-element-006c383 elementor-widget elementor-widget-heading\" data-id=\"006c383\" data-element_type=\"widget\" data-e-type=\"widget\" data-widget_type=\"heading.default\">\n\t\t\t\t<div class=\"elementor-widget-container\">\n\t\t\t\t\t<h2 class=\"elementor-heading-title elementor-size-default\">Read testimonies of those who have joined Interactive Prayer<\/h2>\t\t\t\t<\/div>\n\t\t\t\t<\/div>\n\t\t\t\t<div class=\"elementor-element elementor-element-9e62180 elementor-grid-2 elementor-grid-tablet-2 elementor-grid-mobile-1 elementor-widget elementor-widget-wpzoom-elementor-addons-posts-grid\" data-id=\"9e62180\" data-element_type=\"widget\" data-e-type=\"widget\" data-settings=\"{&quot;columns&quot;:&quot;2&quot;,&quot;columns_tablet&quot;:&quot;2&quot;,&quot;columns_mobile&quot;:&quot;1&quot;}\" data-widget_type=\"wpzoom-elementor-addons-posts-grid.default\">\n\t\t\t\t<div class=\"elementor-widget-container\">\n\t\t\t\t\t\t\t<div \n\t\t\tclass=\"wpz-grid\" \n\t\t\tdata-uid=\"9e62180\"\n\t\t\tdata-offset=\"2\"\n\t\t\tdata-posts-grid='{\"posts_per_page\":2,\"post_status\":\"publish\",\"paged\":1,\"post__not_in\":[],\"ignore_sticky_posts\":true,\"category_name\":\"testimonies\",\"no_found_rows\":true,\"orderby\":\"post_date\",\"order\":\"desc\",\"offset\":2,\"show_image\":\"yes\",\"post_thumbnail_size\":\"full\",\"show_title\":\"yes\",\"title_tag\":\"h3\",\"meta_data\":[\"date\",\"comments\"],\"show_excerpt\":\"yes\",\"excerpt_length\":50,\"show_read_more\":\"yes\",\"read_more_text\":\"Mehr Lesen \\u00bb\",\"grid_style\":\"1\",\"total\":0}'>\n\t\t\t\t\t\t<div class=\"wpz-grid-container elementor-grid wpz-grid-desktop-2  wpz-grid-tablet-2  wpz-grid-mobile-1 \">\n\t\t\t\t\n        <article id=\"post-19788\" class=\"wpz-post post-19788 post type-post status-publish format-standard has-post-thumbnail hentry category-testimonies\">\n         \n            <div class=\"post-grid-inner\">\n            \t\n            \t\t\t\t<div class=\"post-grid-thumbnail\">\n\t\t\t\t<a href=\"https:\/\/godsheart.tv\/de\/blog\/2025\/09\/27\/ubernaturlicher-job-durchbruch\/\" title=\"\u00dcBERNAT\u00dcRLICHER JOB-DURCHBRUCH!\">\n\t\t\t\t\t<img decoding=\"async\" width=\"1080\" height=\"1080\" src=\"https:\/\/godsheart.tv\/de\/wp-content\/uploads\/2025\/09\/TESTIMONY-Germany-38.png\" class=\"attachment-full size-full wp-post-image\" alt=\"\" srcset=\"https:\/\/godsheart.tv\/de\/wp-content\/uploads\/2025\/09\/TESTIMONY-Germany-38.png 1080w, https:\/\/godsheart.tv\/de\/wp-content\/uploads\/2025\/09\/TESTIMONY-Germany-38-300x300.png 300w, https:\/\/godsheart.tv\/de\/wp-content\/uploads\/2025\/09\/TESTIMONY-Germany-38-1024x1024.png 1024w, https:\/\/godsheart.tv\/de\/wp-content\/uploads\/2025\/09\/TESTIMONY-Germany-38-150x150.png 150w, https:\/\/godsheart.tv\/de\/wp-content\/uploads\/2025\/09\/TESTIMONY-Germany-38-768x768.png 768w, https:\/\/godsheart.tv\/de\/wp-content\/uploads\/2025\/09\/TESTIMONY-Germany-38-1000x1000.png 1000w, https:\/\/godsheart.tv\/de\/wp-content\/uploads\/2025\/09\/TESTIMONY-Germany-38-280x280.png 280w, https:\/\/godsheart.tv\/de\/wp-content\/uploads\/2025\/09\/TESTIMONY-Germany-38-560x560.png 560w, https:\/\/godsheart.tv\/de\/wp-content\/uploads\/2025\/09\/TESTIMONY-Germany-38-600x600.png 600w, https:\/\/godsheart.tv\/de\/wp-content\/uploads\/2025\/09\/TESTIMONY-Germany-38-800x800.png 800w, https:\/\/godsheart.tv\/de\/wp-content\/uploads\/2025\/09\/TESTIMONY-Germany-38-24x24.png 24w, https:\/\/godsheart.tv\/de\/wp-content\/uploads\/2025\/09\/TESTIMONY-Germany-38-36x36.png 36w, https:\/\/godsheart.tv\/de\/wp-content\/uploads\/2025\/09\/TESTIMONY-Germany-38-48x48.png 48w\" sizes=\"(max-width: 1080px) 100vw, 1080px\" \/>\t\t\t\t<\/a>\n\t\t\t<\/div>\n\t\t\n                <div class=\"post-grid-text-wrap\">\n               \t\t\t\t<h3 class=\"title\">\n\t\t\t<a href=\"https:\/\/godsheart.tv\/de\/blog\/2025\/09\/27\/ubernaturlicher-job-durchbruch\/\" title=\"\u00dcBERNAT\u00dcRLICHER JOB-DURCHBRUCH!\">\u00dcBERNAT\u00dcRLICHER JOB-DURCHBRUCH!<\/a>\n\t\t<\/h3>\n\t\t\t                \t\t<div class=\"post-grid-meta\">\n\t\t\t<span class=\"post-date\">September 27, 2025<\/span><span class=\"post-comments\">No Comments<\/span>\t\t<\/div>\n\t\t\t                <div class=\"post-grid-excerpt\"><p>&#8220;Mein Name ist Anna aus Namibia. Ich m\u00f6chte Gott, dem Allm\u00e4chtigen, f\u00fcr seine G\u00fcte danken, die er mir erwiesen hat, nachdem ich mit Bruder Chris w\u00e4hrend eines interaktiven Gebetsdienstes gebetet habe. Ich habe im April 2023 meinen Abschluss gemacht und konnte trotz zahlreicher Vorstellungsgespr\u00e4che keine Stelle finden. Ich hatte alle&hellip;<\/p>\n<\/div>\t                <a class=\"read-more-btn\" href=\"https:\/\/godsheart.tv\/de\/blog\/2025\/09\/27\/ubernaturlicher-job-durchbruch\/\">Mehr Lesen \u00bb<\/a>                <\/div>\n\n            <\/div><!-- .blog-inner -->\n           \n        <\/article>\n\n        \n        <article id=\"post-19784\" class=\"wpz-post post-19784 post type-post status-publish format-standard has-post-thumbnail hentry category-testimonies\">\n         \n            <div class=\"post-grid-inner\">\n            \t\n            \t\t\t\t<div class=\"post-grid-thumbnail\">\n\t\t\t\t<a href=\"https:\/\/godsheart.tv\/de\/blog\/2025\/09\/27\/ich-lag-im-krankenhaus-und-war-fur-eine-operation-angemeldet-als-bruder-chris-fur-mich-betete\/\" title=\"ICH LAG IM KRANKENHAUS UND WAR F\u00dcR EINE OPERATION ANGEMELDET, ALS BRUDER CHRIS F\u00dcR MICH BETETE!\">\n\t\t\t\t\t<img decoding=\"async\" width=\"1080\" height=\"1080\" src=\"https:\/\/godsheart.tv\/de\/wp-content\/uploads\/2025\/09\/TESTIMONY-Germany-37.png\" class=\"attachment-full size-full wp-post-image\" alt=\"\" srcset=\"https:\/\/godsheart.tv\/de\/wp-content\/uploads\/2025\/09\/TESTIMONY-Germany-37.png 1080w, https:\/\/godsheart.tv\/de\/wp-content\/uploads\/2025\/09\/TESTIMONY-Germany-37-300x300.png 300w, https:\/\/godsheart.tv\/de\/wp-content\/uploads\/2025\/09\/TESTIMONY-Germany-37-1024x1024.png 1024w, https:\/\/godsheart.tv\/de\/wp-content\/uploads\/2025\/09\/TESTIMONY-Germany-37-150x150.png 150w, https:\/\/godsheart.tv\/de\/wp-content\/uploads\/2025\/09\/TESTIMONY-Germany-37-768x768.png 768w, https:\/\/godsheart.tv\/de\/wp-content\/uploads\/2025\/09\/TESTIMONY-Germany-37-1000x1000.png 1000w, https:\/\/godsheart.tv\/de\/wp-content\/uploads\/2025\/09\/TESTIMONY-Germany-37-280x280.png 280w, https:\/\/godsheart.tv\/de\/wp-content\/uploads\/2025\/09\/TESTIMONY-Germany-37-560x560.png 560w, https:\/\/godsheart.tv\/de\/wp-content\/uploads\/2025\/09\/TESTIMONY-Germany-37-600x600.png 600w, https:\/\/godsheart.tv\/de\/wp-content\/uploads\/2025\/09\/TESTIMONY-Germany-37-800x800.png 800w, https:\/\/godsheart.tv\/de\/wp-content\/uploads\/2025\/09\/TESTIMONY-Germany-37-24x24.png 24w, https:\/\/godsheart.tv\/de\/wp-content\/uploads\/2025\/09\/TESTIMONY-Germany-37-36x36.png 36w, https:\/\/godsheart.tv\/de\/wp-content\/uploads\/2025\/09\/TESTIMONY-Germany-37-48x48.png 48w\" sizes=\"(max-width: 1080px) 100vw, 1080px\" \/>\t\t\t\t<\/a>\n\t\t\t<\/div>\n\t\t\n                <div class=\"post-grid-text-wrap\">\n               \t\t\t\t<h3 class=\"title\">\n\t\t\t<a href=\"https:\/\/godsheart.tv\/de\/blog\/2025\/09\/27\/ich-lag-im-krankenhaus-und-war-fur-eine-operation-angemeldet-als-bruder-chris-fur-mich-betete\/\" title=\"ICH LAG IM KRANKENHAUS UND WAR F\u00dcR EINE OPERATION ANGEMELDET, ALS BRUDER CHRIS F\u00dcR MICH BETETE!\">ICH LAG IM KRANKENHAUS UND WAR F\u00dcR EINE OPERATION ANGEMELDET, ALS BRUDER CHRIS F\u00dcR MICH BETETE!<\/a>\n\t\t<\/h3>\n\t\t\t                \t\t<div class=\"post-grid-meta\">\n\t\t\t<span class=\"post-date\">September 27, 2025<\/span><span class=\"post-comments\">No Comments<\/span>\t\t<\/div>\n\t\t\t                <div class=\"post-grid-excerpt\"><p>&#8220;Gnade und Frieden f\u00fcr dich in Jesu Namen. Mein Name ist Ruth aus Sambia. Ich habe ein erstaunliches Zeugnis \u00fcber eine sichere Entbindung! Es war meine erste Schwangerschaft und ich war vier Wochen \u00fcberf\u00e4llig. Als ich darauf wartete, dass die Wehen einsetzten, begann ich zu bluten, ohne Wehen zu sp\u00fcren.&hellip;<\/p>\n<\/div>\t                <a class=\"read-more-btn\" href=\"https:\/\/godsheart.tv\/de\/blog\/2025\/09\/27\/ich-lag-im-krankenhaus-und-war-fur-eine-operation-angemeldet-als-bruder-chris-fur-mich-betete\/\">Mehr Lesen \u00bb<\/a>                <\/div>\n\n            <\/div><!-- .blog-inner -->\n           \n        <\/article>\n\n        \t\t\t<\/div>\n\n\t\t\t\t\t\t\t\t\n\t\t<\/div><!-- \/\/.wpz-grid -->\n\t\t\t\t\t\t<\/div>\n\t\t\t\t<\/div>\n\t\t\t\t<div class=\"elementor-element elementor-element-e6b3ea6 elementor-align-center elementor-widget elementor-widget-button\" data-id=\"e6b3ea6\" data-element_type=\"widget\" data-e-type=\"widget\" data-widget_type=\"button.default\">\n\t\t\t\t<div class=\"elementor-widget-container\">\n\t\t\t\t\t\t\t\t\t<div class=\"elementor-button-wrapper\">\n\t\t\t\t\t<a class=\"elementor-button elementor-button-link elementor-size-sm\" href=\"https:\/\/godsheart.tv\/de\/zeugnis\/\">\n\t\t\t\t\t\t<span class=\"elementor-button-content-wrapper\">\n\t\t\t\t\t\t<span class=\"elementor-button-icon\">\n\t\t\t\t<svg aria-hidden=\"true\" class=\"e-font-icon-svg e-fas-arrow-circle-right\" viewBox=\"0 0 512 512\" xmlns=\"http:\/\/www.w3.org\/2000\/svg\"><path d=\"M256 8c137 0 248 111 248 248S393 504 256 504 8 393 8 256 119 8 256 8zm-28.9 143.6l75.5 72.4H120c-13.3 0-24 10.7-24 24v16c0 13.3 10.7 24 24 24h182.6l-75.5 72.4c-9.7 9.3-9.9 24.8-.4 34.3l11 10.9c9.4 9.4 24.6 9.4 33.9 0L404.3 273c9.4-9.4 9.4-24.6 0-33.9L271.6 106.3c-9.4-9.4-24.6-9.4-33.9 0l-11 10.9c-9.5 9.6-9.3 25.1.4 34.4z\"><\/path><\/svg>\t\t\t<\/span>\n\t\t\t\t\t\t\t\t\t<span class=\"elementor-button-text\">Weitere Erfahrungsberichte hier<\/span>\n\t\t\t\t\t<\/span>\n\t\t\t\t\t<\/a>\n\t\t\t\t<\/div>\n\t\t\t\t\t\t\t\t<\/div>\n\t\t\t\t<\/div>\n\t\t\t\t\t<\/div>\n\t\t\t\t<\/div>\n\t\t\t\t<\/div>\n\t\t","protected":false},"excerpt":{"rendered":"<p>Interaktives Gebet &#8220;Unsere Einschr\u00e4nkungen schr\u00e4nken Gottes Autorit\u00e4t nicht ein. Unsere Unzul\u00e4nglichkeiten verk\u00fcrzen nicht die Reichweite seiner m\u00e4chtigen Hand. Unsere Schwachpunkte machen ihn nicht weniger vollkommen.&#8221; Interaktives Gebet ist eine M\u00f6glichkeit, online direkt von Bruder Chris Gebet zu erhalten, egal wo auf der Welt du dich gerade befindest &#8211; \u00fcber Zoom. [&hellip;]<\/p>\n","protected":false},"author":1,"featured_media":0,"parent":0,"menu_order":0,"comment_status":"closed","ping_status":"closed","template":"page-templates\/full-width-transparent.php","meta":{"content-type":"","footnotes":""},"class_list":["post-13145","page","type-page","status-publish","hentry"],"_links":{"self":[{"href":"https:\/\/godsheart.tv\/de\/wp-json\/wp\/v2\/pages\/13145","targetHints":{"allow":["GET"]}}],"collection":[{"href":"https:\/\/godsheart.tv\/de\/wp-json\/wp\/v2\/pages"}],"about":[{"href":"https:\/\/godsheart.tv\/de\/wp-json\/wp\/v2\/types\/page"}],"author":[{"embeddable":true,"href":"https:\/\/godsheart.tv\/de\/wp-json\/wp\/v2\/users\/1"}],"replies":[{"embeddable":true,"href":"https:\/\/godsheart.tv\/de\/wp-json\/wp\/v2\/comments?post=13145"}],"version-history":[{"count":16,"href":"https:\/\/godsheart.tv\/de\/wp-json\/wp\/v2\/pages\/13145\/revisions"}],"predecessor-version":[{"id":18927,"href":"https:\/\/godsheart.tv\/de\/wp-json\/wp\/v2\/pages\/13145\/revisions\/18927"}],"wp:attachment":[{"href":"https:\/\/godsheart.tv\/de\/wp-json\/wp\/v2\/media?parent=13145"}],"curies":[{"name":"wp","href":"https:\/\/api.w.org\/{rel}","templated":true}]}}