{"id":15345,"date":"2024-12-10T20:23:55","date_gmt":"2024-12-10T20:23:55","guid":{"rendered":"https:\/\/godsheart.tv\/newdesign\/?page_id=15345"},"modified":"2025-07-10T07:59:40","modified_gmt":"2025-07-10T06:59:40","slug":"gebetsclips","status":"publish","type":"page","link":"https:\/\/godsheart.tv\/de\/gebetsclips\/","title":{"rendered":"Gebetsclips"},"content":{"rendered":"\t\t<div data-elementor-type=\"wp-page\" data-elementor-id=\"15345\" class=\"elementor elementor-15345\">\n\t\t\t\t<div class=\"elementor-element elementor-element-65b6186 e-flex e-con-boxed e-con e-parent\" data-id=\"65b6186\" data-element_type=\"container\" data-e-type=\"container\">\n\t\t\t\t\t<div class=\"e-con-inner\">\n\t\t\t\t<div class=\"elementor-element elementor-element-80ffd4e elementor-widget elementor-widget-text-editor\" data-id=\"80ffd4e\" data-element_type=\"widget\" data-e-type=\"widget\" data-widget_type=\"text-editor.default\">\n\t\t\t\t<div class=\"elementor-widget-container\">\n\t\t\t\t\t\t\t\t\t<p><em>&#8220;Es liegt Macht in der Gebetsvereinbarung!&#8221;<\/em><\/p><p>Worum bittest du Gott? Denk daran: Derjenige, der dein Herz geformt hat, kennt dein Herz. Derjenige, dem deine Seele geh\u00f6rt, sieht deine Situation. Ihm ist nichts verborgen (Hebr\u00e4er 4,13). Schlie\u00dfe dich Bruder Chris in diesen kurzen aufgezeichneten Gebetsclips an. Wenn du deine Situation in Gottes H\u00e4nde legst, wird er seinen Frieden in deine Herzen legen!<\/p>\t\t\t\t\t\t\t\t<\/div>\n\t\t\t\t<\/div>\n\t\t\t\t\t<\/div>\n\t\t\t\t<\/div>\n\t\t<div class=\"elementor-element elementor-element-5008b69 e-flex e-con-boxed e-con e-parent\" data-id=\"5008b69\" data-element_type=\"container\" data-e-type=\"container\">\n\t\t\t\t\t<div class=\"e-con-inner\">\n\t\t\t\t<div class=\"elementor-element elementor-element-c247c8b elementor-widget elementor-widget-wpzoom-elementor-addons-portfolio-showcase\" data-id=\"c247c8b\" data-element_type=\"widget\" data-e-type=\"widget\" data-settings=\"{&quot;portfolio_showcase_styles&quot;:&quot;default&quot;}\" data-widget_type=\"wpzoom-elementor-addons-portfolio-showcase.default\">\n\t\t\t\t<div class=\"elementor-widget-container\">\n\t\t\t\t\t<div class=\"portfolio-showcase\"><div class=\"portfolio-showcase-header\"><nav class=\"portfolio-archive-taxonomies\" style=\"display:none;\">\n\t<ul class=\"portfolio-taxonomies portfolio-taxonomies-filter-by\">\n\t\t<li data-subcategory=\"149\"\t\t\tclass=\"cat-item cat-item-all current-cat\" \n\t\t\tdata-counter=\"1\"\n\t\t>\n\t\t\t<a href=\"https:\/\/godsheart.tv\/de\/portfolio\/\">All<\/a>\n\t\t<\/li>\n\t\t<li class=\"cat-item-none\">No categories<\/li>\t<\/ul>\n<\/nav><\/div><!-- \/\/ .portfolio-showcase-header -->\t\t\t<div data-subcategory=\"149\"\t\t\t\tdata-ajax-items-loading=\"\"\n\t\t\t\tdata-nonce=\"c9ad951a3a\"\n\t\t\t\tdata-count-nonce=\"9c2fcec13c\"\n\t\t\t\tdata-items-count=\"1\"\n\t\t\t\tdata-instance=\"{&quot;layout_type&quot;:&quot;full-width&quot;,&quot;col_number&quot;:&quot;3&quot;,&quot;aspect_ratio&quot;:&quot;portrait&quot;,&quot;background_video&quot;:true,&quot;show_masonry&quot;:false,&quot;show_popup&quot;:true,&quot;show_popup_caption&quot;:false,&quot;show_popup_excerpt&quot;:false,&quot;show_excerpt&quot;:false,&quot;view_all_btn&quot;:true,&quot;readmore_text&quot;:&quot;Read More&quot;,&quot;enable_director_name&quot;:false,&quot;enable_year&quot;:false,&quot;enable_category&quot;:false,&quot;show_count&quot;:300,&quot;show_categories&quot;:true,&quot;always_play_background_video&quot;:false}\"\n\t\t\t\tclass=\"portfolio-grid  portfolio_with_space col_no_3 \"\n\t\t\t>\n\t\t\t\t            <article id=\"post-17830\" class=\" portfolio_149_item portfolio_item post-17830 type-portfolio_item status-publish has-post-thumbnail hentry portfolio-prayers\">\n            \n                    <div class=\"entry-thumbnail-popover\">\n                        <div class=\"entry-thumbnail-popover-content lightbox_popup_insp popover-content--animated\" data-show-caption=\"\" data-show-excerpt=\"\">\n\n                            <a class=\"wpz-portfolio-link\" href=\"https:\/\/godsheart.tv\/de\/video\/every-unclean-spirit-come-out-in-jesus-name\/\" title=\"Seht zu, wie Gottes KRAFT weltweit herabkommt!!!\"><\/a>\n\n                            <div class=\"entry-meta\">\n\n                                <!-- start lightbox --><a\n                                    class=\"mfp-iframe portfolio-popup-video\"\n                                    href=\"https:\/\/youtube.com\/watch?v=Nb6O-LX_-5c\" aria-label=\"Watch Video\"><\/a>\n                                \n                                <h3 class=\"portfolio_item-title\">\n                                    <a href=\"https:\/\/godsheart.tv\/de\/video\/every-unclean-spirit-come-out-in-jesus-name\/\"\n                                       title=\"Seht zu, wie Gottes KRAFT weltweit herabkommt!!!\">Seht zu, wie Gottes KRAFT weltweit herabkommt!!!<\/a>\n                                <\/h3>\n\n                                <ul>\n                                    \n                                    \n                                                                    <\/ul>\n\n                                \n                            <\/div>\n\n                        <\/div>\n                    <\/div>\n\n                    \n                        <img fetchpriority=\"high\" decoding=\"async\" width=\"600\" height=\"720\" src=\"https:\/\/godsheart.tv\/de\/wp-content\/uploads\/2015\/06\/maxresdefault-600x720.jpg\" class=\"attachment-portfolio_item-thumbnail_portrait size-portfolio_item-thumbnail_portrait wp-post-image\" alt=\"\" \/>\n                    \n\n                            <\/article>\n\t\t\t<\/div><!-- \/\/ .portfolio-grid -->\n\n\t\t\t\t\t\t\t\n\n\t\t\t\t\n\t\t\t\t\t<div class=\"portfolio-preloader\">\n\t\t\t\t<div id=\"loading-39x\">\n\t\t\t\t\t<div class=\"spinner\">\n\t\t\t\t\t\t<div class=\"rect1\"><\/div> \n\t\t\t\t\t\t<div class=\"rect2\"><\/div> \n\t\t\t\t\t\t<div class=\"rect3\"><\/div> \n\t\t\t\t\t\t<div class=\"rect4\"><\/div> \n\t\t\t\t\t\t<div class=\"rect5\"><\/div>\n\t\t\t\t\t<\/div>\n\t\t\t\t<\/div>\n\t\t\t<\/div>\n\t\t\n        \n\t\t<\/div><!-- \/\/ .portfolio-showcase -->\t\t\t\t<\/div>\n\t\t\t\t<\/div>\n\t\t\t\t\t<\/div>\n\t\t\t\t<\/div>\n\t\t\t\t<\/div>\n\t\t","protected":false},"excerpt":{"rendered":"<p>&#8220;Es liegt Macht in der Gebetsvereinbarung!&#8221; Worum bittest du Gott? Denk daran: Derjenige, der dein Herz geformt hat, kennt dein Herz. Derjenige, dem deine Seele geh\u00f6rt, sieht deine Situation. Ihm ist nichts verborgen (Hebr\u00e4er 4,13). Schlie\u00dfe dich Bruder Chris in diesen kurzen aufgezeichneten Gebetsclips an. Wenn du deine Situation in [&hellip;]<\/p>\n","protected":false},"author":3,"featured_media":0,"parent":0,"menu_order":0,"comment_status":"closed","ping_status":"closed","template":"","meta":{"content-type":"","footnotes":""},"class_list":["post-15345","page","type-page","status-publish","hentry"],"_links":{"self":[{"href":"https:\/\/godsheart.tv\/de\/wp-json\/wp\/v2\/pages\/15345","targetHints":{"allow":["GET"]}}],"collection":[{"href":"https:\/\/godsheart.tv\/de\/wp-json\/wp\/v2\/pages"}],"about":[{"href":"https:\/\/godsheart.tv\/de\/wp-json\/wp\/v2\/types\/page"}],"author":[{"embeddable":true,"href":"https:\/\/godsheart.tv\/de\/wp-json\/wp\/v2\/users\/3"}],"replies":[{"embeddable":true,"href":"https:\/\/godsheart.tv\/de\/wp-json\/wp\/v2\/comments?post=15345"}],"version-history":[{"count":4,"href":"https:\/\/godsheart.tv\/de\/wp-json\/wp\/v2\/pages\/15345\/revisions"}],"predecessor-version":[{"id":18995,"href":"https:\/\/godsheart.tv\/de\/wp-json\/wp\/v2\/pages\/15345\/revisions\/18995"}],"wp:attachment":[{"href":"https:\/\/godsheart.tv\/de\/wp-json\/wp\/v2\/media?parent=15345"}],"curies":[{"name":"wp","href":"https:\/\/api.w.org\/{rel}","templated":true}]}}