{"id":17862,"date":"2025-06-11T16:44:12","date_gmt":"2025-06-11T15:44:12","guid":{"rendered":"https:\/\/godshearttv.com\/?page_id=17862"},"modified":"2025-07-10T08:02:57","modified_gmt":"2025-07-10T07:02:57","slug":"neu-glaubige","status":"publish","type":"page","link":"https:\/\/godsheart.tv\/de\/neu-glaubige\/","title":{"rendered":"Neugl\u00e4ubige"},"content":{"rendered":"\t\t<div data-elementor-type=\"wp-page\" data-elementor-id=\"17862\" class=\"elementor elementor-17862\">\n\t\t\t\t\t\t<section class=\"elementor-section elementor-top-section elementor-element elementor-element-21aa954e elementor-section-full_width elementor-section-height-min-height elementor-section-height-default elementor-section-items-middle\" data-id=\"21aa954e\" data-element_type=\"section\" data-e-type=\"section\" data-settings=\"{&quot;background_background&quot;:&quot;classic&quot;}\">\n\t\t\t\t\t\t\t<div class=\"elementor-background-overlay\"><\/div>\n\t\t\t\t\t\t\t<div class=\"elementor-container elementor-column-gap-no\">\n\t\t\t\t\t<div class=\"elementor-column elementor-col-100 elementor-top-column elementor-element elementor-element-93e76b3\" data-id=\"93e76b3\" data-element_type=\"column\" data-e-type=\"column\">\n\t\t\t<div class=\"elementor-widget-wrap\">\n\t\t\t\t\t\t\t<\/div>\n\t\t<\/div>\n\t\t\t\t\t<\/div>\n\t\t<\/section>\n\t\t<div class=\"elementor-element elementor-element-75deb36 e-flex e-con-boxed e-con e-parent\" data-id=\"75deb36\" data-element_type=\"container\" data-e-type=\"container\">\n\t\t\t\t\t<div class=\"e-con-inner\">\n\t\t\t\t<div class=\"elementor-element elementor-element-12bba59 elementor-widget elementor-widget-heading\" data-id=\"12bba59\" data-element_type=\"widget\" data-e-type=\"widget\" data-widget_type=\"heading.default\">\n\t\t\t\t<div class=\"elementor-widget-container\">\n\t\t\t\t\t<h2 class=\"elementor-heading-title elementor-size-default\">Leben's Gr\u00f6\u00dfte Fragen<\/h2>\t\t\t\t<\/div>\n\t\t\t\t<\/div>\n\t\t\t\t<div class=\"elementor-element elementor-element-f7fe147 elementor-widget elementor-widget-video\" data-id=\"f7fe147\" data-element_type=\"widget\" data-e-type=\"widget\" data-settings=\"{&quot;youtube_url&quot;:&quot;https:\\\/\\\/youtu.be\\\/deDdloP8qJE&quot;,&quot;video_type&quot;:&quot;youtube&quot;,&quot;controls&quot;:&quot;yes&quot;}\" data-widget_type=\"video.default\">\n\t\t\t\t<div class=\"elementor-widget-container\">\n\t\t\t\t\t\t\t<div class=\"elementor-wrapper elementor-open-inline\">\n\t\t\t<div class=\"elementor-video\"><\/div>\t\t<\/div>\n\t\t\t\t\t\t<\/div>\n\t\t\t\t<\/div>\n\t\t\t\t<div class=\"elementor-element elementor-element-fa90613 elementor-widget elementor-widget-text-editor\" data-id=\"fa90613\" data-element_type=\"widget\" data-e-type=\"widget\" data-widget_type=\"text-editor.default\">\n\t\t\t\t<div class=\"elementor-widget-container\">\n\t\t\t\t\t\t\t\t\t<blockquote><p><em>\u201cDer Glaube an Christus ist das einzige wirksame Mittel gegen die Angst vor dem Tod.\u201d<\/em><\/p><\/blockquote><p>Jeder Mensch sehnt sich danach, den zu kennen, der ihn geschaffen hat. Mit anderen Worten: Jeder hat den Wunsch, Gott zu erfahren. \u00dcberlege zum Beispiel, was in deinem Herzen vorgeht, wenn du in Not bist oder eine Trag\u00f6die erlebst. Unser Herz sagt uns, dass wir jemanden anrufen m\u00fcssen, der h\u00f6her ist als wir selbst, dass wir etwas suchen m\u00fcssen, das st\u00e4rker ist als wir selbst.<\/p><p><em>Mit den Worten eines weisen Mannes in <strong>Prediger 3:11 <\/strong>&#8211; Gott hat die Ewigkeit in das menschliche Herz gelegt.<\/em><\/p><p>Es gibt zwei brennende Fragen, die sich <strong>jeder <\/strong>in seinem Leben schon einmal gestellt hat:<\/p><ul><li>Worum geht es im Leben?<\/li><li>Was passiert, wenn das Leben vorbei ist?<\/li><\/ul><p>Kennst du die Antwort auf diese Fragen? Und wie wirken sich diese Antworten &#8211; oder das Fehlen von ihnen &#8211; auf dein t\u00e4gliches Leben aus?<br \/>F\u00fchrt sie zu Erf\u00fcllung und Zufriedenheit in Beruf, Beziehungen und Familie?<br \/>Findest du Freude und Frieden in dir &#8211; unabh\u00e4ngig von der Situation um dich herum?\u00a0<br \/>Hast du einen Sinn f\u00fcr dein Ziel, der dich auch im Angesicht von Pr\u00fcfungen und Trag\u00f6dien festh\u00e4lt?<\/p><p>Stellen wir uns eine ern\u00fcchternde Frage: Wenn man dir sagen w\u00fcrde, dass heute dein letzter Tag auf Erden ist:<\/p><ul><li>Was w\u00fcrdest du tun? Wo w\u00fcrdest du hingehen? Was w\u00fcrdest du sagen?<\/li><li>Wie w\u00fcrde es dein Verhalten, deine Einstellung und deine Lebenseinstellung ver\u00e4ndern?<\/li><\/ul><p>Die nackte Realit\u00e4t ist, dass jeder Tag &#8211; auch heute &#8211; dein letzter Tag auf Erden sein kann. Der Tod ist das gemeinsame Schicksal, das wir alle teilen. Erf\u00fcllt dich der Gedanke an die Sterblichkeit mit Angst? Bist du dir sicher, wo du die Ewigkeit verbringen wirst?<\/p><blockquote><p>Wenn dein Herz nach einem Sinn <strong>in diesem Leben <\/strong>und der Gewissheit des <strong>Lebens nach dem Tod <\/strong>hungert, hat Jesus Christus die Antwort gegeben!<\/p><\/blockquote><p>Das Wesen des echten Christentums ist eine Beziehung zu Jesus Christus durch den Glauben &#8211; eine Beziehung, die sogar \u00fcber das Grab hinausreicht und diejenigen befreit<strong><em>, &#8220;die ihr ganzes Leben lang durch ihre Todesfurcht in Sklaverei gehalten wurden&#8221; (Hebr\u00e4er 2,15)<\/em><\/strong>.<\/p><p>Aber wer ist eigentlich ein Christ? Die Menschen geben heute zahlreiche Gr\u00fcnde an, warum sie sich Christen nennen.<\/p><p>Sie sagen zum Beispiel:<br \/>&#8220;Ich bin ein Christ, weil meine Eltern gl\u00e4ubig sind.&#8221;<br \/>&#8220;Ich bin Christ, weil ich an Ostern und Weihnachten den Gottesdienst besuche.&#8221;<br \/>&#8220;Ich bin Christ, weil ich davon \u00fcberzeugt bin, dass Jesus der Sohn Gottes ist.&#8221;<br \/>&#8220;Ich bin ein Christ, weil ich versuche, ein guter Mensch zu sein.&#8221;<\/p><p>Das Problem bei diesen Antworten ist, dass sie den einzigen Grund, der jemanden als Christ qualifiziert, nicht erw\u00e4hnen.<\/p><p>Hier ist die Herausforderung:<br \/>Du kannst in die Kirche gehen und trotzdem kein Christ sein.<br \/>Du kannst die Bibel lesen und trotzdem kein Christ sein.<br \/>Du kannst in einem gottesf\u00fcrchtigen Elternhaus aufgewachsen sein und trotzdem kein Christ sein.<br \/>Du kannst schlechte Angewohnheiten ausmerzen und versuchen, ein moralischer Mensch zu sein und trotzdem kein Christ sein.<\/p><p>Solche Handlungen allein machen eine Person noch nicht zu einem Christen!<\/p><blockquote><p>Es gibt einen gro\u00dfen Unterschied zwischen dem <strong>Wissen \u00fcber Gott <\/strong>und dem tats\u00e4chlichen <strong>Wissen \u00fcber ihn.<\/strong><\/p><\/blockquote><p>Der Mensch ist ein S\u00fcnder, der hinter Gottes perfektem Standard zur\u00fcckgeblieben ist. Die Strafe daf\u00fcr ist der Tod &#8211; die ewige Trennung von Gott. Egal, ob du versucht hast, ein &#8220;guter Mensch&#8221; zu sein und Gottes Ma\u00dfst\u00e4be, wie sie in der Bibel offenbart sind, einzuhalten, oder ob du dein Leben ohne R\u00fccksicht auf Gott oder die Ewigkeit gelebt hast &#8211; die Realit\u00e4t ist, dass <strong>wir alle <\/strong>das Ziel verfehlt haben. <strong>Wir alle <\/strong>haben eine Schuld, die wir einfach nicht bezahlen k\u00f6nnen. Deshalb <strong>sind wir alle <\/strong>dringend auf Gottes Vergebung angewiesen!<\/p><p>Gott kam in der Person von Jesus Christus auf die Erde, der als Mensch kam und sein Leben ohne S\u00fcnde lebte. Am Kreuz von Golgatha starb er f\u00fcr uns und bezahlte tats\u00e4chlich f\u00fcr unsere S\u00fcnde! Durch unseren Glauben an ihn erhalten wir:<\/p><ul><li>Seine Rechtschaffenheit,<\/li><li>Seine Vergebung f\u00fcr unsere S\u00fcnden<\/li><li>Das Geschenk des ewigen Lebens.<\/li><\/ul><p>Wer ist dann ein Christ? Ein Christ ist eine Person, dem Gott durch das vollendete Werk von Jesus Christus am Kreuz vergeben hat <strong><em>(Titus 3,3-6)<\/em><\/strong>.<\/p><p>Hier ist der wichtigste Punkt:<\/p><blockquote><p>Beim Christsein geht es nicht darum, was <strong>du tust<\/strong>, sondern darum, was Jesus Christus <strong>getan hat<\/strong>.<\/p><\/blockquote><p>Durch sein selbstloses Opfer am Kreuz hat Jesus uns fit f\u00fcr Gott gemacht und uns mit Gott ins Reine gebracht.<\/p><p>In <strong><em>Apostelgeschichte 16,30-31 <\/em><\/strong>stellte ein Vollzugsbeamter dem Apostel Paulus die wichtigste Frage: &#8220;Was muss ich tun, um gerettet zu werden? Paulus antwortete einfach: &#8220;Glaube an den Herrn Jesus, dann wirst du gerettet.&#8221;<\/p><blockquote><p>Wir werden durch das wunderbare Evangelium der Gnade gerettet, das besagt, dass Jesus uns liebt, f\u00fcr uns gestorben ist und uns vergibt, wenn wir unser Herz \u00f6ffnen und glauben!<\/p><\/blockquote><p>Deine Zuflucht liegt in diesen Worten &#8211; Glaube nur!<\/p><p>Wenn du dies liest, wie ist deine aktuelle Situation?<br \/>&#8211; Hast du das Gef\u00fchl, das Leben hat dich betrogen?<br \/>&#8211; Hast du mit Entt\u00e4uschung, Entmutigung oder Depression zu k\u00e4mpfen?<br \/>&#8211; Bist du auf der Suche nach einem Ziel, das gr\u00f6\u00dfer ist als du selbst?<\/p><p>Schau im Glauben auf Jesus! Als er ungerechterweise ans Kreuz genagelt wurde, wurde Jesus tats\u00e4chlich zu dem Fluch, den du verdient hast <strong><em>(Galater 3,13-14)<\/em><\/strong>. Er nahm deine Armut, deine Krankheit und deine S\u00fcnde auf sich, damit du den Segen empf\u00e4ngst, den Gott denen versprochen hat, die sein Gesetz halten &#8211; einschlie\u00dflich einer reichlichen Versorgung f\u00fcr alle Bed\u00fcrfnisse in deinem Leben.<\/p><p>Jesus hat den Teufel auf Golgatha besiegt, als er auferstanden ist <strong><em>(Kolosser 2,15)<\/em><\/strong>! Es ist sein Sieg \u00fcber den Tod, der uns den Sieg \u00fcber den Teufel in unserem t\u00e4glichen Leben hier <strong>auf der Erde <\/strong>und f\u00fcr die Ewigkeit <strong>im Himmel <\/strong>gibt!<\/p><p>Wenn du das lebendige Wort Gottes h\u00f6rst und es im Glauben annimmst, empf\u00e4ngst du:<\/p><ul><li>Die Gewissheit des ewigen Lebens mit Christus,<\/li><li>G\u00f6ttliche Kraft, um die t\u00e4glichen Herausforderungen des Lebens zu meistern,<\/li><li>Ein klares Ziel, das deine Pl\u00e4ne und Entscheidungen leitet.<\/li><\/ul><p>Wenn diese kurze Botschaft dein Herz dazu bewegt, dein Leben Jesus Christus zu \u00fcberlassen, ermutigen wir dich, dieses Gebet zu sprechen.<br \/>Egal, ob du dich Gott einmal nahe gef\u00fchlt hast, dich jetzt aber distanziert f\u00fchlst oder ob du die Realit\u00e4t einer Beziehung zu Jesus Christus noch nie kennengelernt hast &#8211; es reicht, dieses Gebet zu sprechen.<\/p><p style=\"padding-left: 40px;\"><em>Lieber Herr, ich bekenne, dass ich ein S\u00fcnder bin. Ich rufe Deinen heiligen Namen an, Jesus Christus. Vergib mir alle meine S\u00fcnden. Ich glaube, dass Du an meiner Stelle gestorben und von den Toten auferstanden bist, wie es in der Heiligen Schrift steht. Ich nehme Dich von Herzen an. Ich danke Dir, Herr, f\u00fcr meine Errettung. <\/em><\/p><p>Du bist herzlich willkommen in der Familie Gottes! Denke daran, dass die Annahme von Jesus als deinem Herrn und Retter nur der erste Schritt auf deinem Glaubensweg ist. Die Annahme muss von Hingabe begleitet werden! Erst wenn wir eine Hingabe eingehen, werden wir zu Jesu Nachfolgern. Die Hingabe ist dann die Br\u00fccke zwischen uns und Jesus.<\/p><p>Um im Glauben zu wachsen, ermutigen wir dich, deine Beziehung zum Heiligen Geist zu vertiefen, indem du t\u00e4glich deine Bibel liest. Je mehr du mit Andacht liest, desto mehr wirst du \u00fcber dich und Gott, der dich geschaffen hat, verstehen! Wir ermutigen dich auch, eine Lebendige Gemeinde zu finden und dich mit ihr zu engagieren.<\/p>\t\t\t\t\t\t\t\t<\/div>\n\t\t\t\t<\/div>\n\t\t\t\t\t<\/div>\n\t\t\t\t<\/div>\n\t\t\t\t<\/div>\n\t\t","protected":false},"excerpt":{"rendered":"<p>Leben&#8217;s Gr\u00f6\u00dfte Fragen https:\/\/youtu.be\/deDdloP8qJE \u201cDer Glaube an Christus ist das einzige wirksame Mittel gegen die Angst vor dem Tod.\u201d Jeder Mensch sehnt sich danach, den zu kennen, der ihn geschaffen hat. Mit anderen Worten: Jeder hat den Wunsch, Gott zu erfahren. \u00dcberlege zum Beispiel, was in deinem Herzen vorgeht, wenn [&hellip;]<\/p>\n","protected":false},"author":1,"featured_media":0,"parent":0,"menu_order":0,"comment_status":"closed","ping_status":"closed","template":"page-templates\/full-width-transparent.php","meta":{"content-type":"","footnotes":""},"class_list":["post-17862","page","type-page","status-publish","hentry"],"_links":{"self":[{"href":"https:\/\/godsheart.tv\/de\/wp-json\/wp\/v2\/pages\/17862","targetHints":{"allow":["GET"]}}],"collection":[{"href":"https:\/\/godsheart.tv\/de\/wp-json\/wp\/v2\/pages"}],"about":[{"href":"https:\/\/godsheart.tv\/de\/wp-json\/wp\/v2\/types\/page"}],"author":[{"embeddable":true,"href":"https:\/\/godsheart.tv\/de\/wp-json\/wp\/v2\/users\/1"}],"replies":[{"embeddable":true,"href":"https:\/\/godsheart.tv\/de\/wp-json\/wp\/v2\/comments?post=17862"}],"version-history":[{"count":16,"href":"https:\/\/godsheart.tv\/de\/wp-json\/wp\/v2\/pages\/17862\/revisions"}],"predecessor-version":[{"id":18997,"href":"https:\/\/godsheart.tv\/de\/wp-json\/wp\/v2\/pages\/17862\/revisions\/18997"}],"wp:attachment":[{"href":"https:\/\/godsheart.tv\/de\/wp-json\/wp\/v2\/media?parent=17862"}],"curies":[{"name":"wp","href":"https:\/\/api.w.org\/{rel}","templated":true}]}}