{"id":3,"date":"2023-12-18T09:52:21","date_gmt":"2023-12-18T09:52:21","guid":{"rendered":"https:\/\/godsheart.tv\/newdesign\/?page_id=3"},"modified":"2025-07-10T07:16:19","modified_gmt":"2025-07-10T06:16:19","slug":"datenschutzbestimmungen","status":"publish","type":"page","link":"https:\/\/godsheart.tv\/de\/datenschutzbestimmungen\/","title":{"rendered":"Datenschutzbestimmungen"},"content":{"rendered":"\n<p class=\"\"><em>G\u00fcltig seit: Januar 2022<\/em> <em>Letzte Aktualisierung: M\u00e4rz 2024<\/em><\/p>\n\n\n\n<p class=\"\">DIE ERFASSUNG PERS\u00d6NLICHER DATEN: Das God\u2019s Heart TV-Team erfasst die von Ihnen bereitgestellten pers\u00f6nlichen Daten. Wir sammeln Ihre Daten in Verbindung mit allen Formularen, die Sie auf der Website (godsheart.tv) ausf\u00fcllen, und verwenden sie nur zur Erf\u00fcllung unserer Ziele, den christlichen Glauben zu f\u00f6rdern.<\/p>\n\n\n\n<p class=\"\">WEBSEITE UND COOKIES: Wir sammeln keine pers\u00f6nlichen Informationen \u00fcber Sie aus Ihren gelegentlichen Besuchen auf der Website. Die einzigen pers\u00f6nlichen Daten, die wir erfassen, werden von Ihnen per E-Mail, Telefon, WhatsApp oder als Antwort auf eines der Formulare auf der Website \u00fcbermittelt.<\/p>\n\n\n\n<p class=\"\">EINGEBETTETE INHALTE: Einige Seiten dieser Website k\u00f6nnen eingebettete Inhalte (z. B. Videos) von anderen Websites enthalten. Dies verh\u00e4lt sich genau so, als ob der Besucher die andere Website besucht h\u00e4tte. Diese Websites k\u00f6nnen Daten \u00fcber Sie sammeln, Cookies verwenden, zus\u00e4tzliche Trackingfunktionen von Dritten einbetten und Ihre Interaktion mit diesen eingebetteten Inhalten \u00fcberwachen, einschlie\u00dflich der Verfolgung Ihrer Interaktion mit den eingebetteten Inhalten, wenn Sie ein Konto haben und auf dieser Website angemeldet sind.<\/p>\n\n\n\n<p class=\"\">SPEICHERUNG IHRER DATEN: Wir bewahren Ihre pers\u00f6nlichen Daten nur so lange auf, wie sie f\u00fcr den Zweck ben\u00f6tigt werden, f\u00fcr den Sie sie zur Verf\u00fcgung gestellt haben. Wir kommen jeder Bitte von Nutzern nach, ihre pers\u00f6nlichen Daten zu l\u00f6schen.<\/p>\n\n\n\n<p class=\"\">WEITERGABE IHRER DATEN AN ANDERE: Abgesehen von den Daten, die f\u00fcr die Bearbeitung von Spenden ben\u00f6tigt werden (siehe Finanzinformationen unten), werden Ihre Daten weder an andere Organisationen weitergegeben noch f\u00fcr kommerzielle Zwecke verwendet.<\/p>\n\n\n\n<p class=\"\">DATENSICHERHEIT: Die Daten werden sicher aufbewahrt, und diejenigen, die mit dem God\u2019s Heart TV-Team zusammenarbeiten, werden sorgf\u00e4ltig angewiesen, die Privatsph\u00e4re der Informationen, die sie sehen, zu respektieren.<\/p>\n\n\n\n<p class=\"\">FINANZIELLE INFORMATIONEN: Wenn Sie diese Plattform nutzen, um eine Spende zu t\u00e4tigen, erfassen wir nur Ihren Namen und Ihre E-Mail-Adresse sowie die Nachricht in einem von Ihnen eingegebenen Kommentar. Wir haben keinen Zugriff auf Ihre Finanzdaten, die sicher von einem Zahlungs-Gateway oder einer Kreditkartenagentur verwaltet werden. Wir verwenden Fundraise Up f\u00fcr die Verarbeitung von Spenden auf unserer Website. Die Daten werden nur f\u00fcr die Zwecke der Bereitstellung des Dienstes an Fundraise Up weitergegeben.<\/p>\n\n\n\n<p class=\"\">\u00c4NDERUNGEN AN DIESER DATENSCHUTZERKL\u00c4RUNG: Wenn God\u2019s Heart TV seine Datenschutzerkl\u00e4rung \u00e4ndert, werden diese \u00c4nderungen an dieser Stelle ver\u00f6ffentlicht.<\/p>\n\n\n\n<p class=\"\">WEITERE INFORMATIONEN: Wenn Sie weitere Fragen zu unserer Datenschutzrichtlinie haben, wenden Sie sich bitte an privacy@godsheart.tv<\/p>\n\n\n\n<p class=\"\">DETAILS ZUM UNTERNEHMEN: God\u2019s Heart TV ist ein gemeinn\u00fctziges Unternehmen, das im Vereinigten K\u00f6nigreich registriert ist. Die Firmennummer lautet 13961468 und die Adresse des eingetragenen Firmensitzes ist 23 Trinity Square, Llandudno, LL30 2RH.<\/p>\n\n\n\n<p class=\"\"><\/p>\n","protected":false},"excerpt":{"rendered":"<p>G\u00fcltig seit: Januar 2022 Letzte Aktualisierung: M\u00e4rz 2024 DIE ERFASSUNG PERS\u00d6NLICHER DATEN: Das God\u2019s Heart TV-Team erfasst die von Ihnen bereitgestellten pers\u00f6nlichen Daten. Wir sammeln Ihre Daten in Verbindung mit allen Formularen, die Sie auf der Website (godsheart.tv) ausf\u00fcllen, und verwenden sie nur zur Erf\u00fcllung unserer Ziele, den christlichen Glauben [&hellip;]<\/p>\n","protected":false},"author":1,"featured_media":0,"parent":0,"menu_order":0,"comment_status":"closed","ping_status":"open","template":"","meta":{"content-type":"","footnotes":""},"class_list":["post-3","page","type-page","status-publish","hentry"],"_links":{"self":[{"href":"https:\/\/godsheart.tv\/de\/wp-json\/wp\/v2\/pages\/3","targetHints":{"allow":["GET"]}}],"collection":[{"href":"https:\/\/godsheart.tv\/de\/wp-json\/wp\/v2\/pages"}],"about":[{"href":"https:\/\/godsheart.tv\/de\/wp-json\/wp\/v2\/types\/page"}],"author":[{"embeddable":true,"href":"https:\/\/godsheart.tv\/de\/wp-json\/wp\/v2\/users\/1"}],"replies":[{"embeddable":true,"href":"https:\/\/godsheart.tv\/de\/wp-json\/wp\/v2\/comments?post=3"}],"version-history":[{"count":2,"href":"https:\/\/godsheart.tv\/de\/wp-json\/wp\/v2\/pages\/3\/revisions"}],"predecessor-version":[{"id":18974,"href":"https:\/\/godsheart.tv\/de\/wp-json\/wp\/v2\/pages\/3\/revisions\/18974"}],"wp:attachment":[{"href":"https:\/\/godsheart.tv\/de\/wp-json\/wp\/v2\/media?parent=3"}],"curies":[{"name":"wp","href":"https:\/\/api.w.org\/{rel}","templated":true}]}}