{"id":7599,"date":"2024-02-28T12:27:42","date_gmt":"2024-02-28T12:27:42","guid":{"rendered":"https:\/\/godsheart.tv\/newdesign\/?page_id=7599"},"modified":"2025-07-09T18:09:19","modified_gmt":"2025-07-09T17:09:19","slug":"teile-dein-zeugnis","status":"publish","type":"page","link":"https:\/\/godsheart.tv\/de\/teile-dein-zeugnis\/","title":{"rendered":"Teile dein Zeugnis"},"content":{"rendered":"\t\t<div data-elementor-type=\"wp-page\" data-elementor-id=\"7599\" class=\"elementor elementor-7599\">\n\t\t\t\t\t\t<section class=\"elementor-section elementor-top-section elementor-element elementor-element-21aa954e elementor-section-full_width elementor-section-height-min-height elementor-section-height-default elementor-section-items-middle\" data-id=\"21aa954e\" data-element_type=\"section\" data-e-type=\"section\" data-settings=\"{&quot;background_background&quot;:&quot;classic&quot;}\">\n\t\t\t\t\t\t\t<div class=\"elementor-background-overlay\"><\/div>\n\t\t\t\t\t\t\t<div class=\"elementor-container elementor-column-gap-no\">\n\t\t\t\t\t<div class=\"elementor-column elementor-col-100 elementor-top-column elementor-element elementor-element-458a4330\" data-id=\"458a4330\" data-element_type=\"column\" data-e-type=\"column\" data-settings=\"{&quot;background_background&quot;:&quot;slideshow&quot;,&quot;background_slideshow_gallery&quot;:[],&quot;background_slideshow_loop&quot;:&quot;yes&quot;,&quot;background_slideshow_slide_duration&quot;:5000,&quot;background_slideshow_slide_transition&quot;:&quot;fade&quot;,&quot;background_slideshow_transition_duration&quot;:500}\">\n\t\t\t<div class=\"elementor-widget-wrap\">\n\t\t\t\t\t\t\t<\/div>\n\t\t<\/div>\n\t\t\t\t\t<\/div>\n\t\t<\/section>\n\t\t<div class=\"elementor-element elementor-element-75deb36 e-flex e-con-boxed e-con e-parent\" data-id=\"75deb36\" data-element_type=\"container\" data-e-type=\"container\">\n\t\t\t\t\t<div class=\"e-con-inner\">\n\t\t\t\t<div class=\"elementor-element elementor-element-e9a7a36 elementor-widget elementor-widget-heading\" data-id=\"e9a7a36\" data-element_type=\"widget\" data-e-type=\"widget\" data-widget_type=\"heading.default\">\n\t\t\t\t<div class=\"elementor-widget-container\">\n\t\t\t\t\t<h2 class=\"elementor-heading-title elementor-size-default\">Teile dein Zeugnis<\/h2>\t\t\t\t<\/div>\n\t\t\t\t<\/div>\n\t\t\t\t<div class=\"elementor-element elementor-element-eed64f9 elementor-widget elementor-widget-text-editor\" data-id=\"eed64f9\" data-element_type=\"widget\" data-e-type=\"widget\" data-widget_type=\"text-editor.default\">\n\t\t\t\t<div class=\"elementor-widget-container\">\n\t\t\t\t\t\t\t\t\t<p><strong><em>Lukas 8:39 \u2013 \u201eKehrt nach Hause zur\u00fcck und erz\u00e4hlt, was Gott alles an euch getan hat.\u201c So ging der Mann weg und erz\u00e4hlte in der ganzen Stadt, was Jesus f\u00fcr ihn getan hatte.<\/em><\/strong><\/p><p>Dein Zeugnis ist eine Gelegenheit, Gottes G\u00fcte in deinem Leben \u00f6ffentlich anzuerkennen \u2013 und auch eine Ermutigung f\u00fcr andere, bei ihm Hilfe zu suchen! Wenn du ein Zeugnis hast, das du durch den Dienst von God\u2019s Heart TV teilen m\u00f6chtest, w\u00fcrden wir uns freuen, von dir zu h\u00f6ren.<\/p><p>Bitte teile dein Zeugnis mit uns, indem du das Formular unten ausf\u00fcllst. Alternativ kannst du auch ein kurzes Video mit deinem Zeugnis aufnehmen und es uns per WhatsApp oder Telegramm an die folgende Nummer schicken: +44 7517 420524.<\/p><p>Wir empfehlen dir, diese <a href=\"https:\/\/godsheart.tv\/de\/richtlinien\/\"><strong>Richtlinien f\u00fcr Zeugnisse <\/strong><\/a>zu lesen, bevor du dein Zeugnis einreichst.<\/p>\t\t\t\t\t\t\t\t<\/div>\n\t\t\t\t<\/div>\n\t\t\t\t<div class=\"elementor-element elementor-element-dad54f3 elementor-widget elementor-widget-hubspot-form\" data-id=\"dad54f3\" data-element_type=\"widget\" data-e-type=\"widget\" data-widget_type=\"hubspot-form.default\">\n\t\t\t\t<div class=\"elementor-widget-container\">\n\t\t\t\t\t\n\t\t\t\t\t\t<script>\n\t\t\t\t\t\t\twindow.hsFormsOnReady = window.hsFormsOnReady || [];\n\t\t\t\t\t\t\twindow.hsFormsOnReady.push(()=>{\n\t\t\t\t\t\t\t\thbspt.forms.create({\n\t\t\t\t\t\t\t\t\tportalId: 25392988,\n\t\t\t\t\t\t\t\t\tformId: \"eeb6f94b-537b-44e5-9c65-96827c05e7b7\",\n\t\t\t\t\t\t\t\t\ttarget: \"#hbspt-form-1776882068000-3295587559\",\n\t\t\t\t\t\t\t\t\tregion: \"eu1\",\n\t\t\t\t\t\t\t\t\t\n\t\t\t\t\t\t\t})});\n\t\t\t\t\t\t<\/script>\n\t\t\t\t\t\t<div class=\"hbspt-form\" id=\"hbspt-form-1776882068000-3295587559\"><\/div>\t\t\t\t<\/div>\n\t\t\t\t<\/div>\n\t\t\t\t<div class=\"elementor-element elementor-element-451fc8a elementor-widget elementor-widget-image\" data-id=\"451fc8a\" data-element_type=\"widget\" data-e-type=\"widget\" data-widget_type=\"image.default\">\n\t\t\t\t<div class=\"elementor-widget-container\">\n\t\t\t\t\t\t\t\t\t\t\t\t\t\t\t<img fetchpriority=\"high\" decoding=\"async\" width=\"1140\" height=\"45\" src=\"https:\/\/godsheart.tv\/de\/wp-content\/uploads\/2025\/05\/Bkgrnd-1140x45-1.jpg\" class=\"attachment-full size-full wp-image-17603\" alt=\"\" srcset=\"https:\/\/godsheart.tv\/de\/wp-content\/uploads\/2025\/05\/Bkgrnd-1140x45-1.jpg 1140w, https:\/\/godsheart.tv\/de\/wp-content\/uploads\/2025\/05\/Bkgrnd-1140x45-1-300x12.jpg 300w, https:\/\/godsheart.tv\/de\/wp-content\/uploads\/2025\/05\/Bkgrnd-1140x45-1-1024x40.jpg 1024w, https:\/\/godsheart.tv\/de\/wp-content\/uploads\/2025\/05\/Bkgrnd-1140x45-1-768x30.jpg 768w, https:\/\/godsheart.tv\/de\/wp-content\/uploads\/2025\/05\/Bkgrnd-1140x45-1-1000x39.jpg 1000w, https:\/\/godsheart.tv\/de\/wp-content\/uploads\/2025\/05\/Bkgrnd-1140x45-1-600x24.jpg 600w, https:\/\/godsheart.tv\/de\/wp-content\/uploads\/2025\/05\/Bkgrnd-1140x45-1-36x1.jpg 36w, https:\/\/godsheart.tv\/de\/wp-content\/uploads\/2025\/05\/Bkgrnd-1140x45-1-48x2.jpg 48w\" sizes=\"(max-width: 1140px) 100vw, 1140px\" \/>\t\t\t\t\t\t\t\t\t\t\t\t\t\t\t<\/div>\n\t\t\t\t<\/div>\n\t\t\t\t\t<\/div>\n\t\t\t\t<\/div>\n\t\t\t\t<\/div>\n\t\t","protected":false},"excerpt":{"rendered":"<p>Teile dein Zeugnis Lukas 8:39 \u2013 \u201eKehrt nach Hause zur\u00fcck und erz\u00e4hlt, was Gott alles an euch getan hat.\u201c So ging der Mann weg und erz\u00e4hlte in der ganzen Stadt, was Jesus f\u00fcr ihn getan hatte. Dein Zeugnis ist eine Gelegenheit, Gottes G\u00fcte in deinem Leben \u00f6ffentlich anzuerkennen \u2013 und [&hellip;]<\/p>\n","protected":false},"author":1,"featured_media":0,"parent":0,"menu_order":0,"comment_status":"closed","ping_status":"closed","template":"page-templates\/full-width-transparent.php","meta":{"content-type":"","footnotes":""},"class_list":["post-7599","page","type-page","status-publish","hentry"],"_links":{"self":[{"href":"https:\/\/godsheart.tv\/de\/wp-json\/wp\/v2\/pages\/7599","targetHints":{"allow":["GET"]}}],"collection":[{"href":"https:\/\/godsheart.tv\/de\/wp-json\/wp\/v2\/pages"}],"about":[{"href":"https:\/\/godsheart.tv\/de\/wp-json\/wp\/v2\/types\/page"}],"author":[{"embeddable":true,"href":"https:\/\/godsheart.tv\/de\/wp-json\/wp\/v2\/users\/1"}],"replies":[{"embeddable":true,"href":"https:\/\/godsheart.tv\/de\/wp-json\/wp\/v2\/comments?post=7599"}],"version-history":[{"count":13,"href":"https:\/\/godsheart.tv\/de\/wp-json\/wp\/v2\/pages\/7599\/revisions"}],"predecessor-version":[{"id":18938,"href":"https:\/\/godsheart.tv\/de\/wp-json\/wp\/v2\/pages\/7599\/revisions\/18938"}],"wp:attachment":[{"href":"https:\/\/godsheart.tv\/de\/wp-json\/wp\/v2\/media?parent=7599"}],"curies":[{"name":"wp","href":"https:\/\/api.w.org\/{rel}","templated":true}]}}