{"id":7670,"date":"2024-02-28T19:50:33","date_gmt":"2024-02-28T19:50:33","guid":{"rendered":"https:\/\/godsheart.tv\/newdesign\/?page_id=7670"},"modified":"2025-07-10T07:25:15","modified_gmt":"2025-07-10T06:25:15","slug":"unterstuetzung","status":"publish","type":"page","link":"https:\/\/godsheart.tv\/de\/unterstuetzung\/","title":{"rendered":"Finanzielle Partnerschaft"},"content":{"rendered":"\t\t<div data-elementor-type=\"wp-page\" data-elementor-id=\"7670\" class=\"elementor elementor-7670\">\n\t\t\t\t\t\t<section class=\"elementor-section elementor-top-section elementor-element elementor-element-21aa954e elementor-section-full_width elementor-section-height-min-height elementor-section-height-default elementor-section-items-middle\" data-id=\"21aa954e\" data-element_type=\"section\" data-e-type=\"section\" data-settings=\"{&quot;background_background&quot;:&quot;classic&quot;}\">\n\t\t\t\t\t\t\t<div class=\"elementor-background-overlay\"><\/div>\n\t\t\t\t\t\t\t<div class=\"elementor-container elementor-column-gap-no\">\n\t\t\t\t\t<div class=\"elementor-column elementor-col-100 elementor-top-column elementor-element elementor-element-458a4330\" data-id=\"458a4330\" data-element_type=\"column\" data-e-type=\"column\" data-settings=\"{&quot;background_background&quot;:&quot;slideshow&quot;,&quot;background_slideshow_gallery&quot;:[],&quot;background_slideshow_loop&quot;:&quot;yes&quot;,&quot;background_slideshow_slide_duration&quot;:5000,&quot;background_slideshow_slide_transition&quot;:&quot;fade&quot;,&quot;background_slideshow_transition_duration&quot;:500}\">\n\t\t\t<div class=\"elementor-widget-wrap\">\n\t\t\t\t\t\t\t<\/div>\n\t\t<\/div>\n\t\t\t\t\t<\/div>\n\t\t<\/section>\n\t\t\t\t<section class=\"elementor-section elementor-top-section elementor-element elementor-element-56a7173f elementor-section-boxed elementor-section-height-default elementor-section-height-default\" data-id=\"56a7173f\" data-element_type=\"section\" data-e-type=\"section\">\n\t\t\t\t\t\t<div class=\"elementor-container elementor-column-gap-no\">\n\t\t\t\t\t<div class=\"elementor-column elementor-col-100 elementor-top-column elementor-element elementor-element-69666e2\" data-id=\"69666e2\" data-element_type=\"column\" data-e-type=\"column\">\n\t\t\t<div class=\"elementor-widget-wrap elementor-element-populated\">\n\t\t\t\t\t\t<div class=\"elementor-element elementor-element-50fa200 elementor-widget elementor-widget-heading\" data-id=\"50fa200\" data-element_type=\"widget\" data-e-type=\"widget\" data-widget_type=\"heading.default\">\n\t\t\t\t<div class=\"elementor-widget-container\">\n\t\t\t\t\t<h2 class=\"elementor-heading-title elementor-size-xl\">Finanzielle Partnerschaft<\/h2>\t\t\t\t<\/div>\n\t\t\t\t<\/div>\n\t\t\t\t\t<\/div>\n\t\t<\/div>\n\t\t\t\t\t<\/div>\n\t\t<\/section>\n\t\t\t\t<section class=\"elementor-section elementor-top-section elementor-element elementor-element-33afe2b elementor-section-boxed elementor-section-height-default elementor-section-height-default\" data-id=\"33afe2b\" data-element_type=\"section\" data-e-type=\"section\">\n\t\t\t\t\t\t<div class=\"elementor-container elementor-column-gap-wider\">\n\t\t\t\t\t<div class=\"elementor-column elementor-col-50 elementor-top-column elementor-element elementor-element-1f65532\" data-id=\"1f65532\" data-element_type=\"column\" data-e-type=\"column\">\n\t\t\t<div class=\"elementor-widget-wrap elementor-element-populated\">\n\t\t\t\t\t\t<div class=\"elementor-element elementor-element-b79bde6 elementor-widget elementor-widget-text-editor\" data-id=\"b79bde6\" data-element_type=\"widget\" data-e-type=\"widget\" data-widget_type=\"text-editor.default\">\n\t\t\t\t<div class=\"elementor-widget-container\">\n\t\t\t\t\t\t\t\t\t<p><em>&#8220;Emotionen oder Umst\u00e4nde k\u00f6nnen zu Unterst\u00fctzung f\u00fchren, aber das Herz f\u00fchrt zu einer Partnerschaft.&#8221;<\/em><\/p><p><strong>\u00a0<\/strong>Bei God&#8217;s Heart TV ist es unsere Leidenschaft, die Gute Nachricht von Jesus Christus weltweit zu verbreiten und den Bed\u00fcrftigen Gottes Liebe praktisch zu zeigen. Jesus sagte seinen J\u00fcngern in <strong><em>Matth\u00e4us 10,8<\/em><\/strong>: &#8220;Ihr habt umsonst empfangen, gebt umsonst.&#8221; Wir verlangen kein Geld f\u00fcr unsere Arbeit, sondern werden von Partnern finanziert, die dieselbe Vision teilen. Wenn dein Herz mit dieser Mission \u00fcbereinstimmt und Gott dich dazu veranlasst hat, God&#8217;s Heart TV finanziell zu unterst\u00fctzen, kannst du eine monatliche oder einmalige Spende leisten, indem du das Formular auf dieser Seite ausf\u00fcllst.<\/p><p>Erinnere dich daran, dass Menschen aus Gewissensgr\u00fcnden geben, weil der Heilige Geist sie dazu ermutigt <strong><em>(2. Mose 25,2)<\/em><\/strong>. Wenn du von Herzen gibst, wird das, was du gibst, sowohl f\u00fcr dich als auch f\u00fcr die Person oder das Missionswerk, das du unterst\u00fctzt, ein Segen sein. Wir danken dir f\u00fcr deine Liebe. Gott segne dich!<\/p>\t\t\t\t\t\t\t\t<\/div>\n\t\t\t\t<\/div>\n\t\t\t\t\t<\/div>\n\t\t<\/div>\n\t\t\t\t<div class=\"elementor-column elementor-col-50 elementor-top-column elementor-element elementor-element-15b3cb2\" data-id=\"15b3cb2\" data-element_type=\"column\" data-e-type=\"column\">\n\t\t\t<div class=\"elementor-widget-wrap elementor-element-populated\">\n\t\t\t\t\t\t<div class=\"elementor-element elementor-element-7c9ecfb elementor-widget elementor-widget-heading\" data-id=\"7c9ecfb\" data-element_type=\"widget\" data-e-type=\"widget\" data-widget_type=\"heading.default\">\n\t\t\t\t<div class=\"elementor-widget-container\">\n\t\t\t\t\t<h4 class=\"elementor-heading-title elementor-size-default\">Secure Donation Form<\/h4>\t\t\t\t<\/div>\n\t\t\t\t<\/div>\n\t\t\t\t<div class=\"elementor-element elementor-element-d94dca9 elementor-widget elementor-widget-html\" data-id=\"d94dca9\" data-element_type=\"widget\" data-e-type=\"widget\" data-widget_type=\"html.default\">\n\t\t\t\t<div class=\"elementor-widget-container\">\n\t\t\t\t\t<a href=\"#XHWYJFTA\" style=\"display: none\"><\/a>\t\t\t\t<\/div>\n\t\t\t\t<\/div>\n\t\t\t\t\t<\/div>\n\t\t<\/div>\n\t\t\t\t\t<\/div>\n\t\t<\/section>\n\t\t<div class=\"elementor-element elementor-element-1d54441 e-flex e-con-boxed e-con e-parent\" data-id=\"1d54441\" data-element_type=\"container\" data-e-type=\"container\">\n\t\t\t\t\t<div class=\"e-con-inner\">\n\t\t\t\t<div class=\"elementor-element elementor-element-0fa5b2f elementor-widget elementor-widget-text-editor\" data-id=\"0fa5b2f\" data-element_type=\"widget\" data-e-type=\"widget\" data-widget_type=\"text-editor.default\">\n\t\t\t\t<div class=\"elementor-widget-container\">\n\t\t\t\t\t\t\t\t\t<table><tbody><tr><td width=\"312\"><p>Alternativ kannst du auch per Direkt\u00fcberweisung spenden, indem du <a href=\"https:\/\/godsheart.tv\/de\/bank\/\"><strong>die Bankverbindung von God&#8217;s Heart TV nutzt<\/strong><\/a>.<\/p><\/td><\/tr><\/tbody><\/table>\t\t\t\t\t\t\t\t<\/div>\n\t\t\t\t<\/div>\n\t\t\t\t<div class=\"elementor-element elementor-element-c0a3cb1 elementor-widget elementor-widget-text-editor\" data-id=\"c0a3cb1\" data-element_type=\"widget\" data-e-type=\"widget\" data-widget_type=\"text-editor.default\">\n\t\t\t\t<div class=\"elementor-widget-container\">\n\t\t\t\t\t\t\t\t\t<table><tbody><tr><td width=\"312\"><p><strong>Hinweis: <\/strong><br \/>God&#8217;s Heart TV ist ein gemeinn\u00fctziges Unternehmen, das im Vereinigten K\u00f6nigreich registriert ist. Da wir keine eingetragene Wohlt\u00e4tigkeitsorganisation sind, k\u00f6nnen Spenden an God&#8217;s Heart TV nicht von der Steuer abgesetzt werden und sind auch nicht als Geschenk absetzbar.<\/p><\/td><\/tr><\/tbody><\/table>\t\t\t\t\t\t\t\t<\/div>\n\t\t\t\t<\/div>\n\t\t\t\t\t<\/div>\n\t\t\t\t<\/div>\n\t\t\t\t<\/div>\n\t\t","protected":false},"excerpt":{"rendered":"<p>Finanzielle Partnerschaft &#8220;Emotionen oder Umst\u00e4nde k\u00f6nnen zu Unterst\u00fctzung f\u00fchren, aber das Herz f\u00fchrt zu einer Partnerschaft.&#8221; \u00a0Bei God&#8217;s Heart TV ist es unsere Leidenschaft, die Gute Nachricht von Jesus Christus weltweit zu verbreiten und den Bed\u00fcrftigen Gottes Liebe praktisch zu zeigen. Jesus sagte seinen J\u00fcngern in Matth\u00e4us 10,8: &#8220;Ihr habt [&hellip;]<\/p>\n","protected":false},"author":1,"featured_media":0,"parent":0,"menu_order":0,"comment_status":"closed","ping_status":"closed","template":"page-templates\/full-width-transparent.php","meta":{"content-type":"","footnotes":""},"class_list":["post-7670","page","type-page","status-publish","hentry"],"_links":{"self":[{"href":"https:\/\/godsheart.tv\/de\/wp-json\/wp\/v2\/pages\/7670","targetHints":{"allow":["GET"]}}],"collection":[{"href":"https:\/\/godsheart.tv\/de\/wp-json\/wp\/v2\/pages"}],"about":[{"href":"https:\/\/godsheart.tv\/de\/wp-json\/wp\/v2\/types\/page"}],"author":[{"embeddable":true,"href":"https:\/\/godsheart.tv\/de\/wp-json\/wp\/v2\/users\/1"}],"replies":[{"embeddable":true,"href":"https:\/\/godsheart.tv\/de\/wp-json\/wp\/v2\/comments?post=7670"}],"version-history":[{"count":20,"href":"https:\/\/godsheart.tv\/de\/wp-json\/wp\/v2\/pages\/7670\/revisions"}],"predecessor-version":[{"id":18984,"href":"https:\/\/godsheart.tv\/de\/wp-json\/wp\/v2\/pages\/7670\/revisions\/18984"}],"wp:attachment":[{"href":"https:\/\/godsheart.tv\/de\/wp-json\/wp\/v2\/media?parent=7670"}],"curies":[{"name":"wp","href":"https:\/\/api.w.org\/{rel}","templated":true}]}}