{"id":11187,"date":"2024-03-01T14:52:56","date_gmt":"2024-03-01T14:52:56","guid":{"rendered":"https:\/\/godsheart.tv\/newdesign\/?page_id=11187"},"modified":"2025-06-25T18:48:47","modified_gmt":"2025-06-25T17:48:47","slug":"whatsapp","status":"publish","type":"page","link":"https:\/\/godsheart.tv\/es\/whatsapp\/","title":{"rendered":"Palabras de aliento por WhatsApp"},"content":{"rendered":"\t\t<div data-elementor-type=\"wp-page\" data-elementor-id=\"11187\" class=\"elementor elementor-11187\">\n\t\t\t\t<div class=\"elementor-element elementor-element-2cbac3f e-flex e-con-boxed e-con e-parent\" data-id=\"2cbac3f\" data-element_type=\"container\" data-e-type=\"container\">\n\t\t\t\t\t<div class=\"e-con-inner\">\n\t\t\t\t<div class=\"elementor-element elementor-element-5cc48f2 elementor-widget elementor-widget-text-editor\" data-id=\"5cc48f2\" data-element_type=\"widget\" data-e-type=\"widget\" data-widget_type=\"text-editor.default\">\n\t\t\t\t<div class=\"elementor-widget-container\">\n\t\t\t\t\t\t\t\t\t<p>Quieres recibir palabras de aliento, breves sermones, testimonios que edificar\u00e1n tu fe y actualizaciones peri\u00f3dicas del Hermano Chris y del equipo de God\u2019s Heart TV por WhatsApp?<\/p><p>S\u00f3lo tienes que hacer clic en este enlace:<a href=\"https:\/\/whatsapp.com\/channel\/0029VaEKmrs3bbVA7fxPZp1U\" target=\"_blank\" rel=\"noopener\"> https:\/\/whatsapp.com\/channel\/0029VaG0u35H5JM74uOl0w3c<\/a>\u00a0y aceptar la invitaci\u00f3n para seguir el Canal Oficial de las Palabras de aliento de God\u2019s Heart TV\u2019 en WhatsApp. \u00a1Una vez que sigas el canal empezar\u00e1s a recibir regularmente palabras de aliento directamente en tu tel\u00e9fono a trav\u00e9s de WhatsApp!<\/p><p>Ten en cuenta que respetamos tu privacidad y al seguir nuestro canal, tu informaci\u00f3n de contacto NO ser\u00e1 compartida con nadie m\u00e1s. Tambi\u00e9n puedes dejar de seguir el canal en cualquier momento.<\/p><p>Te animamos firmemente a que compartas los mensajes y las palabras de aliento que recibas de God\u2019s Heart TV con tus otros contactos, a trav\u00e9s de tus canales de redes sociales o mediante tu estado en WhatsApp. \u00a1Recuerda, cada Cristiano es un misionero, un evangelista y un testigo!<\/p><p>Si alguno de tus amigos, familiares o colegas desea recibir estas palabras diarias de aliento, puedes compartir el enlace con ellos para invitarles a seguir el canal, o dirigirles a esta p\u00e1gina.<\/p>\t\t\t\t\t\t\t\t<\/div>\n\t\t\t\t<\/div>\n\t\t\t\t\t<\/div>\n\t\t\t\t<\/div>\n\t\t\t\t<\/div>\n\t\t","protected":false},"excerpt":{"rendered":"<p>Quieres recibir palabras de aliento, breves sermones, testimonios que edificar\u00e1n tu fe y actualizaciones peri\u00f3dicas del Hermano Chris y del equipo de God\u2019s Heart TV por WhatsApp? S\u00f3lo tienes que hacer clic en este enlace: https:\/\/whatsapp.com\/channel\/0029VaG0u35H5JM74uOl0w3c\u00a0y aceptar la invitaci\u00f3n para seguir el Canal Oficial de las Palabras de aliento de [&hellip;]<\/p>\n","protected":false},"author":1,"featured_media":0,"parent":0,"menu_order":0,"comment_status":"closed","ping_status":"closed","template":"page-templates\/full-width-builder-bb.php","meta":{"content-type":"","footnotes":""},"class_list":["post-11187","page","type-page","status-publish","hentry"],"_links":{"self":[{"href":"https:\/\/godsheart.tv\/es\/wp-json\/wp\/v2\/pages\/11187","targetHints":{"allow":["GET"]}}],"collection":[{"href":"https:\/\/godsheart.tv\/es\/wp-json\/wp\/v2\/pages"}],"about":[{"href":"https:\/\/godsheart.tv\/es\/wp-json\/wp\/v2\/types\/page"}],"author":[{"embeddable":true,"href":"https:\/\/godsheart.tv\/es\/wp-json\/wp\/v2\/users\/1"}],"replies":[{"embeddable":true,"href":"https:\/\/godsheart.tv\/es\/wp-json\/wp\/v2\/comments?post=11187"}],"version-history":[{"count":7,"href":"https:\/\/godsheart.tv\/es\/wp-json\/wp\/v2\/pages\/11187\/revisions"}],"predecessor-version":[{"id":19089,"href":"https:\/\/godsheart.tv\/es\/wp-json\/wp\/v2\/pages\/11187\/revisions\/19089"}],"wp:attachment":[{"href":"https:\/\/godsheart.tv\/es\/wp-json\/wp\/v2\/media?parent=11187"}],"curies":[{"name":"wp","href":"https:\/\/api.w.org\/{rel}","templated":true}]}}