{"id":11203,"date":"2024-03-01T15:02:36","date_gmt":"2024-03-01T15:02:36","guid":{"rendered":"https:\/\/godsheart.tv\/newdesign\/?page_id=11203"},"modified":"2025-07-09T15:11:38","modified_gmt":"2025-07-09T14:11:38","slug":"banco","status":"publish","type":"page","link":"https:\/\/godsheart.tv\/es\/banco\/","title":{"rendered":"Datos bancarios"},"content":{"rendered":"\t\t<div data-elementor-type=\"wp-page\" data-elementor-id=\"11203\" class=\"elementor elementor-11203\">\n\t\t\t\t<div class=\"elementor-element elementor-element-2cbac3f e-flex e-con-boxed e-con e-parent\" data-id=\"2cbac3f\" data-element_type=\"container\" data-e-type=\"container\">\n\t\t\t\t\t<div class=\"e-con-inner\">\n\t\t\t\t<div class=\"elementor-element elementor-element-5cc48f2 elementor-widget elementor-widget-text-editor\" data-id=\"5cc48f2\" data-element_type=\"widget\" data-e-type=\"widget\" data-widget_type=\"text-editor.default\">\n\t\t\t\t<div class=\"elementor-widget-container\">\n\t\t\t\t\t\t\t\t\t<p>Estos son los datos bancarios de God&#8217;s Heart TV en el Reino Unido:<\/p><p><em>Nombre de la cuenta:<\/em> God\u2019s Heart TV<br \/><em>C\u00f3digo de sucursal:<\/em> 72343908<br \/><em>Sort code:<\/em> 40-03-33<br \/><em>IBAN:<\/em> GB71HBUK40033372343908<br \/><em>C\u00f3digo SWIFT (BIC):<\/em> HBUKGB4141B<br \/><em>Moneda de la cuenta:<\/em> Libra Esterlina (GBP)<br \/><em>Nombre y direcci\u00f3n del banco:<\/em> HSBC UK Bank PLC, 25 Islington High St, London N1 9LJ, United Kingdom<\/p><p>Si haces una donaci\u00f3n directamente a la cuenta, en lugar de hacerlo a trav\u00e9s del formulario de donaci\u00f3n en l\u00ednea, por favor d\u00e9janos saber despu\u00e9s de que hayas realizado la transferencia bancaria mediante un correo electr\u00f3nico a <a href=\"mailto:donations@godsheart.tv\">donations@godsheart.tv<\/a><\/p>\t\t\t\t\t\t\t\t<\/div>\n\t\t\t\t<\/div>\n\t\t\t\t\t<\/div>\n\t\t\t\t<\/div>\n\t\t\t\t<\/div>\n\t\t","protected":false},"excerpt":{"rendered":"<p>Estos son los datos bancarios de God&#8217;s Heart TV en el Reino Unido: Nombre de la cuenta: God\u2019s Heart TVC\u00f3digo de sucursal: 72343908Sort code: 40-03-33IBAN: GB71HBUK40033372343908C\u00f3digo SWIFT (BIC): HBUKGB4141BMoneda de la cuenta: Libra Esterlina (GBP)Nombre y direcci\u00f3n del banco: HSBC UK Bank PLC, 25 Islington High St, London N1 9LJ, [&hellip;]<\/p>\n","protected":false},"author":1,"featured_media":0,"parent":0,"menu_order":0,"comment_status":"closed","ping_status":"closed","template":"page-templates\/full-width-builder-bb.php","meta":{"content-type":"","footnotes":""},"class_list":["post-11203","page","type-page","status-publish","hentry"],"_links":{"self":[{"href":"https:\/\/godsheart.tv\/es\/wp-json\/wp\/v2\/pages\/11203","targetHints":{"allow":["GET"]}}],"collection":[{"href":"https:\/\/godsheart.tv\/es\/wp-json\/wp\/v2\/pages"}],"about":[{"href":"https:\/\/godsheart.tv\/es\/wp-json\/wp\/v2\/types\/page"}],"author":[{"embeddable":true,"href":"https:\/\/godsheart.tv\/es\/wp-json\/wp\/v2\/users\/1"}],"replies":[{"embeddable":true,"href":"https:\/\/godsheart.tv\/es\/wp-json\/wp\/v2\/comments?post=11203"}],"version-history":[{"count":4,"href":"https:\/\/godsheart.tv\/es\/wp-json\/wp\/v2\/pages\/11203\/revisions"}],"predecessor-version":[{"id":19081,"href":"https:\/\/godsheart.tv\/es\/wp-json\/wp\/v2\/pages\/11203\/revisions\/19081"}],"wp:attachment":[{"href":"https:\/\/godsheart.tv\/es\/wp-json\/wp\/v2\/media?parent=11203"}],"curies":[{"name":"wp","href":"https:\/\/api.w.org\/{rel}","templated":true}]}}