{"id":11278,"date":"2024-03-01T18:17:58","date_gmt":"2024-03-01T18:17:58","guid":{"rendered":"https:\/\/godsheart.tv\/newdesign\/?page_id=11278"},"modified":"2025-07-08T19:15:23","modified_gmt":"2025-07-08T18:15:23","slug":"directrices","status":"publish","type":"page","link":"https:\/\/godsheart.tv\/es\/directrices\/","title":{"rendered":"Directrices para testimonios"},"content":{"rendered":"\t\t<div data-elementor-type=\"wp-page\" data-elementor-id=\"11278\" class=\"elementor elementor-11278\">\n\t\t\t\t<div class=\"elementor-element elementor-element-2cbac3f e-flex e-con-boxed e-con e-parent\" data-id=\"2cbac3f\" data-element_type=\"container\" data-e-type=\"container\">\n\t\t\t\t\t<div class=\"e-con-inner\">\n\t\t\t\t<div class=\"elementor-element elementor-element-5cc48f2 elementor-widget elementor-widget-text-editor\" data-id=\"5cc48f2\" data-element_type=\"widget\" data-e-type=\"widget\" data-widget_type=\"text-editor.default\">\n\t\t\t\t<div class=\"elementor-widget-container\">\n\t\t\t\t\t\t\t\t\t<p>Primer paso &#8211; INTRODUCCI\u00d3N<\/p><ul><li><em>Por favor, pres\u00e9ntese incluyendo su nombre y pa\u00eds de residencia<\/em><\/li><\/ul><p>Segundo paso &#8211; ANTES<\/p><ul><li><em>\u00bfA qu\u00e9 retos se enfrentaba? \u00bfC\u00f3mo afectaban a su vida diaria? \u00bfQu\u00e9 pasos diste en busca de una soluci\u00f3n? \u00bfC\u00f3mo descubriste God&#8217;s Heart TV\/Hermano Chris?<\/em><\/li><\/ul><p>Tercer paso &#8211; ORACI\u00d3N<br \/><em>\u00bfC\u00f3mo recibiste exactamente tu sanidad\/milagro\/liberaci\u00f3n\/avance? \u00bfCu\u00e1l fue la experiencia espec\u00edfica que tuviste en ese momento (si la tuviste)?<\/em><\/p><p>Cuarto paso &#8211; DESPU\u00c9S<\/p><ul><li><em>\u00bfCu\u00e1les son los cambios en tu vida despu\u00e9s de este encuentro? \u00bfC\u00f3mo ha crecido tu vida espiritual desde entonces?<\/em><\/li><\/ul><p>Quinto paso &#8211; CONSEJO<\/p><ul><li><em>\u00bfCu\u00e1l es tu consejo o aliento para otros que escuchan tu testimonio?<\/em><\/li><\/ul><p><b>ENV\u00cdO DE V\u00cdDEO: :<\/b><\/p><p>Si vas a grabar un v\u00eddeo para envi\u00e1rnoslo, te recomendamos que utilices un tel\u00e9fono inteligente para grabar tu testimonio. Lo ideal es que su testimonio inicial dure entre uno y dos minutos. Por favor, aseg\u00farese de que:<\/p><ul><li>Su fondo es limpio con una iluminaci\u00f3n adecuada.<\/li><li>Su vestimenta es adecuada.<\/li><li>Deje suficiente espacio sobre su cabeza al grabar.<\/li><li>Tenga a mano los informes m\u00e9dicos o dispositivos que vaya a mostrar en su testimonio.<\/li><li>Sus palabras son claras y concisas.<\/li><\/ul><p>Esperamos recibir tu maravilloso testimonio; \u00a1para la gloria de Dios!<\/p>\t\t\t\t\t\t\t\t<\/div>\n\t\t\t\t<\/div>\n\t\t\t\t<div class=\"elementor-element elementor-element-5098c33 elementor-widget elementor-widget-button\" data-id=\"5098c33\" data-element_type=\"widget\" data-e-type=\"widget\" data-widget_type=\"button.default\">\n\t\t\t\t<div class=\"elementor-widget-container\">\n\t\t\t\t\t\t\t\t\t<div class=\"elementor-button-wrapper\">\n\t\t\t\t\t<a class=\"elementor-button elementor-button-link elementor-size-sm\" href=\"https:\/\/godsheart.tv\/es\/testimonio\/\">\n\t\t\t\t\t\t<span class=\"elementor-button-content-wrapper\">\n\t\t\t\t\t\t\t\t\t<span class=\"elementor-button-text\">Comparte tu testimonio<\/span>\n\t\t\t\t\t<\/span>\n\t\t\t\t\t<\/a>\n\t\t\t\t<\/div>\n\t\t\t\t\t\t\t\t<\/div>\n\t\t\t\t<\/div>\n\t\t\t\t\t<\/div>\n\t\t\t\t<\/div>\n\t\t\t\t<\/div>\n\t\t","protected":false},"excerpt":{"rendered":"<p>Primer paso &#8211; INTRODUCCI\u00d3N Por favor, pres\u00e9ntese incluyendo su nombre y pa\u00eds de residencia Segundo paso &#8211; ANTES \u00bfA qu\u00e9 retos se enfrentaba? \u00bfC\u00f3mo afectaban a su vida diaria? \u00bfQu\u00e9 pasos diste en busca de una soluci\u00f3n? \u00bfC\u00f3mo descubriste God&#8217;s Heart TV\/Hermano Chris? Tercer paso &#8211; ORACI\u00d3N\u00bfC\u00f3mo recibiste exactamente tu [&hellip;]<\/p>\n","protected":false},"author":1,"featured_media":0,"parent":0,"menu_order":0,"comment_status":"closed","ping_status":"closed","template":"page-templates\/full-width-builder-bb.php","meta":{"content-type":"","footnotes":""},"class_list":["post-11278","page","type-page","status-publish","hentry"],"_links":{"self":[{"href":"https:\/\/godsheart.tv\/es\/wp-json\/wp\/v2\/pages\/11278","targetHints":{"allow":["GET"]}}],"collection":[{"href":"https:\/\/godsheart.tv\/es\/wp-json\/wp\/v2\/pages"}],"about":[{"href":"https:\/\/godsheart.tv\/es\/wp-json\/wp\/v2\/types\/page"}],"author":[{"embeddable":true,"href":"https:\/\/godsheart.tv\/es\/wp-json\/wp\/v2\/users\/1"}],"replies":[{"embeddable":true,"href":"https:\/\/godsheart.tv\/es\/wp-json\/wp\/v2\/comments?post=11278"}],"version-history":[{"count":20,"href":"https:\/\/godsheart.tv\/es\/wp-json\/wp\/v2\/pages\/11278\/revisions"}],"predecessor-version":[{"id":19117,"href":"https:\/\/godsheart.tv\/es\/wp-json\/wp\/v2\/pages\/11278\/revisions\/19117"}],"wp:attachment":[{"href":"https:\/\/godsheart.tv\/es\/wp-json\/wp\/v2\/media?parent=11278"}],"curies":[{"name":"wp","href":"https:\/\/api.w.org\/{rel}","templated":true}]}}