{"id":11967,"date":"2024-08-09T12:21:09","date_gmt":"2024-08-09T12:21:09","guid":{"rendered":"https:\/\/godsheart.tv\/newdesign\/?page_id=11967"},"modified":"2025-07-10T10:32:06","modified_gmt":"2025-07-10T09:32:06","slug":"eventos","status":"publish","type":"page","link":"https:\/\/godsheart.tv\/es\/eventos\/","title":{"rendered":"Eventos"},"content":{"rendered":"\t\t<div data-elementor-type=\"wp-page\" data-elementor-id=\"11967\" class=\"elementor elementor-11967\">\n\t\t\t\t<div class=\"elementor-element elementor-element-b047ed2 e-flex e-con-boxed e-con e-parent\" data-id=\"b047ed2\" data-element_type=\"container\" data-e-type=\"container\">\n\t\t\t\t\t<div class=\"e-con-inner\">\n\t\t\t\t<div class=\"elementor-element elementor-element-d3d3952 elementor-widget elementor-widget-text-editor\" data-id=\"d3d3952\" data-element_type=\"widget\" data-e-type=\"widget\" data-widget_type=\"text-editor.default\">\n\t\t\t\t<div class=\"elementor-widget-container\">\n\t\t\t\t\t\t\t\t\t<p>\u00abNo se trata de d\u00f3nde quieres estar, sino de d\u00f3nde Dios quiere que est\u00e9s\u00bb.<\/p><p>Como parte de nuestra misi\u00f3n de predicar las Buenas Nuevas en todo el mundo, el equipo de God&#8217;s Heart TV est\u00e1 abierto a viajar internacionalmente para ministrar.<\/p><p>Si Dios te inspira a invitar al Hermano Chris a ministrar en un evento en tu naci\u00f3n, por favor env\u00edanos un correo electr\u00f3nico a <a href=\"mailto:info@godsheart.tv\" target=\"_blank\" rel=\"noopener\">info@godsheart.tv<\/a> con m\u00e1s detalles.<\/p>\t\t\t\t\t\t\t\t<\/div>\n\t\t\t\t<\/div>\n\t\t\t\t\t<\/div>\n\t\t\t\t<\/div>\n\t\t<div class=\"elementor-element elementor-element-77b3f3e e-flex e-con-boxed e-con e-parent\" data-id=\"77b3f3e\" data-element_type=\"container\" data-e-type=\"container\">\n\t\t\t\t\t<div class=\"e-con-inner\">\n\t\t\t\t<div class=\"elementor-element elementor-element-6473d3e elementor-grid-1 elementor-grid-tablet-2 elementor-grid-mobile-1 elementor-widget elementor-widget-wpzoom-elementor-addons-posts-grid\" data-id=\"6473d3e\" data-element_type=\"widget\" data-e-type=\"widget\" data-settings=\"{&quot;columns&quot;:&quot;1&quot;,&quot;columns_tablet&quot;:&quot;2&quot;,&quot;columns_mobile&quot;:&quot;1&quot;}\" data-widget_type=\"wpzoom-elementor-addons-posts-grid.default\">\n\t\t\t\t<div class=\"elementor-widget-container\">\n\t\t\t\t\t\t\t<div \n\t\t\tclass=\"wpz-grid\" \n\t\t\tdata-uid=\"6473d3e\"\n\t\t\tdata-offset=\"4\"\n\t\t\tdata-posts-grid='{\"posts_per_page\":4,\"post_status\":\"publish\",\"paged\":1,\"post__not_in\":[],\"ignore_sticky_posts\":true,\"category_name\":\"events\",\"no_found_rows\":true,\"orderby\":\"post_date\",\"order\":\"desc\",\"offset\":4,\"show_image\":\"yes\",\"post_thumbnail_size\":\"full\",\"show_title\":\"yes\",\"title_tag\":\"h3\",\"meta_data\":[\"date\"],\"show_excerpt\":\"yes\",\"excerpt_length\":50,\"show_read_more\":\"yes\",\"read_more_text\":\"Leer m\\u00e1s \\u00bb\",\"grid_style\":\"1\",\"total\":0}'>\n\t\t\t\t\t\t<div class=\"wpz-grid-container elementor-grid wpz-grid-desktop-1  wpz-grid-tablet-2  wpz-grid-mobile-1 \">\n\t\t\t\t\n        <article id=\"post-17466\" class=\"wpz-post post-17466 post type-post status-publish format-standard has-post-thumbnail hentry category-events\">\n         \n            <div class=\"post-grid-inner\">\n            \t\n            \t\t\t\t<div class=\"post-grid-thumbnail\">\n\t\t\t\t<a href=\"https:\/\/godsheart.tv\/es\/blog\/2025\/03\/17\/let-hearts-arise-birmingham-uk-15-march-2025\/\" title=\"LET HEARTS ARISE &#8211; BIRMINGHAM UK &#8211; 15 MARCH 2025\">\n\t\t\t\t\t<img fetchpriority=\"high\" decoding=\"async\" width=\"1500\" height=\"1000\" src=\"https:\/\/godsheart.tv\/es\/wp-content\/uploads\/2025\/05\/491839280_712505948014933_3797131226200636788_n.jpg\" class=\"attachment-full size-full wp-post-image\" alt=\"\" srcset=\"https:\/\/godsheart.tv\/es\/wp-content\/uploads\/2025\/05\/491839280_712505948014933_3797131226200636788_n.jpg 1500w, https:\/\/godsheart.tv\/es\/wp-content\/uploads\/2025\/05\/491839280_712505948014933_3797131226200636788_n-300x200.jpg 300w, https:\/\/godsheart.tv\/es\/wp-content\/uploads\/2025\/05\/491839280_712505948014933_3797131226200636788_n-1024x683.jpg 1024w, https:\/\/godsheart.tv\/es\/wp-content\/uploads\/2025\/05\/491839280_712505948014933_3797131226200636788_n-768x512.jpg 768w, https:\/\/godsheart.tv\/es\/wp-content\/uploads\/2025\/05\/491839280_712505948014933_3797131226200636788_n-1000x667.jpg 1000w, https:\/\/godsheart.tv\/es\/wp-content\/uploads\/2025\/05\/491839280_712505948014933_3797131226200636788_n-840x560.jpg 840w, https:\/\/godsheart.tv\/es\/wp-content\/uploads\/2025\/05\/491839280_712505948014933_3797131226200636788_n-600x400.jpg 600w, https:\/\/godsheart.tv\/es\/wp-content\/uploads\/2025\/05\/491839280_712505948014933_3797131226200636788_n-36x24.jpg 36w, https:\/\/godsheart.tv\/es\/wp-content\/uploads\/2025\/05\/491839280_712505948014933_3797131226200636788_n-48x32.jpg 48w\" sizes=\"(max-width: 1500px) 100vw, 1500px\" \/>\t\t\t\t<\/a>\n\t\t\t<\/div>\n\t\t\n                <div class=\"post-grid-text-wrap\">\n               \t\t\t\t<h3 class=\"title\">\n\t\t\t<a href=\"https:\/\/godsheart.tv\/es\/blog\/2025\/03\/17\/let-hearts-arise-birmingham-uk-15-march-2025\/\" title=\"LET HEARTS ARISE &#8211; BIRMINGHAM UK &#8211; 15 MARCH 2025\">LET HEARTS ARISE &#8211; BIRMINGHAM UK &#8211; 15 MARCH 2025<\/a>\n\t\t<\/h3>\n\t\t\t                \t\t<div class=\"post-grid-meta\">\n\t\t\t<span class=\"post-date\">marzo 17, 2025<\/span>\t\t<\/div>\n\t\t\t                <div class=\"post-grid-excerpt\"><p>On Saturday 15 March 2025, people travelled from across the United Kingdom and indeed the four corners of the globe &#8211; from as far as New Zealand, Japan and USA &#8211; to attend &#8216;Let Hearts Arise&#8217;, the first ever public ministry event of God&#8217;s Heart TV in UK. As the&hellip;<\/p>\n<\/div>\t                <a class=\"read-more-btn\" href=\"https:\/\/godsheart.tv\/es\/blog\/2025\/03\/17\/let-hearts-arise-birmingham-uk-15-march-2025\/\">Leer m\u00e1s \u00bb<\/a>                <\/div>\n\n            <\/div><!-- .blog-inner -->\n           \n        <\/article>\n\n        \n        <article id=\"post-15534\" class=\"wpz-post post-15534 post type-post status-publish format-standard has-post-thumbnail hentry category-events\">\n         \n            <div class=\"post-grid-inner\">\n            \t\n            \t\t\t\t<div class=\"post-grid-thumbnail\">\n\t\t\t\t<a href=\"https:\/\/godsheart.tv\/es\/blog\/2023\/07\/31\/cuba-youth-conference-with-brother-chris\/\" title=\"CUBA YOUTH CONFERENCE WITH BROTHER CHRIS!\">\n\t\t\t\t\t<img decoding=\"async\" width=\"1614\" height=\"1080\" src=\"https:\/\/godsheart.tv\/es\/wp-content\/uploads\/2024\/12\/1-1.jpg\" class=\"attachment-full size-full wp-post-image\" alt=\"\" srcset=\"https:\/\/godsheart.tv\/es\/wp-content\/uploads\/2024\/12\/1-1.jpg 1614w, https:\/\/godsheart.tv\/es\/wp-content\/uploads\/2024\/12\/1-1-300x201.jpg 300w, https:\/\/godsheart.tv\/es\/wp-content\/uploads\/2024\/12\/1-1-1024x685.jpg 1024w, https:\/\/godsheart.tv\/es\/wp-content\/uploads\/2024\/12\/1-1-768x514.jpg 768w, https:\/\/godsheart.tv\/es\/wp-content\/uploads\/2024\/12\/1-1-1536x1028.jpg 1536w, https:\/\/godsheart.tv\/es\/wp-content\/uploads\/2024\/12\/1-1-1000x669.jpg 1000w, https:\/\/godsheart.tv\/es\/wp-content\/uploads\/2024\/12\/1-1-837x560.jpg 837w, https:\/\/godsheart.tv\/es\/wp-content\/uploads\/2024\/12\/1-1-600x401.jpg 600w\" sizes=\"(max-width: 1614px) 100vw, 1614px\" \/>\t\t\t\t<\/a>\n\t\t\t<\/div>\n\t\t\n                <div class=\"post-grid-text-wrap\">\n               \t\t\t\t<h3 class=\"title\">\n\t\t\t<a href=\"https:\/\/godsheart.tv\/es\/blog\/2023\/07\/31\/cuba-youth-conference-with-brother-chris\/\" title=\"CUBA YOUTH CONFERENCE WITH BROTHER CHRIS!\">CUBA YOUTH CONFERENCE WITH BROTHER CHRIS!<\/a>\n\t\t<\/h3>\n\t\t\t                \t\t<div class=\"post-grid-meta\">\n\t\t\t<span class=\"post-date\">julio 31, 2023<\/span>\t\t<\/div>\n\t\t\t                <div class=\"post-grid-excerpt\"><p>We are excited to share with you that Brother Chris and the God&#8217;s Heart TV Team have just returned from the island of Cuba where we were privileged to minister to thousands of young people who travelled from across the nation to participate in a national youth event. Many hearts&hellip;<\/p>\n<\/div>\t                <a class=\"read-more-btn\" href=\"https:\/\/godsheart.tv\/es\/blog\/2023\/07\/31\/cuba-youth-conference-with-brother-chris\/\">Leer m\u00e1s \u00bb<\/a>                <\/div>\n\n            <\/div><!-- .blog-inner -->\n           \n        <\/article>\n\n        \t\t\t<\/div>\n\n\t\t\t\t\t\t\t\t\n\t\t<\/div><!-- \/\/.wpz-grid -->\n\t\t\t\t\t\t<\/div>\n\t\t\t\t<\/div>\n\t\t\t\t\t<\/div>\n\t\t\t\t<\/div>\n\t\t\t\t<\/div>\n\t\t","protected":false},"excerpt":{"rendered":"<p>\u00abNo se trata de d\u00f3nde quieres estar, sino de d\u00f3nde Dios quiere que est\u00e9s\u00bb. Como parte de nuestra misi\u00f3n de predicar las Buenas Nuevas en todo el mundo, el equipo de God&#8217;s Heart TV est\u00e1 abierto a viajar internacionalmente para ministrar. Si Dios te inspira a invitar al Hermano Chris [&hellip;]<\/p>\n","protected":false},"author":1,"featured_media":0,"parent":0,"menu_order":0,"comment_status":"closed","ping_status":"closed","template":"","meta":{"content-type":"","footnotes":""},"class_list":["post-11967","page","type-page","status-publish","hentry"],"_links":{"self":[{"href":"https:\/\/godsheart.tv\/es\/wp-json\/wp\/v2\/pages\/11967","targetHints":{"allow":["GET"]}}],"collection":[{"href":"https:\/\/godsheart.tv\/es\/wp-json\/wp\/v2\/pages"}],"about":[{"href":"https:\/\/godsheart.tv\/es\/wp-json\/wp\/v2\/types\/page"}],"author":[{"embeddable":true,"href":"https:\/\/godsheart.tv\/es\/wp-json\/wp\/v2\/users\/1"}],"replies":[{"embeddable":true,"href":"https:\/\/godsheart.tv\/es\/wp-json\/wp\/v2\/comments?post=11967"}],"version-history":[{"count":13,"href":"https:\/\/godsheart.tv\/es\/wp-json\/wp\/v2\/pages\/11967\/revisions"}],"predecessor-version":[{"id":19834,"href":"https:\/\/godsheart.tv\/es\/wp-json\/wp\/v2\/pages\/11967\/revisions\/19834"}],"wp:attachment":[{"href":"https:\/\/godsheart.tv\/es\/wp-json\/wp\/v2\/media?parent=11967"}],"curies":[{"name":"wp","href":"https:\/\/api.w.org\/{rel}","templated":true}]}}