{"id":13145,"date":"2024-08-16T13:10:49","date_gmt":"2024-08-16T13:10:49","guid":{"rendered":"https:\/\/godsheart.tv\/newdesign\/?page_id=13145"},"modified":"2025-07-08T19:03:15","modified_gmt":"2025-07-08T18:03:15","slug":"oracion-interactiva","status":"publish","type":"page","link":"https:\/\/godsheart.tv\/es\/oracion-interactiva\/","title":{"rendered":"Oraci\u00f3n Interactiva"},"content":{"rendered":"\t\t<div data-elementor-type=\"wp-page\" data-elementor-id=\"13145\" class=\"elementor elementor-13145\">\n\t\t\t\t\t\t<section class=\"elementor-section elementor-top-section elementor-element elementor-element-21aa954e elementor-section-full_width elementor-section-height-min-height elementor-section-height-default elementor-section-items-middle\" data-id=\"21aa954e\" data-element_type=\"section\" data-e-type=\"section\" data-settings=\"{&quot;background_background&quot;:&quot;classic&quot;}\">\n\t\t\t\t\t\t\t<div class=\"elementor-background-overlay\"><\/div>\n\t\t\t\t\t\t\t<div class=\"elementor-container elementor-column-gap-no\">\n\t\t\t\t\t<div class=\"elementor-column elementor-col-100 elementor-top-column elementor-element elementor-element-93e76b3\" data-id=\"93e76b3\" data-element_type=\"column\" data-e-type=\"column\">\n\t\t\t<div class=\"elementor-widget-wrap\">\n\t\t\t\t\t\t\t<\/div>\n\t\t<\/div>\n\t\t\t\t\t<\/div>\n\t\t<\/section>\n\t\t<div class=\"elementor-element elementor-element-75deb36 e-flex e-con-boxed e-con e-parent\" data-id=\"75deb36\" data-element_type=\"container\" data-e-type=\"container\">\n\t\t\t\t\t<div class=\"e-con-inner\">\n\t\t\t\t<div class=\"elementor-element elementor-element-e9a7a36 elementor-widget elementor-widget-heading\" data-id=\"e9a7a36\" data-element_type=\"widget\" data-e-type=\"widget\" data-widget_type=\"heading.default\">\n\t\t\t\t<div class=\"elementor-widget-container\">\n\t\t\t\t\t<h1 class=\"elementor-heading-title elementor-size-default\">Oraci\u00f3n Interactiva<\/h1>\t\t\t\t<\/div>\n\t\t\t\t<\/div>\n\t\t\t\t<div class=\"elementor-element elementor-element-eed64f9 elementor-widget elementor-widget-text-editor\" data-id=\"eed64f9\" data-element_type=\"widget\" data-e-type=\"widget\" data-widget_type=\"text-editor.default\">\n\t\t\t\t<div class=\"elementor-widget-container\">\n\t\t\t\t\t\t\t\t\t<p><em>\u00abNuestras limitaciones no limitan la autoridad de Dios. Nuestros defectos no acortan el alcance de Su poderosa mano. Nuestras insuficiencias no lo hacen menos suficiente<\/em><em>\u00bb<\/em><em>.<\/em><em>\u00a0<\/em><\/p><p><em><strong>La Oraci\u00f3n Interactiva<\/strong> es una oportunidad para recibir oraci\u00f3n en l\u00ednea directamente del Hermano Chris donde quiera que te encuentres en el mundo a trav\u00e9s de Zoom. Las Escrituras est\u00e1n llenas de ejemplos que muestran que Dios no est\u00e1 limitado por barreras humanas como la distancia. Por ejemplo, en <strong>Mateo 8:8<\/strong>, el Centuri\u00f3n Romano le dijo a Jes\u00fas: \u00abSolamente di la palabra, y mi criado sanar\u00e1\u00bb, \u00a1y el milagro sucedi\u00f3 instant\u00e1neamente!<\/em><\/p><p><em>\u00a0S<\/em><em>i deseas ser parte de un Servicio de Oraci\u00f3n Interactiva a trav\u00e9s de Zoom, por favor completa el formulario a continuaci\u00f3n y espera pacientemente la respuesta por correo electr\u00f3nico de nuestro equipo mediante <\/em><a href=\"mailto:info@godsheart.tv\"><em>info@godsheart.tv <\/em><\/a><em>Esta oraci\u00f3n es gratuita. Como Jesucristo lo dijo en <strong>Mateo 10:8<\/strong>:<\/em><em> \u00abD<\/em><em>e gracia recibisteis, dad de gracia\u00bb.<\/em><\/p><p><em>\u00a0<\/em><em>Por favor ten en cuenta que al unirte a un Servicio de Oraci\u00f3n Interactiva implica aparecer en la pantalla y ser grabado en v\u00eddeo, entendemos que esto puede no ser apropiado para todos. Tambi\u00e9n puedes enviar una petici\u00f3n general de oraci\u00f3n aqu\u00ed.)<\/em><\/p>\t\t\t\t\t\t\t\t<\/div>\n\t\t\t\t<\/div>\n\t\t\t\t<div class=\"elementor-element elementor-element-dad54f3 elementor-widget elementor-widget-hubspot-form\" data-id=\"dad54f3\" data-element_type=\"widget\" data-e-type=\"widget\" data-widget_type=\"hubspot-form.default\">\n\t\t\t\t<div class=\"elementor-widget-container\">\n\t\t\t\t\t\n\t\t\t\t\t\t<script>\n\t\t\t\t\t\t\twindow.hsFormsOnReady = window.hsFormsOnReady || [];\n\t\t\t\t\t\t\twindow.hsFormsOnReady.push(()=>{\n\t\t\t\t\t\t\t\thbspt.forms.create({\n\t\t\t\t\t\t\t\t\tportalId: 25392988,\n\t\t\t\t\t\t\t\t\tformId: \"ae53b4fa-99ea-4c48-b2f1-3bae8c434472\",\n\t\t\t\t\t\t\t\t\ttarget: \"#hbspt-form-1776948802000-3707547983\",\n\t\t\t\t\t\t\t\t\tregion: \"eu1\",\n\t\t\t\t\t\t\t\t\t\n\t\t\t\t\t\t\t})});\n\t\t\t\t\t\t<\/script>\n\t\t\t\t\t\t<div class=\"hbspt-form\" id=\"hbspt-form-1776948802000-3707547983\"><\/div>\t\t\t\t<\/div>\n\t\t\t\t<\/div>\n\t\t\t\t<div class=\"elementor-element elementor-element-103f3eb elementor-widget elementor-widget-image\" data-id=\"103f3eb\" data-element_type=\"widget\" data-e-type=\"widget\" data-widget_type=\"image.default\">\n\t\t\t\t<div class=\"elementor-widget-container\">\n\t\t\t\t\t\t\t\t\t\t\t\t\t\t\t<img fetchpriority=\"high\" decoding=\"async\" width=\"1140\" height=\"45\" src=\"https:\/\/godsheart.tv\/es\/wp-content\/uploads\/2025\/05\/Bkgrnd-1140x45-1.jpg\" class=\"attachment-full size-full wp-image-17603\" alt=\"\" srcset=\"https:\/\/godsheart.tv\/es\/wp-content\/uploads\/2025\/05\/Bkgrnd-1140x45-1.jpg 1140w, https:\/\/godsheart.tv\/es\/wp-content\/uploads\/2025\/05\/Bkgrnd-1140x45-1-300x12.jpg 300w, https:\/\/godsheart.tv\/es\/wp-content\/uploads\/2025\/05\/Bkgrnd-1140x45-1-1024x40.jpg 1024w, https:\/\/godsheart.tv\/es\/wp-content\/uploads\/2025\/05\/Bkgrnd-1140x45-1-768x30.jpg 768w, https:\/\/godsheart.tv\/es\/wp-content\/uploads\/2025\/05\/Bkgrnd-1140x45-1-1000x39.jpg 1000w, https:\/\/godsheart.tv\/es\/wp-content\/uploads\/2025\/05\/Bkgrnd-1140x45-1-600x24.jpg 600w, https:\/\/godsheart.tv\/es\/wp-content\/uploads\/2025\/05\/Bkgrnd-1140x45-1-36x1.jpg 36w, https:\/\/godsheart.tv\/es\/wp-content\/uploads\/2025\/05\/Bkgrnd-1140x45-1-48x2.jpg 48w\" sizes=\"(max-width: 1140px) 100vw, 1140px\" \/>\t\t\t\t\t\t\t\t\t\t\t\t\t\t\t<\/div>\n\t\t\t\t<\/div>\n\t\t\t\t<div class=\"elementor-element elementor-element-333a2a9 elementor-widget-divider--view-line elementor-widget elementor-widget-divider\" data-id=\"333a2a9\" data-element_type=\"widget\" data-e-type=\"widget\" data-widget_type=\"divider.default\">\n\t\t\t\t<div class=\"elementor-widget-container\">\n\t\t\t\t\t\t\t<div class=\"elementor-divider\">\n\t\t\t<span class=\"elementor-divider-separator\">\n\t\t\t\t\t\t<\/span>\n\t\t<\/div>\n\t\t\t\t\t\t<\/div>\n\t\t\t\t<\/div>\n\t\t\t\t\t<\/div>\n\t\t\t\t<\/div>\n\t\t<div class=\"elementor-element elementor-element-996c346 e-flex e-con-boxed e-con e-parent\" data-id=\"996c346\" data-element_type=\"container\" data-e-type=\"container\">\n\t\t\t\t\t<div class=\"e-con-inner\">\n\t\t\t\t<div class=\"elementor-element elementor-element-006c383 elementor-widget elementor-widget-heading\" data-id=\"006c383\" data-element_type=\"widget\" data-e-type=\"widget\" data-widget_type=\"heading.default\">\n\t\t\t\t<div class=\"elementor-widget-container\">\n\t\t\t\t\t<h2 class=\"elementor-heading-title elementor-size-default\">Lee los testimonios de aquellos que se han unido a la Oraci\u00f3n Interactiva<\/h2>\t\t\t\t<\/div>\n\t\t\t\t<\/div>\n\t\t\t\t<div class=\"elementor-element elementor-element-9e62180 elementor-grid-2 elementor-grid-tablet-2 elementor-grid-mobile-1 elementor-widget elementor-widget-wpzoom-elementor-addons-posts-grid\" data-id=\"9e62180\" data-element_type=\"widget\" data-e-type=\"widget\" data-settings=\"{&quot;columns&quot;:&quot;2&quot;,&quot;columns_tablet&quot;:&quot;2&quot;,&quot;columns_mobile&quot;:&quot;1&quot;}\" data-widget_type=\"wpzoom-elementor-addons-posts-grid.default\">\n\t\t\t\t<div class=\"elementor-widget-container\">\n\t\t\t\t\t\t\t<div \n\t\t\tclass=\"wpz-grid\" \n\t\t\tdata-uid=\"9e62180\"\n\t\t\tdata-offset=\"2\"\n\t\t\tdata-posts-grid='{\"posts_per_page\":2,\"post_status\":\"publish\",\"paged\":1,\"post__not_in\":[],\"ignore_sticky_posts\":true,\"category_name\":\"testimonies\",\"no_found_rows\":true,\"orderby\":\"post_date\",\"order\":\"desc\",\"offset\":2,\"show_image\":\"yes\",\"post_thumbnail_size\":\"full\",\"show_title\":\"yes\",\"title_tag\":\"h3\",\"meta_data\":[\"date\",\"comments\"],\"show_excerpt\":\"yes\",\"excerpt_length\":50,\"show_read_more\":\"yes\",\"read_more_text\":\"Read More \\u00bb\",\"grid_style\":\"1\",\"total\":0}'>\n\t\t\t\t\t\t<div class=\"wpz-grid-container elementor-grid wpz-grid-desktop-2  wpz-grid-tablet-2  wpz-grid-mobile-1 \">\n\t\t\t\t\n        <article id=\"post-20541\" class=\"wpz-post post-20541 post type-post status-publish format-standard has-post-thumbnail hentry category-testimonies tag-brother-chris tag-gods-heart-tv tag-testimony tag-deliverance\">\n         \n            <div class=\"post-grid-inner\">\n            \t\n            \t\t\t\t<div class=\"post-grid-thumbnail\">\n\t\t\t\t<a href=\"https:\/\/godsheart.tv\/es\/blog\/2026\/02\/02\/libre-de-las-cadenas-de-la-lujuria-despues-del-evento-eleven-sus-corazones\/\" title=\"\u00a1LIBRE DE LAS CADENAS DE LA LUJURIA DESPU\u00c9S DEL EVENTO \u00abELEVEN SUS CORAZONES!\">\n\t\t\t\t\t<img decoding=\"async\" width=\"2048\" height=\"2048\" src=\"https:\/\/godsheart.tv\/es\/wp-content\/uploads\/2026\/02\/627345775_909251791757208_6854130988754612830_n.jpg\" class=\"attachment-full size-full wp-post-image\" alt=\"\" srcset=\"https:\/\/godsheart.tv\/es\/wp-content\/uploads\/2026\/02\/627345775_909251791757208_6854130988754612830_n.jpg 2048w, https:\/\/godsheart.tv\/es\/wp-content\/uploads\/2026\/02\/627345775_909251791757208_6854130988754612830_n-300x300.jpg 300w, https:\/\/godsheart.tv\/es\/wp-content\/uploads\/2026\/02\/627345775_909251791757208_6854130988754612830_n-1024x1024.jpg 1024w, https:\/\/godsheart.tv\/es\/wp-content\/uploads\/2026\/02\/627345775_909251791757208_6854130988754612830_n-150x150.jpg 150w, https:\/\/godsheart.tv\/es\/wp-content\/uploads\/2026\/02\/627345775_909251791757208_6854130988754612830_n-768x768.jpg 768w, https:\/\/godsheart.tv\/es\/wp-content\/uploads\/2026\/02\/627345775_909251791757208_6854130988754612830_n-1536x1536.jpg 1536w, https:\/\/godsheart.tv\/es\/wp-content\/uploads\/2026\/02\/627345775_909251791757208_6854130988754612830_n-2000x2000.jpg 2000w, https:\/\/godsheart.tv\/es\/wp-content\/uploads\/2026\/02\/627345775_909251791757208_6854130988754612830_n-1000x1000.jpg 1000w, https:\/\/godsheart.tv\/es\/wp-content\/uploads\/2026\/02\/627345775_909251791757208_6854130988754612830_n-280x280.jpg 280w, https:\/\/godsheart.tv\/es\/wp-content\/uploads\/2026\/02\/627345775_909251791757208_6854130988754612830_n-1800x1800.jpg 1800w, https:\/\/godsheart.tv\/es\/wp-content\/uploads\/2026\/02\/627345775_909251791757208_6854130988754612830_n-560x560.jpg 560w, https:\/\/godsheart.tv\/es\/wp-content\/uploads\/2026\/02\/627345775_909251791757208_6854130988754612830_n-600x600.jpg 600w, https:\/\/godsheart.tv\/es\/wp-content\/uploads\/2026\/02\/627345775_909251791757208_6854130988754612830_n-800x800.jpg 800w, https:\/\/godsheart.tv\/es\/wp-content\/uploads\/2026\/02\/627345775_909251791757208_6854130988754612830_n-24x24.jpg 24w, https:\/\/godsheart.tv\/es\/wp-content\/uploads\/2026\/02\/627345775_909251791757208_6854130988754612830_n-36x36.jpg 36w, https:\/\/godsheart.tv\/es\/wp-content\/uploads\/2026\/02\/627345775_909251791757208_6854130988754612830_n-48x48.jpg 48w\" sizes=\"(max-width: 2048px) 100vw, 2048px\" \/>\t\t\t\t<\/a>\n\t\t\t<\/div>\n\t\t\n                <div class=\"post-grid-text-wrap\">\n               \t\t\t\t<h3 class=\"title\">\n\t\t\t<a href=\"https:\/\/godsheart.tv\/es\/blog\/2026\/02\/02\/libre-de-las-cadenas-de-la-lujuria-despues-del-evento-eleven-sus-corazones\/\" title=\"\u00a1LIBRE DE LAS CADENAS DE LA LUJURIA DESPU\u00c9S DEL EVENTO \u00abELEVEN SUS CORAZONES!\">\u00a1LIBRE DE LAS CADENAS DE LA LUJURIA DESPU\u00c9S DEL EVENTO \u00abELEVEN SUS CORAZONES!<\/a>\n\t\t<\/h3>\n\t\t\t                \t\t<div class=\"post-grid-meta\">\n\t\t\t<span class=\"post-date\">febrero 2, 2026<\/span><span class=\"post-comments\">No hay comentarios<\/span>\t\t<\/div>\n\t\t\t                <div class=\"post-grid-excerpt\"><p>\u00abMi nombre es Jean-Luc y vivo en Francia. Doy gracias a Jes\u00fas por haber limpiado mis pecados durante el evento \u2018Eleven sus corazones\u2019 con God\u2019s Heart TV en Birmingham el a\u00f1o pasado. El Hermano Chris or\u00f3 por m\u00ed y declar\u00f3: \u2018Eres libre\u2019, y hoy puedo decir que s\u00ed, soy libre&hellip;<\/p>\n<\/div>\t                <a class=\"read-more-btn\" href=\"https:\/\/godsheart.tv\/es\/blog\/2026\/02\/02\/libre-de-las-cadenas-de-la-lujuria-despues-del-evento-eleven-sus-corazones\/\">Read More \u00bb<\/a>                <\/div>\n\n            <\/div><!-- .blog-inner -->\n           \n        <\/article>\n\n        \n        <article id=\"post-20345\" class=\"wpz-post post-20345 post type-post status-publish format-standard has-post-thumbnail hentry category-testimonies tag-gods-heart-tv tag-testimonio tag-oracion-interactiva tag-botsuana\">\n         \n            <div class=\"post-grid-inner\">\n            \t\n            \t\t\t\t<div class=\"post-grid-thumbnail\">\n\t\t\t\t<a href=\"https:\/\/godsheart.tv\/es\/blog\/2025\/08\/01\/dios-me-encontro-donde-estaba-y-me-libero\/\" title=\"\u00a1DIOS ME ENCONTR\u00d3 DONDE ESTABA Y ME LIBER\u00d3!\">\n\t\t\t\t\t<img decoding=\"async\" width=\"2048\" height=\"2048\" src=\"https:\/\/godsheart.tv\/es\/wp-content\/uploads\/2025\/08\/1.jpg\" class=\"attachment-full size-full wp-post-image\" alt=\"\" srcset=\"https:\/\/godsheart.tv\/es\/wp-content\/uploads\/2025\/08\/1.jpg 2048w, https:\/\/godsheart.tv\/es\/wp-content\/uploads\/2025\/08\/1-300x300.jpg 300w, https:\/\/godsheart.tv\/es\/wp-content\/uploads\/2025\/08\/1-1024x1024.jpg 1024w, https:\/\/godsheart.tv\/es\/wp-content\/uploads\/2025\/08\/1-150x150.jpg 150w, https:\/\/godsheart.tv\/es\/wp-content\/uploads\/2025\/08\/1-768x768.jpg 768w, https:\/\/godsheart.tv\/es\/wp-content\/uploads\/2025\/08\/1-1536x1536.jpg 1536w, https:\/\/godsheart.tv\/es\/wp-content\/uploads\/2025\/08\/1-2000x2000.jpg 2000w, https:\/\/godsheart.tv\/es\/wp-content\/uploads\/2025\/08\/1-1000x1000.jpg 1000w, https:\/\/godsheart.tv\/es\/wp-content\/uploads\/2025\/08\/1-280x280.jpg 280w, https:\/\/godsheart.tv\/es\/wp-content\/uploads\/2025\/08\/1-1800x1800.jpg 1800w, https:\/\/godsheart.tv\/es\/wp-content\/uploads\/2025\/08\/1-560x560.jpg 560w, https:\/\/godsheart.tv\/es\/wp-content\/uploads\/2025\/08\/1-600x600.jpg 600w, https:\/\/godsheart.tv\/es\/wp-content\/uploads\/2025\/08\/1-800x800.jpg 800w, https:\/\/godsheart.tv\/es\/wp-content\/uploads\/2025\/08\/1-24x24.jpg 24w, https:\/\/godsheart.tv\/es\/wp-content\/uploads\/2025\/08\/1-36x36.jpg 36w, https:\/\/godsheart.tv\/es\/wp-content\/uploads\/2025\/08\/1-48x48.jpg 48w\" sizes=\"(max-width: 2048px) 100vw, 2048px\" \/>\t\t\t\t<\/a>\n\t\t\t<\/div>\n\t\t\n                <div class=\"post-grid-text-wrap\">\n               \t\t\t\t<h3 class=\"title\">\n\t\t\t<a href=\"https:\/\/godsheart.tv\/es\/blog\/2025\/08\/01\/dios-me-encontro-donde-estaba-y-me-libero\/\" title=\"\u00a1DIOS ME ENCONTR\u00d3 DONDE ESTABA Y ME LIBER\u00d3!\">\u00a1DIOS ME ENCONTR\u00d3 DONDE ESTABA Y ME LIBER\u00d3!<\/a>\n\t\t<\/h3>\n\t\t\t                \t\t<div class=\"post-grid-meta\">\n\t\t\t<span class=\"post-date\">agosto 1, 2025<\/span><span class=\"post-comments\">No hay comentarios<\/span>\t\t<\/div>\n\t\t\t                <div class=\"post-grid-excerpt\"><p>\u00abMe llamo Jessica. Tengo 21 a\u00f1os y soy de Botsuana. Quiero dar testimonio de la bondad y el poder de Dios. Durante mucho tiempo, luch\u00e9 contra la pornograf\u00eda y la masturbaci\u00f3n. Sent\u00eda que era un ciclo del que no pod\u00eda salir. Pero todo cambi\u00f3 cuando vi un testimonio en God\u2019s&hellip;<\/p>\n<\/div>\t                <a class=\"read-more-btn\" href=\"https:\/\/godsheart.tv\/es\/blog\/2025\/08\/01\/dios-me-encontro-donde-estaba-y-me-libero\/\">Read More \u00bb<\/a>                <\/div>\n\n            <\/div><!-- .blog-inner -->\n           \n        <\/article>\n\n        \t\t\t<\/div>\n\n\t\t\t\t\t\t\t\t\n\t\t<\/div><!-- \/\/.wpz-grid -->\n\t\t\t\t\t\t<\/div>\n\t\t\t\t<\/div>\n\t\t\t\t<div class=\"elementor-element elementor-element-e6b3ea6 elementor-align-center elementor-widget elementor-widget-button\" data-id=\"e6b3ea6\" data-element_type=\"widget\" data-e-type=\"widget\" data-widget_type=\"button.default\">\n\t\t\t\t<div class=\"elementor-widget-container\">\n\t\t\t\t\t\t\t\t\t<div class=\"elementor-button-wrapper\">\n\t\t\t\t\t<a class=\"elementor-button elementor-button-link elementor-size-sm\" href=\"https:\/\/godsheart.tv\/es\/testimonios\/\">\n\t\t\t\t\t\t<span class=\"elementor-button-content-wrapper\">\n\t\t\t\t\t\t<span class=\"elementor-button-icon\">\n\t\t\t\t<svg aria-hidden=\"true\" class=\"e-font-icon-svg e-fas-arrow-circle-right\" viewBox=\"0 0 512 512\" xmlns=\"http:\/\/www.w3.org\/2000\/svg\"><path d=\"M256 8c137 0 248 111 248 248S393 504 256 504 8 393 8 256 119 8 256 8zm-28.9 143.6l75.5 72.4H120c-13.3 0-24 10.7-24 24v16c0 13.3 10.7 24 24 24h182.6l-75.5 72.4c-9.7 9.3-9.9 24.8-.4 34.3l11 10.9c9.4 9.4 24.6 9.4 33.9 0L404.3 273c9.4-9.4 9.4-24.6 0-33.9L271.6 106.3c-9.4-9.4-24.6-9.4-33.9 0l-11 10.9c-9.5 9.6-9.3 25.1.4 34.4z\"><\/path><\/svg>\t\t\t<\/span>\n\t\t\t\t\t\t\t\t\t<span class=\"elementor-button-text\">More testimonies here<\/span>\n\t\t\t\t\t<\/span>\n\t\t\t\t\t<\/a>\n\t\t\t\t<\/div>\n\t\t\t\t\t\t\t\t<\/div>\n\t\t\t\t<\/div>\n\t\t\t\t\t<\/div>\n\t\t\t\t<\/div>\n\t\t\t\t<\/div>\n\t\t","protected":false},"excerpt":{"rendered":"<p>Oraci\u00f3n Interactiva \u00abNuestras limitaciones no limitan la autoridad de Dios. Nuestros defectos no acortan el alcance de Su poderosa mano. Nuestras insuficiencias no lo hacen menos suficiente\u00bb.\u00a0 La Oraci\u00f3n Interactiva es una oportunidad para recibir oraci\u00f3n en l\u00ednea directamente del Hermano Chris donde quiera que te encuentres en el mundo [&hellip;]<\/p>\n","protected":false},"author":1,"featured_media":0,"parent":0,"menu_order":0,"comment_status":"closed","ping_status":"closed","template":"page-templates\/full-width-transparent.php","meta":{"content-type":"","footnotes":""},"class_list":["post-13145","page","type-page","status-publish","hentry"],"_links":{"self":[{"href":"https:\/\/godsheart.tv\/es\/wp-json\/wp\/v2\/pages\/13145","targetHints":{"allow":["GET"]}}],"collection":[{"href":"https:\/\/godsheart.tv\/es\/wp-json\/wp\/v2\/pages"}],"about":[{"href":"https:\/\/godsheart.tv\/es\/wp-json\/wp\/v2\/types\/page"}],"author":[{"embeddable":true,"href":"https:\/\/godsheart.tv\/es\/wp-json\/wp\/v2\/users\/1"}],"replies":[{"embeddable":true,"href":"https:\/\/godsheart.tv\/es\/wp-json\/wp\/v2\/comments?post=13145"}],"version-history":[{"count":19,"href":"https:\/\/godsheart.tv\/es\/wp-json\/wp\/v2\/pages\/13145\/revisions"}],"predecessor-version":[{"id":19816,"href":"https:\/\/godsheart.tv\/es\/wp-json\/wp\/v2\/pages\/13145\/revisions\/19816"}],"wp:attachment":[{"href":"https:\/\/godsheart.tv\/es\/wp-json\/wp\/v2\/media?parent=13145"}],"curies":[{"name":"wp","href":"https:\/\/api.w.org\/{rel}","templated":true}]}}