{"id":15345,"date":"2024-12-10T20:23:55","date_gmt":"2024-12-10T20:23:55","guid":{"rendered":"https:\/\/godsheart.tv\/newdesign\/?page_id=15345"},"modified":"2025-07-09T15:23:46","modified_gmt":"2025-07-09T14:23:46","slug":"oraciones","status":"publish","type":"page","link":"https:\/\/godsheart.tv\/es\/oraciones\/","title":{"rendered":"Oraciones"},"content":{"rendered":"\t\t<div data-elementor-type=\"wp-page\" data-elementor-id=\"15345\" class=\"elementor elementor-15345\">\n\t\t\t\t<div class=\"elementor-element elementor-element-65b6186 e-flex e-con-boxed e-con e-parent\" data-id=\"65b6186\" data-element_type=\"container\" data-e-type=\"container\">\n\t\t\t\t\t<div class=\"e-con-inner\">\n\t\t\t\t<div class=\"elementor-element elementor-element-80ffd4e elementor-widget elementor-widget-text-editor\" data-id=\"80ffd4e\" data-element_type=\"widget\" data-e-type=\"widget\" data-widget_type=\"text-editor.default\">\n\t\t\t\t<div class=\"elementor-widget-container\">\n\t\t\t\t\t\t\t\t\t<p>\u00ab\u00a1Hay poder en el acuerdo de oraci\u00f3n!\u00bb<\/p><p>\u00ab\u00a1Hay poder en el acuerdo de oraci\u00f3n!\u00bb \u00bfPara qu\u00e9 buscas a Dios? Recuerda, Aquel que form\u00f3 tu coraz\u00f3n conoce tu coraz\u00f3n. Aquel que es due\u00f1o de tu alma ve tu situaci\u00f3n. Nada est\u00e1 oculto para \u00c9l <span style=\"font-weight: bold; font-style: italic;\"><em><strong>(Hebreos 4:13)<\/strong><\/em><\/span>. \u00danete al Hermano Chris en estos cortos clips de oraci\u00f3n grabados y mientras pones tu situaci\u00f3n en las manos de Dios, \u00a1\u00c9l pondr\u00e1 Su paz en sus corazones!<\/p>\t\t\t\t\t\t\t\t<\/div>\n\t\t\t\t<\/div>\n\t\t\t\t\t<\/div>\n\t\t\t\t<\/div>\n\t\t<div class=\"elementor-element elementor-element-5008b69 e-flex e-con-boxed e-con e-parent\" data-id=\"5008b69\" data-element_type=\"container\" data-e-type=\"container\">\n\t\t\t\t\t<div class=\"e-con-inner\">\n\t\t\t\t<div class=\"elementor-element elementor-element-c247c8b elementor-widget elementor-widget-wpzoom-elementor-addons-portfolio-showcase\" data-id=\"c247c8b\" data-element_type=\"widget\" data-e-type=\"widget\" data-settings=\"{&quot;portfolio_showcase_styles&quot;:&quot;default&quot;}\" data-widget_type=\"wpzoom-elementor-addons-portfolio-showcase.default\">\n\t\t\t\t<div class=\"elementor-widget-container\">\n\t\t\t\t\t<div class=\"portfolio-showcase\"><div class=\"portfolio-showcase-header\"><nav class=\"portfolio-archive-taxonomies\" style=\"display:none;\">\n\t<ul class=\"portfolio-taxonomies portfolio-taxonomies-filter-by\">\n\t\t<li data-subcategory=\"149\"\t\t\tclass=\"cat-item cat-item-all current-cat\" \n\t\t\tdata-counter=\"6\"\n\t\t>\n\t\t\t<a href=\"https:\/\/godsheart.tv\/es\/portfolio\/\">All<\/a>\n\t\t<\/li>\n\t\t<li class=\"cat-item-none\">No hay categor\u00edas<\/li>\t<\/ul>\n<\/nav><\/div><!-- \/\/ .portfolio-showcase-header -->\t\t\t<div data-subcategory=\"149\"\t\t\t\tdata-ajax-items-loading=\"\"\n\t\t\t\tdata-nonce=\"7cd4f4be80\"\n\t\t\t\tdata-count-nonce=\"154bef26d8\"\n\t\t\t\tdata-items-count=\"6\"\n\t\t\t\tdata-instance=\"{&quot;layout_type&quot;:&quot;full-width&quot;,&quot;col_number&quot;:&quot;3&quot;,&quot;aspect_ratio&quot;:&quot;portrait&quot;,&quot;background_video&quot;:true,&quot;show_masonry&quot;:false,&quot;show_popup&quot;:true,&quot;show_popup_caption&quot;:false,&quot;show_popup_excerpt&quot;:false,&quot;show_excerpt&quot;:false,&quot;view_all_btn&quot;:true,&quot;readmore_text&quot;:&quot;Read More&quot;,&quot;enable_director_name&quot;:false,&quot;enable_year&quot;:false,&quot;enable_category&quot;:false,&quot;show_count&quot;:300,&quot;show_categories&quot;:true,&quot;always_play_background_video&quot;:false}\"\n\t\t\t\tclass=\"portfolio-grid  portfolio_with_space col_no_3 \"\n\t\t\t>\n\t\t\t\t            <article id=\"post-20060\" class=\" portfolio_149_item portfolio_item post-20060 type-portfolio_item status-publish has-post-thumbnail hentry portfolio-prayers\">\n            \n                    <div class=\"entry-thumbnail-popover\">\n                        <div class=\"entry-thumbnail-popover-content lightbox_popup_insp popover-content--animated\" data-show-caption=\"\" data-show-excerpt=\"\">\n\n                            <a class=\"wpz-portfolio-link\" href=\"https:\/\/godsheart.tv\/es\/video\/toda-relacion-manipuladora-en-tu-vida-se-rota-en-el-nombre-de-jesucristo\/\" title=\"Toda relaci\u00f3n manipuladora en tu vida, \u00a1S\u00c9 ROTA, en el nombre de Jesucristo!\"><\/a>\n\n                            <div class=\"entry-meta\">\n\n                                <!-- start lightbox --><a\n                                    class=\"mfp-iframe portfolio-popup-video\"\n                                    href=\"https:\/\/youtube.com\/watch?v=hSSvpywj6So\" aria-label=\"Watch Video\"><\/a>\n                                \n                                <h3 class=\"portfolio_item-title\">\n                                    <a href=\"https:\/\/godsheart.tv\/es\/video\/toda-relacion-manipuladora-en-tu-vida-se-rota-en-el-nombre-de-jesucristo\/\"\n                                       title=\"Toda relaci\u00f3n manipuladora en tu vida, \u00a1S\u00c9 ROTA, en el nombre de Jesucristo!\">Toda relaci\u00f3n manipuladora en tu vida, \u00a1S\u00c9 ROTA, en el nombre de Jesucristo!<\/a>\n                                <\/h3>\n\n                                <ul>\n                                    \n                                    \n                                                                    <\/ul>\n\n                                \n                            <\/div>\n\n                        <\/div>\n                    <\/div>\n\n                    \n                        <img fetchpriority=\"high\" decoding=\"async\" width=\"600\" height=\"720\" src=\"https:\/\/godsheart.tv\/es\/wp-content\/uploads\/2025\/07\/maxresdefault-135-600x720.jpg\" class=\"attachment-portfolio_item-thumbnail_portrait size-portfolio_item-thumbnail_portrait wp-post-image\" alt=\"\" \/>\n                    \n\n                            <\/article>            <article id=\"post-20048\" class=\" portfolio_149_item portfolio_item post-20048 type-portfolio_item status-publish has-post-thumbnail hentry portfolio-prayers\">\n            \n                    <div class=\"entry-thumbnail-popover\">\n                        <div class=\"entry-thumbnail-popover-content lightbox_popup_insp popover-content--animated\" data-show-caption=\"\" data-show-excerpt=\"\">\n\n                            <a class=\"wpz-portfolio-link\" href=\"https:\/\/godsheart.tv\/es\/video\/a-esa-fuerza-demoniaca-que-perturba-tus-emociones-sal-ahora-mismo\/\" title=\"A esa fuerza demon\u00edaca que perturba tus emociones: \u00a1SAL, ahora mismo!\"><\/a>\n\n                            <div class=\"entry-meta\">\n\n                                <!-- start lightbox --><a\n                                    class=\"mfp-iframe portfolio-popup-video\"\n                                    href=\"https:\/\/youtube.com\/watch?v=jac6ckahjU4\" aria-label=\"Watch Video\"><\/a>\n                                \n                                <h3 class=\"portfolio_item-title\">\n                                    <a href=\"https:\/\/godsheart.tv\/es\/video\/a-esa-fuerza-demoniaca-que-perturba-tus-emociones-sal-ahora-mismo\/\"\n                                       title=\"A esa fuerza demon\u00edaca que perturba tus emociones: \u00a1SAL, ahora mismo!\">A esa fuerza demon\u00edaca que perturba tus emociones: \u00a1SAL, ahora mismo!<\/a>\n                                <\/h3>\n\n                                <ul>\n                                    \n                                    \n                                                                    <\/ul>\n\n                                \n                            <\/div>\n\n                        <\/div>\n                    <\/div>\n\n                    \n                        <img decoding=\"async\" width=\"600\" height=\"720\" src=\"https:\/\/godsheart.tv\/es\/wp-content\/uploads\/2025\/07\/maxresdefault-131-600x720.jpg\" class=\"attachment-portfolio_item-thumbnail_portrait size-portfolio_item-thumbnail_portrait wp-post-image\" alt=\"\" \/>\n                    \n\n                            <\/article>            <article id=\"post-20051\" class=\" portfolio_149_item portfolio_item post-20051 type-portfolio_item status-publish has-post-thumbnail hentry portfolio-prayers\">\n            \n                    <div class=\"entry-thumbnail-popover\">\n                        <div class=\"entry-thumbnail-popover-content lightbox_popup_insp popover-content--animated\" data-show-caption=\"\" data-show-excerpt=\"\">\n\n                            <a class=\"wpz-portfolio-link\" href=\"https:\/\/godsheart.tv\/es\/video\/todo-plan-del-diablo-en-tu-familia-sea-cancelado\/\" title=\"Todo plan del diablo en tu familia, \u00a1SEA CANCELADO!\"><\/a>\n\n                            <div class=\"entry-meta\">\n\n                                <!-- start lightbox --><a\n                                    class=\"mfp-iframe portfolio-popup-video\"\n                                    href=\"https:\/\/youtube.com\/watch?v=LrcxxANf0u0\" aria-label=\"Watch Video\"><\/a>\n                                \n                                <h3 class=\"portfolio_item-title\">\n                                    <a href=\"https:\/\/godsheart.tv\/es\/video\/todo-plan-del-diablo-en-tu-familia-sea-cancelado\/\"\n                                       title=\"Todo plan del diablo en tu familia, \u00a1SEA CANCELADO!\">Todo plan del diablo en tu familia, \u00a1SEA CANCELADO!<\/a>\n                                <\/h3>\n\n                                <ul>\n                                    \n                                    \n                                                                    <\/ul>\n\n                                \n                            <\/div>\n\n                        <\/div>\n                    <\/div>\n\n                    \n                        <img decoding=\"async\" width=\"600\" height=\"720\" src=\"https:\/\/godsheart.tv\/es\/wp-content\/uploads\/2025\/07\/maxresdefault-132-600x720.jpg\" class=\"attachment-portfolio_item-thumbnail_portrait size-portfolio_item-thumbnail_portrait wp-post-image\" alt=\"\" \/>\n                    \n\n                            <\/article>            <article id=\"post-20054\" class=\" portfolio_149_item portfolio_item post-20054 type-portfolio_item status-publish has-post-thumbnail hentry portfolio-prayers\">\n            \n                    <div class=\"entry-thumbnail-popover\">\n                        <div class=\"entry-thumbnail-popover-content lightbox_popup_insp popover-content--animated\" data-show-caption=\"\" data-show-excerpt=\"\">\n\n                            <a class=\"wpz-portfolio-link\" href=\"https:\/\/godsheart.tv\/es\/video\/cualquier-obstaculo-que-este-reteniendote-se-removido\/\" title=\"Cualquier obst\u00e1culo que est\u00e9 reteni\u00e9ndote, \u00a1S\u00c9 REMOVIDO!\"><\/a>\n\n                            <div class=\"entry-meta\">\n\n                                <!-- start lightbox --><a\n                                    class=\"mfp-iframe portfolio-popup-video\"\n                                    href=\"https:\/\/youtube.com\/watch?v=alJ9wcH3odE\" aria-label=\"Watch Video\"><\/a>\n                                \n                                <h3 class=\"portfolio_item-title\">\n                                    <a href=\"https:\/\/godsheart.tv\/es\/video\/cualquier-obstaculo-que-este-reteniendote-se-removido\/\"\n                                       title=\"Cualquier obst\u00e1culo que est\u00e9 reteni\u00e9ndote, \u00a1S\u00c9 REMOVIDO!\">Cualquier obst\u00e1culo que est\u00e9 reteni\u00e9ndote, \u00a1S\u00c9 REMOVIDO!<\/a>\n                                <\/h3>\n\n                                <ul>\n                                    \n                                    \n                                                                    <\/ul>\n\n                                \n                            <\/div>\n\n                        <\/div>\n                    <\/div>\n\n                    \n                        <img loading=\"lazy\" decoding=\"async\" width=\"600\" height=\"720\" src=\"https:\/\/godsheart.tv\/es\/wp-content\/uploads\/2025\/07\/maxresdefault-133-600x720.jpg\" class=\"attachment-portfolio_item-thumbnail_portrait size-portfolio_item-thumbnail_portrait wp-post-image\" alt=\"\" \/>\n                    \n\n                            <\/article>            <article id=\"post-20057\" class=\" portfolio_149_item portfolio_item post-20057 type-portfolio_item status-publish has-post-thumbnail hentry portfolio-prayers\">\n            \n                    <div class=\"entry-thumbnail-popover\">\n                        <div class=\"entry-thumbnail-popover-content lightbox_popup_insp popover-content--animated\" data-show-caption=\"\" data-show-excerpt=\"\">\n\n                            <a class=\"wpz-portfolio-link\" href=\"https:\/\/godsheart.tv\/es\/video\/oracion-por-liberacion\/\" title=\"\u00a1\u00a1\u00a1ORACI\u00d3N POR LIBERACI\u00d3N!!!\"><\/a>\n\n                            <div class=\"entry-meta\">\n\n                                <!-- start lightbox --><a\n                                    class=\"mfp-iframe portfolio-popup-video\"\n                                    href=\"https:\/\/youtube.com\/watch?v=lZEKxLtf7BU\" aria-label=\"Watch Video\"><\/a>\n                                \n                                <h3 class=\"portfolio_item-title\">\n                                    <a href=\"https:\/\/godsheart.tv\/es\/video\/oracion-por-liberacion\/\"\n                                       title=\"\u00a1\u00a1\u00a1ORACI\u00d3N POR LIBERACI\u00d3N!!!\">\u00a1\u00a1\u00a1ORACI\u00d3N POR LIBERACI\u00d3N!!!<\/a>\n                                <\/h3>\n\n                                <ul>\n                                    \n                                    \n                                                                    <\/ul>\n\n                                \n                            <\/div>\n\n                        <\/div>\n                    <\/div>\n\n                    \n                        <img loading=\"lazy\" decoding=\"async\" width=\"600\" height=\"720\" src=\"https:\/\/godsheart.tv\/es\/wp-content\/uploads\/2025\/07\/maxresdefault-134-600x720.jpg\" class=\"attachment-portfolio_item-thumbnail_portrait size-portfolio_item-thumbnail_portrait wp-post-image\" alt=\"\" \/>\n                    \n\n                            <\/article>            <article id=\"post-19073\" class=\" portfolio_149_item portfolio_item post-19073 type-portfolio_item status-publish has-post-thumbnail hentry portfolio-prayers\">\n            \n                    <div class=\"entry-thumbnail-popover\">\n                        <div class=\"entry-thumbnail-popover-content lightbox_popup_insp popover-content--animated\" data-show-caption=\"\" data-show-excerpt=\"\">\n\n                            <a class=\"wpz-portfolio-link\" href=\"https:\/\/godsheart.tv\/es\/video\/mira-el-poder-de-dios-descender-en-todo-el-mundo\/\" title=\"\u00a1Mira el PODER de Dios descender en todo el mundo!\"><\/a>\n\n                            <div class=\"entry-meta\">\n\n                                <!-- start lightbox --><a\n                                    class=\"mfp-iframe portfolio-popup-video\"\n                                    href=\"https:\/\/www.youtube.com\/watch?v=CxJ5fC2NGwk\" aria-label=\"Watch Video\"><\/a>\n                                \n                                <h3 class=\"portfolio_item-title\">\n                                    <a href=\"https:\/\/godsheart.tv\/es\/video\/mira-el-poder-de-dios-descender-en-todo-el-mundo\/\"\n                                       title=\"\u00a1Mira el PODER de Dios descender en todo el mundo!\">\u00a1Mira el PODER de Dios descender en todo el mundo!<\/a>\n                                <\/h3>\n\n                                <ul>\n                                    \n                                    \n                                                                    <\/ul>\n\n                                \n                            <\/div>\n\n                        <\/div>\n                    <\/div>\n\n                    \n                        <img loading=\"lazy\" decoding=\"async\" width=\"600\" height=\"720\" src=\"https:\/\/godsheart.tv\/es\/wp-content\/uploads\/2025\/06\/maxresdefault-55-600x720.jpg\" class=\"attachment-portfolio_item-thumbnail_portrait size-portfolio_item-thumbnail_portrait wp-post-image\" alt=\"\" \/>\n                    \n\n                            <\/article>\n\t\t\t<\/div><!-- \/\/ .portfolio-grid -->\n\n\t\t\t\t\t\t\t\n\n\t\t\t\t\n\t\t\t\t\t<div class=\"portfolio-preloader\">\n\t\t\t\t<div id=\"loading-39x\">\n\t\t\t\t\t<div class=\"spinner\">\n\t\t\t\t\t\t<div class=\"rect1\"><\/div> \n\t\t\t\t\t\t<div class=\"rect2\"><\/div> \n\t\t\t\t\t\t<div class=\"rect3\"><\/div> \n\t\t\t\t\t\t<div class=\"rect4\"><\/div> \n\t\t\t\t\t\t<div class=\"rect5\"><\/div>\n\t\t\t\t\t<\/div>\n\t\t\t\t<\/div>\n\t\t\t<\/div>\n\t\t\n        \n\t\t<\/div><!-- \/\/ .portfolio-showcase -->\t\t\t\t<\/div>\n\t\t\t\t<\/div>\n\t\t\t\t\t<\/div>\n\t\t\t\t<\/div>\n\t\t\t\t<\/div>\n\t\t","protected":false},"excerpt":{"rendered":"<p>\u00ab\u00a1Hay poder en el acuerdo de oraci\u00f3n!\u00bb \u00ab\u00a1Hay poder en el acuerdo de oraci\u00f3n!\u00bb \u00bfPara qu\u00e9 buscas a Dios? Recuerda, Aquel que form\u00f3 tu coraz\u00f3n conoce tu coraz\u00f3n. Aquel que es due\u00f1o de tu alma ve tu situaci\u00f3n. Nada est\u00e1 oculto para \u00c9l (Hebreos 4:13). \u00danete al Hermano Chris en [&hellip;]<\/p>\n","protected":false},"author":3,"featured_media":0,"parent":0,"menu_order":0,"comment_status":"closed","ping_status":"closed","template":"","meta":{"content-type":"","footnotes":""},"class_list":["post-15345","page","type-page","status-publish","hentry"],"_links":{"self":[{"href":"https:\/\/godsheart.tv\/es\/wp-json\/wp\/v2\/pages\/15345","targetHints":{"allow":["GET"]}}],"collection":[{"href":"https:\/\/godsheart.tv\/es\/wp-json\/wp\/v2\/pages"}],"about":[{"href":"https:\/\/godsheart.tv\/es\/wp-json\/wp\/v2\/types\/page"}],"author":[{"embeddable":true,"href":"https:\/\/godsheart.tv\/es\/wp-json\/wp\/v2\/users\/3"}],"replies":[{"embeddable":true,"href":"https:\/\/godsheart.tv\/es\/wp-json\/wp\/v2\/comments?post=15345"}],"version-history":[{"count":4,"href":"https:\/\/godsheart.tv\/es\/wp-json\/wp\/v2\/pages\/15345\/revisions"}],"predecessor-version":[{"id":18870,"href":"https:\/\/godsheart.tv\/es\/wp-json\/wp\/v2\/pages\/15345\/revisions\/18870"}],"wp:attachment":[{"href":"https:\/\/godsheart.tv\/es\/wp-json\/wp\/v2\/media?parent=15345"}],"curies":[{"name":"wp","href":"https:\/\/api.w.org\/{rel}","templated":true}]}}