{"id":17862,"date":"2025-06-11T16:44:12","date_gmt":"2025-06-11T15:44:12","guid":{"rendered":"https:\/\/godshearttv.com\/?page_id=17862"},"modified":"2025-07-09T15:22:52","modified_gmt":"2025-07-09T14:22:52","slug":"nuevo-creyente","status":"publish","type":"page","link":"https:\/\/godsheart.tv\/es\/nuevo-creyente\/","title":{"rendered":"Nuevo Creyente"},"content":{"rendered":"\t\t<div data-elementor-type=\"wp-page\" data-elementor-id=\"17862\" class=\"elementor elementor-17862\">\n\t\t\t\t\t\t<section class=\"elementor-section elementor-top-section elementor-element elementor-element-21aa954e elementor-section-full_width elementor-section-height-min-height elementor-section-height-default elementor-section-items-middle\" data-id=\"21aa954e\" data-element_type=\"section\" data-e-type=\"section\" data-settings=\"{&quot;background_background&quot;:&quot;classic&quot;}\">\n\t\t\t\t\t\t\t<div class=\"elementor-background-overlay\"><\/div>\n\t\t\t\t\t\t\t<div class=\"elementor-container elementor-column-gap-no\">\n\t\t\t\t\t<div class=\"elementor-column elementor-col-100 elementor-top-column elementor-element elementor-element-93e76b3\" data-id=\"93e76b3\" data-element_type=\"column\" data-e-type=\"column\">\n\t\t\t<div class=\"elementor-widget-wrap\">\n\t\t\t\t\t\t\t<\/div>\n\t\t<\/div>\n\t\t\t\t\t<\/div>\n\t\t<\/section>\n\t\t<div class=\"elementor-element elementor-element-75deb36 e-flex e-con-boxed e-con e-parent\" data-id=\"75deb36\" data-element_type=\"container\" data-e-type=\"container\">\n\t\t\t\t\t<div class=\"e-con-inner\">\n\t\t\t\t<div class=\"elementor-element elementor-element-12bba59 elementor-widget elementor-widget-heading\" data-id=\"12bba59\" data-element_type=\"widget\" data-e-type=\"widget\" data-widget_type=\"heading.default\">\n\t\t\t\t<div class=\"elementor-widget-container\">\n\t\t\t\t\t<h2 class=\"elementor-heading-title elementor-size-default\">Las preguntas m\u00e1s importantes de la vida<\/h2>\t\t\t\t<\/div>\n\t\t\t\t<\/div>\n\t\t\t\t<div class=\"elementor-element elementor-element-f7fe147 elementor-widget elementor-widget-video\" data-id=\"f7fe147\" data-element_type=\"widget\" data-e-type=\"widget\" data-settings=\"{&quot;youtube_url&quot;:&quot;https:\\\/\\\/www.youtube.com\\\/watch?v=oj5OL9YazLM&quot;,&quot;video_type&quot;:&quot;youtube&quot;,&quot;controls&quot;:&quot;yes&quot;}\" data-widget_type=\"video.default\">\n\t\t\t\t<div class=\"elementor-widget-container\">\n\t\t\t\t\t\t\t<div class=\"elementor-wrapper elementor-open-inline\">\n\t\t\t<div class=\"elementor-video\"><\/div>\t\t<\/div>\n\t\t\t\t\t\t<\/div>\n\t\t\t\t<\/div>\n\t\t\t\t<div class=\"elementor-element elementor-element-fa90613 elementor-widget elementor-widget-text-editor\" data-id=\"fa90613\" data-element_type=\"widget\" data-e-type=\"widget\" data-widget_type=\"text-editor.default\">\n\t\t\t\t<div class=\"elementor-widget-container\">\n\t\t\t\t\t\t\t\t\t<blockquote><p>\u00abLa fe en Cristo es el \u00fanico remedio eficaz contra el temor a la muerte\u00bb.<\/p><\/blockquote><p>Todo ser humano tiene hambre de conocer a Aqu\u00e9l que lo cre\u00f3. En otras palabras, todo el mundo tiene el deseo de experimentar a Dios. Por ejemplo: piensa, \u00bfqu\u00e9 pasa por tu coraz\u00f3n cada vez que la angustia o la tragedia golpean en la vida? Nuestro coraz\u00f3n nos dirige a clamar a Alguien superior a nosotros, a buscar algo m\u00e1s fuerte que nosotros mismos.<\/p><p>En las palabras de un hombre sabio en <strong>Eclesiast\u00e9s 3:11: Dios ha puesto la eternidad en el coraz\u00f3n humano. <\/strong><\/p><p>Hay dos preguntas cruciales que <strong>todos<\/strong> nos hemos hecho en alg\u00fan momento de nuestras vidas:<\/p><ul><li>\u00bfEn qu\u00e9 consiste la vida?<\/li><li>\u00bfQu\u00e9 ocurre cuando la vida se acaba?<\/li><\/ul><p>\u00bfConoces la respuesta a estas preguntas? \u00bfY c\u00f3mo afectan estas respuestas, o la falta de ellas, a tu vida cotidiana? <br \/>\u00bfSe traduce en la realizaci\u00f3n y satisfacci\u00f3n en el trabajo, las relaciones y la familia? <br \/>\u00bfEncuentras gozo y paz en tu interior, independientemente de la situaci\u00f3n que te rodea? <br \/>\u00bfTienes un prop\u00f3sito que te ancla incluso ante las pruebas y la tragedia?<\/p><p>Hagamos una pregunta que nos haga reflexionar: si te dijeran que hoy es tu \u00faltimo d\u00eda en la tierra:<\/p><ul><li>\u00bfQu\u00e9 har\u00edas? \u00bfAd\u00f3nde ir\u00edas? \u00bfQu\u00e9 dir\u00edas?<\/li><li>\u00bfC\u00f3mo cambiar\u00eda tu comportamiento, tu actitud, tu forma de afrontar la vida?<\/li><\/ul><p>La cruda realidad es que cualquier d\u00eda, incluso hoy, puede ser tu \u00faltimo d\u00eda en la tierra. La muerte es el destino com\u00fan que todos compartimos. \u00bfTe da temor pensar en la muerte? \u00bfEst\u00e1s seguro de d\u00f3nde pasar\u00e1s la eternidad?<\/p><blockquote><p>Si tu coraz\u00f3n est\u00e1 hambriento de un significado <strong>para esta vida<\/strong> y de la seguridad de una <strong>vida despu\u00e9s de la muerte<\/strong>, \u00a1la respuesta te la ha dado Jesucristo!<\/p><\/blockquote><p>La esencia del Cristianismo genuino es una relaci\u00f3n con Jesucristo por la fe; una relaci\u00f3n que se extiende incluso m\u00e1s all\u00e1 de la tumba, liberando a \u00abtodos los que por el temor de la muerte estaban durante toda la vida sujetos a servidumbre\u00bb <strong>(Hebreos 2:15).<\/strong><\/p><p>Pero, \u00bfqui\u00e9n es realmente un Cristiano? Las personas hoy en d\u00eda dan numerosas razones para llamarse a s\u00ed mismos Cristianos.<\/p><p>Por ejemplo, dicen: <br \/>\u00abSoy Cristiano porque mis padres son creyentes\u00bb. <br \/>\u00abSoy Cristiano porque asisto a los servicios de la iglesia en Pascua y Navidad\u00bb.<br \/>\u00abSoy cristiano porque estoy convencido de que Jes\u00fas es el Hijo de Dios\u00bb.<br \/>\u00abSoy cristiano porque trato de ser una buena persona\u00bb. <\/p><p>El problema con estas respuestas es que no mencionan la \u00fanica raz\u00f3n que califica a alguien como Cristiano.<\/p><p>Aqu\u00ed est\u00e1 el desaf\u00edo: <br \/>Puedes asistir a la iglesia y no ser un Cristiano. <br \/>Puedes leer la Biblia y no ser un Cristiano. <br \/>Puedes ser criado en un hogar devoto y no ser un Cristiano. <br \/>Puedes eliminar malos h\u00e1bitos y tratar de ser una persona moral y a\u00fan as\u00ed no ser un Cristiano. <\/p><p>\u00a1Esas acciones por s\u00ed solas no hacen que una persona sea un Cristiano! Hay una gran diferencia entre saber de Dios y realmente conocerlo.<\/p><blockquote><p>Hay una gran diferencia entre <strong>saber de Dios<\/strong> y realmente <strong>conocerlo.<\/strong><\/p><\/blockquote><p>El hombre es un pecador que no ha alcanzado el est\u00e1ndar perfecto de Dios. El castigo por esto es la muerte; la separaci\u00f3n eterna de Dios. Ya sea que hayas tratado de &#8216;ser una buena persona&#8217; y mantener los est\u00e1ndares de Dios revelados en la Biblia o que hayas vivido tu vida sin preocuparte por Dios o la eternidad; la realidad es que <strong>todos<\/strong> hemos fallado. <strong>Todos<\/strong> tenemos una deuda que simplemente no podemos pagar. Por lo tanto, \u00a1<strong>todos<\/strong> necesitamos desesperadamente de Su perd\u00f3n!<\/p><p>Dios vino a la tierra en la persona de Jesucristo, que entr\u00f3 como hombre y vivi\u00f3 Su vida sin pecado. \u00a1En la Cruz del Calvario, \u00c9l muri\u00f3 por nosotros y pag\u00f3 por nuestros pecados! <br \/>A trav\u00e9s de nuestra fe en \u00c9l, recibimos: <br \/>&#8211; Su justicia. <br \/>&#8211; El perd\u00f3n de nuestros pecados. <br \/>&#8211; El regalo de la vida eterna. <\/p><p>Entonces, \u00bfqui\u00e9n es un Cristiano? Un cristiano es una persona a quien Dios ha perdonado mediante la obra consumada de Jesucristo en la Cruz <strong>(Tito 3:3-6). <\/strong><\/p><p>Este es el punto principal:<\/p><blockquote><p>Ser un Cristiano no se trata de lo que <strong>t\u00fa haces<\/strong>; se trata de lo que Cristo Jes\u00fas <strong>ha hecho<\/strong>.<\/p><\/blockquote><p>Por Su sacrificio desinteresado en la Cruz, Jes\u00fas nos hizo aptos para Dios y nos reconcili\u00f3 con Dios.<\/p><p>En <strong>Hechos 16:30-31<\/strong>, un agente de la ley le hizo al ap\u00f3stol Pablo la pregunta m\u00e1s importante: \u00ab\u00bfQu\u00e9 debo hacer para ser salvo?\u00bb. Pablo simplemente respondi\u00f3: \u00abCree en el Se\u00f1or Jesucristo; y ser\u00e1s salvo\u00bb. \u201d<\/p><blockquote><p>\u00a1Somos salvos por este asombroso Evangelio de la gracia que dice que Jes\u00fas nos ama, muri\u00f3 por nosotros y nos perdona cuando abrimos nuestros corazones para creer!<\/p><\/blockquote><p>Tu refugio est\u00e1 en estas palabras: \u00a1S\u00f3lo cree!<\/p><p>Mientras lees esto, \u00bfcu\u00e1l es tu situaci\u00f3n actual? <br \/>&#8211; \u00bfSientes que la vida te ha enga\u00f1ado? <br \/>&#8211; \u00bfEst\u00e1s luchando contra la decepci\u00f3n, el des\u00e1nimo o la depresi\u00f3n? <br \/>&#8211; \u00bfEst\u00e1s buscando un prop\u00f3sito m\u00e1s grande que t\u00fa mismo? <\/p><p>\u00a1Mira a Jes\u00fas con fe! Al ser clavado injustamente en la cruz, Jes\u00fas se convirti\u00f3 en la maldici\u00f3n que t\u00fa merec\u00edas <strong>(G\u00e1latas 3:13-14)<\/strong>. \u00c9l tom\u00f3 tu pobreza, tu enfermedad y tu pecado para que pudieras recibir la bendici\u00f3n que Dios prometi\u00f3 a aquellos que guardaran Su ley; incluyendo una provisi\u00f3n abundante para cada necesidad en tu vida.<\/p><p>\u00a1Jes\u00fas derrot\u00f3 al diablo en el Calvario cuando \u00c9l resucit\u00f3 (Colosenses 2:15)! \u00a1Es Su victoria sobre la muerte la que nos da la victoria sobre el diablo en nuestra vida diaria aqu\u00ed <strong>en la tierra<\/strong> y por la eternidad <strong>en el Cielo<\/strong>!<\/p><p>Al escuchar la Palabra Viva de Dios y abrazarla por fe, t\u00fa recibes: <br \/>&#8211; La seguridad de la vida eterna con Cristo. <br \/>&#8211; Fortaleza divina para manejar los desaf\u00edos diarios de la vida.<br \/>&#8211; Un prop\u00f3sito claro para guiar tus planes y decisiones.<\/p><p>Si tu coraz\u00f3n se siente impulsado por este breve mensaje a rendir tu vida a Jesucristo, te alentamos a que hagas esta oraci\u00f3n. <br \/>Si alguna vez te sentiste cerca de Dios pero ahora te sientes distante o nunca has conocido la realidad de una relaci\u00f3n con Jesucristo; basta con decir esta oraci\u00f3n:<\/p><p style=\"padding-left: 40px;\"><em>Amado Se\u00f1or, confieso que soy un pecador. Clamo a Tu santo nombre, Jesucristo. Perdona todos mis pecados. Creo que T\u00fa moriste en mi lugar y resucitaste de entre los muertos de acuerdo con las Escrituras. Te recibo en mi coraz\u00f3n. Gracias Se\u00f1or, por mi salvaci\u00f3n. <\/em><\/p><p>\u00a1Eres bienvenido a la familia de Dios! Recuerda, aceptar a Jes\u00fas como tu Se\u00f1or y Salvador es s\u00f3lo el primer paso en tu viaje de fe. \u00a1La aceptaci\u00f3n debe ir acompa\u00f1ada de un compromiso! Cuando nos comprometemos, nos convertimos en seguidores de Jes\u00fas. El compromiso sirve como un puente entre nosotros y Jes\u00fas.<\/p><p>Para crecer en la fe, te alentamos a desarrollar tu relaci\u00f3n con el Esp\u00edritu Santo leyendo tu Biblia diariamente. \u00a1Cuanto m\u00e1s leas con devoci\u00f3n, m\u00e1s entender\u00e1s sobre ti mismo y sobre el Dios que te cre\u00f3! Tambi\u00e9n te animamos a encontrar una Iglesia Viva y a participar con ellos.<\/p>\t\t\t\t\t\t\t\t<\/div>\n\t\t\t\t<\/div>\n\t\t\t\t\t<\/div>\n\t\t\t\t<\/div>\n\t\t\t\t<\/div>\n\t\t","protected":false},"excerpt":{"rendered":"<p>Las preguntas m\u00e1s importantes de la vida https:\/\/www.youtube.com\/watch?v=oj5OL9YazLM \u00abLa fe en Cristo es el \u00fanico remedio eficaz contra el temor a la muerte\u00bb. Todo ser humano tiene hambre de conocer a Aqu\u00e9l que lo cre\u00f3. En otras palabras, todo el mundo tiene el deseo de experimentar a Dios. Por ejemplo: [&hellip;]<\/p>\n","protected":false},"author":1,"featured_media":0,"parent":0,"menu_order":0,"comment_status":"closed","ping_status":"closed","template":"page-templates\/full-width-transparent.php","meta":{"content-type":"","footnotes":""},"class_list":["post-17862","page","type-page","status-publish","hentry"],"_links":{"self":[{"href":"https:\/\/godsheart.tv\/es\/wp-json\/wp\/v2\/pages\/17862","targetHints":{"allow":["GET"]}}],"collection":[{"href":"https:\/\/godsheart.tv\/es\/wp-json\/wp\/v2\/pages"}],"about":[{"href":"https:\/\/godsheart.tv\/es\/wp-json\/wp\/v2\/types\/page"}],"author":[{"embeddable":true,"href":"https:\/\/godsheart.tv\/es\/wp-json\/wp\/v2\/users\/1"}],"replies":[{"embeddable":true,"href":"https:\/\/godsheart.tv\/es\/wp-json\/wp\/v2\/comments?post=17862"}],"version-history":[{"count":20,"href":"https:\/\/godsheart.tv\/es\/wp-json\/wp\/v2\/pages\/17862\/revisions"}],"predecessor-version":[{"id":18884,"href":"https:\/\/godsheart.tv\/es\/wp-json\/wp\/v2\/pages\/17862\/revisions\/18884"}],"wp:attachment":[{"href":"https:\/\/godsheart.tv\/es\/wp-json\/wp\/v2\/media?parent=17862"}],"curies":[{"name":"wp","href":"https:\/\/api.w.org\/{rel}","templated":true}]}}