{"id":3,"date":"2023-12-18T09:52:21","date_gmt":"2023-12-18T09:52:21","guid":{"rendered":"https:\/\/godsheart.tv\/newdesign\/?page_id=3"},"modified":"2025-07-09T15:04:32","modified_gmt":"2025-07-09T14:04:32","slug":"politica-de-privacidad","status":"publish","type":"page","link":"https:\/\/godsheart.tv\/es\/politica-de-privacidad\/","title":{"rendered":"Pol\u00edtica de privacidad"},"content":{"rendered":"\n<p class=\"\"><em>En vigor desde: Ene 2022 \u00daltima actualizaci\u00f3n: Marzo 2024<\/em><\/p>\n\n\n\n<p class=\"\"><\/p>\n\n\n\n<p class=\"\">RECOGIDA DE DATOS PERSONALES: El equipo de God&#8217;s Heart TV recoge informaci\u00f3n personal proporcionada por usted. Recogemos sus datos en relaci\u00f3n con cualquier formulario que rellene en el sitio web (godsheart.tv) y los utilizamos \u00fanicamente para cumplir nuestros objetivos de promover la fe cristiana.<\/p>\n\n\n\n<p class=\"\">SITIO WEB Y COOKIES: No recopilamos ninguna informaci\u00f3n personal sobre ti a partir de tus visitas pasajeras al Sitio web. La \u00fanica informaci\u00f3n personal que recopilamos es la que usted nos proporciona por correo electr\u00f3nico, tel\u00e9fono, WhatsApp o en respuesta a uno de los formularios del Sitio Web.<\/p>\n\n\n\n<p class=\"\">CONTENIDO INCORPORADO: Algunas p\u00e1ginas de este sitio pueden incluir contenido incrustado (por ejemplo, v\u00eddeos) de otros sitios web. Esto se comporta exactamente igual que si el visitante hubiera visitado el otro sitio web. Estos sitios web pueden recopilar datos sobre usted, utilizar cookies, incrustar seguimiento adicional de terceros y supervisar su interacci\u00f3n con ese contenido incrustado, incluido el seguimiento de su interacci\u00f3n con el contenido incrustado si tiene una cuenta y ha iniciado sesi\u00f3n en ese sitio web.<\/p>\n\n\n\n<p class=\"\">ALMACENAMIENTO DE SUS DATOS: Conservamos sus datos personales \u00fanicamente durante el tiempo que sea necesario para el fin para el que usted los proporcion\u00f3. Atendemos cualquier solicitud de los usuarios para eliminar sus datos personales.<\/p>\n\n\n\n<p class=\"\">TRANSFERENCIA DE SUS DATOS A TERCEROS: Aparte de los datos necesarios para procesar las donaciones (v\u00e9ase Informaci\u00f3n financiera m\u00e1s abajo), sus datos no se comparten con ninguna otra organizaci\u00f3n, ni se utilizan con fines comerciales.<\/p>\n\n\n\n<p class=\"\">CESI\u00d3N DE SUS DATOS A TERCEROS: Aparte de los datos necesarios para procesar las donaciones (v\u00e9ase Informaci\u00f3n financiera m\u00e1s abajo), sus datos no se comparten con ninguna otra organizaci\u00f3n, ni se utilizan con fines comerciales.<\/p>\n\n\n\n<p class=\"\">SEGURIDAD DE LOS DATOS: Los datos se guardan de forma segura, y quienes trabajan con el equipo de God&#8217;s Heart TV reciben instrucciones cuidadosas para respetar la privacidad de la informaci\u00f3n que ven.<\/p>\n\n\n\n<p class=\"\">INFORMACI\u00d3N FINANCIERA: Cuando utilices esta plataforma para hacer un donativo, s\u00f3lo recogeremos tu nombre y direcci\u00f3n de correo electr\u00f3nico y el mensaje de cualquier comentario que incluyas. No tenemos acceso a su informaci\u00f3n financiera, que es gestionada de forma segura por una pasarela de pago o una agencia de tarjetas de cr\u00e9dito. Utilizamos Fundraise Up para procesar las donaciones en nuestro sitio web. Los datos s\u00f3lo se comparten con Fundraise Up a efectos de la prestaci\u00f3n del servicio.<\/p>\n\n\n\n<p class=\"\">CAMBIOS EN ESTA DECLARACI\u00d3N DE PRIVACIDAD: Si God&#8217;s Heart TV modifica su Declaraci\u00f3n de Privacidad, dichos cambios se publicar\u00e1n en este lugar.<\/p>\n\n\n\n<p class=\"\">M\u00c1S INFORMACI\u00d3N: Si tiene m\u00e1s preguntas sobre nuestra Pol\u00edtica de Privacidad, p\u00f3ngase en contacto con privacy@godsheart.tv.<\/p>\n\n\n\n<p class=\"\">DATOS DE LA EMPRESA: God&#8217;s Heart TV es una empresa sin \u00e1nimo de lucro registrada en el Reino Unido. El n\u00famero de la empresa es 13961468 y la direcci\u00f3n de la oficina registrada es 23 Trinity Square, Llandudno, LL30 2RH.<\/p>\n","protected":false},"excerpt":{"rendered":"<p>En vigor desde: Ene 2022 \u00daltima actualizaci\u00f3n: Marzo 2024 RECOGIDA DE DATOS PERSONALES: El equipo de God&#8217;s Heart TV recoge informaci\u00f3n personal proporcionada por usted. Recogemos sus datos en relaci\u00f3n con cualquier formulario que rellene en el sitio web (godsheart.tv) y los utilizamos \u00fanicamente para cumplir nuestros objetivos de promover [&hellip;]<\/p>\n","protected":false},"author":1,"featured_media":0,"parent":0,"menu_order":0,"comment_status":"closed","ping_status":"closed","template":"","meta":{"content-type":"","footnotes":""},"class_list":["post-3","page","type-page","status-publish","hentry"],"_links":{"self":[{"href":"https:\/\/godsheart.tv\/es\/wp-json\/wp\/v2\/pages\/3","targetHints":{"allow":["GET"]}}],"collection":[{"href":"https:\/\/godsheart.tv\/es\/wp-json\/wp\/v2\/pages"}],"about":[{"href":"https:\/\/godsheart.tv\/es\/wp-json\/wp\/v2\/types\/page"}],"author":[{"embeddable":true,"href":"https:\/\/godsheart.tv\/es\/wp-json\/wp\/v2\/users\/1"}],"replies":[{"embeddable":true,"href":"https:\/\/godsheart.tv\/es\/wp-json\/wp\/v2\/comments?post=3"}],"version-history":[{"count":2,"href":"https:\/\/godsheart.tv\/es\/wp-json\/wp\/v2\/pages\/3\/revisions"}],"predecessor-version":[{"id":19818,"href":"https:\/\/godsheart.tv\/es\/wp-json\/wp\/v2\/pages\/3\/revisions\/19818"}],"wp:attachment":[{"href":"https:\/\/godsheart.tv\/es\/wp-json\/wp\/v2\/media?parent=3"}],"curies":[{"name":"wp","href":"https:\/\/api.w.org\/{rel}","templated":true}]}}