{"id":7616,"date":"2024-02-28T13:15:33","date_gmt":"2024-02-28T13:15:33","guid":{"rendered":"https:\/\/godsheart.tv\/newdesign\/?page_id=7616"},"modified":"2025-07-09T14:47:16","modified_gmt":"2025-07-09T13:47:16","slug":"voluntario-reino-unido","status":"publish","type":"page","link":"https:\/\/godsheart.tv\/es\/voluntario-reino-unido\/","title":{"rendered":"Voluntario en el Reino Unido"},"content":{"rendered":"\t\t<div data-elementor-type=\"wp-page\" data-elementor-id=\"7616\" class=\"elementor elementor-7616\">\n\t\t\t\t\t\t<section class=\"elementor-section elementor-top-section elementor-element elementor-element-21aa954e elementor-section-full_width elementor-section-height-min-height elementor-section-height-default elementor-section-items-middle\" data-id=\"21aa954e\" data-element_type=\"section\" data-e-type=\"section\" data-settings=\"{&quot;background_background&quot;:&quot;classic&quot;}\">\n\t\t\t\t\t\t\t<div class=\"elementor-background-overlay\"><\/div>\n\t\t\t\t\t\t\t<div class=\"elementor-container elementor-column-gap-no\">\n\t\t\t\t\t<div class=\"elementor-column elementor-col-100 elementor-top-column elementor-element elementor-element-458a4330\" data-id=\"458a4330\" data-element_type=\"column\" data-e-type=\"column\" data-settings=\"{&quot;background_background&quot;:&quot;slideshow&quot;,&quot;background_slideshow_gallery&quot;:[],&quot;background_slideshow_loop&quot;:&quot;yes&quot;,&quot;background_slideshow_slide_duration&quot;:5000,&quot;background_slideshow_slide_transition&quot;:&quot;fade&quot;,&quot;background_slideshow_transition_duration&quot;:500}\">\n\t\t\t<div class=\"elementor-widget-wrap\">\n\t\t\t\t\t\t\t<\/div>\n\t\t<\/div>\n\t\t\t\t\t<\/div>\n\t\t<\/section>\n\t\t<div class=\"elementor-element elementor-element-75deb36 e-flex e-con-boxed e-con e-parent\" data-id=\"75deb36\" data-element_type=\"container\" data-e-type=\"container\">\n\t\t\t\t\t<div class=\"e-con-inner\">\n\t\t\t\t<div class=\"elementor-element elementor-element-e9a7a36 elementor-widget elementor-widget-heading\" data-id=\"e9a7a36\" data-element_type=\"widget\" data-e-type=\"widget\" data-widget_type=\"heading.default\">\n\t\t\t\t<div class=\"elementor-widget-container\">\n\t\t\t\t\t<h2 class=\"elementor-heading-title elementor-size-default\">Voluntario en el Reino Unido<\/h2>\t\t\t\t<\/div>\n\t\t\t\t<\/div>\n\t\t\t\t<div class=\"elementor-element elementor-element-eed64f9 elementor-widget elementor-widget-text-editor\" data-id=\"eed64f9\" data-element_type=\"widget\" data-e-type=\"widget\" data-widget_type=\"text-editor.default\">\n\t\t\t\t<div class=\"elementor-widget-container\">\n\t\t\t\t\t\t\t\t\t<p>Si vives en el Reino Unido y te gustar\u00eda ser voluntario de God&#8217;s Heart TV, por favor env\u00eda tu informaci\u00f3n en el siguiente formulario.<\/p>\t\t\t\t\t\t\t\t<\/div>\n\t\t\t\t<\/div>\n\t\t\t\t<div class=\"elementor-element elementor-element-dad54f3 elementor-widget elementor-widget-hubspot-form\" data-id=\"dad54f3\" data-element_type=\"widget\" data-e-type=\"widget\" data-widget_type=\"hubspot-form.default\">\n\t\t\t\t<div class=\"elementor-widget-container\">\n\t\t\t\t\t\n\t\t\t\t\t\t<script>\n\t\t\t\t\t\t\twindow.hsFormsOnReady = window.hsFormsOnReady || [];\n\t\t\t\t\t\t\twindow.hsFormsOnReady.push(()=>{\n\t\t\t\t\t\t\t\thbspt.forms.create({\n\t\t\t\t\t\t\t\t\tportalId: 25392988,\n\t\t\t\t\t\t\t\t\tformId: \"a5428e2c-32c3-4068-89d1-520da2c1e878\",\n\t\t\t\t\t\t\t\t\ttarget: \"#hbspt-form-1776948770000-8198871243\",\n\t\t\t\t\t\t\t\t\tregion: \"eu1\",\n\t\t\t\t\t\t\t\t\t\n\t\t\t\t\t\t\t})});\n\t\t\t\t\t\t<\/script>\n\t\t\t\t\t\t<div class=\"hbspt-form\" id=\"hbspt-form-1776948770000-8198871243\"><\/div>\t\t\t\t<\/div>\n\t\t\t\t<\/div>\n\t\t\t\t<div class=\"elementor-element elementor-element-f65447a elementor-widget elementor-widget-image\" data-id=\"f65447a\" data-element_type=\"widget\" data-e-type=\"widget\" data-widget_type=\"image.default\">\n\t\t\t\t<div class=\"elementor-widget-container\">\n\t\t\t\t\t\t\t\t\t\t\t\t\t\t\t<img fetchpriority=\"high\" decoding=\"async\" width=\"1140\" height=\"45\" src=\"https:\/\/godsheart.tv\/es\/wp-content\/uploads\/2025\/05\/Bkgrnd-1140x45-1.jpg\" class=\"attachment-full size-full wp-image-17603\" alt=\"\" srcset=\"https:\/\/godsheart.tv\/es\/wp-content\/uploads\/2025\/05\/Bkgrnd-1140x45-1.jpg 1140w, https:\/\/godsheart.tv\/es\/wp-content\/uploads\/2025\/05\/Bkgrnd-1140x45-1-300x12.jpg 300w, https:\/\/godsheart.tv\/es\/wp-content\/uploads\/2025\/05\/Bkgrnd-1140x45-1-1024x40.jpg 1024w, https:\/\/godsheart.tv\/es\/wp-content\/uploads\/2025\/05\/Bkgrnd-1140x45-1-768x30.jpg 768w, https:\/\/godsheart.tv\/es\/wp-content\/uploads\/2025\/05\/Bkgrnd-1140x45-1-1000x39.jpg 1000w, https:\/\/godsheart.tv\/es\/wp-content\/uploads\/2025\/05\/Bkgrnd-1140x45-1-600x24.jpg 600w, https:\/\/godsheart.tv\/es\/wp-content\/uploads\/2025\/05\/Bkgrnd-1140x45-1-36x1.jpg 36w, https:\/\/godsheart.tv\/es\/wp-content\/uploads\/2025\/05\/Bkgrnd-1140x45-1-48x2.jpg 48w\" sizes=\"(max-width: 1140px) 100vw, 1140px\" \/>\t\t\t\t\t\t\t\t\t\t\t\t\t\t\t<\/div>\n\t\t\t\t<\/div>\n\t\t\t\t\t<\/div>\n\t\t\t\t<\/div>\n\t\t\t\t<\/div>\n\t\t","protected":false},"excerpt":{"rendered":"<p>Voluntario en el Reino Unido Si vives en el Reino Unido y te gustar\u00eda ser voluntario de God&#8217;s Heart TV, por favor env\u00eda tu informaci\u00f3n en el siguiente formulario.<\/p>\n","protected":false},"author":1,"featured_media":0,"parent":0,"menu_order":0,"comment_status":"closed","ping_status":"closed","template":"page-templates\/full-width-transparent.php","meta":{"content-type":"","footnotes":""},"class_list":["post-7616","page","type-page","status-publish","hentry"],"_links":{"self":[{"href":"https:\/\/godsheart.tv\/es\/wp-json\/wp\/v2\/pages\/7616","targetHints":{"allow":["GET"]}}],"collection":[{"href":"https:\/\/godsheart.tv\/es\/wp-json\/wp\/v2\/pages"}],"about":[{"href":"https:\/\/godsheart.tv\/es\/wp-json\/wp\/v2\/types\/page"}],"author":[{"embeddable":true,"href":"https:\/\/godsheart.tv\/es\/wp-json\/wp\/v2\/users\/1"}],"replies":[{"embeddable":true,"href":"https:\/\/godsheart.tv\/es\/wp-json\/wp\/v2\/comments?post=7616"}],"version-history":[{"count":7,"href":"https:\/\/godsheart.tv\/es\/wp-json\/wp\/v2\/pages\/7616\/revisions"}],"predecessor-version":[{"id":18901,"href":"https:\/\/godsheart.tv\/es\/wp-json\/wp\/v2\/pages\/7616\/revisions\/18901"}],"wp:attachment":[{"href":"https:\/\/godsheart.tv\/es\/wp-json\/wp\/v2\/media?parent=7616"}],"curies":[{"name":"wp","href":"https:\/\/api.w.org\/{rel}","templated":true}]}}