{"id":7670,"date":"2024-02-28T19:50:33","date_gmt":"2024-02-28T19:50:33","guid":{"rendered":"https:\/\/godsheart.tv\/newdesign\/?page_id=7670"},"modified":"2025-07-08T19:25:59","modified_gmt":"2025-07-08T18:25:59","slug":"apoyo","status":"publish","type":"page","link":"https:\/\/godsheart.tv\/es\/apoyo\/","title":{"rendered":"Asociaci\u00f3n financiera"},"content":{"rendered":"\t\t<div data-elementor-type=\"wp-page\" data-elementor-id=\"7670\" class=\"elementor elementor-7670\">\n\t\t\t\t\t\t<section class=\"elementor-section elementor-top-section elementor-element elementor-element-21aa954e elementor-section-full_width elementor-section-height-min-height elementor-section-height-default elementor-section-items-middle\" data-id=\"21aa954e\" data-element_type=\"section\" data-e-type=\"section\" data-settings=\"{&quot;background_background&quot;:&quot;classic&quot;}\">\n\t\t\t\t\t\t\t<div class=\"elementor-background-overlay\"><\/div>\n\t\t\t\t\t\t\t<div class=\"elementor-container elementor-column-gap-no\">\n\t\t\t\t\t<div class=\"elementor-column elementor-col-100 elementor-top-column elementor-element elementor-element-458a4330\" data-id=\"458a4330\" data-element_type=\"column\" data-e-type=\"column\" data-settings=\"{&quot;background_background&quot;:&quot;slideshow&quot;,&quot;background_slideshow_gallery&quot;:[],&quot;background_slideshow_loop&quot;:&quot;yes&quot;,&quot;background_slideshow_slide_duration&quot;:5000,&quot;background_slideshow_slide_transition&quot;:&quot;fade&quot;,&quot;background_slideshow_transition_duration&quot;:500}\">\n\t\t\t<div class=\"elementor-widget-wrap\">\n\t\t\t\t\t\t\t<\/div>\n\t\t<\/div>\n\t\t\t\t\t<\/div>\n\t\t<\/section>\n\t\t\t\t<section class=\"elementor-section elementor-top-section elementor-element elementor-element-56a7173f elementor-section-boxed elementor-section-height-default elementor-section-height-default\" data-id=\"56a7173f\" data-element_type=\"section\" data-e-type=\"section\">\n\t\t\t\t\t\t<div class=\"elementor-container elementor-column-gap-no\">\n\t\t\t\t\t<div class=\"elementor-column elementor-col-100 elementor-top-column elementor-element elementor-element-69666e2\" data-id=\"69666e2\" data-element_type=\"column\" data-e-type=\"column\">\n\t\t\t<div class=\"elementor-widget-wrap elementor-element-populated\">\n\t\t\t\t\t\t<div class=\"elementor-element elementor-element-50fa200 elementor-widget elementor-widget-heading\" data-id=\"50fa200\" data-element_type=\"widget\" data-e-type=\"widget\" data-widget_type=\"heading.default\">\n\t\t\t\t<div class=\"elementor-widget-container\">\n\t\t\t\t\t<h2 class=\"elementor-heading-title elementor-size-xl\">Asociaci\u00f3n financiera<\/h2>\t\t\t\t<\/div>\n\t\t\t\t<\/div>\n\t\t\t\t\t<\/div>\n\t\t<\/div>\n\t\t\t\t\t<\/div>\n\t\t<\/section>\n\t\t\t\t<section class=\"elementor-section elementor-top-section elementor-element elementor-element-33afe2b elementor-section-boxed elementor-section-height-default elementor-section-height-default\" data-id=\"33afe2b\" data-element_type=\"section\" data-e-type=\"section\">\n\t\t\t\t\t\t<div class=\"elementor-container elementor-column-gap-wider\">\n\t\t\t\t\t<div class=\"elementor-column elementor-col-50 elementor-top-column elementor-element elementor-element-1f65532\" data-id=\"1f65532\" data-element_type=\"column\" data-e-type=\"column\">\n\t\t\t<div class=\"elementor-widget-wrap elementor-element-populated\">\n\t\t\t\t\t\t<div class=\"elementor-element elementor-element-b79bde6 elementor-widget elementor-widget-text-editor\" data-id=\"b79bde6\" data-element_type=\"widget\" data-e-type=\"widget\" data-widget_type=\"text-editor.default\">\n\t\t\t\t<div class=\"elementor-widget-container\">\n\t\t\t\t\t\t\t\t\t<p><em>\u00abLas emociones o las circunstancias pueden impulsar el apoyar, pero el coraz\u00f3n impulsa a asociarse\u00bb. <\/em><\/p><p>En God\u2019s Heart TV, nuestra pasi\u00f3n es difundir las Buenas Nuevas de Jesucristo por todo el mundo y mostrar de forma pr\u00e1ctica el amor de Dios a los necesitados. Jes\u00fas dijo a Sus disc\u00edpulos en <strong>Mateo 10:8<\/strong>: \u00abDe gracia recibisteis, dad de gracia\u00bb. No cobramos por lo que hacemos, sino que nos financiamos gracias a colaboradores que comparten la misma visi\u00f3n.<br \/>Si tu coraz\u00f3n est\u00e1 de acuerdo con esta misi\u00f3n y Dios te ha impulsado a asociarte econ\u00f3micamente con God\u2019s Heart TV, puedes hacer una donaci\u00f3n mensual o puntual completando el formulario en esta p\u00e1gina.<\/p><p>Recuerda: las personas de conciencia dan por el impulso del Esp\u00edritu Santo dentro de su esp\u00edritu <strong>(\u00c9xodo 25:2)<\/strong>. Cuando das libremente de coraz\u00f3n, todo lo que des ser\u00e1 una bendici\u00f3n para ti y para la persona o el ministerio que apoyas. Gracias por tu amor. \u00a1Dios te bendiga!<\/p>\t\t\t\t\t\t\t\t<\/div>\n\t\t\t\t<\/div>\n\t\t\t\t\t<\/div>\n\t\t<\/div>\n\t\t\t\t<div class=\"elementor-column elementor-col-50 elementor-top-column elementor-element elementor-element-15b3cb2\" data-id=\"15b3cb2\" data-element_type=\"column\" data-e-type=\"column\">\n\t\t\t<div class=\"elementor-widget-wrap elementor-element-populated\">\n\t\t\t\t\t\t<div class=\"elementor-element elementor-element-7c9ecfb elementor-widget elementor-widget-heading\" data-id=\"7c9ecfb\" data-element_type=\"widget\" data-e-type=\"widget\" data-widget_type=\"heading.default\">\n\t\t\t\t<div class=\"elementor-widget-container\">\n\t\t\t\t\t<h4 class=\"elementor-heading-title elementor-size-default\">Formulario de donaci\u00f3n segura<\/h4>\t\t\t\t<\/div>\n\t\t\t\t<\/div>\n\t\t\t\t<div class=\"elementor-element elementor-element-d94dca9 elementor-widget elementor-widget-html\" data-id=\"d94dca9\" data-element_type=\"widget\" data-e-type=\"widget\" data-widget_type=\"html.default\">\n\t\t\t\t<div class=\"elementor-widget-container\">\n\t\t\t\t\t<a href=\"#XHWYJFTA\" style=\"display: none\"><\/a>\t\t\t\t<\/div>\n\t\t\t\t<\/div>\n\t\t\t\t\t<\/div>\n\t\t<\/div>\n\t\t\t\t\t<\/div>\n\t\t<\/section>\n\t\t<div class=\"elementor-element elementor-element-1d54441 e-flex e-con-boxed e-con e-parent\" data-id=\"1d54441\" data-element_type=\"container\" data-e-type=\"container\">\n\t\t\t\t\t<div class=\"e-con-inner\">\n\t\t\t\t<div class=\"elementor-element elementor-element-0fa5b2f elementor-widget elementor-widget-text-editor\" data-id=\"0fa5b2f\" data-element_type=\"widget\" data-e-type=\"widget\" data-widget_type=\"text-editor.default\">\n\t\t\t\t<div class=\"elementor-widget-container\">\n\t\t\t\t\t\t\t\t\t<p>Tambi\u00e9n puede donar por transferencia bancaria directa utilizando <a href=\"https:\/\/godsheart.tv\/es\/banco\/\" rel=\"noopener\"><strong>los datos bancarios de God&#8217;s Heart TV<\/strong><\/a>.<\/p>\t\t\t\t\t\t\t\t<\/div>\n\t\t\t\t<\/div>\n\t\t\t\t<div class=\"elementor-element elementor-element-c0a3cb1 elementor-widget elementor-widget-text-editor\" data-id=\"c0a3cb1\" data-element_type=\"widget\" data-e-type=\"widget\" data-widget_type=\"text-editor.default\">\n\t\t\t\t<div class=\"elementor-widget-container\">\n\t\t\t\t\t\t\t\t\t<p><strong>Nota:<\/strong><br \/>God&#8217;s Heart TV es una organizaci\u00f3n sin \u00e1nimo de lucro registrada en el Reino Unido. Como no somos una organizaci\u00f3n ben\u00e9fica registrada, las donaciones a God&#8217;s Heart TV no son elegibles para la deducci\u00f3n de impuestos o Gift Aid.<\/p>\t\t\t\t\t\t\t\t<\/div>\n\t\t\t\t<\/div>\n\t\t\t\t\t<\/div>\n\t\t\t\t<\/div>\n\t\t\t\t<\/div>\n\t\t","protected":false},"excerpt":{"rendered":"<p>Asociaci\u00f3n financiera \u00abLas emociones o las circunstancias pueden impulsar el apoyar, pero el coraz\u00f3n impulsa a asociarse\u00bb. En God\u2019s Heart TV, nuestra pasi\u00f3n es difundir las Buenas Nuevas de Jesucristo por todo el mundo y mostrar de forma pr\u00e1ctica el amor de Dios a los necesitados. Jes\u00fas dijo a Sus [&hellip;]<\/p>\n","protected":false},"author":1,"featured_media":0,"parent":0,"menu_order":0,"comment_status":"closed","ping_status":"closed","template":"page-templates\/full-width-transparent.php","meta":{"content-type":"","footnotes":""},"class_list":["post-7670","page","type-page","status-publish","hentry"],"_links":{"self":[{"href":"https:\/\/godsheart.tv\/es\/wp-json\/wp\/v2\/pages\/7670","targetHints":{"allow":["GET"]}}],"collection":[{"href":"https:\/\/godsheart.tv\/es\/wp-json\/wp\/v2\/pages"}],"about":[{"href":"https:\/\/godsheart.tv\/es\/wp-json\/wp\/v2\/types\/page"}],"author":[{"embeddable":true,"href":"https:\/\/godsheart.tv\/es\/wp-json\/wp\/v2\/users\/1"}],"replies":[{"embeddable":true,"href":"https:\/\/godsheart.tv\/es\/wp-json\/wp\/v2\/comments?post=7670"}],"version-history":[{"count":19,"href":"https:\/\/godsheart.tv\/es\/wp-json\/wp\/v2\/pages\/7670\/revisions"}],"predecessor-version":[{"id":18897,"href":"https:\/\/godsheart.tv\/es\/wp-json\/wp\/v2\/pages\/7670\/revisions\/18897"}],"wp:attachment":[{"href":"https:\/\/godsheart.tv\/es\/wp-json\/wp\/v2\/media?parent=7670"}],"curies":[{"name":"wp","href":"https:\/\/api.w.org\/{rel}","templated":true}]}}