{"id":11187,"date":"2024-03-01T14:52:56","date_gmt":"2024-03-01T14:52:56","guid":{"rendered":"https:\/\/godsheart.tv\/newdesign\/?page_id=11187"},"modified":"2025-07-09T16:05:08","modified_gmt":"2025-07-09T15:05:08","slug":"whatsapp","status":"publish","type":"page","link":"https:\/\/godsheart.tv\/fr\/whatsapp\/","title":{"rendered":"Encouragement quotidien WhatsApp"},"content":{"rendered":"\t\t<div data-elementor-type=\"wp-page\" data-elementor-id=\"11187\" class=\"elementor elementor-11187\">\n\t\t\t\t<div class=\"elementor-element elementor-element-2cbac3f e-flex e-con-boxed e-con e-parent\" data-id=\"2cbac3f\" data-element_type=\"container\" data-e-type=\"container\">\n\t\t\t\t\t<div class=\"e-con-inner\">\n\t\t\t\t<div class=\"elementor-element elementor-element-5cc48f2 elementor-widget elementor-widget-text-editor\" data-id=\"5cc48f2\" data-element_type=\"widget\" data-e-type=\"widget\" data-widget_type=\"text-editor.default\">\n\t\t\t\t<div class=\"elementor-widget-container\">\n\t\t\t\t\t\t\t\t\t<p>Voulez-vous recevoir chaque jour des mots d&rsquo;encouragement, de courts extraits de sermons, des t\u00e9moignages \u00e9difiants et des mises \u00e0 jour r\u00e9guli\u00e8res de Fr\u00e8re Chris et de l&rsquo;\u00e9quipe de God&rsquo;s Heart TV sur WhatsApp ?<\/p><p>Cliquez simplement sur ce lien &#8211; <a href=\"https:\/\/whatsapp.com\/channel\/0029VaEKmrs3bbVA7fxPZp1U\">https:\/\/whatsapp.com\/channel\/0029VaEKmrs3bbVA7fxPZp1U<\/a> &#8211; et acceptez l&rsquo;invitation \u00e0 suivre le canal d&rsquo;encouragement quotidien de God&rsquo;s Heart TV sur WhatsApp. Une fois que vous aurez suivi la cha\u00eene, vous commencerez \u00e0 recevoir des encouragements quotidiens directement sur votre t\u00e9l\u00e9phone via WhatsApp !<\/p><p>Veuillez noter que nous respectons votre vie priv\u00e9e et que le fait de suivre cette cha\u00eene ne partage PAS vos coordonn\u00e9es avec quelqu&rsquo;un d&rsquo;autre. Vous \u00eates \u00e9galement libre d&rsquo;arr\u00eater de suivre la cha\u00eene \u00e0 tout moment.<\/p><p>Nous vous encourageons vivement \u00e0 partager les messages et les mots d&rsquo;encouragement que vous recevez de God&rsquo;s Heart TV avec vos autres contacts, par le biais de vos canaux de m\u00e9dias sociaux ou via votre statut WhatsApp ! N&rsquo;oubliez pas que chaque chr\u00e9tien est un missionnaire, un \u00e9vang\u00e9liste et un t\u00e9moin !<\/p><p>Si l&rsquo;un de vos amis, membres de votre famille ou coll\u00e8gues souhaite recevoir ces mots d&rsquo;encouragement quotidiens, vous pouvez partager le lien avec eux pour les inviter \u00e0 suivre la cha\u00eene, ou les diriger vers cette page.<\/p>\t\t\t\t\t\t\t\t<\/div>\n\t\t\t\t<\/div>\n\t\t\t\t\t<\/div>\n\t\t\t\t<\/div>\n\t\t\t\t<\/div>\n\t\t","protected":false},"excerpt":{"rendered":"<p>Voulez-vous recevoir chaque jour des mots d&rsquo;encouragement, de courts extraits de sermons, des t\u00e9moignages \u00e9difiants et des mises \u00e0 jour r\u00e9guli\u00e8res de Fr\u00e8re Chris et de l&rsquo;\u00e9quipe de God&rsquo;s Heart TV sur WhatsApp ? Cliquez simplement sur ce lien &#8211; https:\/\/whatsapp.com\/channel\/0029VaEKmrs3bbVA7fxPZp1U &#8211; et acceptez l&rsquo;invitation \u00e0 suivre le canal d&rsquo;encouragement [&hellip;]<\/p>\n","protected":false},"author":1,"featured_media":0,"parent":0,"menu_order":0,"comment_status":"closed","ping_status":"closed","template":"page-templates\/full-width-builder-bb.php","meta":{"content-type":"","footnotes":""},"class_list":["post-11187","page","type-page","status-publish","hentry"],"_links":{"self":[{"href":"https:\/\/godsheart.tv\/fr\/wp-json\/wp\/v2\/pages\/11187","targetHints":{"allow":["GET"]}}],"collection":[{"href":"https:\/\/godsheart.tv\/fr\/wp-json\/wp\/v2\/pages"}],"about":[{"href":"https:\/\/godsheart.tv\/fr\/wp-json\/wp\/v2\/types\/page"}],"author":[{"embeddable":true,"href":"https:\/\/godsheart.tv\/fr\/wp-json\/wp\/v2\/users\/1"}],"replies":[{"embeddable":true,"href":"https:\/\/godsheart.tv\/fr\/wp-json\/wp\/v2\/comments?post=11187"}],"version-history":[{"count":4,"href":"https:\/\/godsheart.tv\/fr\/wp-json\/wp\/v2\/pages\/11187\/revisions"}],"predecessor-version":[{"id":19467,"href":"https:\/\/godsheart.tv\/fr\/wp-json\/wp\/v2\/pages\/11187\/revisions\/19467"}],"wp:attachment":[{"href":"https:\/\/godsheart.tv\/fr\/wp-json\/wp\/v2\/media?parent=11187"}],"curies":[{"name":"wp","href":"https:\/\/api.w.org\/{rel}","templated":true}]}}