{"id":11203,"date":"2024-03-01T15:02:36","date_gmt":"2024-03-01T15:02:36","guid":{"rendered":"https:\/\/godsheart.tv\/newdesign\/?page_id=11203"},"modified":"2025-07-09T17:26:14","modified_gmt":"2025-07-09T16:26:14","slug":"banque","status":"publish","type":"page","link":"https:\/\/godsheart.tv\/fr\/banque\/","title":{"rendered":"Coordonn\u00e9es bancaires"},"content":{"rendered":"\t\t<div data-elementor-type=\"wp-page\" data-elementor-id=\"11203\" class=\"elementor elementor-11203\">\n\t\t\t\t<div class=\"elementor-element elementor-element-2cbac3f e-flex e-con-boxed e-con e-parent\" data-id=\"2cbac3f\" data-element_type=\"container\" data-e-type=\"container\">\n\t\t\t\t\t<div class=\"e-con-inner\">\n\t\t\t\t<div class=\"elementor-element elementor-element-5cc48f2 elementor-widget elementor-widget-text-editor\" data-id=\"5cc48f2\" data-element_type=\"widget\" data-e-type=\"widget\" data-widget_type=\"text-editor.default\">\n\t\t\t\t<div class=\"elementor-widget-container\">\n\t\t\t\t\t\t\t\t\t<p>Voici les coordonn\u00e9es bancaires de God&rsquo;s Heart TV :<\/p><p><em>Nom du compte:<\/em> God\u2019s Heart TV<br \/><em>Num\u00e9ro de compte:<\/em> 72343908<br \/><em>Code du compte:<\/em> 40-03-33<br \/><em>IBAN:<\/em> GB71HBUK40033372343908<br \/><em>Code SWIFT (BIC) :<\/em> HBUKGB4141B<br \/><em>Devise du compte:<\/em> Livre sterling (GBP)<br \/><em>Nom &amp; adresse de la banque:<\/em> HSBC UK Bank PLC, 25 Islington High St, London N1 9LJ, United Kingdom<\/p><p>Si vous faites un don unique par virement bancaire, ou si vous \u00e9tablissez un don r\u00e9gulier par ordre permanent, veuillez nous en informer par email \u00e0 <a href=\"mailto:donations@godsheart.tv\">donations@godsheart.tv<\/a><\/p>\t\t\t\t\t\t\t\t<\/div>\n\t\t\t\t<\/div>\n\t\t\t\t\t<\/div>\n\t\t\t\t<\/div>\n\t\t\t\t<\/div>\n\t\t","protected":false},"excerpt":{"rendered":"<p>Voici les coordonn\u00e9es bancaires de God&rsquo;s Heart TV : Nom du compte: God\u2019s Heart TVNum\u00e9ro de compte: 72343908Code du compte: 40-03-33IBAN: GB71HBUK40033372343908Code SWIFT (BIC) : HBUKGB4141BDevise du compte: Livre sterling (GBP)Nom &amp; adresse de la banque: HSBC UK Bank PLC, 25 Islington High St, London N1 9LJ, United Kingdom Si [&hellip;]<\/p>\n","protected":false},"author":1,"featured_media":0,"parent":0,"menu_order":0,"comment_status":"closed","ping_status":"closed","template":"page-templates\/full-width-builder-bb.php","meta":{"content-type":"","footnotes":""},"class_list":["post-11203","page","type-page","status-publish","hentry"],"_links":{"self":[{"href":"https:\/\/godsheart.tv\/fr\/wp-json\/wp\/v2\/pages\/11203","targetHints":{"allow":["GET"]}}],"collection":[{"href":"https:\/\/godsheart.tv\/fr\/wp-json\/wp\/v2\/pages"}],"about":[{"href":"https:\/\/godsheart.tv\/fr\/wp-json\/wp\/v2\/types\/page"}],"author":[{"embeddable":true,"href":"https:\/\/godsheart.tv\/fr\/wp-json\/wp\/v2\/users\/1"}],"replies":[{"embeddable":true,"href":"https:\/\/godsheart.tv\/fr\/wp-json\/wp\/v2\/comments?post=11203"}],"version-history":[{"count":4,"href":"https:\/\/godsheart.tv\/fr\/wp-json\/wp\/v2\/pages\/11203\/revisions"}],"predecessor-version":[{"id":19478,"href":"https:\/\/godsheart.tv\/fr\/wp-json\/wp\/v2\/pages\/11203\/revisions\/19478"}],"wp:attachment":[{"href":"https:\/\/godsheart.tv\/fr\/wp-json\/wp\/v2\/media?parent=11203"}],"curies":[{"name":"wp","href":"https:\/\/api.w.org\/{rel}","templated":true}]}}