{"id":11278,"date":"2024-03-01T18:17:58","date_gmt":"2024-03-01T18:17:58","guid":{"rendered":"https:\/\/godsheart.tv\/newdesign\/?page_id=11278"},"modified":"2025-07-09T16:21:29","modified_gmt":"2025-07-09T15:21:29","slug":"instructions","status":"publish","type":"page","link":"https:\/\/godsheart.tv\/fr\/instructions\/","title":{"rendered":"Les Instructions de T\u00e9moignage"},"content":{"rendered":"\t\t<div data-elementor-type=\"wp-page\" data-elementor-id=\"11278\" class=\"elementor elementor-11278\">\n\t\t\t\t<div class=\"elementor-element elementor-element-2cbac3f e-flex e-con-boxed e-con e-parent\" data-id=\"2cbac3f\" data-element_type=\"container\" data-e-type=\"container\">\n\t\t\t\t\t<div class=\"e-con-inner\">\n\t\t\t\t<div class=\"elementor-element elementor-element-5cc48f2 elementor-widget elementor-widget-text-editor\" data-id=\"5cc48f2\" data-element_type=\"widget\" data-e-type=\"widget\" data-widget_type=\"text-editor.default\">\n\t\t\t\t<div class=\"elementor-widget-container\">\n\t\t\t\t\t\t\t\t\t<p>Premi\u00e8re \u00e9tape \u2013 INTRODUCTION<br \/><em>Veuillez vous pr\u00e9senter en indiquant votre pr\u00e9nom et votre pays de r\u00e9sidence.<\/em><\/p><p>Deuxi\u00e8me \u00e9tape \u2013 AVANT<br \/><em>Quels sont les d\u00e9fis auxquels vous avez \u00e9t\u00e9 confront\u00e9s ? Comment cela a-t-il affect\u00e9 votre vie quotidienne ? Quelles d\u00e9marches avez-vous entrepris pour trouver une solution ? Comment avez-vous d\u00e9couvert God\u2019s Heart TV\/Fr\u00e8re Chris ?<\/em><\/p><p>Troisi\u00e8me \u00e9tape \u2013 LA PRI\u00c8RE<br \/><em>Comment avez-vous re\u00e7u votre gu\u00e9rison, votre miracle, votre d\u00e9livrance, votre perc\u00e9e ? Quelle a \u00e9t\u00e9 l\u2019exp\u00e9rience sp\u00e9cifique que vous avez v\u00e9cue \u00e0 ce moment-l\u00e0 (le cas \u00e9ch\u00e9ant) ?<\/em><\/p><p>Quatri\u00e8me \u00e9tape \u2013 APR\u00c8S<br \/><em>Quels sont les changements dans votre vie apr\u00e8s cette rencontre ? Comment votre vie spirituelle a-t-elle \u00e9volu\u00e9 depuis lors ?<\/em><\/p><p>Cinqui\u00e8me \u00e9tape \u2013 CONSEILS<br \/><em>Quel conseil ou encouragement donneriez-vous \u00e0 ceux qui entendent votre t\u00e9moignage ?<\/em><\/p><p><b>SOUMISSION DE VID\u00c9O:<br \/><\/b>Par souci de simplicit\u00e9, nous vous recommandons d\u2019utiliser un smartphone pour enregistrer votre t\u00e9moignage.<br \/>Id\u00e9alement, votre t\u00e9moignage initial devrait durer environ une minute.<\/p><p>Veillez \u00e0 ce que:<br \/>&#8211; L\u2019arri\u00e8re-plan est soign\u00e9 et l\u2019\u00e9clairage ad\u00e9quat.<br \/>&#8211; Vos v\u00eatements sont respectables.<br \/>&#8211; Vous laissez suffisamment d\u2019espace au-dessus de votre t\u00eate lorsque vous filmez.<br \/>&#8211; Vous aillez pr\u00e8s de vous des rapports m\u00e9dicaux ou des dispositifs que vous avez l\u2019intention de pr\u00e9senter lors du t\u00e9moignage.<br \/>&#8211; Vos propos sont clairs et concis.<\/p><p>Nous nous r\u00e9jouissons de recevoir votre merveilleux t\u00e9moignage \u2013 pour la gloire de Dieu !<\/p>\t\t\t\t\t\t\t\t<\/div>\n\t\t\t\t<\/div>\n\t\t\t\t<div class=\"elementor-element elementor-element-5098c33 elementor-widget elementor-widget-button\" data-id=\"5098c33\" data-element_type=\"widget\" data-e-type=\"widget\" data-widget_type=\"button.default\">\n\t\t\t\t<div class=\"elementor-widget-container\">\n\t\t\t\t\t\t\t\t\t<div class=\"elementor-button-wrapper\">\n\t\t\t\t\t<a class=\"elementor-button elementor-button-link elementor-size-sm\" href=\"https:\/\/godsheart.tv\/fr\/partagez-votre-temoignage\/\">\n\t\t\t\t\t\t<span class=\"elementor-button-content-wrapper\">\n\t\t\t\t\t\t\t\t\t<span class=\"elementor-button-text\">Partagez votre t\u00e9moignage<\/span>\n\t\t\t\t\t<\/span>\n\t\t\t\t\t<\/a>\n\t\t\t\t<\/div>\n\t\t\t\t\t\t\t\t<\/div>\n\t\t\t\t<\/div>\n\t\t\t\t\t<\/div>\n\t\t\t\t<\/div>\n\t\t\t\t<\/div>\n\t\t","protected":false},"excerpt":{"rendered":"<p>Premi\u00e8re \u00e9tape \u2013 INTRODUCTIONVeuillez vous pr\u00e9senter en indiquant votre pr\u00e9nom et votre pays de r\u00e9sidence. Deuxi\u00e8me \u00e9tape \u2013 AVANTQuels sont les d\u00e9fis auxquels vous avez \u00e9t\u00e9 confront\u00e9s ? Comment cela a-t-il affect\u00e9 votre vie quotidienne ? Quelles d\u00e9marches avez-vous entrepris pour trouver une solution ? Comment avez-vous d\u00e9couvert God\u2019s Heart [&hellip;]<\/p>\n","protected":false},"author":1,"featured_media":0,"parent":0,"menu_order":0,"comment_status":"closed","ping_status":"closed","template":"page-templates\/full-width-builder-bb.php","meta":{"content-type":"","footnotes":""},"class_list":["post-11278","page","type-page","status-publish","hentry"],"_links":{"self":[{"href":"https:\/\/godsheart.tv\/fr\/wp-json\/wp\/v2\/pages\/11278","targetHints":{"allow":["GET"]}}],"collection":[{"href":"https:\/\/godsheart.tv\/fr\/wp-json\/wp\/v2\/pages"}],"about":[{"href":"https:\/\/godsheart.tv\/fr\/wp-json\/wp\/v2\/types\/page"}],"author":[{"embeddable":true,"href":"https:\/\/godsheart.tv\/fr\/wp-json\/wp\/v2\/users\/1"}],"replies":[{"embeddable":true,"href":"https:\/\/godsheart.tv\/fr\/wp-json\/wp\/v2\/comments?post=11278"}],"version-history":[{"count":10,"href":"https:\/\/godsheart.tv\/fr\/wp-json\/wp\/v2\/pages\/11278\/revisions"}],"predecessor-version":[{"id":18839,"href":"https:\/\/godsheart.tv\/fr\/wp-json\/wp\/v2\/pages\/11278\/revisions\/18839"}],"wp:attachment":[{"href":"https:\/\/godsheart.tv\/fr\/wp-json\/wp\/v2\/media?parent=11278"}],"curies":[{"name":"wp","href":"https:\/\/api.w.org\/{rel}","templated":true}]}}