{"id":11414,"date":"2024-03-01T21:27:18","date_gmt":"2024-03-01T21:27:18","guid":{"rendered":"https:\/\/godsheart.tv\/newdesign\/?page_id=11414"},"modified":"2025-07-09T16:23:50","modified_gmt":"2025-07-09T15:23:50","slug":"charite","status":"publish","type":"page","link":"https:\/\/godsheart.tv\/fr\/charite\/","title":{"rendered":"Projets Caritatifs"},"content":{"rendered":"\t\t<div data-elementor-type=\"wp-page\" data-elementor-id=\"11414\" class=\"elementor elementor-11414\">\n\t\t\t\t<div class=\"elementor-element elementor-element-2cbac3f e-flex e-con-boxed e-con e-parent\" data-id=\"2cbac3f\" data-element_type=\"container\" data-e-type=\"container\">\n\t\t\t\t\t<div class=\"e-con-inner\">\n\t\t\t\t<div class=\"elementor-element elementor-element-5cc48f2 elementor-widget elementor-widget-text-editor\" data-id=\"5cc48f2\" data-element_type=\"widget\" data-e-type=\"widget\" data-widget_type=\"text-editor.default\">\n\t\t\t\t<div class=\"elementor-widget-container\">\n\t\t\t\t\t\t\t\t\t<p><em>\u00ab En tant que Chr\u00e9tiens, c\u2019est une responsabilit\u00e9 sacr\u00e9e de prendre soin des moins privil\u00e9gi\u00e9s parmi nous.\u00bb<\/em><em>\u00a0<\/em><\/p><p>L&rsquo;une des principales missions de God&rsquo;s Heart TV est de partager l&rsquo;amour de Dieu dans le cadre de projets caritatifs, sachant que la preuve de notre amour pour Dieu est le d\u00e9bordement de cet amour sur les autres.<\/p><p>Voici quelques reportages sur les r\u00e9cents projets humanitaires de God\u2019s Heart TV, qui ont eu lieu dans des pays comme la Colombie, le Honduras, le Malawi, la R\u00e9publique D\u00e9mocratique du Congo, le Mexique, le Kazakhstan et le Royaume-Uni. Vous pouvez \u00e9galement regarder de <a href=\"https:\/\/godsheart.tv\/fr\/portfolio\/charity\/\">courts documentaires vid\u00e9o de certains de ces projets ici.<\/a><\/p>\t\t\t\t\t\t\t\t<\/div>\n\t\t\t\t<\/div>\n\t\t\t\t\t<\/div>\n\t\t\t\t<\/div>\n\t\t<div class=\"elementor-element elementor-element-e5b7cdb e-flex e-con-boxed e-con e-parent\" data-id=\"e5b7cdb\" data-element_type=\"container\" data-e-type=\"container\">\n\t\t\t\t\t<div class=\"e-con-inner\">\n\t\t\t\t<div class=\"elementor-element elementor-element-b2ba544 elementor-grid-3 elementor-grid-tablet-2 elementor-grid-mobile-1 elementor-widget elementor-widget-wpzoom-elementor-addons-posts-grid\" data-id=\"b2ba544\" data-element_type=\"widget\" data-e-type=\"widget\" data-settings=\"{&quot;columns&quot;:&quot;3&quot;,&quot;columns_tablet&quot;:&quot;2&quot;,&quot;columns_mobile&quot;:&quot;1&quot;}\" data-widget_type=\"wpzoom-elementor-addons-posts-grid.default\">\n\t\t\t\t<div class=\"elementor-widget-container\">\n\t\t\t\t\t\t\t<div \n\t\t\tclass=\"wpz-grid\" \n\t\t\tdata-uid=\"b2ba544\"\n\t\t\tdata-offset=\"12\"\n\t\t\tdata-posts-grid='{\"posts_per_page\":12,\"post_status\":\"publish\",\"paged\":1,\"post__not_in\":[],\"ignore_sticky_posts\":true,\"category_name\":\"charity\",\"orderby\":\"post_date\",\"order\":\"desc\",\"offset\":12,\"show_image\":\"yes\",\"post_thumbnail_size\":\"portfolio_item-thumbnail\",\"show_title\":\"yes\",\"title_tag\":\"h3\",\"meta_data\":[\"date\"],\"show_excerpt\":\"yes\",\"excerpt_length\":80,\"show_read_more\":\"yes\",\"read_more_text\":\"Lire la suite \\u00bb\",\"grid_style\":\"1\",\"total\":3}'>\n\t\t\t\t\t\t<div class=\"wpz-grid-container elementor-grid wpz-grid-desktop-3  wpz-grid-tablet-2  wpz-grid-mobile-1 \">\n\t\t\t\t\n        <article id=\"post-19317\" class=\"wpz-post post-19317 post type-post status-publish format-standard has-post-thumbnail hentry category-charity\">\n         \n            <div class=\"post-grid-inner\">\n            \t\n            \t\t\t\t<div class=\"post-grid-thumbnail\">\n\t\t\t\t<a href=\"https:\/\/godsheart.tv\/fr\/blog\/2024\/04\/01\/visite-caritative-dans-une-maison-de-retraite-en-colombie\/\" title=\"VISITE CARITATIVE DANS UNE MAISON DE RETRAITE EN COLOMBIE!\">\n\t\t\t\t\t<img fetchpriority=\"high\" decoding=\"async\" width=\"600\" height=\"400\" src=\"https:\/\/godsheart.tv\/fr\/wp-content\/uploads\/2024\/04\/IMG_6333-Large-2-600x400.jpg\" class=\"attachment-portfolio_item-thumbnail size-portfolio_item-thumbnail wp-post-image\" alt=\"\" srcset=\"https:\/\/godsheart.tv\/fr\/wp-content\/uploads\/2024\/04\/IMG_6333-Large-2-600x400.jpg 600w, https:\/\/godsheart.tv\/fr\/wp-content\/uploads\/2024\/04\/IMG_6333-Large-2-1200x800.jpg 1200w\" sizes=\"(max-width: 600px) 100vw, 600px\" \/>\t\t\t\t<\/a>\n\t\t\t<\/div>\n\t\t\n                <div class=\"post-grid-text-wrap\">\n               \t\t\t\t<h3 class=\"title\">\n\t\t\t<a href=\"https:\/\/godsheart.tv\/fr\/blog\/2024\/04\/01\/visite-caritative-dans-une-maison-de-retraite-en-colombie\/\" title=\"VISITE CARITATIVE DANS UNE MAISON DE RETRAITE EN COLOMBIE!\">VISITE CARITATIVE DANS UNE MAISON DE RETRAITE EN COLOMBIE!<\/a>\n\t\t<\/h3>\n\t\t\t                \t\t<div class=\"post-grid-meta\">\n\t\t\t<span class=\"post-date\">avril 1, 2024<\/span>\t\t<\/div>\n\t\t\t                <div class=\"post-grid-excerpt\"><p>En cette p\u00e9riode de P\u00e2ques, Fr\u00e8re Chris et Allison ont conduit l&rsquo;\u00e9quipe de God&rsquo;s Heart TV lors d&rsquo;une visite \u00e0 la maison de retraite San Mateo \u00e0 Cali, en Colombie. De nombreux r\u00e9sidents de cet \u00e9tablissement, dont certains ont plus de 80 ans, ont \u00e9t\u00e9 abandonn\u00e9s par des membres de leur famille et se voient offrir un lieu de refuge pour les derniers jours de leur vie. Certains souffrent \u00e9galement de handicaps mentaux ou physiques. Apr\u00e8s avoir offert des rafra\u00eechissements&hellip;<\/p>\n<\/div>\t                <a class=\"read-more-btn\" href=\"https:\/\/godsheart.tv\/fr\/blog\/2024\/04\/01\/visite-caritative-dans-une-maison-de-retraite-en-colombie\/\">Lire la suite \u00bb<\/a>                <\/div>\n\n            <\/div><!-- .blog-inner -->\n           \n        <\/article>\n\n        \n        <article id=\"post-19329\" class=\"wpz-post post-19329 post type-post status-publish format-standard has-post-thumbnail hentry category-charity\">\n         \n            <div class=\"post-grid-inner\">\n            \t\n            \t\t\t\t<div class=\"post-grid-thumbnail\">\n\t\t\t\t<a href=\"https:\/\/godsheart.tv\/fr\/blog\/2024\/02\/18\/action-humanitaire-en-faveur-des-enfants-de-veracruz-au-mexique\/\" title=\"ACTION HUMANITAIRE EN FAVEUR DES ENFANTS DE VERACRUZ, AU MEXIQUE!\">\n\t\t\t\t\t<img decoding=\"async\" width=\"600\" height=\"400\" src=\"https:\/\/godsheart.tv\/fr\/wp-content\/uploads\/2025\/07\/x33-Large-2-600x400.jpg\" class=\"attachment-portfolio_item-thumbnail size-portfolio_item-thumbnail wp-post-image\" alt=\"\" srcset=\"https:\/\/godsheart.tv\/fr\/wp-content\/uploads\/2025\/07\/x33-Large-2-600x400.jpg 600w, https:\/\/godsheart.tv\/fr\/wp-content\/uploads\/2025\/07\/x33-Large-2-1200x800.jpg 1200w\" sizes=\"(max-width: 600px) 100vw, 600px\" \/>\t\t\t\t<\/a>\n\t\t\t<\/div>\n\t\t\n                <div class=\"post-grid-text-wrap\">\n               \t\t\t\t<h3 class=\"title\">\n\t\t\t<a href=\"https:\/\/godsheart.tv\/fr\/blog\/2024\/02\/18\/action-humanitaire-en-faveur-des-enfants-de-veracruz-au-mexique\/\" title=\"ACTION HUMANITAIRE EN FAVEUR DES ENFANTS DE VERACRUZ, AU MEXIQUE!\">ACTION HUMANITAIRE EN FAVEUR DES ENFANTS DE VERACRUZ, AU MEXIQUE!<\/a>\n\t\t<\/h3>\n\t\t\t                \t\t<div class=\"post-grid-meta\">\n\t\t\t<span class=\"post-date\">f\u00e9vrier 18, 2024<\/span>\t\t<\/div>\n\t\t\t                <div class=\"post-grid-excerpt\"><p>En janvier 2024, l\u2019\u00e9quipe de t\u00e9l\u00e9vision de God\u2019s Heart s\u2019est rendue dans une communaut\u00e9 rurale de Veracruz, au Mexique. Dans le cadre d\u2019une action de sensibilisation particuli\u00e8rement ax\u00e9e sur le minist\u00e8re aupr\u00e8s des enfants d\u00e9favoris\u00e9s du quartier, l\u2019\u00e9quipe a apport\u00e9 des rafra\u00eechissements et organis\u00e9 des activit\u00e9s de loisirs. De la nourriture et des articles d\u2019hygi\u00e8ne ont \u00e9t\u00e9 distribu\u00e9s aux repr\u00e9sentants des familles et des mots d\u2019espoir et d\u2019encouragement ont \u00e9t\u00e9 \u00e9chang\u00e9s avec les enfants et leurs parents. Nous remercions Dieu&hellip;<\/p>\n<\/div>\t                <a class=\"read-more-btn\" href=\"https:\/\/godsheart.tv\/fr\/blog\/2024\/02\/18\/action-humanitaire-en-faveur-des-enfants-de-veracruz-au-mexique\/\">Lire la suite \u00bb<\/a>                <\/div>\n\n            <\/div><!-- .blog-inner -->\n           \n        <\/article>\n\n        \n        <article id=\"post-19421\" class=\"wpz-post post-19421 post type-post status-publish format-standard has-post-thumbnail hentry category-charity\">\n         \n            <div class=\"post-grid-inner\">\n            \t\n            \t\t\t\t<div class=\"post-grid-thumbnail\">\n\t\t\t\t<a href=\"https:\/\/godsheart.tv\/fr\/blog\/2024\/01\/29\/projet-caritatif-de-gods-heart-tv-dans-la-communaute-de-corozalito-honduras\/\" title=\"PROJET CARITATIF DE GOD&rsquo;S HEART TV DANS LA COMMUNAUT\u00c9 DE COROZALITO, HONDURAS!\">\n\t\t\t\t\t<img decoding=\"async\" width=\"600\" height=\"400\" src=\"https:\/\/godsheart.tv\/fr\/wp-content\/uploads\/2025\/07\/DSC04540-Large-2-600x400.jpg\" class=\"attachment-portfolio_item-thumbnail size-portfolio_item-thumbnail wp-post-image\" alt=\"\" srcset=\"https:\/\/godsheart.tv\/fr\/wp-content\/uploads\/2025\/07\/DSC04540-Large-2-600x400.jpg 600w, https:\/\/godsheart.tv\/fr\/wp-content\/uploads\/2025\/07\/DSC04540-Large-2-300x200.jpg 300w, https:\/\/godsheart.tv\/fr\/wp-content\/uploads\/2025\/07\/DSC04540-Large-2-1024x683.jpg 1024w, https:\/\/godsheart.tv\/fr\/wp-content\/uploads\/2025\/07\/DSC04540-Large-2-768x512.jpg 768w, https:\/\/godsheart.tv\/fr\/wp-content\/uploads\/2025\/07\/DSC04540-Large-2-1536x1024.jpg 1536w, https:\/\/godsheart.tv\/fr\/wp-content\/uploads\/2025\/07\/DSC04540-Large-2-1000x667.jpg 1000w, https:\/\/godsheart.tv\/fr\/wp-content\/uploads\/2025\/07\/DSC04540-Large-2-840x560.jpg 840w, https:\/\/godsheart.tv\/fr\/wp-content\/uploads\/2025\/07\/DSC04540-Large-2-1200x800.jpg 1200w, https:\/\/godsheart.tv\/fr\/wp-content\/uploads\/2025\/07\/DSC04540-Large-2-24x16.jpg 24w, https:\/\/godsheart.tv\/fr\/wp-content\/uploads\/2025\/07\/DSC04540-Large-2-36x24.jpg 36w, https:\/\/godsheart.tv\/fr\/wp-content\/uploads\/2025\/07\/DSC04540-Large-2-48x32.jpg 48w, https:\/\/godsheart.tv\/fr\/wp-content\/uploads\/2025\/07\/DSC04540-Large-2.jpg 1620w\" sizes=\"(max-width: 600px) 100vw, 600px\" \/>\t\t\t\t<\/a>\n\t\t\t<\/div>\n\t\t\n                <div class=\"post-grid-text-wrap\">\n               \t\t\t\t<h3 class=\"title\">\n\t\t\t<a href=\"https:\/\/godsheart.tv\/fr\/blog\/2024\/01\/29\/projet-caritatif-de-gods-heart-tv-dans-la-communaute-de-corozalito-honduras\/\" title=\"PROJET CARITATIF DE GOD&rsquo;S HEART TV DANS LA COMMUNAUT\u00c9 DE COROZALITO, HONDURAS!\">PROJET CARITATIF DE GOD&rsquo;S HEART TV DANS LA COMMUNAUT\u00c9 DE COROZALITO, HONDURAS!<\/a>\n\t\t<\/h3>\n\t\t\t                \t\t<div class=\"post-grid-meta\">\n\t\t\t<span class=\"post-date\">janvier 29, 2024<\/span>\t\t<\/div>\n\t\t\t                <div class=\"post-grid-excerpt\"><p>En d\u00e9cembre 2023, l&rsquo;\u00e9quipe de God&rsquo;s Heart TV s&rsquo;est rendue \u00e0 Corozalito, une communaut\u00e9 rurale situ\u00e9e au c\u0153ur de la zone banani\u00e8re du Honduras. La communaut\u00e9 est confront\u00e9e \u00e0 d&rsquo;importants probl\u00e8mes d&rsquo;acc\u00e8s aux produits alimentaires de base et aux services m\u00e9dicaux en raison des difficult\u00e9s d&rsquo;acc\u00e8s par la route. Par la gr\u00e2ce de Dieu, God&rsquo;s Heart TV a apport\u00e9 des denr\u00e9es alimentaires et des articles d&rsquo;hygi\u00e8ne \u00e0 plus de 70 familles de la communaut\u00e9, a fourni des cadeaux sp\u00e9ciaux et&hellip;<\/p>\n<\/div>\t                <a class=\"read-more-btn\" href=\"https:\/\/godsheart.tv\/fr\/blog\/2024\/01\/29\/projet-caritatif-de-gods-heart-tv-dans-la-communaute-de-corozalito-honduras\/\">Lire la suite \u00bb<\/a>                <\/div>\n\n            <\/div><!-- .blog-inner -->\n           \n        <\/article>\n\n        \t\t\t<\/div>\n\n\t\t\t\t\t\t\t\t\t\t<div class=\"wpz-posts-grid-load-more\">\n\t\t\t\t\t<a href=\"#\" class=\"wpz-posts-grid-load-more-btn btn\">Plus de projets caritatifs<\/a>\n\t\t\t\t<\/div>\n\t\t\t\t<input type=\"hidden\" id=\"wpz_posts_grid_load_moreb2ba544\" name=\"wpz_posts_grid_load_moreb2ba544\" value=\"2f8324dadf\" \/><input type=\"hidden\" name=\"_wp_http_referer\" value=\"\/fr\/wp-json\/wp\/v2\/pages\/11414\" \/>\t\t\t\t\t\n\t\t<\/div><!-- \/\/.wpz-grid -->\n\t\t\t\t\t\t<\/div>\n\t\t\t\t<\/div>\n\t\t\t\t\t<\/div>\n\t\t\t\t<\/div>\n\t\t\t\t<\/div>\n\t\t","protected":false},"excerpt":{"rendered":"<p>\u00ab En tant que Chr\u00e9tiens, c\u2019est une responsabilit\u00e9 sacr\u00e9e de prendre soin des moins privil\u00e9gi\u00e9s parmi nous.\u00bb\u00a0 L&rsquo;une des principales missions de God&rsquo;s Heart TV est de partager l&rsquo;amour de Dieu dans le cadre de projets caritatifs, sachant que la preuve de notre amour pour Dieu est le d\u00e9bordement de [&hellip;]<\/p>\n","protected":false},"author":1,"featured_media":0,"parent":0,"menu_order":0,"comment_status":"closed","ping_status":"closed","template":"page-templates\/full-width-builder-bb.php","meta":{"content-type":"","footnotes":""},"class_list":["post-11414","page","type-page","status-publish","hentry"],"_links":{"self":[{"href":"https:\/\/godsheart.tv\/fr\/wp-json\/wp\/v2\/pages\/11414","targetHints":{"allow":["GET"]}}],"collection":[{"href":"https:\/\/godsheart.tv\/fr\/wp-json\/wp\/v2\/pages"}],"about":[{"href":"https:\/\/godsheart.tv\/fr\/wp-json\/wp\/v2\/types\/page"}],"author":[{"embeddable":true,"href":"https:\/\/godsheart.tv\/fr\/wp-json\/wp\/v2\/users\/1"}],"replies":[{"embeddable":true,"href":"https:\/\/godsheart.tv\/fr\/wp-json\/wp\/v2\/comments?post=11414"}],"version-history":[{"count":7,"href":"https:\/\/godsheart.tv\/fr\/wp-json\/wp\/v2\/pages\/11414\/revisions"}],"predecessor-version":[{"id":18735,"href":"https:\/\/godsheart.tv\/fr\/wp-json\/wp\/v2\/pages\/11414\/revisions\/18735"}],"wp:attachment":[{"href":"https:\/\/godsheart.tv\/fr\/wp-json\/wp\/v2\/media?parent=11414"}],"curies":[{"name":"wp","href":"https:\/\/api.w.org\/{rel}","templated":true}]}}