{"id":11967,"date":"2024-08-09T12:21:09","date_gmt":"2024-08-09T12:21:09","guid":{"rendered":"https:\/\/godsheart.tv\/newdesign\/?page_id=11967"},"modified":"2025-07-10T10:36:03","modified_gmt":"2025-07-10T09:36:03","slug":"evenements","status":"publish","type":"page","link":"https:\/\/godsheart.tv\/fr\/evenements\/","title":{"rendered":"\u00c9v\u00e9nements"},"content":{"rendered":"\t\t<div data-elementor-type=\"wp-page\" data-elementor-id=\"11967\" class=\"elementor elementor-11967\">\n\t\t\t\t<div class=\"elementor-element elementor-element-b047ed2 e-flex e-con-boxed e-con e-parent\" data-id=\"b047ed2\" data-element_type=\"container\" data-e-type=\"container\">\n\t\t\t\t\t<div class=\"e-con-inner\">\n\t\t\t\t<div class=\"elementor-element elementor-element-d3d3952 elementor-widget elementor-widget-text-editor\" data-id=\"d3d3952\" data-element_type=\"widget\" data-e-type=\"widget\" data-widget_type=\"text-editor.default\">\n\t\t\t\t<div class=\"elementor-widget-container\">\n\t\t\t\t\t\t\t\t\t<p><em>\u00abIl ne s\u2019agit pas de savoir o\u00f9 vous voulez \u00eatre, mais o\u00f9 Dieu veut que vous soyez.\u00bb<\/em><\/p><p>Dans le cadre de notre mission de pr\u00eacher la Bonne Nouvelle dans le monde entier, l\u2019\u00e9quipe de God\u2019s Heart TV est ouverte \u00e0 voyager \u00e0 l\u2019\u00e9tranger pour exercer son minist\u00e8re.<\/p><p>Si Dieu vous inspire d&rsquo;inviter Fr\u00e8re Chris \u00e0 exercer son minist\u00e8re lors d&rsquo;un \u00e9v\u00e9nement dans votre pays, veuillez nous envoyer un e-mail \u00e0 <a href=\"mailto:info@godsheart.tv\">info@godsheart.tv<\/a> avec plus de d\u00e9tails.<\/p>\t\t\t\t\t\t\t\t<\/div>\n\t\t\t\t<\/div>\n\t\t\t\t\t<\/div>\n\t\t\t\t<\/div>\n\t\t<div class=\"elementor-element elementor-element-77b3f3e e-flex e-con-boxed e-con e-parent\" data-id=\"77b3f3e\" data-element_type=\"container\" data-e-type=\"container\">\n\t\t\t\t\t<div class=\"e-con-inner\">\n\t\t\t\t<div class=\"elementor-element elementor-element-6473d3e elementor-grid-1 elementor-grid-tablet-2 elementor-grid-mobile-1 elementor-widget elementor-widget-wpzoom-elementor-addons-posts-grid\" data-id=\"6473d3e\" data-element_type=\"widget\" data-e-type=\"widget\" data-settings=\"{&quot;columns&quot;:&quot;1&quot;,&quot;columns_tablet&quot;:&quot;2&quot;,&quot;columns_mobile&quot;:&quot;1&quot;}\" data-widget_type=\"wpzoom-elementor-addons-posts-grid.default\">\n\t\t\t\t<div class=\"elementor-widget-container\">\n\t\t\t\t\t\t\t<div \n\t\t\tclass=\"wpz-grid\" \n\t\t\tdata-uid=\"6473d3e\"\n\t\t\tdata-offset=\"4\"\n\t\t\tdata-posts-grid='{\"posts_per_page\":4,\"post_status\":\"publish\",\"paged\":1,\"post__not_in\":[],\"ignore_sticky_posts\":true,\"category_name\":\"events\",\"no_found_rows\":true,\"orderby\":\"post_date\",\"order\":\"desc\",\"offset\":4,\"show_image\":\"yes\",\"post_thumbnail_size\":\"full\",\"show_title\":\"yes\",\"title_tag\":\"h3\",\"meta_data\":[\"date\"],\"show_excerpt\":\"yes\",\"excerpt_length\":50,\"show_read_more\":\"yes\",\"read_more_text\":\"Lire la suite \\u00bb\",\"grid_style\":\"1\",\"total\":0}'>\n\t\t\t\t\t\t<div class=\"wpz-grid-container elementor-grid wpz-grid-desktop-1  wpz-grid-tablet-2  wpz-grid-mobile-1 \">\n\t\t\t\t\n        <article id=\"post-17466\" class=\"wpz-post post-17466 post type-post status-publish format-standard has-post-thumbnail hentry category-events\">\n         \n            <div class=\"post-grid-inner\">\n            \t\n            \t\t\t\t<div class=\"post-grid-thumbnail\">\n\t\t\t\t<a href=\"https:\/\/godsheart.tv\/fr\/blog\/2025\/03\/17\/let-hearts-arise-birmingham-uk-15-march-2025\/\" title=\"QUE LES C\u0152URS S&rsquo;\u00c9L\u00c8VENT &#8211; BIRMINGHAM &#8211; 15 MARS 2025\">\n\t\t\t\t\t<img fetchpriority=\"high\" decoding=\"async\" width=\"1500\" height=\"1000\" src=\"https:\/\/godsheart.tv\/fr\/wp-content\/uploads\/2025\/05\/491839280_712505948014933_3797131226200636788_n.jpg\" class=\"attachment-full size-full wp-post-image\" alt=\"\" srcset=\"https:\/\/godsheart.tv\/fr\/wp-content\/uploads\/2025\/05\/491839280_712505948014933_3797131226200636788_n.jpg 1500w, https:\/\/godsheart.tv\/fr\/wp-content\/uploads\/2025\/05\/491839280_712505948014933_3797131226200636788_n-300x200.jpg 300w, https:\/\/godsheart.tv\/fr\/wp-content\/uploads\/2025\/05\/491839280_712505948014933_3797131226200636788_n-1024x683.jpg 1024w, https:\/\/godsheart.tv\/fr\/wp-content\/uploads\/2025\/05\/491839280_712505948014933_3797131226200636788_n-768x512.jpg 768w, https:\/\/godsheart.tv\/fr\/wp-content\/uploads\/2025\/05\/491839280_712505948014933_3797131226200636788_n-1000x667.jpg 1000w, https:\/\/godsheart.tv\/fr\/wp-content\/uploads\/2025\/05\/491839280_712505948014933_3797131226200636788_n-840x560.jpg 840w, https:\/\/godsheart.tv\/fr\/wp-content\/uploads\/2025\/05\/491839280_712505948014933_3797131226200636788_n-600x400.jpg 600w, https:\/\/godsheart.tv\/fr\/wp-content\/uploads\/2025\/05\/491839280_712505948014933_3797131226200636788_n-36x24.jpg 36w, https:\/\/godsheart.tv\/fr\/wp-content\/uploads\/2025\/05\/491839280_712505948014933_3797131226200636788_n-48x32.jpg 48w\" sizes=\"(max-width: 1500px) 100vw, 1500px\" \/>\t\t\t\t<\/a>\n\t\t\t<\/div>\n\t\t\n                <div class=\"post-grid-text-wrap\">\n               \t\t\t\t<h3 class=\"title\">\n\t\t\t<a href=\"https:\/\/godsheart.tv\/fr\/blog\/2025\/03\/17\/let-hearts-arise-birmingham-uk-15-march-2025\/\" title=\"QUE LES C\u0152URS S&rsquo;\u00c9L\u00c8VENT &#8211; BIRMINGHAM &#8211; 15 MARS 2025\">QUE LES C\u0152URS S&rsquo;\u00c9L\u00c8VENT &#8211; BIRMINGHAM &#8211; 15 MARS 2025<\/a>\n\t\t<\/h3>\n\t\t\t                \t\t<div class=\"post-grid-meta\">\n\t\t\t<span class=\"post-date\">mars 17, 2025<\/span>\t\t<\/div>\n\t\t\t                <div class=\"post-grid-excerpt\"><p>Le samedi 15 mars 2025 des personnes sont venues de tout le Royaume-Uni et m\u00eame des quatre coins du monde &#8211; d\u2019aussi loin que la Nouvelle-Z\u00e9lande, le Japon et les \u00c9tats-Unis &#8211; pour assister \u00e0 \u00ab Que Les C\u0153urs S\u2019\u00e9l\u00e8vent \u00bb, le tout premier \u00e9v\u00e9nement de minist\u00e8re public de God\u2019s&hellip;<\/p>\n<\/div>\t                <a class=\"read-more-btn\" href=\"https:\/\/godsheart.tv\/fr\/blog\/2025\/03\/17\/let-hearts-arise-birmingham-uk-15-march-2025\/\">Lire la suite \u00bb<\/a>                <\/div>\n\n            <\/div><!-- .blog-inner -->\n           \n        <\/article>\n\n        \t\t\t<\/div>\n\n\t\t\t\t\t\t\t\t\n\t\t<\/div><!-- \/\/.wpz-grid -->\n\t\t\t\t\t\t<\/div>\n\t\t\t\t<\/div>\n\t\t\t\t\t<\/div>\n\t\t\t\t<\/div>\n\t\t\t\t<\/div>\n\t\t","protected":false},"excerpt":{"rendered":"<p>\u00abIl ne s\u2019agit pas de savoir o\u00f9 vous voulez \u00eatre, mais o\u00f9 Dieu veut que vous soyez.\u00bb Dans le cadre de notre mission de pr\u00eacher la Bonne Nouvelle dans le monde entier, l\u2019\u00e9quipe de God\u2019s Heart TV est ouverte \u00e0 voyager \u00e0 l\u2019\u00e9tranger pour exercer son minist\u00e8re. Si Dieu vous [&hellip;]<\/p>\n","protected":false},"author":1,"featured_media":0,"parent":0,"menu_order":0,"comment_status":"closed","ping_status":"closed","template":"","meta":{"content-type":"","footnotes":""},"class_list":["post-11967","page","type-page","status-publish","hentry"],"_links":{"self":[{"href":"https:\/\/godsheart.tv\/fr\/wp-json\/wp\/v2\/pages\/11967","targetHints":{"allow":["GET"]}}],"collection":[{"href":"https:\/\/godsheart.tv\/fr\/wp-json\/wp\/v2\/pages"}],"about":[{"href":"https:\/\/godsheart.tv\/fr\/wp-json\/wp\/v2\/types\/page"}],"author":[{"embeddable":true,"href":"https:\/\/godsheart.tv\/fr\/wp-json\/wp\/v2\/users\/1"}],"replies":[{"embeddable":true,"href":"https:\/\/godsheart.tv\/fr\/wp-json\/wp\/v2\/comments?post=11967"}],"version-history":[{"count":10,"href":"https:\/\/godsheart.tv\/fr\/wp-json\/wp\/v2\/pages\/11967\/revisions"}],"predecessor-version":[{"id":19486,"href":"https:\/\/godsheart.tv\/fr\/wp-json\/wp\/v2\/pages\/11967\/revisions\/19486"}],"wp:attachment":[{"href":"https:\/\/godsheart.tv\/fr\/wp-json\/wp\/v2\/media?parent=11967"}],"curies":[{"name":"wp","href":"https:\/\/api.w.org\/{rel}","templated":true}]}}