{"id":11971,"date":"2024-08-09T12:21:54","date_gmt":"2024-08-09T12:21:54","guid":{"rendered":"https:\/\/godsheart.tv\/newdesign\/?page_id=11971"},"modified":"2025-06-24T11:42:15","modified_gmt":"2025-06-24T10:42:15","slug":"conseils-relationnels","status":"publish","type":"page","link":"https:\/\/godsheart.tv\/fr\/conseils-relationnels\/","title":{"rendered":"Conseils Relationnels"},"content":{"rendered":"\t\t<div data-elementor-type=\"wp-page\" data-elementor-id=\"11971\" class=\"elementor elementor-11971\">\n\t\t\t\t<div class=\"elementor-element elementor-element-1cf2037 e-flex e-con-boxed e-con e-parent\" data-id=\"1cf2037\" data-element_type=\"container\" data-e-type=\"container\">\n\t\t\t\t\t<div class=\"e-con-inner\">\n\t\t\t\t<div class=\"elementor-element elementor-element-80bfbc7 elementor-widget elementor-widget-text-editor\" data-id=\"80bfbc7\" data-element_type=\"widget\" data-e-type=\"widget\" data-widget_type=\"text-editor.default\">\n\t\t\t\t<div class=\"elementor-widget-container\">\n\t\t\t\t\t\t\t\t\t<p><em>\u00abNe laissez pas vos diff\u00e9rences conduire \u00e0 la division.\u00bb<\/em><em>\u00a0<\/em><\/p>\n<p>Il n\u2019existe aucune relation exempte de la r\u00e9alit\u00e9 du conflit et de la confrontation. La question est &#8211; comment g\u00e9rer ces probl\u00e8mes d\u2019une mani\u00e8re divine qui renforce la relation plut\u00f4t que de la briser? Vous trouverez ici quelques conseils pratiques de Fr\u00e8re Chris concernant la gestion des d\u00e9fis relationnels.<\/p>\t\t\t\t\t\t\t\t<\/div>\n\t\t\t\t<\/div>\n\t\t\t\t\t<\/div>\n\t\t\t\t<\/div>\n\t\t<div class=\"elementor-element elementor-element-c9a85f3 e-flex e-con-boxed e-con e-parent\" data-id=\"c9a85f3\" data-element_type=\"container\" data-e-type=\"container\">\n\t\t\t\t\t<div class=\"e-con-inner\">\n\t\t\t\t<div class=\"elementor-element elementor-element-57a126d elementor-widget elementor-widget-wpzoom-elementor-addons-portfolio-showcase\" data-id=\"57a126d\" data-element_type=\"widget\" data-e-type=\"widget\" data-settings=\"{&quot;portfolio_showcase_styles&quot;:&quot;default&quot;}\" data-widget_type=\"wpzoom-elementor-addons-portfolio-showcase.default\">\n\t\t\t\t<div class=\"elementor-widget-container\">\n\t\t\t\t\t<div class=\"portfolio-showcase\"><div class=\"portfolio-showcase-header\"><nav class=\"portfolio-archive-taxonomies\" style=\"display:none;\">\n\t<ul class=\"portfolio-taxonomies portfolio-taxonomies-filter-by\">\n\t\t<li data-subcategory=\"150\"\t\t\tclass=\"cat-item cat-item-all current-cat\" \n\t\t\tdata-counter=\"2\"\n\t\t>\n\t\t\t<a href=\"https:\/\/godsheart.tv\/fr\/portfolio\/\">All<\/a>\n\t\t<\/li>\n\t\t<li class=\"cat-item-none\">Aucune cat\u00e9gorie<\/li>\t<\/ul>\n<\/nav><\/div><!-- \/\/ .portfolio-showcase-header -->\t\t\t<div data-subcategory=\"150\"\t\t\t\tdata-ajax-items-loading=\"\"\n\t\t\t\tdata-nonce=\"c9ad951a3a\"\n\t\t\t\tdata-count-nonce=\"9c2fcec13c\"\n\t\t\t\tdata-items-count=\"2\"\n\t\t\t\tdata-instance=\"{&quot;layout_type&quot;:&quot;full-width&quot;,&quot;col_number&quot;:&quot;3&quot;,&quot;aspect_ratio&quot;:&quot;portrait&quot;,&quot;background_video&quot;:true,&quot;show_masonry&quot;:false,&quot;show_popup&quot;:true,&quot;show_popup_caption&quot;:false,&quot;show_popup_excerpt&quot;:false,&quot;show_excerpt&quot;:false,&quot;view_all_btn&quot;:true,&quot;readmore_text&quot;:&quot;Read More&quot;,&quot;enable_director_name&quot;:false,&quot;enable_year&quot;:false,&quot;enable_category&quot;:false,&quot;show_count&quot;:100,&quot;show_categories&quot;:true,&quot;always_play_background_video&quot;:false}\"\n\t\t\t\tclass=\"portfolio-grid  portfolio_with_space col_no_3 \"\n\t\t\t>\n\t\t\t\t            <article id=\"post-19166\" class=\" portfolio_150_item portfolio_item post-19166 type-portfolio_item status-publish has-post-thumbnail hentry portfolio-relationships\">\n            \n                    <div class=\"entry-thumbnail-popover\">\n                        <div class=\"entry-thumbnail-popover-content lightbox_popup_insp popover-content--animated\" data-show-caption=\"\" data-show-excerpt=\"\">\n\n                            <a class=\"wpz-portfolio-link\" href=\"https:\/\/godsheart.tv\/fr\/video\/ne-laissez-pas-les-differences-mener-a-la-division\/\" title=\"NE LAISSEZ PAS LES DIFF\u00c9RENCES MENER A LA DIVISION !\"><\/a>\n\n                            <div class=\"entry-meta\">\n\n                                <!-- start lightbox --><a\n                                    class=\"mfp-iframe portfolio-popup-video\"\n                                    href=\"https:\/\/youtu.be\/bmpUCohY2TY\" aria-label=\"Watch Video\"><\/a>\n                                \n                                <h3 class=\"portfolio_item-title\">\n                                    <a href=\"https:\/\/godsheart.tv\/fr\/video\/ne-laissez-pas-les-differences-mener-a-la-division\/\"\n                                       title=\"NE LAISSEZ PAS LES DIFF\u00c9RENCES MENER A LA DIVISION !\">NE LAISSEZ PAS LES DIFF\u00c9RENCES MENER A LA DIVISION !<\/a>\n                                <\/h3>\n\n                                <ul>\n                                    \n                                    \n                                                                    <\/ul>\n\n                                \n                            <\/div>\n\n                        <\/div>\n                    <\/div>\n\n                    \n                        <img fetchpriority=\"high\" decoding=\"async\" width=\"600\" height=\"720\" src=\"https:\/\/godsheart.tv\/fr\/wp-content\/uploads\/2025\/07\/maxresdefault-88-600x720.jpg\" class=\"attachment-portfolio_item-thumbnail_portrait size-portfolio_item-thumbnail_portrait wp-post-image\" alt=\"\" \/>\n                    \n\n                            <\/article>            <article id=\"post-19163\" class=\" portfolio_150_item portfolio_item post-19163 type-portfolio_item status-publish has-post-thumbnail hentry portfolio-relationships\">\n            \n                    <div class=\"entry-thumbnail-popover\">\n                        <div class=\"entry-thumbnail-popover-content lightbox_popup_insp popover-content--animated\" data-show-caption=\"\" data-show-excerpt=\"\">\n\n                            <a class=\"wpz-portfolio-link\" href=\"https:\/\/godsheart.tv\/fr\/video\/tout-le-monde-a-des-opinions-tout-le-monde-na-pas-la-sagesse\/\" title=\"Tout le monde a des opinions. Tout le monde n\u2019a pas la sagesse\"><\/a>\n\n                            <div class=\"entry-meta\">\n\n                                <!-- start lightbox --><a\n                                    class=\"mfp-iframe portfolio-popup-video\"\n                                    href=\"https:\/\/youtube.com\/watch?v=V1we_hYzYCw\" aria-label=\"Watch Video\"><\/a>\n                                \n                                <h3 class=\"portfolio_item-title\">\n                                    <a href=\"https:\/\/godsheart.tv\/fr\/video\/tout-le-monde-a-des-opinions-tout-le-monde-na-pas-la-sagesse\/\"\n                                       title=\"Tout le monde a des opinions. Tout le monde n\u2019a pas la sagesse\">Tout le monde a des opinions. Tout le monde n\u2019a pas la sagesse<\/a>\n                                <\/h3>\n\n                                <ul>\n                                    \n                                    \n                                                                    <\/ul>\n\n                                \n                            <\/div>\n\n                        <\/div>\n                    <\/div>\n\n                    \n                        <img decoding=\"async\" width=\"600\" height=\"720\" src=\"https:\/\/godsheart.tv\/fr\/wp-content\/uploads\/2025\/07\/maxresdefault-87-600x720.jpg\" class=\"attachment-portfolio_item-thumbnail_portrait size-portfolio_item-thumbnail_portrait wp-post-image\" alt=\"\" \/>\n                    \n\n                            <\/article>\n\t\t\t<\/div><!-- \/\/ .portfolio-grid -->\n\n\t\t\t\t\t\t\t\n\n\t\t\t\t\n\t\t\t\t\t<div class=\"portfolio-preloader\">\n\t\t\t\t<div id=\"loading-39x\">\n\t\t\t\t\t<div class=\"spinner\">\n\t\t\t\t\t\t<div class=\"rect1\"><\/div> \n\t\t\t\t\t\t<div class=\"rect2\"><\/div> \n\t\t\t\t\t\t<div class=\"rect3\"><\/div> \n\t\t\t\t\t\t<div class=\"rect4\"><\/div> \n\t\t\t\t\t\t<div class=\"rect5\"><\/div>\n\t\t\t\t\t<\/div>\n\t\t\t\t<\/div>\n\t\t\t<\/div>\n\t\t\n        \n\t\t<\/div><!-- \/\/ .portfolio-showcase -->\t\t\t\t<\/div>\n\t\t\t\t<\/div>\n\t\t\t\t\t<\/div>\n\t\t\t\t<\/div>\n\t\t\t\t<\/div>\n\t\t","protected":false},"excerpt":{"rendered":"<p>\u00abNe laissez pas vos diff\u00e9rences conduire \u00e0 la division.\u00bb\u00a0 Il n\u2019existe aucune relation exempte de la r\u00e9alit\u00e9 du conflit et de la confrontation. La question est &#8211; comment g\u00e9rer ces probl\u00e8mes d\u2019une mani\u00e8re divine qui renforce la relation plut\u00f4t que de la briser? Vous trouverez ici quelques conseils pratiques de [&hellip;]<\/p>\n","protected":false},"author":1,"featured_media":0,"parent":0,"menu_order":0,"comment_status":"closed","ping_status":"closed","template":"","meta":{"content-type":"","footnotes":""},"class_list":["post-11971","page","type-page","status-publish","hentry"],"_links":{"self":[{"href":"https:\/\/godsheart.tv\/fr\/wp-json\/wp\/v2\/pages\/11971","targetHints":{"allow":["GET"]}}],"collection":[{"href":"https:\/\/godsheart.tv\/fr\/wp-json\/wp\/v2\/pages"}],"about":[{"href":"https:\/\/godsheart.tv\/fr\/wp-json\/wp\/v2\/types\/page"}],"author":[{"embeddable":true,"href":"https:\/\/godsheart.tv\/fr\/wp-json\/wp\/v2\/users\/1"}],"replies":[{"embeddable":true,"href":"https:\/\/godsheart.tv\/fr\/wp-json\/wp\/v2\/comments?post=11971"}],"version-history":[{"count":4,"href":"https:\/\/godsheart.tv\/fr\/wp-json\/wp\/v2\/pages\/11971\/revisions"}],"predecessor-version":[{"id":18762,"href":"https:\/\/godsheart.tv\/fr\/wp-json\/wp\/v2\/pages\/11971\/revisions\/18762"}],"wp:attachment":[{"href":"https:\/\/godsheart.tv\/fr\/wp-json\/wp\/v2\/media?parent=11971"}],"curies":[{"name":"wp","href":"https:\/\/api.w.org\/{rel}","templated":true}]}}