{"id":12981,"date":"2024-08-14T16:09:14","date_gmt":"2024-08-14T16:09:14","guid":{"rendered":"https:\/\/godsheart.tv\/newdesign\/?page_id=12981"},"modified":"2025-06-24T16:14:40","modified_gmt":"2025-06-24T15:14:40","slug":"a-propos-de-nous","status":"publish","type":"page","link":"https:\/\/godsheart.tv\/fr\/a-propos-de-nous\/","title":{"rendered":"\u00c0 propos de nous"},"content":{"rendered":"\t\t<div data-elementor-type=\"wp-page\" data-elementor-id=\"12981\" class=\"elementor elementor-12981\">\n\t\t\t\t\t\t<section class=\"elementor-section elementor-top-section elementor-element elementor-element-21aa954e elementor-section-full_width elementor-section-height-min-height elementor-section-items-bottom elementor-section-height-default\" data-id=\"21aa954e\" data-element_type=\"section\" data-e-type=\"section\" data-settings=\"{&quot;background_background&quot;:&quot;classic&quot;}\">\n\t\t\t\t\t\t\t<div class=\"elementor-background-overlay\"><\/div>\n\t\t\t\t\t\t\t<div class=\"elementor-container elementor-column-gap-no\">\n\t\t\t\t\t<div class=\"elementor-column elementor-col-100 elementor-top-column elementor-element elementor-element-b53e221\" data-id=\"b53e221\" data-element_type=\"column\" data-e-type=\"column\">\n\t\t\t<div class=\"elementor-widget-wrap\">\n\t\t\t\t\t\t\t<\/div>\n\t\t<\/div>\n\t\t\t\t\t<\/div>\n\t\t<\/section>\n\t\t\t\t<section class=\"elementor-section elementor-top-section elementor-element elementor-element-bc45edb elementor-section-full_width elementor-section-height-default elementor-section-height-default\" data-id=\"bc45edb\" data-element_type=\"section\" data-e-type=\"section\" data-settings=\"{&quot;background_background&quot;:&quot;classic&quot;}\">\n\t\t\t\t\t\t\t<div class=\"elementor-background-overlay\"><\/div>\n\t\t\t\t\t\t\t<div class=\"elementor-container elementor-column-gap-no\">\n\t\t\t\t\t<div class=\"elementor-column elementor-col-100 elementor-top-column elementor-element elementor-element-2eedde3\" data-id=\"2eedde3\" data-element_type=\"column\" data-e-type=\"column\">\n\t\t\t<div class=\"elementor-widget-wrap elementor-element-populated\">\n\t\t\t\t\t\t<section class=\"elementor-section elementor-inner-section elementor-element elementor-element-44e125a elementor-section-content-middle elementor-section-boxed elementor-section-height-default elementor-section-height-default\" data-id=\"44e125a\" data-element_type=\"section\" data-e-type=\"section\">\n\t\t\t\t\t\t<div class=\"elementor-container elementor-column-gap-no\">\n\t\t\t\t\t<div class=\"elementor-column elementor-col-50 elementor-inner-column elementor-element elementor-element-3c9faaa\" data-id=\"3c9faaa\" data-element_type=\"column\" data-e-type=\"column\">\n\t\t\t<div class=\"elementor-widget-wrap elementor-element-populated\">\n\t\t\t\t\t\t<div class=\"elementor-element elementor-element-5e4686d elementor-widget__width-inherit elementor-widget elementor-widget-heading\" data-id=\"5e4686d\" data-element_type=\"widget\" data-e-type=\"widget\" data-widget_type=\"heading.default\">\n\t\t\t\t<div class=\"elementor-widget-container\">\n\t\t\t\t\t<h1 class=\"elementor-heading-title elementor-size-default\">\u00c0 propos de nous<\/h1>\t\t\t\t<\/div>\n\t\t\t\t<\/div>\n\t\t\t\t\t<\/div>\n\t\t<\/div>\n\t\t\t\t<div class=\"elementor-column elementor-col-50 elementor-inner-column elementor-element elementor-element-749ad93\" data-id=\"749ad93\" data-element_type=\"column\" data-e-type=\"column\">\n\t\t\t<div class=\"elementor-widget-wrap\">\n\t\t\t\t\t\t\t<\/div>\n\t\t<\/div>\n\t\t\t\t\t<\/div>\n\t\t<\/section>\n\t\t\t\t\t<\/div>\n\t\t<\/div>\n\t\t\t\t\t<\/div>\n\t\t<\/section>\n\t\t\t\t<section class=\"elementor-section elementor-top-section elementor-element elementor-element-9cae3d7 elementor-section-full_width elementor-section-height-default elementor-section-height-default\" data-id=\"9cae3d7\" data-element_type=\"section\" data-e-type=\"section\" data-settings=\"{&quot;background_background&quot;:&quot;classic&quot;}\">\n\t\t\t\t\t\t\t<div class=\"elementor-background-overlay\"><\/div>\n\t\t\t\t\t\t\t<div class=\"elementor-container elementor-column-gap-no\">\n\t\t\t\t\t<div class=\"elementor-column elementor-col-100 elementor-top-column elementor-element elementor-element-78859a4\" data-id=\"78859a4\" data-element_type=\"column\" data-e-type=\"column\">\n\t\t\t<div class=\"elementor-widget-wrap elementor-element-populated\">\n\t\t\t\t\t\t<section class=\"elementor-section elementor-inner-section elementor-element elementor-element-21b4425 elementor-section-content-middle elementor-section-boxed elementor-section-height-default elementor-section-height-default\" data-id=\"21b4425\" data-element_type=\"section\" data-e-type=\"section\">\n\t\t\t\t\t\t<div class=\"elementor-container elementor-column-gap-no\">\n\t\t\t\t\t<div class=\"elementor-column elementor-col-50 elementor-inner-column elementor-element elementor-element-04508a6\" data-id=\"04508a6\" data-element_type=\"column\" data-e-type=\"column\">\n\t\t\t<div class=\"elementor-widget-wrap elementor-element-populated\">\n\t\t\t\t\t\t<div class=\"elementor-element elementor-element-aefad0d elementor-widget elementor-widget-heading\" data-id=\"aefad0d\" data-element_type=\"widget\" data-e-type=\"widget\" data-widget_type=\"heading.default\">\n\t\t\t\t<div class=\"elementor-widget-container\">\n\t\t\t\t\t<h2 class=\"elementor-heading-title elementor-size-default\">God's Heart TV<\/h2>\t\t\t\t<\/div>\n\t\t\t\t<\/div>\n\t\t\t\t\t<\/div>\n\t\t<\/div>\n\t\t\t\t<div class=\"elementor-column elementor-col-50 elementor-inner-column elementor-element elementor-element-52bf7cd\" data-id=\"52bf7cd\" data-element_type=\"column\" data-e-type=\"column\">\n\t\t\t<div class=\"elementor-widget-wrap elementor-element-populated\">\n\t\t\t\t\t\t<div class=\"elementor-element elementor-element-0d20aa3 elementor-widget elementor-widget-text-editor\" data-id=\"0d20aa3\" data-element_type=\"widget\" data-e-type=\"widget\" data-widget_type=\"text-editor.default\">\n\t\t\t\t<div class=\"elementor-widget-container\">\n\t\t\t\t\t\t\t\t\t<h4><span style=\"font-weight: normal;\">God&rsquo;s Heart TV est un minist\u00e8re Chr\u00e9tien international bas\u00e9 dans le nord du Pays de Galles, au Royaume-Uni. Lanc\u00e9 par Fr\u00e8re Chris en Janvier 2022, notre objectif principal est d\u2019offrir la pri\u00e8re en ligne, de partager la Parole de Dieu et de s\u2019engager dans des projets humanitaires.<\/h4>\t\t\t\t\t\t\t\t<\/div>\n\t\t\t\t<\/div>\n\t\t\t\t\t<\/div>\n\t\t<\/div>\n\t\t\t\t\t<\/div>\n\t\t<\/section>\n\t\t\t\t\t<\/div>\n\t\t<\/div>\n\t\t\t\t\t<\/div>\n\t\t<\/section>\n\t\t\t\t<section class=\"elementor-section elementor-top-section elementor-element elementor-element-ccd27a8 elementor-section-full_width elementor-section-height-default elementor-section-height-default\" data-id=\"ccd27a8\" data-element_type=\"section\" data-e-type=\"section\" data-settings=\"{&quot;background_background&quot;:&quot;classic&quot;}\">\n\t\t\t\t\t\t\t<div class=\"elementor-background-overlay\"><\/div>\n\t\t\t\t\t\t\t<div class=\"elementor-container elementor-column-gap-no\">\n\t\t\t\t\t<div class=\"elementor-column elementor-col-100 elementor-top-column elementor-element elementor-element-9ee7979\" data-id=\"9ee7979\" data-element_type=\"column\" data-e-type=\"column\">\n\t\t\t<div class=\"elementor-widget-wrap elementor-element-populated\">\n\t\t\t\t\t\t<section class=\"elementor-section elementor-inner-section elementor-element elementor-element-969a8d8 elementor-section-content-middle elementor-section-boxed elementor-section-height-default elementor-section-height-default\" data-id=\"969a8d8\" data-element_type=\"section\" data-e-type=\"section\">\n\t\t\t\t\t\t<div class=\"elementor-container elementor-column-gap-no\">\n\t\t\t\t\t<div class=\"elementor-column elementor-col-50 elementor-inner-column elementor-element elementor-element-2a94b04\" data-id=\"2a94b04\" data-element_type=\"column\" data-e-type=\"column\">\n\t\t\t<div class=\"elementor-widget-wrap elementor-element-populated\">\n\t\t\t\t\t\t<div class=\"elementor-element elementor-element-89c2226 elementor-widget elementor-widget-heading\" data-id=\"89c2226\" data-element_type=\"widget\" data-e-type=\"widget\" data-widget_type=\"heading.default\">\n\t\t\t\t<div class=\"elementor-widget-container\">\n\t\t\t\t\t<h2 class=\"elementor-heading-title elementor-size-default\">Fr\u00e8re Chris<\/h2>\t\t\t\t<\/div>\n\t\t\t\t<\/div>\n\t\t\t\t\t<\/div>\n\t\t<\/div>\n\t\t\t\t<div class=\"elementor-column elementor-col-50 elementor-inner-column elementor-element elementor-element-4b8501d\" data-id=\"4b8501d\" data-element_type=\"column\" data-e-type=\"column\">\n\t\t\t<div class=\"elementor-widget-wrap elementor-element-populated\">\n\t\t\t\t\t\t<div class=\"elementor-element elementor-element-1b3c83b elementor-widget elementor-widget-text-editor\" data-id=\"1b3c83b\" data-element_type=\"widget\" data-e-type=\"widget\" data-widget_type=\"text-editor.default\">\n\t\t\t\t<div class=\"elementor-widget-container\">\n\t\t\t\t\t\t\t\t\t<h4><span style=\"font-weight: normal;\">Christopher Tonge \u2013 connu sous le nom de Fr\u00e8re Chris \u2013 a grandi dans un foyer Chr\u00e9tien \u00e0 Winchester, au Royaume-Uni. Il est all\u00e9 \u00e0 la Synagogue, \u00c9glise de Toutes les Nations (SCOAN) \u00e0 Lagos, au Nigeria, \u00e0 l&rsquo;\u00e2ge de seize ans, passant ensuite les dix-sept ann\u00e9es suivantes sous le mentorat du Proph\u00e8te T.B. Joshua. Le Saint-Esprit l\u2019a incit\u00e9 \u00e0 lancer God\u2019s Heart TV en Janvier 2022. Il a \u00e9pous\u00e9 Allison, une Colombienne qui a \u00e9galement pass\u00e9 huit ans comme \u00e9vang\u00e9liste \u00e0 la SCOAN, en Septembre 2022.<\/h4>\t\t\t\t\t\t\t\t<\/div>\n\t\t\t\t<\/div>\n\t\t\t\t\t<\/div>\n\t\t<\/div>\n\t\t\t\t\t<\/div>\n\t\t<\/section>\n\t\t\t\t\t<\/div>\n\t\t<\/div>\n\t\t\t\t\t<\/div>\n\t\t<\/section>\n\t\t\t\t<section class=\"elementor-section elementor-top-section elementor-element elementor-element-8fe62c7 elementor-section-full_width elementor-section-height-default elementor-section-height-default\" data-id=\"8fe62c7\" data-element_type=\"section\" data-e-type=\"section\" data-settings=\"{&quot;background_background&quot;:&quot;classic&quot;}\">\n\t\t\t\t\t\t\t<div class=\"elementor-background-overlay\"><\/div>\n\t\t\t\t\t\t\t<div class=\"elementor-container elementor-column-gap-no\">\n\t\t\t\t\t<div class=\"elementor-column elementor-col-100 elementor-top-column elementor-element elementor-element-8ae243b\" data-id=\"8ae243b\" data-element_type=\"column\" data-e-type=\"column\">\n\t\t\t<div class=\"elementor-widget-wrap elementor-element-populated\">\n\t\t\t\t\t\t<section class=\"elementor-section elementor-inner-section elementor-element elementor-element-5128c2a elementor-section-content-middle elementor-section-boxed elementor-section-height-default elementor-section-height-default\" data-id=\"5128c2a\" data-element_type=\"section\" data-e-type=\"section\">\n\t\t\t\t\t\t<div class=\"elementor-container elementor-column-gap-no\">\n\t\t\t\t\t<div class=\"elementor-column elementor-col-50 elementor-inner-column elementor-element elementor-element-87ba2ab\" data-id=\"87ba2ab\" data-element_type=\"column\" data-e-type=\"column\">\n\t\t\t<div class=\"elementor-widget-wrap elementor-element-populated\">\n\t\t\t\t\t\t<div class=\"elementor-element elementor-element-08e231b elementor-widget elementor-widget-heading\" data-id=\"08e231b\" data-element_type=\"widget\" data-e-type=\"widget\" data-widget_type=\"heading.default\">\n\t\t\t\t<div class=\"elementor-widget-container\">\n\t\t\t\t\t<h2 class=\"elementor-heading-title elementor-size-default\">Le Studio de God\u2019s Heart TV<\/h2>\t\t\t\t<\/div>\n\t\t\t\t<\/div>\n\t\t\t\t\t<\/div>\n\t\t<\/div>\n\t\t\t\t<div class=\"elementor-column elementor-col-50 elementor-inner-column elementor-element elementor-element-ce4e048\" data-id=\"ce4e048\" data-element_type=\"column\" data-e-type=\"column\">\n\t\t\t<div class=\"elementor-widget-wrap elementor-element-populated\">\n\t\t\t\t\t\t<div class=\"elementor-element elementor-element-bbfd2af elementor-widget elementor-widget-text-editor\" data-id=\"bbfd2af\" data-element_type=\"widget\" data-e-type=\"widget\" data-widget_type=\"text-editor.default\">\n\t\t\t\t<div class=\"elementor-widget-container\">\n\t\t\t\t\t\t\t\t\t<h4><span style=\"font-weight: normal;\">Depuis Juin 2024, les Services de Pri\u00e8re Interactive ont lieu dans le nouveau studio de God\u2019s Heart TV, un b\u00e2timent enti\u00e8rement d\u00e9di\u00e9 \u00e0 l\u2019\u0153uvre de Dieu. Il est situ\u00e9 dans la \u00abChapelle de J\u00e9rusalem\u00bb, un b\u00e2timent au c\u0153ur du nord du Pays de Galles qui a \u00e9t\u00e9 r\u00e9serv\u00e9 aux desseins de Dieu depuis plus de 100 ans.<\/h4>\t\t\t\t\t\t\t\t<\/div>\n\t\t\t\t<\/div>\n\t\t\t\t\t<\/div>\n\t\t<\/div>\n\t\t\t\t\t<\/div>\n\t\t<\/section>\n\t\t\t\t\t<\/div>\n\t\t<\/div>\n\t\t\t\t\t<\/div>\n\t\t<\/section>\n\t\t\t\t<section class=\"elementor-section elementor-top-section elementor-element elementor-element-10497f1 elementor-section-full_width elementor-section-height-default elementor-section-height-default\" data-id=\"10497f1\" data-element_type=\"section\" data-e-type=\"section\" data-settings=\"{&quot;background_background&quot;:&quot;classic&quot;}\">\n\t\t\t\t\t\t\t<div class=\"elementor-background-overlay\"><\/div>\n\t\t\t\t\t\t\t<div class=\"elementor-container elementor-column-gap-no\">\n\t\t\t\t\t<div class=\"elementor-column elementor-col-100 elementor-top-column elementor-element elementor-element-7b8b1a9\" data-id=\"7b8b1a9\" data-element_type=\"column\" data-e-type=\"column\">\n\t\t\t<div class=\"elementor-widget-wrap elementor-element-populated\">\n\t\t\t\t\t\t<section class=\"elementor-section elementor-inner-section elementor-element elementor-element-c20fc95 elementor-section-content-middle elementor-section-boxed elementor-section-height-default elementor-section-height-default\" data-id=\"c20fc95\" data-element_type=\"section\" data-e-type=\"section\">\n\t\t\t\t\t\t<div class=\"elementor-container elementor-column-gap-no\">\n\t\t\t\t\t<div class=\"elementor-column elementor-col-50 elementor-inner-column elementor-element elementor-element-7f6f298\" data-id=\"7f6f298\" data-element_type=\"column\" data-e-type=\"column\">\n\t\t\t<div class=\"elementor-widget-wrap elementor-element-populated\">\n\t\t\t\t\t\t<div class=\"elementor-element elementor-element-e9ea78a elementor-widget elementor-widget-heading\" data-id=\"e9ea78a\" data-element_type=\"widget\" data-e-type=\"widget\" data-widget_type=\"heading.default\">\n\t\t\t\t<div class=\"elementor-widget-container\">\n\t\t\t\t\t<h2 class=\"elementor-heading-title elementor-size-default\">L'\u00e9quipe de God\u2019s Heart TV<\/h2>\t\t\t\t<\/div>\n\t\t\t\t<\/div>\n\t\t\t\t\t<\/div>\n\t\t<\/div>\n\t\t\t\t<div class=\"elementor-column elementor-col-50 elementor-inner-column elementor-element elementor-element-8332a22\" data-id=\"8332a22\" data-element_type=\"column\" data-e-type=\"column\">\n\t\t\t<div class=\"elementor-widget-wrap elementor-element-populated\">\n\t\t\t\t\t\t<div class=\"elementor-element elementor-element-20fb369 elementor-widget elementor-widget-text-editor\" data-id=\"20fb369\" data-element_type=\"widget\" data-e-type=\"widget\" data-widget_type=\"text-editor.default\">\n\t\t\t\t<div class=\"elementor-widget-container\">\n\t\t\t\t\t\t\t\t\t<h4><span style=\"font-weight: normal;\">Nous remercions Dieu pour l&rsquo;\u00e9quipe d\u00e9vou\u00e9e de b\u00e9n\u00e9voles qui travaillent sans rel\u00e2che dans les coulisses pour nous permettre de diffuser nos services mensuels en direct. Vous pouvez faire du b\u00e9n\u00e9volat avec nous sur God\u2019s Heart TV ici:<\/span><\/h4><ul><li><a href=\"https:\/\/godsheart.tv\/fr\/volontaire-royaume-uni\/\" rel=\"noopener\">Bas\u00e9 au Royaume-Uni<\/a><\/li><li><a href=\"https:\/\/godsheart.tv\/fr\/volontaire-technique\/\" rel=\"noopener\">Support technique<\/a><\/li><li><a href=\"https:\/\/godsheart.tv\/fr\/traducteur\/\" rel=\"noopener\">Traduction<\/a><\/li><\/ul>\t\t\t\t\t\t\t\t<\/div>\n\t\t\t\t<\/div>\n\t\t\t\t\t<\/div>\n\t\t<\/div>\n\t\t\t\t\t<\/div>\n\t\t<\/section>\n\t\t\t\t\t<\/div>\n\t\t<\/div>\n\t\t\t\t\t<\/div>\n\t\t<\/section>\n\t\t\t\t<section class=\"elementor-section elementor-top-section elementor-element elementor-element-f451843 elementor-section-full_width elementor-section-height-default elementor-section-height-default\" data-id=\"f451843\" data-element_type=\"section\" data-e-type=\"section\">\n\t\t\t\t\t\t\t<div class=\"elementor-background-overlay\"><\/div>\n\t\t\t\t\t\t\t<div class=\"elementor-container elementor-column-gap-no\">\n\t\t\t\t\t<div class=\"elementor-column elementor-col-100 elementor-top-column elementor-element elementor-element-092fabe\" data-id=\"092fabe\" data-element_type=\"column\" data-e-type=\"column\">\n\t\t\t<div class=\"elementor-widget-wrap elementor-element-populated\">\n\t\t\t\t\t\t<section class=\"elementor-section elementor-inner-section elementor-element elementor-element-862236f elementor-section-content-middle elementor-section-boxed elementor-section-height-default elementor-section-height-default\" data-id=\"862236f\" data-element_type=\"section\" data-e-type=\"section\">\n\t\t\t\t\t\t<div class=\"elementor-container elementor-column-gap-no\">\n\t\t\t\t\t<div class=\"elementor-column elementor-col-50 elementor-inner-column elementor-element elementor-element-3669857\" data-id=\"3669857\" data-element_type=\"column\" data-e-type=\"column\">\n\t\t\t<div class=\"elementor-widget-wrap elementor-element-populated\">\n\t\t\t\t\t\t<div class=\"elementor-element elementor-element-99df485 elementor-widget elementor-widget-heading\" data-id=\"99df485\" data-element_type=\"widget\" data-e-type=\"widget\" data-widget_type=\"heading.default\">\n\t\t\t\t<div class=\"elementor-widget-container\">\n\t\t\t\t\t<h2 class=\"elementor-heading-title elementor-size-default\">Notre mission<\/h2>\t\t\t\t<\/div>\n\t\t\t\t<\/div>\n\t\t\t\t\t<\/div>\n\t\t<\/div>\n\t\t\t\t<div class=\"elementor-column elementor-col-50 elementor-inner-column elementor-element elementor-element-c0e6f8d\" data-id=\"c0e6f8d\" data-element_type=\"column\" data-e-type=\"column\">\n\t\t\t<div class=\"elementor-widget-wrap elementor-element-populated\">\n\t\t\t\t\t\t<div class=\"elementor-element elementor-element-150f8a9 elementor-widget elementor-widget-text-editor\" data-id=\"150f8a9\" data-element_type=\"widget\" data-e-type=\"widget\" data-widget_type=\"text-editor.default\">\n\t\t\t\t<div class=\"elementor-widget-container\">\n\t\t\t\t\t\t\t\t\t<h4>1. <span style=\"font-weight: normal;\">Amener les gens vers une meilleure compr\u00e9hension du c\u0153ur de Dieu <\/span><i> (Actes 13:22) <\/i><\/h4>\n<h4>2<span style=\"font-weight: normal;\">. Proclamer l\u2019\u00c9vangile de J\u00e9sus-Christ et administrer la pri\u00e8re dans la puissance du Saint-Esprit <\/span><span style=\"font-weight: bold; font-style: italic;\"> (1 Corinthiens 2:4-5) <\/span><\/h4>\n<h4>3<span style=\"font-weight: normal;\">. Cultiver un climat de foi o\u00f9 les gens peuvent voir la vie clairement <\/span><span style=\"font-weight: bold; font-style: italic;\"> (2 Rois 6:17) <\/span><\/h4>\n<h4>4<span style=\"font-weight: normal;\">. Partager l\u2019amour de Dieu \u00e0 travers des projets caritatifs <\/span><span style=\"font-weight: bold; font-style: italic;\"> (1 Jean 3:18) <\/span><\/h4>\t\t\t\t\t\t\t\t<\/div>\n\t\t\t\t<\/div>\n\t\t\t\t\t<\/div>\n\t\t<\/div>\n\t\t\t\t\t<\/div>\n\t\t<\/section>\n\t\t\t\t\t<\/div>\n\t\t<\/div>\n\t\t\t\t\t<\/div>\n\t\t<\/section>\n\t\t\t\t<section class=\"elementor-section elementor-top-section elementor-element elementor-element-5b3454b elementor-section-full_width elementor-section-height-default elementor-section-height-default\" data-id=\"5b3454b\" data-element_type=\"section\" data-e-type=\"section\">\n\t\t\t\t\t\t\t<div class=\"elementor-background-overlay\"><\/div>\n\t\t\t\t\t\t\t<div class=\"elementor-container elementor-column-gap-no\">\n\t\t\t\t\t<div class=\"elementor-column elementor-col-100 elementor-top-column elementor-element elementor-element-42d7ba0\" data-id=\"42d7ba0\" data-element_type=\"column\" data-e-type=\"column\">\n\t\t\t<div class=\"elementor-widget-wrap elementor-element-populated\">\n\t\t\t\t\t\t<section class=\"elementor-section elementor-inner-section elementor-element elementor-element-d9ed9b8 elementor-section-content-middle elementor-section-boxed elementor-section-height-default elementor-section-height-default\" data-id=\"d9ed9b8\" data-element_type=\"section\" data-e-type=\"section\">\n\t\t\t\t\t\t<div class=\"elementor-container elementor-column-gap-no\">\n\t\t\t\t\t<div class=\"elementor-column elementor-col-50 elementor-inner-column elementor-element elementor-element-13eb671\" data-id=\"13eb671\" data-element_type=\"column\" data-e-type=\"column\">\n\t\t\t<div class=\"elementor-widget-wrap elementor-element-populated\">\n\t\t\t\t\t\t<div class=\"elementor-element elementor-element-c3f6e21 elementor-widget elementor-widget-heading\" data-id=\"c3f6e21\" data-element_type=\"widget\" data-e-type=\"widget\" data-widget_type=\"heading.default\">\n\t\t\t\t<div class=\"elementor-widget-container\">\n\t\t\t\t\t<h2 class=\"elementor-heading-title elementor-size-default\">Nous Croyons<\/h2>\t\t\t\t<\/div>\n\t\t\t\t<\/div>\n\t\t\t\t\t<\/div>\n\t\t<\/div>\n\t\t\t\t<div class=\"elementor-column elementor-col-50 elementor-inner-column elementor-element elementor-element-9f8047c\" data-id=\"9f8047c\" data-element_type=\"column\" data-e-type=\"column\">\n\t\t\t<div class=\"elementor-widget-wrap elementor-element-populated\">\n\t\t\t\t\t\t<div class=\"elementor-element elementor-element-6be931b elementor-widget elementor-widget-text-editor\" data-id=\"6be931b\" data-element_type=\"widget\" data-e-type=\"widget\" data-widget_type=\"text-editor.default\">\n\t\t\t\t<div class=\"elementor-widget-container\">\n\t\t\t\t\t\t\t\t\t<h4><span style=\"font-weight: normal;\"><strong>Les Saintes \u00c9critures<\/strong> telles qu\u2019elles ont \u00e9t\u00e9 donn\u00e9es \u00e0 l\u2019origine par Dieu, divinement inspir\u00e9es, infaillibles, enti\u00e8rement dignes de confiance; et l\u2019autorit\u00e9 supr\u00eame dans toutes les questions de foi et de conduite. <\/span><span style=\"font-weight: bold; font-style: italic;\"> (2 Timoth\u00e9e 3:15-17; 2 Pierre 1:20-21; Proverbes 30:5) <\/span><\/h4><h4><span style=\"font-weight: normal;\"><strong>Un seul Dieu,<\/strong> existant \u00e9ternellement en trois personnes, P\u00e8re, Fils et Saint-Esprit.<\/span><span style=\"font-weight: bold; font-style: italic;\"> (Deut\u00e9ronome 6:4; Matthieu 28:19; Jean 10:30) <\/span><\/h4><h4><span style=\"font-weight: normal;\"><strong>Notre Seigneur J\u00e9sus-Christ,<\/strong> Dieu manifest\u00e9 dans la chair, sa naissance virginale, sa vie humaine sans p\u00e9ch\u00e9, ses miracles divins, sa mort par procuration et expiatoire, sa r\u00e9surrection corporelle, son ascension, son travail de m\u00e9diation, et son retour personnel en puissance et en gloire.<\/span> <span style=\"font-weight: bold; font-style: italic;\"> (Colossiens 2:9; H\u00e9breux 4:15; Actes 2:22-24; Actes 1:11)<\/span><\/h4><h4><span style=\"font-weight: normal;\"><strong>Le salut<\/strong> de l\u2019humanit\u00e9 perdue et p\u00e9cheresse par le sang vers\u00e9 du Seigneur J\u00e9sus-Christ par la foi sans les \u0153uvres, et la r\u00e9g\u00e9n\u00e9ration par le Saint-Esprit.<\/span> <span style=\"font-weight: bold; font-style: italic;\"> (<\/span><em>Eph\u00e9siens 2:8-9; Tite 3:3-7; 1 Corinthiens 6:11)<\/em><\/h4><h4><span style=\"font-weight: normal;\"><strong>Le Saint-Esprit<\/strong> par lequel le croyant est rendu capable de vivre une vie sainte, de t\u00e9moigner et d\u2019\u0153uvrer pour le Seigneur J\u00e9sus-Christ.<\/span> <span style=\"font-weight: bold; font-style: italic;\"> (Romains 8 :9-13; Galates 5 :16-25; 2 Corinthiens 3 :17-18)<\/span><\/h4><h4><span style=\"font-weight: normal;\"><strong>L\u2019Unit\u00e9 de l\u2019Esprit<\/strong> de tous les vrais croyants, l\u2019\u00c9glise, le Corps du Christ.<\/span><span style=\"font-weight: bold; font-style: italic;\"> (Jean 17:20-23; Eph\u00e9siens 2:19-22; Eph\u00e9siens 4:4-6)<\/span><\/h4><h4><span style=\"font-weight: normal;\"><strong>La r\u00e9surrection<\/strong> des sauv\u00e9s et des perdus; ceux qui sont sauv\u00e9s pour la r\u00e9surrection de vie, ceux qui sont perdus pour la r\u00e9surrection de damnation. <\/span><span style=\"font-weight: bold; font-style: italic;\">(1 Corinthiens 15:42-44; 1 Jean 5:10-12; Matthieu 25:46)<\/span><\/h4>\t\t\t\t\t\t\t\t<\/div>\n\t\t\t\t<\/div>\n\t\t\t\t\t<\/div>\n\t\t<\/div>\n\t\t\t\t\t<\/div>\n\t\t<\/section>\n\t\t\t\t\t<\/div>\n\t\t<\/div>\n\t\t\t\t\t<\/div>\n\t\t<\/section>\n\t\t\t\t<\/div>\n\t\t","protected":false},"excerpt":{"rendered":"<p>\u00c0 propos de nous God&rsquo;s Heart TV God&rsquo;s Heart TV est un minist\u00e8re Chr\u00e9tien international bas\u00e9 dans le nord du Pays de Galles, au Royaume-Uni. Lanc\u00e9 par Fr\u00e8re Chris en Janvier 2022, notre objectif principal est d\u2019offrir la pri\u00e8re en ligne, de partager la Parole de Dieu et de s\u2019engager [&hellip;]<\/p>\n","protected":false},"author":1,"featured_media":0,"parent":0,"menu_order":0,"comment_status":"closed","ping_status":"closed","template":"page-templates\/full-width-transparent.php","meta":{"content-type":"","footnotes":""},"class_list":["post-12981","page","type-page","status-publish","hentry"],"_links":{"self":[{"href":"https:\/\/godsheart.tv\/fr\/wp-json\/wp\/v2\/pages\/12981","targetHints":{"allow":["GET"]}}],"collection":[{"href":"https:\/\/godsheart.tv\/fr\/wp-json\/wp\/v2\/pages"}],"about":[{"href":"https:\/\/godsheart.tv\/fr\/wp-json\/wp\/v2\/types\/page"}],"author":[{"embeddable":true,"href":"https:\/\/godsheart.tv\/fr\/wp-json\/wp\/v2\/users\/1"}],"replies":[{"embeddable":true,"href":"https:\/\/godsheart.tv\/fr\/wp-json\/wp\/v2\/comments?post=12981"}],"version-history":[{"count":20,"href":"https:\/\/godsheart.tv\/fr\/wp-json\/wp\/v2\/pages\/12981\/revisions"}],"predecessor-version":[{"id":18811,"href":"https:\/\/godsheart.tv\/fr\/wp-json\/wp\/v2\/pages\/12981\/revisions\/18811"}],"wp:attachment":[{"href":"https:\/\/godsheart.tv\/fr\/wp-json\/wp\/v2\/media?parent=12981"}],"curies":[{"name":"wp","href":"https:\/\/api.w.org\/{rel}","templated":true}]}}