{"id":13145,"date":"2024-08-16T13:10:49","date_gmt":"2024-08-16T13:10:49","guid":{"rendered":"https:\/\/godsheart.tv\/newdesign\/?page_id=13145"},"modified":"2025-07-09T16:13:34","modified_gmt":"2025-07-09T15:13:34","slug":"priere-interactive","status":"publish","type":"page","link":"https:\/\/godsheart.tv\/fr\/priere-interactive\/","title":{"rendered":"Pri\u00e8re Interactive"},"content":{"rendered":"\t\t<div data-elementor-type=\"wp-page\" data-elementor-id=\"13145\" class=\"elementor elementor-13145\">\n\t\t\t\t\t\t<section class=\"elementor-section elementor-top-section elementor-element elementor-element-21aa954e elementor-section-full_width elementor-section-height-min-height elementor-section-height-default elementor-section-items-middle\" data-id=\"21aa954e\" data-element_type=\"section\" data-e-type=\"section\" data-settings=\"{&quot;background_background&quot;:&quot;classic&quot;}\">\n\t\t\t\t\t\t\t<div class=\"elementor-background-overlay\"><\/div>\n\t\t\t\t\t\t\t<div class=\"elementor-container elementor-column-gap-no\">\n\t\t\t\t\t<div class=\"elementor-column elementor-col-100 elementor-top-column elementor-element elementor-element-93e76b3\" data-id=\"93e76b3\" data-element_type=\"column\" data-e-type=\"column\">\n\t\t\t<div class=\"elementor-widget-wrap\">\n\t\t\t\t\t\t\t<\/div>\n\t\t<\/div>\n\t\t\t\t\t<\/div>\n\t\t<\/section>\n\t\t<div class=\"elementor-element elementor-element-75deb36 e-flex e-con-boxed e-con e-parent\" data-id=\"75deb36\" data-element_type=\"container\" data-e-type=\"container\">\n\t\t\t\t\t<div class=\"e-con-inner\">\n\t\t\t\t<div class=\"elementor-element elementor-element-e9a7a36 elementor-widget elementor-widget-heading\" data-id=\"e9a7a36\" data-element_type=\"widget\" data-e-type=\"widget\" data-widget_type=\"heading.default\">\n\t\t\t\t<div class=\"elementor-widget-container\">\n\t\t\t\t\t<h1 class=\"elementor-heading-title elementor-size-default\">Pri\u00e8re Interactive<\/h1>\t\t\t\t<\/div>\n\t\t\t\t<\/div>\n\t\t\t\t<div class=\"elementor-element elementor-element-eed64f9 elementor-widget elementor-widget-text-editor\" data-id=\"eed64f9\" data-element_type=\"widget\" data-e-type=\"widget\" data-widget_type=\"text-editor.default\">\n\t\t\t\t<div class=\"elementor-widget-container\">\n\t\t\t\t\t\t\t\t\t<p><em>\u00abNos limites ne limitent pas l\u2019autorit\u00e9 de Dieu. Nos d\u00e9fauts ne r\u00e9duisent pas la port\u00e9e de sa main puissante. Nos insuffisances ne le rendent pas moins suffisant.\u00bb<\/em><em>\u00a0<\/em><\/p><p><strong>La Pri\u00e8re Interactive<\/strong> est une opportunit\u00e9 de recevoir des pri\u00e8res en ligne directement de Fr\u00e8re Chris, o\u00f9 que vous soyez dans le monde, via Zoom. Les \u00c9critures regorgent d\u2019exemples qui montrent que Dieu n\u2019est pas limit\u00e9 par des barri\u00e8res humaines telles que la distance. Par exemple, dans <strong><em>Matthieu 8:8<\/em><\/strong>, le centenier\u00a0romain dit \u00e0 J\u00e9sus : <strong><em>\u00abdis seulement un mot, et mon serviteur sera gu\u00e9ri\u00bb<\/em><\/strong> \u2013 et le miracle s\u2019est produit instantan\u00e9ment!<em>\u00a0<\/em><\/p><p>Si vous souhaitez faire partie d&rsquo;un Service de Pri\u00e8re Interactive via Zoom, veuillez remplir le formulaire ci-dessous et attendre patiemment une r\u00e9ponse par e-mail de notre \u00e9quipe via <a href=\"mailto:info@godsheart.tv\">info@godsheart.tv<\/a>. Cette pri\u00e8re est offerte gratuitement. Comme J\u00e9sus-Christ l\u2019a dit dans <strong><em>Matthieu 10:8<\/em><\/strong> &#8211; <strong><em>\u00abVous avez re\u00e7u gratuitement, donnez gratuitement.\u00bb<\/em><\/strong><\/p><p><span style=\"color: #b3b3b3;\">(Veuillez noter que rejoindre un Service de Pri\u00e8re Interactive sur Zoom implique d&rsquo;appara\u00eetre et d&rsquo;\u00eatre enregistr\u00e9 par vid\u00e9o, ce qui nous le comprenons, peut ne pas convenir \u00e0 tout le monde. Vous pouvez \u00e9galement soumettre une demande de pri\u00e8re g\u00e9n\u00e9rale <a href=\"https:\/\/godsheart.tv\/fr\/connecter\/\">ici<\/a>.)<\/span><\/p>\t\t\t\t\t\t\t\t<\/div>\n\t\t\t\t<\/div>\n\t\t\t\t<div class=\"elementor-element elementor-element-dad54f3 elementor-widget elementor-widget-hubspot-form\" data-id=\"dad54f3\" data-element_type=\"widget\" data-e-type=\"widget\" data-widget_type=\"hubspot-form.default\">\n\t\t\t\t<div class=\"elementor-widget-container\">\n\t\t\t\t\t\n\t\t\t\t\t\t<script>\n\t\t\t\t\t\t\twindow.hsFormsOnReady = window.hsFormsOnReady || [];\n\t\t\t\t\t\t\twindow.hsFormsOnReady.push(()=>{\n\t\t\t\t\t\t\t\thbspt.forms.create({\n\t\t\t\t\t\t\t\t\tportalId: 25392988,\n\t\t\t\t\t\t\t\t\tformId: \"38c3abd1-a5df-4956-ae53-6dd4e0839627\",\n\t\t\t\t\t\t\t\t\ttarget: \"#hbspt-form-1778690878000-9578981469\",\n\t\t\t\t\t\t\t\t\tregion: \"eu1\",\n\t\t\t\t\t\t\t\t\t\n\t\t\t\t\t\t\t})});\n\t\t\t\t\t\t<\/script>\n\t\t\t\t\t\t<div class=\"hbspt-form\" id=\"hbspt-form-1778690878000-9578981469\"><\/div>\t\t\t\t<\/div>\n\t\t\t\t<\/div>\n\t\t\t\t<div class=\"elementor-element elementor-element-103f3eb elementor-widget elementor-widget-image\" data-id=\"103f3eb\" data-element_type=\"widget\" data-e-type=\"widget\" data-widget_type=\"image.default\">\n\t\t\t\t<div class=\"elementor-widget-container\">\n\t\t\t\t\t\t\t\t\t\t\t\t\t\t\t<img fetchpriority=\"high\" decoding=\"async\" width=\"1140\" height=\"45\" src=\"https:\/\/godsheart.tv\/fr\/wp-content\/uploads\/2025\/05\/Bkgrnd-1140x45-1.jpg\" class=\"attachment-full size-full wp-image-17603\" alt=\"\" srcset=\"https:\/\/godsheart.tv\/fr\/wp-content\/uploads\/2025\/05\/Bkgrnd-1140x45-1.jpg 1140w, https:\/\/godsheart.tv\/fr\/wp-content\/uploads\/2025\/05\/Bkgrnd-1140x45-1-300x12.jpg 300w, https:\/\/godsheart.tv\/fr\/wp-content\/uploads\/2025\/05\/Bkgrnd-1140x45-1-1024x40.jpg 1024w, https:\/\/godsheart.tv\/fr\/wp-content\/uploads\/2025\/05\/Bkgrnd-1140x45-1-768x30.jpg 768w, https:\/\/godsheart.tv\/fr\/wp-content\/uploads\/2025\/05\/Bkgrnd-1140x45-1-1000x39.jpg 1000w, https:\/\/godsheart.tv\/fr\/wp-content\/uploads\/2025\/05\/Bkgrnd-1140x45-1-600x24.jpg 600w, https:\/\/godsheart.tv\/fr\/wp-content\/uploads\/2025\/05\/Bkgrnd-1140x45-1-36x1.jpg 36w, https:\/\/godsheart.tv\/fr\/wp-content\/uploads\/2025\/05\/Bkgrnd-1140x45-1-48x2.jpg 48w\" sizes=\"(max-width: 1140px) 100vw, 1140px\" \/>\t\t\t\t\t\t\t\t\t\t\t\t\t\t\t<\/div>\n\t\t\t\t<\/div>\n\t\t\t\t<div class=\"elementor-element elementor-element-333a2a9 elementor-widget-divider--view-line elementor-widget elementor-widget-divider\" data-id=\"333a2a9\" data-element_type=\"widget\" data-e-type=\"widget\" data-widget_type=\"divider.default\">\n\t\t\t\t<div class=\"elementor-widget-container\">\n\t\t\t\t\t\t\t<div class=\"elementor-divider\">\n\t\t\t<span class=\"elementor-divider-separator\">\n\t\t\t\t\t\t<\/span>\n\t\t<\/div>\n\t\t\t\t\t\t<\/div>\n\t\t\t\t<\/div>\n\t\t\t\t\t<\/div>\n\t\t\t\t<\/div>\n\t\t<div class=\"elementor-element elementor-element-996c346 e-flex e-con-boxed e-con e-parent\" data-id=\"996c346\" data-element_type=\"container\" data-e-type=\"container\">\n\t\t\t\t\t<div class=\"e-con-inner\">\n\t\t\t\t<div class=\"elementor-element elementor-element-006c383 elementor-widget elementor-widget-heading\" data-id=\"006c383\" data-element_type=\"widget\" data-e-type=\"widget\" data-widget_type=\"heading.default\">\n\t\t\t\t<div class=\"elementor-widget-container\">\n\t\t\t\t\t<h2 class=\"elementor-heading-title elementor-size-default\">Lisez les t\u00e9moignages de ceux qui ont particip\u00e9 \u00e0 la Pri\u00e8re Interactive<\/h2>\t\t\t\t<\/div>\n\t\t\t\t<\/div>\n\t\t\t\t<div class=\"elementor-element elementor-element-9e62180 elementor-grid-2 elementor-grid-tablet-2 elementor-grid-mobile-1 elementor-widget elementor-widget-wpzoom-elementor-addons-posts-grid\" data-id=\"9e62180\" data-element_type=\"widget\" data-e-type=\"widget\" data-settings=\"{&quot;columns&quot;:&quot;2&quot;,&quot;columns_tablet&quot;:&quot;2&quot;,&quot;columns_mobile&quot;:&quot;1&quot;}\" data-widget_type=\"wpzoom-elementor-addons-posts-grid.default\">\n\t\t\t\t<div class=\"elementor-widget-container\">\n\t\t\t\t\t\t\t<div \n\t\t\tclass=\"wpz-grid\" \n\t\t\tdata-uid=\"9e62180\"\n\t\t\tdata-offset=\"2\"\n\t\t\tdata-posts-grid='{\"posts_per_page\":2,\"post_status\":\"publish\",\"paged\":1,\"post__not_in\":[],\"ignore_sticky_posts\":true,\"category_name\":\"testimonies\",\"no_found_rows\":true,\"orderby\":\"post_date\",\"order\":\"desc\",\"offset\":2,\"show_image\":\"yes\",\"post_thumbnail_size\":\"full\",\"show_title\":\"yes\",\"title_tag\":\"h3\",\"meta_data\":[\"date\"],\"show_excerpt\":\"yes\",\"excerpt_length\":50,\"show_read_more\":\"yes\",\"read_more_text\":\"Lire la suite \\u00bb\",\"grid_style\":\"1\",\"total\":0}'>\n\t\t\t\t\t\t<div class=\"wpz-grid-container elementor-grid wpz-grid-desktop-2  wpz-grid-tablet-2  wpz-grid-mobile-1 \">\n\t\t\t\t\n        <article id=\"post-20543\" class=\"wpz-post post-20543 post type-post status-publish format-standard has-post-thumbnail hentry category-testimonies tag-guerison tag-priere-interactive\">\n         \n            <div class=\"post-grid-inner\">\n            \t\n            \t\t\t\t<div class=\"post-grid-thumbnail\">\n\t\t\t\t<a href=\"https:\/\/godsheart.tv\/fr\/blog\/2026\/05\/13\/je-ne-ressens-plus-ce-que-je-ressentais-avant\/\" title=\"JE NE RESSENS PLUS CE QUE JE RESSENTAIS AVANT\">\n\t\t\t\t\t<img decoding=\"async\" width=\"2560\" height=\"2560\" src=\"https:\/\/godsheart.tv\/fr\/wp-content\/uploads\/2026\/05\/MELLAN-ZA-GHTV-Fr-scaled.jpg\" class=\"attachment-full size-full wp-post-image\" alt=\"\" srcset=\"https:\/\/godsheart.tv\/fr\/wp-content\/uploads\/2026\/05\/MELLAN-ZA-GHTV-Fr-scaled.jpg 2560w, https:\/\/godsheart.tv\/fr\/wp-content\/uploads\/2026\/05\/MELLAN-ZA-GHTV-Fr-300x300.jpg 300w, https:\/\/godsheart.tv\/fr\/wp-content\/uploads\/2026\/05\/MELLAN-ZA-GHTV-Fr-1024x1024.jpg 1024w, https:\/\/godsheart.tv\/fr\/wp-content\/uploads\/2026\/05\/MELLAN-ZA-GHTV-Fr-150x150.jpg 150w, https:\/\/godsheart.tv\/fr\/wp-content\/uploads\/2026\/05\/MELLAN-ZA-GHTV-Fr-768x768.jpg 768w, https:\/\/godsheart.tv\/fr\/wp-content\/uploads\/2026\/05\/MELLAN-ZA-GHTV-Fr-1536x1536.jpg 1536w, https:\/\/godsheart.tv\/fr\/wp-content\/uploads\/2026\/05\/MELLAN-ZA-GHTV-Fr-2048x2048.jpg 2048w, https:\/\/godsheart.tv\/fr\/wp-content\/uploads\/2026\/05\/MELLAN-ZA-GHTV-Fr-2000x2000.jpg 2000w, https:\/\/godsheart.tv\/fr\/wp-content\/uploads\/2026\/05\/MELLAN-ZA-GHTV-Fr-1000x1000.jpg 1000w, https:\/\/godsheart.tv\/fr\/wp-content\/uploads\/2026\/05\/MELLAN-ZA-GHTV-Fr-280x280.jpg 280w, https:\/\/godsheart.tv\/fr\/wp-content\/uploads\/2026\/05\/MELLAN-ZA-GHTV-Fr-1800x1800.jpg 1800w, https:\/\/godsheart.tv\/fr\/wp-content\/uploads\/2026\/05\/MELLAN-ZA-GHTV-Fr-560x560.jpg 560w, https:\/\/godsheart.tv\/fr\/wp-content\/uploads\/2026\/05\/MELLAN-ZA-GHTV-Fr-600x600.jpg 600w, https:\/\/godsheart.tv\/fr\/wp-content\/uploads\/2026\/05\/MELLAN-ZA-GHTV-Fr-800x800.jpg 800w, https:\/\/godsheart.tv\/fr\/wp-content\/uploads\/2026\/05\/MELLAN-ZA-GHTV-Fr-24x24.jpg 24w, https:\/\/godsheart.tv\/fr\/wp-content\/uploads\/2026\/05\/MELLAN-ZA-GHTV-Fr-36x36.jpg 36w, https:\/\/godsheart.tv\/fr\/wp-content\/uploads\/2026\/05\/MELLAN-ZA-GHTV-Fr-48x48.jpg 48w\" sizes=\"(max-width: 2560px) 100vw, 2560px\" \/>\t\t\t\t<\/a>\n\t\t\t<\/div>\n\t\t\n                <div class=\"post-grid-text-wrap\">\n               \t\t\t\t<h3 class=\"title\">\n\t\t\t<a href=\"https:\/\/godsheart.tv\/fr\/blog\/2026\/05\/13\/je-ne-ressens-plus-ce-que-je-ressentais-avant\/\" title=\"JE NE RESSENS PLUS CE QUE JE RESSENTAIS AVANT\">JE NE RESSENS PLUS CE QUE JE RESSENTAIS AVANT<\/a>\n\t\t<\/h3>\n\t\t\t                \t\t<div class=\"post-grid-meta\">\n\t\t\t<span class=\"post-date\">mai 13, 2026<\/span>\t\t<\/div>\n\t\t\t                <div class=\"post-grid-excerpt\"><p>\u00ab Je m&rsquo;appelle Mellan, je viens de Zambie. Je remercie Dieu pour ce qu&rsquo;Il a fait dans ma vie. Je vivais avec de l&rsquo;asthme depuis l&rsquo;enfance. La vie n&rsquo;\u00e9tait pas facile pour moi car je ne pouvais rien faire qui n\u00e9cessitait de me lever t\u00f4t le matin. Cependant, je remercie&hellip;<\/p>\n<\/div>\t                <a class=\"read-more-btn\" href=\"https:\/\/godsheart.tv\/fr\/blog\/2026\/05\/13\/je-ne-ressens-plus-ce-que-je-ressentais-avant\/\">Lire la suite \u00bb<\/a>                <\/div>\n\n            <\/div><!-- .blog-inner -->\n           \n        <\/article>\n\n        \n        <article id=\"post-20511\" class=\"wpz-post post-20511 post type-post status-publish format-standard has-post-thumbnail hentry category-testimonies tag-priere-interactive\">\n         \n            <div class=\"post-grid-inner\">\n            \t\n            \t\t\t\t<div class=\"post-grid-thumbnail\">\n\t\t\t\t<a href=\"https:\/\/godsheart.tv\/fr\/blog\/2026\/05\/12\/ce-que-dieu-ne-peut-pas-faire-nexiste-pas\/\" title=\"CE QUE DIEU NE PEUT PAS FAIRE N&rsquo;EXISTE PAS\">\n\t\t\t\t\t<img decoding=\"async\" width=\"2560\" height=\"2560\" src=\"https:\/\/godsheart.tv\/fr\/wp-content\/uploads\/2026\/05\/MARVELLOUS-ZA-GHTV-Fr-scaled.jpg\" class=\"attachment-full size-full wp-post-image\" alt=\"\" srcset=\"https:\/\/godsheart.tv\/fr\/wp-content\/uploads\/2026\/05\/MARVELLOUS-ZA-GHTV-Fr-scaled.jpg 2560w, https:\/\/godsheart.tv\/fr\/wp-content\/uploads\/2026\/05\/MARVELLOUS-ZA-GHTV-Fr-300x300.jpg 300w, https:\/\/godsheart.tv\/fr\/wp-content\/uploads\/2026\/05\/MARVELLOUS-ZA-GHTV-Fr-1024x1024.jpg 1024w, https:\/\/godsheart.tv\/fr\/wp-content\/uploads\/2026\/05\/MARVELLOUS-ZA-GHTV-Fr-150x150.jpg 150w, https:\/\/godsheart.tv\/fr\/wp-content\/uploads\/2026\/05\/MARVELLOUS-ZA-GHTV-Fr-768x768.jpg 768w, https:\/\/godsheart.tv\/fr\/wp-content\/uploads\/2026\/05\/MARVELLOUS-ZA-GHTV-Fr-1536x1536.jpg 1536w, https:\/\/godsheart.tv\/fr\/wp-content\/uploads\/2026\/05\/MARVELLOUS-ZA-GHTV-Fr-2048x2048.jpg 2048w, https:\/\/godsheart.tv\/fr\/wp-content\/uploads\/2026\/05\/MARVELLOUS-ZA-GHTV-Fr-2000x2000.jpg 2000w, https:\/\/godsheart.tv\/fr\/wp-content\/uploads\/2026\/05\/MARVELLOUS-ZA-GHTV-Fr-1000x1000.jpg 1000w, https:\/\/godsheart.tv\/fr\/wp-content\/uploads\/2026\/05\/MARVELLOUS-ZA-GHTV-Fr-280x280.jpg 280w, https:\/\/godsheart.tv\/fr\/wp-content\/uploads\/2026\/05\/MARVELLOUS-ZA-GHTV-Fr-1800x1800.jpg 1800w, https:\/\/godsheart.tv\/fr\/wp-content\/uploads\/2026\/05\/MARVELLOUS-ZA-GHTV-Fr-560x560.jpg 560w, https:\/\/godsheart.tv\/fr\/wp-content\/uploads\/2026\/05\/MARVELLOUS-ZA-GHTV-Fr-600x600.jpg 600w, https:\/\/godsheart.tv\/fr\/wp-content\/uploads\/2026\/05\/MARVELLOUS-ZA-GHTV-Fr-800x800.jpg 800w, https:\/\/godsheart.tv\/fr\/wp-content\/uploads\/2026\/05\/MARVELLOUS-ZA-GHTV-Fr-24x24.jpg 24w, https:\/\/godsheart.tv\/fr\/wp-content\/uploads\/2026\/05\/MARVELLOUS-ZA-GHTV-Fr-36x36.jpg 36w, https:\/\/godsheart.tv\/fr\/wp-content\/uploads\/2026\/05\/MARVELLOUS-ZA-GHTV-Fr-48x48.jpg 48w\" sizes=\"(max-width: 2560px) 100vw, 2560px\" \/>\t\t\t\t<\/a>\n\t\t\t<\/div>\n\t\t\n                <div class=\"post-grid-text-wrap\">\n               \t\t\t\t<h3 class=\"title\">\n\t\t\t<a href=\"https:\/\/godsheart.tv\/fr\/blog\/2026\/05\/12\/ce-que-dieu-ne-peut-pas-faire-nexiste-pas\/\" title=\"CE QUE DIEU NE PEUT PAS FAIRE N&rsquo;EXISTE PAS\">CE QUE DIEU NE PEUT PAS FAIRE N&rsquo;EXISTE PAS<\/a>\n\t\t<\/h3>\n\t\t\t                \t\t<div class=\"post-grid-meta\">\n\t\t\t<span class=\"post-date\">mai 12, 2026<\/span>\t\t<\/div>\n\t\t\t                <div class=\"post-grid-excerpt\"><p>\u00ab Gr\u00e2ce et paix \u00e0 vous tous au nom de J\u00e9sus-Christ. Je m&rsquo;appelle Marvellous, je viens de Zambie. En effet, ce que Dieu ne peut pas faire n&rsquo;existe pas. J&rsquo;ai vu le grand mouvement de J\u00e9sus-Christ dans ma vie et dans ma famille. Le 1er avril 2026, ma femme et&hellip;<\/p>\n<\/div>\t                <a class=\"read-more-btn\" href=\"https:\/\/godsheart.tv\/fr\/blog\/2026\/05\/12\/ce-que-dieu-ne-peut-pas-faire-nexiste-pas\/\">Lire la suite \u00bb<\/a>                <\/div>\n\n            <\/div><!-- .blog-inner -->\n           \n        <\/article>\n\n        \t\t\t<\/div>\n\n\t\t\t\t\t\t\t\t\n\t\t<\/div><!-- \/\/.wpz-grid -->\n\t\t\t\t\t\t<\/div>\n\t\t\t\t<\/div>\n\t\t\t\t<div class=\"elementor-element elementor-element-e6b3ea6 elementor-align-center elementor-widget elementor-widget-button\" data-id=\"e6b3ea6\" data-element_type=\"widget\" data-e-type=\"widget\" data-widget_type=\"button.default\">\n\t\t\t\t<div class=\"elementor-widget-container\">\n\t\t\t\t\t\t\t\t\t<div class=\"elementor-button-wrapper\">\n\t\t\t\t\t<a class=\"elementor-button elementor-button-link elementor-size-sm\" href=\"https:\/\/godsheart.tv\/fr\/temoignage\/\">\n\t\t\t\t\t\t<span class=\"elementor-button-content-wrapper\">\n\t\t\t\t\t\t<span class=\"elementor-button-icon\">\n\t\t\t\t<svg aria-hidden=\"true\" class=\"e-font-icon-svg e-fas-arrow-circle-right\" viewBox=\"0 0 512 512\" xmlns=\"http:\/\/www.w3.org\/2000\/svg\"><path d=\"M256 8c137 0 248 111 248 248S393 504 256 504 8 393 8 256 119 8 256 8zm-28.9 143.6l75.5 72.4H120c-13.3 0-24 10.7-24 24v16c0 13.3 10.7 24 24 24h182.6l-75.5 72.4c-9.7 9.3-9.9 24.8-.4 34.3l11 10.9c9.4 9.4 24.6 9.4 33.9 0L404.3 273c9.4-9.4 9.4-24.6 0-33.9L271.6 106.3c-9.4-9.4-24.6-9.4-33.9 0l-11 10.9c-9.5 9.6-9.3 25.1.4 34.4z\"><\/path><\/svg>\t\t\t<\/span>\n\t\t\t\t\t\t\t\t\t<span class=\"elementor-button-text\">Plus de t\u00e9moignages ici<\/span>\n\t\t\t\t\t<\/span>\n\t\t\t\t\t<\/a>\n\t\t\t\t<\/div>\n\t\t\t\t\t\t\t\t<\/div>\n\t\t\t\t<\/div>\n\t\t\t\t\t<\/div>\n\t\t\t\t<\/div>\n\t\t\t\t<\/div>\n\t\t","protected":false},"excerpt":{"rendered":"<p>Pri\u00e8re Interactive \u00abNos limites ne limitent pas l\u2019autorit\u00e9 de Dieu. Nos d\u00e9fauts ne r\u00e9duisent pas la port\u00e9e de sa main puissante. Nos insuffisances ne le rendent pas moins suffisant.\u00bb\u00a0 La Pri\u00e8re Interactive est une opportunit\u00e9 de recevoir des pri\u00e8res en ligne directement de Fr\u00e8re Chris, o\u00f9 que vous soyez dans [&hellip;]<\/p>\n","protected":false},"author":1,"featured_media":0,"parent":0,"menu_order":0,"comment_status":"closed","ping_status":"closed","template":"page-templates\/full-width-transparent.php","meta":{"content-type":"","footnotes":""},"class_list":["post-13145","page","type-page","status-publish","hentry"],"_links":{"self":[{"href":"https:\/\/godsheart.tv\/fr\/wp-json\/wp\/v2\/pages\/13145","targetHints":{"allow":["GET"]}}],"collection":[{"href":"https:\/\/godsheart.tv\/fr\/wp-json\/wp\/v2\/pages"}],"about":[{"href":"https:\/\/godsheart.tv\/fr\/wp-json\/wp\/v2\/types\/page"}],"author":[{"embeddable":true,"href":"https:\/\/godsheart.tv\/fr\/wp-json\/wp\/v2\/users\/1"}],"replies":[{"embeddable":true,"href":"https:\/\/godsheart.tv\/fr\/wp-json\/wp\/v2\/comments?post=13145"}],"version-history":[{"count":13,"href":"https:\/\/godsheart.tv\/fr\/wp-json\/wp\/v2\/pages\/13145\/revisions"}],"predecessor-version":[{"id":19471,"href":"https:\/\/godsheart.tv\/fr\/wp-json\/wp\/v2\/pages\/13145\/revisions\/19471"}],"wp:attachment":[{"href":"https:\/\/godsheart.tv\/fr\/wp-json\/wp\/v2\/media?parent=13145"}],"curies":[{"name":"wp","href":"https:\/\/api.w.org\/{rel}","templated":true}]}}