{"id":15345,"date":"2024-12-10T20:23:55","date_gmt":"2024-12-10T20:23:55","guid":{"rendered":"https:\/\/godsheart.tv\/newdesign\/?page_id=15345"},"modified":"2025-06-24T12:01:52","modified_gmt":"2025-06-24T11:01:52","slug":"prieres","status":"publish","type":"page","link":"https:\/\/godsheart.tv\/fr\/prieres\/","title":{"rendered":"Pri\u00e8res"},"content":{"rendered":"\t\t<div data-elementor-type=\"wp-page\" data-elementor-id=\"15345\" class=\"elementor elementor-15345\">\n\t\t\t\t<div class=\"elementor-element elementor-element-65b6186 e-flex e-con-boxed e-con e-parent\" data-id=\"65b6186\" data-element_type=\"container\" data-e-type=\"container\">\n\t\t\t\t\t<div class=\"e-con-inner\">\n\t\t\t\t<div class=\"elementor-element elementor-element-80ffd4e elementor-widget elementor-widget-text-editor\" data-id=\"80ffd4e\" data-element_type=\"widget\" data-e-type=\"widget\" data-widget_type=\"text-editor.default\">\n\t\t\t\t<div class=\"elementor-widget-container\">\n\t\t\t\t\t\t\t\t\t<p><em>\u00abIl y a de la puissance dans l&rsquo;accord de pri\u00e8re !\u00bb<\/em><\/p><p>Que cherchez-vous \u00e0 obtenir de Dieu ? Rappelez-vous que Celui qui a form\u00e9 votre c\u0153ur conna\u00eet votre c\u0153ur. Celui qui poss\u00e8de votre \u00e2me voit votre situation. Rien ne lui est cach\u00e9 <em><strong>(H\u00e9breux 4:13)<\/strong><\/em>. Rejoignez Fr\u00e8re Chris dans ces courtes s\u00e9quences de pri\u00e8re enregistr\u00e9es et, en remettant votre situation entre les mains de Dieu, il mettra sa paix dans vos c\u0153urs !<\/p>\t\t\t\t\t\t\t\t<\/div>\n\t\t\t\t<\/div>\n\t\t\t\t\t<\/div>\n\t\t\t\t<\/div>\n\t\t<div class=\"elementor-element elementor-element-5008b69 e-flex e-con-boxed e-con e-parent\" data-id=\"5008b69\" data-element_type=\"container\" data-e-type=\"container\">\n\t\t\t\t\t<div class=\"e-con-inner\">\n\t\t\t\t<div class=\"elementor-element elementor-element-c247c8b elementor-widget elementor-widget-wpzoom-elementor-addons-portfolio-showcase\" data-id=\"c247c8b\" data-element_type=\"widget\" data-e-type=\"widget\" data-settings=\"{&quot;portfolio_showcase_styles&quot;:&quot;default&quot;}\" data-widget_type=\"wpzoom-elementor-addons-portfolio-showcase.default\">\n\t\t\t\t<div class=\"elementor-widget-container\">\n\t\t\t\t\t<div class=\"portfolio-showcase\"><div class=\"portfolio-showcase-header\"><nav class=\"portfolio-archive-taxonomies\" style=\"display:none;\">\n\t<ul class=\"portfolio-taxonomies portfolio-taxonomies-filter-by\">\n\t\t<li data-subcategory=\"149\"\t\t\tclass=\"cat-item cat-item-all current-cat\" \n\t\t\tdata-counter=\"8\"\n\t\t>\n\t\t\t<a href=\"https:\/\/godsheart.tv\/fr\/portfolio\/\">All<\/a>\n\t\t<\/li>\n\t\t<li class=\"cat-item-none\">Aucune cat\u00e9gorie<\/li>\t<\/ul>\n<\/nav><\/div><!-- \/\/ .portfolio-showcase-header -->\t\t\t<div data-subcategory=\"149\"\t\t\t\tdata-ajax-items-loading=\"\"\n\t\t\t\tdata-nonce=\"c9ad951a3a\"\n\t\t\t\tdata-count-nonce=\"9c2fcec13c\"\n\t\t\t\tdata-items-count=\"8\"\n\t\t\t\tdata-instance=\"{&quot;layout_type&quot;:&quot;full-width&quot;,&quot;col_number&quot;:&quot;3&quot;,&quot;aspect_ratio&quot;:&quot;portrait&quot;,&quot;background_video&quot;:true,&quot;show_masonry&quot;:false,&quot;show_popup&quot;:true,&quot;show_popup_caption&quot;:false,&quot;show_popup_excerpt&quot;:false,&quot;show_excerpt&quot;:false,&quot;view_all_btn&quot;:true,&quot;readmore_text&quot;:&quot;Read More&quot;,&quot;enable_director_name&quot;:false,&quot;enable_year&quot;:false,&quot;enable_category&quot;:false,&quot;show_count&quot;:300,&quot;show_categories&quot;:true,&quot;always_play_background_video&quot;:false}\"\n\t\t\t\tclass=\"portfolio-grid  portfolio_with_space col_no_3 \"\n\t\t\t>\n\t\t\t\t            <article id=\"post-20001\" class=\" portfolio_149_item portfolio_item post-20001 type-portfolio_item status-publish has-post-thumbnail hentry portfolio-prayers\">\n            \n                    <div class=\"entry-thumbnail-popover\">\n                        <div class=\"entry-thumbnail-popover-content lightbox_popup_insp popover-content--animated\" data-show-caption=\"\" data-show-excerpt=\"\">\n\n                            <a class=\"wpz-portfolio-link\" href=\"https:\/\/godsheart.tv\/fr\/video\/priere-pour-votre-demande-de-priere-personnelle-pour-2026\/\" title=\"PRI\u00c8RE Pour Votre Demande De Pri\u00e8re Personnelle Pour 2026!\"><\/a>\n\n                            <div class=\"entry-meta\">\n\n                                <!-- start lightbox --><a\n                                    class=\"mfp-iframe portfolio-popup-video\"\n                                    href=\"https:\/\/youtube.com\/watch?v=UeRIqI6RwuI\" aria-label=\"Watch Video\"><\/a>\n                                \n                                <h3 class=\"portfolio_item-title\">\n                                    <a href=\"https:\/\/godsheart.tv\/fr\/video\/priere-pour-votre-demande-de-priere-personnelle-pour-2026\/\"\n                                       title=\"PRI\u00c8RE Pour Votre Demande De Pri\u00e8re Personnelle Pour 2026!\">PRI\u00c8RE Pour Votre Demande De Pri\u00e8re Personnelle Pour 2026!<\/a>\n                                <\/h3>\n\n                                <ul>\n                                    \n                                    \n                                                                    <\/ul>\n\n                                \n                            <\/div>\n\n                        <\/div>\n                    <\/div>\n\n                    \n                        <img fetchpriority=\"high\" decoding=\"async\" width=\"600\" height=\"720\" src=\"https:\/\/godsheart.tv\/fr\/wp-content\/uploads\/2026\/01\/maxresdefault-11-600x720.jpg\" class=\"attachment-portfolio_item-thumbnail_portrait size-portfolio_item-thumbnail_portrait wp-post-image\" alt=\"\" \/>\n                    \n\n                            <\/article>            <article id=\"post-19997\" class=\" portfolio_149_item portfolio_item post-19997 type-portfolio_item status-publish has-post-thumbnail hentry portfolio-prayers\">\n            \n                    <div class=\"entry-thumbnail-popover\">\n                        <div class=\"entry-thumbnail-popover-content lightbox_popup_insp popover-content--animated\" data-show-caption=\"\" data-show-excerpt=\"\">\n\n                            <a class=\"wpz-portfolio-link\" href=\"https:\/\/godsheart.tv\/fr\/video\/priere-cet-esprit-impur-qui-trouble-votre-vie-sors-au-nom-de-jesus\/\" title=\"PRI\u00c8RE: Cet esprit impur qui trouble votre vie \u2013 SORS, au nom de J\u00e9sus!\"><\/a>\n\n                            <div class=\"entry-meta\">\n\n                                <!-- start lightbox --><a\n                                    class=\"mfp-iframe portfolio-popup-video\"\n                                    href=\"https:\/\/youtube.com\/watch?v=K4bmu6mR0-I\" aria-label=\"Watch Video\"><\/a>\n                                \n                                <h3 class=\"portfolio_item-title\">\n                                    <a href=\"https:\/\/godsheart.tv\/fr\/video\/priere-cet-esprit-impur-qui-trouble-votre-vie-sors-au-nom-de-jesus\/\"\n                                       title=\"PRI\u00c8RE: Cet esprit impur qui trouble votre vie \u2013 SORS, au nom de J\u00e9sus!\">PRI\u00c8RE: Cet esprit impur qui trouble votre vie \u2013 SORS, au nom de J\u00e9sus!<\/a>\n                                <\/h3>\n\n                                <ul>\n                                    \n                                    \n                                                                    <\/ul>\n\n                                \n                            <\/div>\n\n                        <\/div>\n                    <\/div>\n\n                    \n                        <img decoding=\"async\" width=\"600\" height=\"720\" src=\"https:\/\/godsheart.tv\/fr\/wp-content\/uploads\/2026\/01\/maxresdefault-9-600x720.jpg\" class=\"attachment-portfolio_item-thumbnail_portrait size-portfolio_item-thumbnail_portrait wp-post-image\" alt=\"\" \/>\n                    \n\n                            <\/article>            <article id=\"post-19539\" class=\" portfolio_149_item portfolio_item post-19539 type-portfolio_item status-publish has-post-thumbnail hentry portfolio-prayers\">\n            \n                    <div class=\"entry-thumbnail-popover\">\n                        <div class=\"entry-thumbnail-popover-content lightbox_popup_insp popover-content--animated\" data-show-caption=\"\" data-show-excerpt=\"\">\n\n                            <a class=\"wpz-portfolio-link\" href=\"https:\/\/godsheart.tv\/fr\/video\/toute-ame-en-detresse-recevez-la-liberte\/\" title=\"Toute \u00e2me en D\u00c9TRESSE \u2013 recevez la LIBERT\u00c9!\"><\/a>\n\n                            <div class=\"entry-meta\">\n\n                                <!-- start lightbox --><a\n                                    class=\"mfp-iframe portfolio-popup-video\"\n                                    href=\"https:\/\/youtube.com\/watch?v=ParDQRcll20\" aria-label=\"Watch Video\"><\/a>\n                                \n                                <h3 class=\"portfolio_item-title\">\n                                    <a href=\"https:\/\/godsheart.tv\/fr\/video\/toute-ame-en-detresse-recevez-la-liberte\/\"\n                                       title=\"Toute \u00e2me en D\u00c9TRESSE \u2013 recevez la LIBERT\u00c9!\">Toute \u00e2me en D\u00c9TRESSE \u2013 recevez la LIBERT\u00c9!<\/a>\n                                <\/h3>\n\n                                <ul>\n                                    \n                                    \n                                                                    <\/ul>\n\n                                \n                            <\/div>\n\n                        <\/div>\n                    <\/div>\n\n                    \n                        <img decoding=\"async\" width=\"600\" height=\"720\" src=\"https:\/\/godsheart.tv\/fr\/wp-content\/uploads\/2025\/07\/maxresdefault-104-600x720.jpg\" class=\"attachment-portfolio_item-thumbnail_portrait size-portfolio_item-thumbnail_portrait wp-post-image\" alt=\"\" \/>\n                    \n\n                            <\/article>            <article id=\"post-19536\" class=\" portfolio_149_item portfolio_item post-19536 type-portfolio_item status-publish has-post-thumbnail hentry portfolio-prayers\">\n            \n                    <div class=\"entry-thumbnail-popover\">\n                        <div class=\"entry-thumbnail-popover-content lightbox_popup_insp popover-content--animated\" data-show-caption=\"\" data-show-excerpt=\"\">\n\n                            <a class=\"wpz-portfolio-link\" href=\"https:\/\/godsheart.tv\/fr\/video\/il-est-temps-darreter-de-vous-reposer-sur-vos-echecs\/\" title=\"Il est temps d&rsquo;arr\u00eater de vous reposer sur vos \u00e9checs!\"><\/a>\n\n                            <div class=\"entry-meta\">\n\n                                <!-- start lightbox --><a\n                                    class=\"mfp-iframe portfolio-popup-video\"\n                                    href=\"https:\/\/youtu.be\/k3UGYBetoUk\" aria-label=\"Watch Video\"><\/a>\n                                \n                                <h3 class=\"portfolio_item-title\">\n                                    <a href=\"https:\/\/godsheart.tv\/fr\/video\/il-est-temps-darreter-de-vous-reposer-sur-vos-echecs\/\"\n                                       title=\"Il est temps d&rsquo;arr\u00eater de vous reposer sur vos \u00e9checs!\">Il est temps d&rsquo;arr\u00eater de vous reposer sur vos \u00e9checs!<\/a>\n                                <\/h3>\n\n                                <ul>\n                                    \n                                    \n                                                                    <\/ul>\n\n                                \n                            <\/div>\n\n                        <\/div>\n                    <\/div>\n\n                    \n                        <img loading=\"lazy\" decoding=\"async\" width=\"600\" height=\"720\" src=\"https:\/\/godsheart.tv\/fr\/wp-content\/uploads\/2025\/07\/maxresdefault-103-600x720.jpg\" class=\"attachment-portfolio_item-thumbnail_portrait size-portfolio_item-thumbnail_portrait wp-post-image\" alt=\"\" \/>\n                    \n\n                            <\/article>            <article id=\"post-19150\" class=\" portfolio_149_item portfolio_item post-19150 type-portfolio_item status-publish has-post-thumbnail hentry portfolio-prayers\">\n            \n                    <div class=\"entry-thumbnail-popover\">\n                        <div class=\"entry-thumbnail-popover-content lightbox_popup_insp popover-content--animated\" data-show-caption=\"\" data-show-excerpt=\"\">\n\n                            <a class=\"wpz-portfolio-link\" href=\"https:\/\/godsheart.tv\/fr\/video\/priere-court-famille\/\" title=\"PRI\u00c8RE COURT FAMILLE\"><\/a>\n\n                            <div class=\"entry-meta\">\n\n                                <!-- start lightbox --><a\n                                    class=\"mfp-iframe portfolio-popup-video\"\n                                    href=\"https:\/\/youtube.com\/watch?v=lEzITH7-Zlk\" aria-label=\"Watch Video\"><\/a>\n                                \n                                <h3 class=\"portfolio_item-title\">\n                                    <a href=\"https:\/\/godsheart.tv\/fr\/video\/priere-court-famille\/\"\n                                       title=\"PRI\u00c8RE COURT FAMILLE\">PRI\u00c8RE COURT FAMILLE<\/a>\n                                <\/h3>\n\n                                <ul>\n                                    \n                                    \n                                                                    <\/ul>\n\n                                \n                            <\/div>\n\n                        <\/div>\n                    <\/div>\n\n                    \n                        <img loading=\"lazy\" decoding=\"async\" width=\"600\" height=\"720\" src=\"https:\/\/godsheart.tv\/fr\/wp-content\/uploads\/2025\/07\/maxresdefault-83-600x720.jpg\" class=\"attachment-portfolio_item-thumbnail_portrait size-portfolio_item-thumbnail_portrait wp-post-image\" alt=\"\" \/>\n                    \n\n                            <\/article>            <article id=\"post-19153\" class=\" portfolio_149_item portfolio_item post-19153 type-portfolio_item status-publish has-post-thumbnail hentry portfolio-prayers\">\n            \n                    <div class=\"entry-thumbnail-popover\">\n                        <div class=\"entry-thumbnail-popover-content lightbox_popup_insp popover-content--animated\" data-show-caption=\"\" data-show-excerpt=\"\">\n\n                            <a class=\"wpz-portfolio-link\" href=\"https:\/\/godsheart.tv\/fr\/video\/le-son-de-celebration\/\" title=\"Le Son De C\u00e9l\u00e9bration!\"><\/a>\n\n                            <div class=\"entry-meta\">\n\n                                <!-- start lightbox --><a\n                                    class=\"mfp-iframe portfolio-popup-video\"\n                                    href=\"https:\/\/youtube.com\/watch?v=P47-ONX314Y\" aria-label=\"Watch Video\"><\/a>\n                                \n                                <h3 class=\"portfolio_item-title\">\n                                    <a href=\"https:\/\/godsheart.tv\/fr\/video\/le-son-de-celebration\/\"\n                                       title=\"Le Son De C\u00e9l\u00e9bration!\">Le Son De C\u00e9l\u00e9bration!<\/a>\n                                <\/h3>\n\n                                <ul>\n                                    \n                                    \n                                                                    <\/ul>\n\n                                \n                            <\/div>\n\n                        <\/div>\n                    <\/div>\n\n                    \n                        <img loading=\"lazy\" decoding=\"async\" width=\"600\" height=\"720\" src=\"https:\/\/godsheart.tv\/fr\/wp-content\/uploads\/2025\/07\/maxresdefault-84-600x720.jpg\" class=\"attachment-portfolio_item-thumbnail_portrait size-portfolio_item-thumbnail_portrait wp-post-image\" alt=\"\" \/>\n                    \n\n                            <\/article>            <article id=\"post-19156\" class=\" portfolio_149_item portfolio_item post-19156 type-portfolio_item status-publish has-post-thumbnail hentry portfolio-prayers\">\n            \n                    <div class=\"entry-thumbnail-popover\">\n                        <div class=\"entry-thumbnail-popover-content lightbox_popup_insp popover-content--animated\" data-show-caption=\"\" data-show-excerpt=\"\">\n\n                            <a class=\"wpz-portfolio-link\" href=\"https:\/\/godsheart.tv\/fr\/video\/recevez-le-calme-en-vous\/\" title=\"Recevez le calme en vous!\"><\/a>\n\n                            <div class=\"entry-meta\">\n\n                                <!-- start lightbox --><a\n                                    class=\"mfp-iframe portfolio-popup-video\"\n                                    href=\"https:\/\/youtube.com\/watch?v=szcY6sss8dQ\" aria-label=\"Watch Video\"><\/a>\n                                \n                                <h3 class=\"portfolio_item-title\">\n                                    <a href=\"https:\/\/godsheart.tv\/fr\/video\/recevez-le-calme-en-vous\/\"\n                                       title=\"Recevez le calme en vous!\">Recevez le calme en vous!<\/a>\n                                <\/h3>\n\n                                <ul>\n                                    \n                                    \n                                                                    <\/ul>\n\n                                \n                            <\/div>\n\n                        <\/div>\n                    <\/div>\n\n                    \n                        <img loading=\"lazy\" decoding=\"async\" width=\"600\" height=\"720\" src=\"https:\/\/godsheart.tv\/fr\/wp-content\/uploads\/2025\/07\/maxresdefault-85-600x720.jpg\" class=\"attachment-portfolio_item-thumbnail_portrait size-portfolio_item-thumbnail_portrait wp-post-image\" alt=\"\" \/>\n                    \n\n                            <\/article>            <article id=\"post-19159\" class=\" portfolio_149_item portfolio_item post-19159 type-portfolio_item status-publish has-post-thumbnail hentry portfolio-prayers\">\n            \n                    <div class=\"entry-thumbnail-popover\">\n                        <div class=\"entry-thumbnail-popover-content lightbox_popup_insp popover-content--animated\" data-show-caption=\"\" data-show-excerpt=\"\">\n\n                            <a class=\"wpz-portfolio-link\" href=\"https:\/\/godsheart.tv\/fr\/video\/le-pouvoir-du-peche-sur-vous-sois-brise-maintenant\/\" title=\"LE POUVOIR DU PECHE SUR VOUS \u2013 SOIS BRISE MAINTENANT !\"><\/a>\n\n                            <div class=\"entry-meta\">\n\n                                <!-- start lightbox --><a\n                                    class=\"mfp-iframe portfolio-popup-video\"\n                                    href=\"https:\/\/youtube.com\/watch?v=7wwVynuOhGs\" aria-label=\"Watch Video\"><\/a>\n                                \n                                <h3 class=\"portfolio_item-title\">\n                                    <a href=\"https:\/\/godsheart.tv\/fr\/video\/le-pouvoir-du-peche-sur-vous-sois-brise-maintenant\/\"\n                                       title=\"LE POUVOIR DU PECHE SUR VOUS \u2013 SOIS BRISE MAINTENANT !\">LE POUVOIR DU PECHE SUR VOUS \u2013 SOIS BRISE MAINTENANT !<\/a>\n                                <\/h3>\n\n                                <ul>\n                                    \n                                    \n                                                                    <\/ul>\n\n                                \n                            <\/div>\n\n                        <\/div>\n                    <\/div>\n\n                    \n                        <img loading=\"lazy\" decoding=\"async\" width=\"600\" height=\"720\" src=\"https:\/\/godsheart.tv\/fr\/wp-content\/uploads\/2025\/07\/maxresdefault-86-600x720.jpg\" class=\"attachment-portfolio_item-thumbnail_portrait size-portfolio_item-thumbnail_portrait wp-post-image\" alt=\"\" \/>\n                    \n\n                            <\/article>\n\t\t\t<\/div><!-- \/\/ .portfolio-grid -->\n\n\t\t\t\t\t\t\t\n\n\t\t\t\t\n\t\t\t\t\t<div class=\"portfolio-preloader\">\n\t\t\t\t<div id=\"loading-39x\">\n\t\t\t\t\t<div class=\"spinner\">\n\t\t\t\t\t\t<div class=\"rect1\"><\/div> \n\t\t\t\t\t\t<div class=\"rect2\"><\/div> \n\t\t\t\t\t\t<div class=\"rect3\"><\/div> \n\t\t\t\t\t\t<div class=\"rect4\"><\/div> \n\t\t\t\t\t\t<div class=\"rect5\"><\/div>\n\t\t\t\t\t<\/div>\n\t\t\t\t<\/div>\n\t\t\t<\/div>\n\t\t\n        \n\t\t<\/div><!-- \/\/ .portfolio-showcase -->\t\t\t\t<\/div>\n\t\t\t\t<\/div>\n\t\t\t\t\t<\/div>\n\t\t\t\t<\/div>\n\t\t\t\t<\/div>\n\t\t","protected":false},"excerpt":{"rendered":"<p>\u00abIl y a de la puissance dans l&rsquo;accord de pri\u00e8re !\u00bb Que cherchez-vous \u00e0 obtenir de Dieu ? Rappelez-vous que Celui qui a form\u00e9 votre c\u0153ur conna\u00eet votre c\u0153ur. Celui qui poss\u00e8de votre \u00e2me voit votre situation. Rien ne lui est cach\u00e9 (H\u00e9breux 4:13). Rejoignez Fr\u00e8re Chris dans ces courtes [&hellip;]<\/p>\n","protected":false},"author":3,"featured_media":0,"parent":0,"menu_order":0,"comment_status":"closed","ping_status":"closed","template":"","meta":{"content-type":"","footnotes":""},"class_list":["post-15345","page","type-page","status-publish","hentry"],"_links":{"self":[{"href":"https:\/\/godsheart.tv\/fr\/wp-json\/wp\/v2\/pages\/15345","targetHints":{"allow":["GET"]}}],"collection":[{"href":"https:\/\/godsheart.tv\/fr\/wp-json\/wp\/v2\/pages"}],"about":[{"href":"https:\/\/godsheart.tv\/fr\/wp-json\/wp\/v2\/types\/page"}],"author":[{"embeddable":true,"href":"https:\/\/godsheart.tv\/fr\/wp-json\/wp\/v2\/users\/3"}],"replies":[{"embeddable":true,"href":"https:\/\/godsheart.tv\/fr\/wp-json\/wp\/v2\/comments?post=15345"}],"version-history":[{"count":4,"href":"https:\/\/godsheart.tv\/fr\/wp-json\/wp\/v2\/pages\/15345\/revisions"}],"predecessor-version":[{"id":18766,"href":"https:\/\/godsheart.tv\/fr\/wp-json\/wp\/v2\/pages\/15345\/revisions\/18766"}],"wp:attachment":[{"href":"https:\/\/godsheart.tv\/fr\/wp-json\/wp\/v2\/media?parent=15345"}],"curies":[{"name":"wp","href":"https:\/\/api.w.org\/{rel}","templated":true}]}}