{"id":17795,"date":"2025-06-10T18:29:09","date_gmt":"2025-06-10T17:29:09","guid":{"rendered":"https:\/\/godshearttv.com\/?page_id=17795"},"modified":"2025-07-28T15:11:00","modified_gmt":"2025-07-28T14:11:00","slug":"en-direct","status":"publish","type":"page","link":"https:\/\/godsheart.tv\/fr\/en-direct\/","title":{"rendered":"Services en direct en ligne"},"content":{"rendered":"\t\t<div data-elementor-type=\"wp-page\" data-elementor-id=\"17795\" class=\"elementor elementor-17795\">\n\t\t\t\t\t\t<section class=\"elementor-section elementor-top-section elementor-element elementor-element-21aa954e elementor-section-full_width elementor-section-height-min-height elementor-section-height-default elementor-section-items-middle\" data-id=\"21aa954e\" data-element_type=\"section\" data-e-type=\"section\" data-settings=\"{&quot;background_background&quot;:&quot;classic&quot;}\">\n\t\t\t\t\t\t\t<div class=\"elementor-background-overlay\"><\/div>\n\t\t\t\t\t\t\t<div class=\"elementor-container elementor-column-gap-no\">\n\t\t\t\t\t<div class=\"elementor-column elementor-col-100 elementor-top-column elementor-element elementor-element-93e76b3\" data-id=\"93e76b3\" data-element_type=\"column\" data-e-type=\"column\">\n\t\t\t<div class=\"elementor-widget-wrap\">\n\t\t\t\t\t\t\t<\/div>\n\t\t<\/div>\n\t\t\t\t\t<\/div>\n\t\t<\/section>\n\t\t<div class=\"elementor-element elementor-element-75deb36 e-flex e-con-boxed e-con e-parent\" data-id=\"75deb36\" data-element_type=\"container\" data-e-type=\"container\">\n\t\t\t\t\t<div class=\"e-con-inner\">\n\t\t\t\t<div class=\"elementor-element elementor-element-e9a7a36 elementor-widget elementor-widget-heading\" data-id=\"e9a7a36\" data-element_type=\"widget\" data-e-type=\"widget\" data-widget_type=\"heading.default\">\n\t\t\t\t<div class=\"elementor-widget-container\">\n\t\t\t\t\t<h1 class=\"elementor-heading-title elementor-size-default\">Services en direct en ligne<\/h1>\t\t\t\t<\/div>\n\t\t\t\t<\/div>\n\t\t\t\t<div class=\"elementor-element elementor-element-eed64f9 elementor-widget elementor-widget-text-editor\" data-id=\"eed64f9\" data-element_type=\"widget\" data-e-type=\"widget\" data-widget_type=\"text-editor.default\">\n\t\t\t\t<div class=\"elementor-widget-container\">\n\t\t\t\t\t\t\t\t\t<p>La puissance de Dieu pour gu\u00e9rir, d\u00e9livrer, restaurer et sauver n&rsquo;a PAS chang\u00e9 ! Pr\u00e9parez-vous \u00e0 rejoindre des milliers de croyants dans le monde entier pour un temps de pri\u00e8re puissant, pour entendre des t\u00e9moignages \u00e9difiants et pour recevoir des v\u00e9rit\u00e9s qui changent la vie \u00e0 partir de la Parole vivante de Dieu, en vous connectant au service en ligne mensuel en direct avec Fr\u00e8re Chris, diffus\u00e9 depuis le studio de God&rsquo;s Heart TV dans le nord du Pays de Galles, le premier samedi de chaque mois \u00e0 14 heures (heure du Royaume-Uni).<\/p><p>Vous pouvez vous inscrire sur <a href=\"https:\/\/www.youtube.com\/@godshearttvfrancais\/live\" target=\"_blank\" rel=\"noopener\">YouTube ici<\/a> ou vous pouvez demander \u00e0 participer \u00e0 la pri\u00e8re interactive sur <a href=\"https:\/\/godsheart.tv\/fr\/priere-interactive\/\">Zoom ici<\/a>.<\/p>\t\t\t\t\t\t\t\t<\/div>\n\t\t\t\t<\/div>\n\t\t\t\t<div class=\"elementor-element elementor-element-333a2a9 elementor-widget-divider--view-line elementor-widget elementor-widget-divider\" data-id=\"333a2a9\" data-element_type=\"widget\" data-e-type=\"widget\" data-widget_type=\"divider.default\">\n\t\t\t\t<div class=\"elementor-widget-container\">\n\t\t\t\t\t\t\t<div class=\"elementor-divider\">\n\t\t\t<span class=\"elementor-divider-separator\">\n\t\t\t\t\t\t<\/span>\n\t\t<\/div>\n\t\t\t\t\t\t<\/div>\n\t\t\t\t<\/div>\n\t\t\t\t\t<\/div>\n\t\t\t\t<\/div>\n\t\t<div class=\"elementor-element elementor-element-c100fd2 e-flex e-con-boxed e-con e-parent\" data-id=\"c100fd2\" data-element_type=\"container\" data-e-type=\"container\">\n\t\t\t\t\t<div class=\"e-con-inner\">\n\t\t\t\t<div class=\"elementor-element elementor-element-baaac9d elementor-widget elementor-widget-heading\" data-id=\"baaac9d\" data-element_type=\"widget\" data-e-type=\"widget\" data-widget_type=\"heading.default\">\n\t\t\t\t<div class=\"elementor-widget-container\">\n\t\t\t\t\t<h2 class=\"elementor-heading-title elementor-size-default\">Voir les services en ligne pr\u00e9c\u00e9dents<\/h2>\t\t\t\t<\/div>\n\t\t\t\t<\/div>\n\t\t\t\t\t<\/div>\n\t\t\t\t<\/div>\n\t\t<div class=\"elementor-element elementor-element-8a6e0e5 e-flex e-con-boxed e-con e-parent\" data-id=\"8a6e0e5\" data-element_type=\"container\" data-e-type=\"container\">\n\t\t\t\t\t<div class=\"e-con-inner\">\n\t\t\t\t<div class=\"elementor-element elementor-element-c53de3e elementor-widget elementor-widget-html\" data-id=\"c53de3e\" data-element_type=\"widget\" data-e-type=\"widget\" data-widget_type=\"html.default\">\n\t\t\t\t<div class=\"elementor-widget-container\">\n\t\t\t\t\t<style>\r\n  .video-container {\r\n    position: relative;\r\n    margin-bottom: 100px; \/* Ajusta el valor seg\u00fan sea necesario *\/\r\n  }\r\n  \r\n  iframe {\r\n    width: 100%;\r\n    height: 100%;\r\n    border: none;\r\n  }\r\n<\/style>\r\n\r\n<div class=\"video-container\">\r\n  <iframe width=\"560\" height=\"315\" src=\"https:\/\/www.youtube.com\/embed\/videoseries?si=JgphQtT1zDfXB1vv&amp;list=PLGx6BqM5rB54dwwtjM1YV5eZ23ip2CK-9&index=0\" title=\"YouTube video player\" frameborder=\"0\" allow=\"accelerometer; autoplay; clipboard-write; encrypted-media; gyroscope; picture-in-picture; web-share\" referrerpolicy=\"strict-origin-when-cross-origin\" allowfullscreen><\/iframe>   \r\n<\/div>\t\t\t\t<\/div>\n\t\t\t\t<\/div>\n\t\t\t\t\t<\/div>\n\t\t\t\t<\/div>\n\t\t\t\t<\/div>\n\t\t","protected":false},"excerpt":{"rendered":"<p>Services en direct en ligne La puissance de Dieu pour gu\u00e9rir, d\u00e9livrer, restaurer et sauver n&rsquo;a PAS chang\u00e9 ! Pr\u00e9parez-vous \u00e0 rejoindre des milliers de croyants dans le monde entier pour un temps de pri\u00e8re puissant, pour entendre des t\u00e9moignages \u00e9difiants et pour recevoir des v\u00e9rit\u00e9s qui changent la vie [&hellip;]<\/p>\n","protected":false},"author":1,"featured_media":0,"parent":0,"menu_order":0,"comment_status":"closed","ping_status":"closed","template":"page-templates\/full-width-transparent.php","meta":{"content-type":"","footnotes":""},"class_list":["post-17795","page","type-page","status-publish","hentry"],"_links":{"self":[{"href":"https:\/\/godsheart.tv\/fr\/wp-json\/wp\/v2\/pages\/17795","targetHints":{"allow":["GET"]}}],"collection":[{"href":"https:\/\/godsheart.tv\/fr\/wp-json\/wp\/v2\/pages"}],"about":[{"href":"https:\/\/godsheart.tv\/fr\/wp-json\/wp\/v2\/types\/page"}],"author":[{"embeddable":true,"href":"https:\/\/godsheart.tv\/fr\/wp-json\/wp\/v2\/users\/1"}],"replies":[{"embeddable":true,"href":"https:\/\/godsheart.tv\/fr\/wp-json\/wp\/v2\/comments?post=17795"}],"version-history":[{"count":20,"href":"https:\/\/godsheart.tv\/fr\/wp-json\/wp\/v2\/pages\/17795\/revisions"}],"predecessor-version":[{"id":19544,"href":"https:\/\/godsheart.tv\/fr\/wp-json\/wp\/v2\/pages\/17795\/revisions\/19544"}],"wp:attachment":[{"href":"https:\/\/godsheart.tv\/fr\/wp-json\/wp\/v2\/media?parent=17795"}],"curies":[{"name":"wp","href":"https:\/\/api.w.org\/{rel}","templated":true}]}}