{"id":17862,"date":"2025-06-11T16:44:12","date_gmt":"2025-06-11T15:44:12","guid":{"rendered":"https:\/\/godshearttv.com\/?page_id=17862"},"modified":"2025-06-24T13:14:01","modified_gmt":"2025-06-24T12:14:01","slug":"nouveau-croyant","status":"publish","type":"page","link":"https:\/\/godsheart.tv\/fr\/nouveau-croyant\/","title":{"rendered":"Nouveau croyant"},"content":{"rendered":"\t\t<div data-elementor-type=\"wp-page\" data-elementor-id=\"17862\" class=\"elementor elementor-17862\">\n\t\t\t\t\t\t<section class=\"elementor-section elementor-top-section elementor-element elementor-element-21aa954e elementor-section-full_width elementor-section-height-min-height elementor-section-height-default elementor-section-items-middle\" data-id=\"21aa954e\" data-element_type=\"section\" data-e-type=\"section\" data-settings=\"{&quot;background_background&quot;:&quot;classic&quot;}\">\n\t\t\t\t\t\t\t<div class=\"elementor-background-overlay\"><\/div>\n\t\t\t\t\t\t\t<div class=\"elementor-container elementor-column-gap-no\">\n\t\t\t\t\t<div class=\"elementor-column elementor-col-100 elementor-top-column elementor-element elementor-element-93e76b3\" data-id=\"93e76b3\" data-element_type=\"column\" data-e-type=\"column\">\n\t\t\t<div class=\"elementor-widget-wrap\">\n\t\t\t\t\t\t\t<\/div>\n\t\t<\/div>\n\t\t\t\t\t<\/div>\n\t\t<\/section>\n\t\t<div class=\"elementor-element elementor-element-75deb36 e-flex e-con-boxed e-con e-parent\" data-id=\"75deb36\" data-element_type=\"container\" data-e-type=\"container\">\n\t\t\t\t\t<div class=\"e-con-inner\">\n\t\t\t\t<div class=\"elementor-element elementor-element-12bba59 elementor-widget elementor-widget-heading\" data-id=\"12bba59\" data-element_type=\"widget\" data-e-type=\"widget\" data-widget_type=\"heading.default\">\n\t\t\t\t<div class=\"elementor-widget-container\">\n\t\t\t\t\t<h2 class=\"elementor-heading-title elementor-size-default\">Les plus grandes questions de la vie<\/h2>\t\t\t\t<\/div>\n\t\t\t\t<\/div>\n\t\t\t\t<div class=\"elementor-element elementor-element-f7fe147 elementor-widget elementor-widget-video\" data-id=\"f7fe147\" data-element_type=\"widget\" data-e-type=\"widget\" data-settings=\"{&quot;youtube_url&quot;:&quot;https:\\\/\\\/youtu.be\\\/4Q2TW5h-A5g&quot;,&quot;video_type&quot;:&quot;youtube&quot;,&quot;controls&quot;:&quot;yes&quot;}\" data-widget_type=\"video.default\">\n\t\t\t\t<div class=\"elementor-widget-container\">\n\t\t\t\t\t\t\t<div class=\"elementor-wrapper elementor-open-inline\">\n\t\t\t<div class=\"elementor-video\"><\/div>\t\t<\/div>\n\t\t\t\t\t\t<\/div>\n\t\t\t\t<\/div>\n\t\t\t\t<div class=\"elementor-element elementor-element-fa90613 elementor-widget elementor-widget-text-editor\" data-id=\"fa90613\" data-element_type=\"widget\" data-e-type=\"widget\" data-widget_type=\"text-editor.default\">\n\t\t\t\t<div class=\"elementor-widget-container\">\n\t\t\t\t\t\t\t\t\t<blockquote><p>\u00a0<\/p><p>\u00abLa foi en Christ est le seul rem\u00e8de efficace contre la peur de la mort.\u00bb<\/p><\/blockquote><p>Chaque \u00eatre humain a soif de conna\u00eetre Celui qui l\u2019a cr\u00e9\u00e9. En d\u2019autres termes, tout le monde d\u00e9sire faire l\u2019exp\u00e9rience de Dieu. Par exemple, pensez \u00e0 ce qui vous traverse le c\u0153ur chaque fois qu\u2019une d\u00e9tresse ou une trag\u00e9die survient dans la vie? Notre c\u0153ur nous pousse \u00e0 faire appel \u00e0 quelqu&rsquo;un de plus haut que nous, \u00e0 rechercher quelque chose de plus fort que nous.<\/p><p>Selon les paroles d\u2019un sage dans <em><strong>Eccl\u00e9siaste 3:11<\/strong> <strong>\u2013 \u00abDieu a plac\u00e9 l\u2019\u00e9ternit\u00e9 dans le c\u0153ur humain<\/strong><\/em><strong><em>.\u00bb<\/em><\/strong><\/p><p>Il y a deux questions br\u00fblantes que <strong>tout le monde<\/strong> s\u2019est pos\u00e9es \u00e0 un moment donn\u00e9 de sa vie:<\/p><ul><li>Qu&rsquo;est-ce que la vie?<\/li><li>Que se passe-t-il une fois la vie termin\u00e9e?<\/li><\/ul><p>Connaissez-vous la r\u00e9ponse \u00e0 ces questions? Et comment ces r\u00e9ponses \u2013 ou leur absence \u2013 affectent-elles votre vie quotidienne?<br \/>Cela se traduit-il par un \u00e9panouissement et un contentement au travail, dans les relations et en famille?<br \/>Trouvez-vous la joie et la paix en vous \u2013 quelle que soit la situation qui vous entoure?\u00a0<br \/>Avez-vous un sens de l\u2019objective qui vous ancre m\u00eame face aux \u00e9preuves et aux trag\u00e9dies?<\/p><p>Posons une question qui donne \u00e0 r\u00e9fl\u00e9chir \u2013 si on vous disait qu\u2019aujourd\u2019hui est votre dernier jour sur terre:<\/p><ul><li>Que feriez-vous? O\u00f9 iriez-vous? Que diriez-vous?<\/li><li>Comment cela changerait-il votre comportement, votre attitude, votre approche de la vie?<\/li><\/ul><p>La dure r\u00e9alit\u00e9 est que n\u2019importe quel jour \u2013 m\u00eame aujourd\u2019hui \u2013 peut \u00eatre votre dernier jour sur terre. La mort est le destin commun que nous partageons tous. La pens\u00e9e de la mortalit\u00e9 vous fait-elle peur? \u00cates-vous s\u00fbr de l\u2019endroit o\u00f9 vous passerez l\u2019\u00e9ternit\u00e9?<\/p><blockquote><p>Si votre c\u0153ur a soif de sens \u00e0 <strong>cette vie<\/strong> et d\u2019assurance de <strong>la vie apr\u00e8s la mort<\/strong>, la r\u00e9ponse a \u00e9t\u00e9 donn\u00e9e par J\u00e9sus-Christ!<\/p><\/blockquote><p>L\u2019essence du v\u00e9ritable Christianisme est une relation avec J\u00e9sus-Christ par la foi \u2013 une relation qui s\u2019\u00e9tend m\u00eame au-del\u00e0 de la tombe \u2013 lib\u00e9rant ceux <em>\u00ab<strong>qui, par crainte de la mort, \u00e9taient toute leur vie retenus dans la servitude.<\/strong>\u00bb<\/em> <strong><em>(H\u00e9breux 2:15)<\/em><\/strong><em>.<\/em><\/p><p>Mais qui est r\u00e9ellement Chr\u00e9tien? Aujourd\u2019hui, les gens donnent de nombreuses raisons pour se dire Chr\u00e9tiens.<\/p><p>Par exemple, ils disent:<br \/>\u00abJe suis Chr\u00e9tien parce que mes parents sont croyants.\u00bb<br \/>\u00abJe suis Chr\u00e9tien parce que j&rsquo;assiste aux services religieux \u00e0 P\u00e2ques et \u00e0 No\u00ebl.\u00bb<br \/>\u00abJe suis Chr\u00e9tien parce que je suis convaincu que J\u00e9sus est le Fils de Dieu.\u00bb<br \/>\u00abJe suis Chr\u00e9tien parce que j&rsquo;essaie d&rsquo;\u00eatre une bonne personne.\u00bb<\/p><p>Le probl\u00e8me avec ces r\u00e9ponses est qu\u2019elles ne mentionnent pas la seule raison qui qualifie quelqu\u2019un de Chr\u00e9tien.<\/p><p>Voici le d\u00e9fi:<br \/>Vous pouvez aller \u00e0 l&rsquo;\u00e9glise et ne pas \u00eatre Chr\u00e9tien.<br \/>Vous pouvez lire la Bible et ne pas \u00eatre Chr\u00e9tien.<br \/>Vous pouvez \u00eatre \u00e9lev\u00e9 dans un foyer pieux et ne pas \u00eatre Chr\u00e9tien.<br \/>Vous pouvez \u00e9liminer les mauvaises habitudes et essayer d\u2019\u00eatre une personne morale sans pour autant \u00eatre Chr\u00e9tien.<\/p><p>De tels actes ne suffisent pas \u00e0 faire d\u2019une personne un Chr\u00e9tien!<\/p><blockquote><p>Il y a une grande diff\u00e9rence entre <b><strong>la connaissance Dieu <\/strong><\/b>et <b><strong>le conna\u00eetre r\u00e9ellement<\/strong>.<\/b><\/p><\/blockquote><p>L\u2019homme est un p\u00e9cheur qui n\u2019a pas atteint le standard parfait de Dieu. La p\u00e9nalit\u00e9 pour cela est la mort \u2013 la s\u00e9paration \u00e9ternelle d\u2019avec Dieu. Que vous ayez essay\u00e9 \u00ab d\u2019\u00eatre une bonne personne\u00bb et de maintenir les normes divines r\u00e9v\u00e9l\u00e9es dans la Bible, ou que vous ayez v\u00e9cu sans vous soucier de Dieu ou de l\u2019\u00e9ternit\u00e9, la r\u00e9alit\u00e9 est que <strong>nous<\/strong> avons <strong>tous <\/strong>rat\u00e9 le but. <strong>Nous <\/strong>avons <strong>tous<\/strong> une dette que nous ne pouvons tout simplement pas nous permettre de payer. Par cons\u00e9quent, <strong>nous<\/strong> avons <strong>tous<\/strong> d\u00e9sesp\u00e9r\u00e9ment besoin de Son pardon!<\/p><p>Dieu est venu sur terre dans la personne de J\u00e9sus-Christ, qui est entr\u00e9 en tant qu\u2019homme et a v\u00e9cu sa vie sans p\u00e9ch\u00e9. Sur la Croix du Calvaire, Il est mort pour nous et a r\u00e9ellement pay\u00e9 pour notre p\u00e9ch\u00e9! Par notre foi en Lui, nous recevons:<br \/>&#8211; Sa justice,<br \/>&#8211; Son pardon de nos p\u00e9ch\u00e9s,<br \/>&#8211; Le cadeau de la vie \u00e9ternelle.<\/p><p>Alors, qui est Chr\u00e9tien? Un Chr\u00e9tien est une personne \u00e0 qui Dieu a pardonn\u00e9 gr\u00e2ce \u00e0 l\u2019\u0153uvre accomplie de J\u00e9sus-Christ sur la Croix <em>(<strong>Tite 3:\u00a03-6<\/strong>).<\/em><\/p><p>Voici le point principal:<\/p><blockquote><p>\u00eatre Chr\u00e9tien ne d\u00e9pend pas de ce que <strong>vous faites<\/strong>; il s&rsquo;agit de ce que J\u00e9sus-Christ <strong>a fait<\/strong>.<\/p><\/blockquote><p>Par son sacrifice d\u00e9sint\u00e9ress\u00e9 sur la croix, J\u00e9sus nous a rendus dignes de Dieu et nous a remis en ordre avec Dieu.<\/p><p>Dans <strong><em>Actes 16:30-31<\/em><\/strong>, un agent des forces de l\u2019ordre a pos\u00e9 \u00e0 l\u2019ap\u00f4tre Paul la question la plus importante: <strong><em>\u00abQue dois-je faire pour \u00eatre sauv\u00e9?\u00bb<\/em><\/strong> Paul a simplement r\u00e9pondu: <em><strong>\u00abCroyez au Seigneur J\u00e9sus; tu seras sauv\u00e9.\u00bb<\/strong><\/em><\/p><blockquote><p>Nous sommes sauv\u00e9s par cet incroyable \u00c9vangile de gr\u00e2ce qui dit que J\u00e9sus nous aime, est mort pour nous et nous pardonne lorsque nous ouvrons notre c\u0153ur pour croire!<\/p><\/blockquote><p>Votre refuge r\u00e9side dans ces mots \u2013 Crois seulement!<\/p><p>Au moment o\u00f9 vous lisez ceci, quelle est votre situation actuelle?<br \/>&#8211; Avez-vous l&rsquo;impression que la vie vous a tromp\u00e9?<br \/>&#8211; \u00cates-vous aux prises avec la d\u00e9ception, le d\u00e9couragement ou la d\u00e9pression?<br \/>&#8211; Cherchez-vous un objectif plus grand que vous?<\/p><p>Regardez J\u00e9sus avec foi! Comme il a \u00e9t\u00e9 injustement clou\u00e9 sur la croix, J\u00e9sus a en fait \u00e9t\u00e9 cr\u00e9\u00e9 pour \u00eatre la mal\u00e9diction que vous m\u00e9ritiez <em>(<strong>Galates 3:13-14<\/strong>)<\/em>. Il a pris votre pauvret\u00e9, votre maladie et vos p\u00e9ch\u00e9s afin que vous puissiez recevoir la b\u00e9n\u00e9diction que Dieu a promise \u00e0 ceux qui observent Sa loi \u2013 y compris une provision abondante pour tous les besoins de votre vie.<\/p><p>J\u00e9sus a vaincu le diable a Calvaire lors de sa r\u00e9surrection <strong><em>(Colossiens 2:15)<\/em><\/strong>! C\u2019est Sa victoire sur la mort qui nous donne la victoire sur le diable dans notre vie quotidienne ici sur <strong>terre<\/strong> et pour l\u2019\u00e9ternit\u00e9 <strong>au Ciel<\/strong>!<\/p><p>En entendant la Parole vivante de Dieu et en l\u2019embrassant par la foi, vous recevez:<br \/>&#8211; L&rsquo;assurance confiante de la vie \u00e9ternelle avec Christ,<br \/>&#8211; La force divine pour g\u00e9rer les d\u00e9fis quotidiens de la vie,<br \/>&#8211; L\u2019objectif clair pour guider vos plans et d\u00e9cisions.<\/p><p>Si ce court message incite votre c\u0153ur \u00e0 abandonner votre vie \u00e0 J\u00e9sus-Christ, nous vous encourageons \u00e0 dire cette pri\u00e8re.<br \/>Que vous vous sentiez autrefois proche de Dieu mais que vous vous sentiez maintenant distant ou que vous n&rsquo;ayez jamais connu la r\u00e9alit\u00e9 d&rsquo;une relation avec J\u00e9sus-Christ &#8211; il suffit de dire cette pri\u00e8rer.<\/p><p style=\"padding-left: 40px;\"><em>Cher Seigneur, je\u00a0confesse que je suis un p\u00e9cheur. J&rsquo;invoque ton saint nom, J\u00e9sus-Christ. Pardonne tous mes p\u00e9ch\u00e9s. Je crois que tu es mort \u00e0 ma place et que tu es ressuscit\u00e9 des morts selon les \u00c9critures. Je te re\u00e7ois avec mon c\u0153ur. Merci, Seigneur pour mon salut.<\/em><\/p><p>Vous \u00eates les bienvenus dans la famille de Dieu! N\u2019oubliez pas qu\u2019accepter J\u00e9sus comme votre Seigneur et Sauveur n\u2019est que la premi\u00e8re \u00e9tape de votre chemin de foi. L\u2019acceptation doit s\u2019accompagner d\u2019un engagement! C\u2019est lorsque nous prenons un engagement que nous devenons les disciples de J\u00e9sus. L\u2019engagement constitue alors un pont entre nous et J\u00e9sus.<\/p><p>Pour grandir dans la foi, nous vous encourageons \u00e0 d\u00e9velopper votre relation avec le Saint-Esprit en lisant quotidiennement votre Bible. Plus vous lisez avec d\u00e9votion, plus vous vous comprendrez vous-m\u00eame et Dieu qui vous a cr\u00e9\u00e9! Nous vous encourageons \u00e9galement \u00e0 trouver une \u00c9glise vivante et \u00e0 vous impliquer aupr\u00e8s d\u2019elle.<\/p>\t\t\t\t\t\t\t\t<\/div>\n\t\t\t\t<\/div>\n\t\t\t\t\t<\/div>\n\t\t\t\t<\/div>\n\t\t\t\t<\/div>\n\t\t","protected":false},"excerpt":{"rendered":"<p>Les plus grandes questions de la vie https:\/\/youtu.be\/4Q2TW5h-A5g \u00a0 \u00abLa foi en Christ est le seul rem\u00e8de efficace contre la peur de la mort.\u00bb Chaque \u00eatre humain a soif de conna\u00eetre Celui qui l\u2019a cr\u00e9\u00e9. En d\u2019autres termes, tout le monde d\u00e9sire faire l\u2019exp\u00e9rience de Dieu. Par exemple, pensez \u00e0 [&hellip;]<\/p>\n","protected":false},"author":1,"featured_media":0,"parent":0,"menu_order":0,"comment_status":"closed","ping_status":"closed","template":"page-templates\/full-width-transparent.php","meta":{"content-type":"","footnotes":""},"class_list":["post-17862","page","type-page","status-publish","hentry"],"_links":{"self":[{"href":"https:\/\/godsheart.tv\/fr\/wp-json\/wp\/v2\/pages\/17862","targetHints":{"allow":["GET"]}}],"collection":[{"href":"https:\/\/godsheart.tv\/fr\/wp-json\/wp\/v2\/pages"}],"about":[{"href":"https:\/\/godsheart.tv\/fr\/wp-json\/wp\/v2\/types\/page"}],"author":[{"embeddable":true,"href":"https:\/\/godsheart.tv\/fr\/wp-json\/wp\/v2\/users\/1"}],"replies":[{"embeddable":true,"href":"https:\/\/godsheart.tv\/fr\/wp-json\/wp\/v2\/comments?post=17862"}],"version-history":[{"count":18,"href":"https:\/\/godsheart.tv\/fr\/wp-json\/wp\/v2\/pages\/17862\/revisions"}],"predecessor-version":[{"id":18776,"href":"https:\/\/godsheart.tv\/fr\/wp-json\/wp\/v2\/pages\/17862\/revisions\/18776"}],"wp:attachment":[{"href":"https:\/\/godsheart.tv\/fr\/wp-json\/wp\/v2\/media?parent=17862"}],"curies":[{"name":"wp","href":"https:\/\/api.w.org\/{rel}","templated":true}]}}