{"id":3,"date":"2023-12-18T09:52:21","date_gmt":"2023-12-18T09:52:21","guid":{"rendered":"https:\/\/godsheart.tv\/newdesign\/?page_id=3"},"modified":"2025-07-09T16:09:33","modified_gmt":"2025-07-09T15:09:33","slug":"confidentialite","status":"publish","type":"page","link":"https:\/\/godsheart.tv\/fr\/confidentialite\/","title":{"rendered":"Politique de confidentialit\u00e9"},"content":{"rendered":"\n<p><em>En vigueur depuis : Jan 2022 Derni\u00e8re mise \u00e0 jour : mars 2024<\/em><\/p>\n\n\n\n<p>LA COLLECTE DES DONN\u00c9ES PERSONNELLES : L&rsquo;\u00e9quipe de God&rsquo;s Heart TV recueille les informations personnelles que vous lui fournissez. Nous collectons vos donn\u00e9es dans le cadre de tout formulaire que vous remplissez sur le site Internet (godsheart.tv) et nous les utilisons uniquement pour atteindre nos objectifs de promotion de la foi chr\u00e9tienne.<\/p>\n\n\n\n<p>SITE WEB ET COOKIES : Nous ne recueillons aucune information personnelle vous concernant lors de vos visites successives sur le site web. Les seules informations personnelles que nous recueillons sont celles que vous nous fournissez par e-mail, t\u00e9l\u00e9phone, WhatsApp ou en r\u00e9ponse \u00e0 l&rsquo;un des formulaires figurant sur le site web.<\/p>\n\n\n\n<p>CONTENU INT\u00c9GR\u00c9 : Certaines pages de ce site peuvent contenir du contenu int\u00e9gr\u00e9 (par exemple des vid\u00e9os) provenant d&rsquo;autres sites web. Ce contenu se comporte exactement de la m\u00eame mani\u00e8re que si le visiteur avait visit\u00e9 l&rsquo;autre site web. Ces sites web peuvent collecter des donn\u00e9es vous concernant, utiliser des cookies, int\u00e9grer un suivi suppl\u00e9mentaire par des tiers et surveiller votre interaction avec ce contenu int\u00e9gr\u00e9, y compris votre interaction avec le contenu int\u00e9gr\u00e9 si vous avez un compte et que vous \u00eates connect\u00e9 \u00e0 ce site web.<\/p>\n\n\n\n<p>STOCKAGE DE VOS DONN\u00c9ES : Nous ne conservons vos informations personnelles qu&rsquo;aussi longtemps qu&rsquo;elles sont n\u00e9cessaires aux fins pour lesquelles vous les avez fournies. Nous honorons toute demande d&rsquo;effacement des donn\u00e9es personnelles \u00e9manant des utilisateurs.<\/p>\n\n\n\n<p>LE TRANSFERT DE VOS DONN\u00c9ES \u00c0 DES TIERS : \u00c0 l&rsquo;exception des donn\u00e9es n\u00e9cessaires au traitement des dons (voir Informations financi\u00e8res ci-dessous), vos donn\u00e9es ne sont pas partag\u00e9es avec d&rsquo;autres organisations et ne sont pas utilis\u00e9es \u00e0 des fins commerciales.<\/p>\n\n\n\n<p>S\u00c9CURIT\u00c9 DES DONN\u00c9ES : Les donn\u00e9es sont conserv\u00e9es en toute s\u00e9curit\u00e9 et les personnes qui travaillent avec l&rsquo;\u00e9quipe de God&rsquo;s Heart TV sont soigneusement inform\u00e9es de la n\u00e9cessit\u00e9 de respecter la confidentialit\u00e9 des informations qu&rsquo;elles voient.<\/p>\n\n\n\n<p>INFORMATIONS FINANCI\u00c8RES : Lorsque vous utilisez cette plateforme pour faire un don, nous ne collectons que votre nom et votre adresse \u00e9lectronique, ainsi que le message de tout commentaire que vous incluez. Nous n&rsquo;avons pas acc\u00e8s \u00e0 vos informations financi\u00e8res, qui sont g\u00e9r\u00e9es en toute s\u00e9curit\u00e9 par une passerelle de paiement ou une agence de cartes de cr\u00e9dit. Nous utilisons Fundraise Up pour le traitement des dons sur notre site web. Les donn\u00e9es ne sont partag\u00e9es avec Fundraise Up que dans le cadre de la prestation de services.<\/p>\n\n\n\n<p>MODIFICATIONS DE CETTE DECLARATION DE CONFIDENTIALITE : Si God&rsquo;s Heart TV modifie sa d\u00e9claration de confidentialit\u00e9, ces modifications seront publi\u00e9es \u00e0 cet endroit.<\/p>\n\n\n\n<p>INFORMATIONS SUPPL\u00c9MENTAIRES : Si vous avez d&rsquo;autres questions concernant notre politique de protection de la vie priv\u00e9e, veuillez contacter privacy@godsheart.tv.<\/p>\n\n\n\n<p>INFORMATIONS COMMERCIALES : God&rsquo;s Heart TV est une soci\u00e9t\u00e9 \u00e0 but non lucratif enregistr\u00e9e au Royaume-Uni. Le num\u00e9ro d&rsquo;entreprise est 13961468 et l&rsquo;adresse du si\u00e8ge social est 23 Trinity Square, Llandudno, LL30 2RH.<\/p>\n\n\n\n<p><\/p>\n","protected":false},"excerpt":{"rendered":"<p>En vigueur depuis : Jan 2022 Derni\u00e8re mise \u00e0 jour : mars 2024 LA COLLECTE DES DONN\u00c9ES PERSONNELLES : L&rsquo;\u00e9quipe de God&rsquo;s Heart TV recueille les informations personnelles que vous lui fournissez. Nous collectons vos donn\u00e9es dans le cadre de tout formulaire que vous remplissez sur le site Internet (godsheart.tv) [&hellip;]<\/p>\n","protected":false},"author":1,"featured_media":0,"parent":0,"menu_order":0,"comment_status":"closed","ping_status":"closed","template":"","meta":{"content-type":"","footnotes":""},"class_list":["post-3","page","type-page","status-publish","hentry"],"_links":{"self":[{"href":"https:\/\/godsheart.tv\/fr\/wp-json\/wp\/v2\/pages\/3","targetHints":{"allow":["GET"]}}],"collection":[{"href":"https:\/\/godsheart.tv\/fr\/wp-json\/wp\/v2\/pages"}],"about":[{"href":"https:\/\/godsheart.tv\/fr\/wp-json\/wp\/v2\/types\/page"}],"author":[{"embeddable":true,"href":"https:\/\/godsheart.tv\/fr\/wp-json\/wp\/v2\/users\/1"}],"replies":[{"embeddable":true,"href":"https:\/\/godsheart.tv\/fr\/wp-json\/wp\/v2\/comments?post=3"}],"version-history":[{"count":2,"href":"https:\/\/godsheart.tv\/fr\/wp-json\/wp\/v2\/pages\/3\/revisions"}],"predecessor-version":[{"id":19469,"href":"https:\/\/godsheart.tv\/fr\/wp-json\/wp\/v2\/pages\/3\/revisions\/19469"}],"wp:attachment":[{"href":"https:\/\/godsheart.tv\/fr\/wp-json\/wp\/v2\/media?parent=3"}],"curies":[{"name":"wp","href":"https:\/\/api.w.org\/{rel}","templated":true}]}}