{"id":7628,"date":"2024-02-28T17:36:27","date_gmt":"2024-02-28T17:36:27","guid":{"rendered":"https:\/\/godsheart.tv\/newdesign\/?page_id=7628"},"modified":"2025-07-09T16:30:10","modified_gmt":"2025-07-09T15:30:10","slug":"volontaire-technique","status":"publish","type":"page","link":"https:\/\/godsheart.tv\/fr\/volontaire-technique\/","title":{"rendered":"Volontaire pour Soutien Technique"},"content":{"rendered":"\t\t<div data-elementor-type=\"wp-page\" data-elementor-id=\"7628\" class=\"elementor elementor-7628\">\n\t\t\t\t\t\t<section class=\"elementor-section elementor-top-section elementor-element elementor-element-21aa954e elementor-section-full_width elementor-section-height-min-height elementor-section-height-default elementor-section-items-middle\" data-id=\"21aa954e\" data-element_type=\"section\" data-e-type=\"section\" data-settings=\"{&quot;background_background&quot;:&quot;classic&quot;}\">\n\t\t\t\t\t\t\t<div class=\"elementor-background-overlay\"><\/div>\n\t\t\t\t\t\t\t<div class=\"elementor-container elementor-column-gap-no\">\n\t\t\t\t\t<div class=\"elementor-column elementor-col-100 elementor-top-column elementor-element elementor-element-458a4330\" data-id=\"458a4330\" data-element_type=\"column\" data-e-type=\"column\" data-settings=\"{&quot;background_background&quot;:&quot;slideshow&quot;,&quot;background_slideshow_gallery&quot;:[],&quot;background_slideshow_loop&quot;:&quot;yes&quot;,&quot;background_slideshow_slide_duration&quot;:5000,&quot;background_slideshow_slide_transition&quot;:&quot;fade&quot;,&quot;background_slideshow_transition_duration&quot;:500}\">\n\t\t\t<div class=\"elementor-widget-wrap\">\n\t\t\t\t\t\t\t<\/div>\n\t\t<\/div>\n\t\t\t\t\t<\/div>\n\t\t<\/section>\n\t\t<div class=\"elementor-element elementor-element-75deb36 e-flex e-con-boxed e-con e-parent\" data-id=\"75deb36\" data-element_type=\"container\" data-e-type=\"container\">\n\t\t\t\t\t<div class=\"e-con-inner\">\n\t\t\t\t<div class=\"elementor-element elementor-element-e9a7a36 elementor-widget elementor-widget-heading\" data-id=\"e9a7a36\" data-element_type=\"widget\" data-e-type=\"widget\" data-widget_type=\"heading.default\">\n\t\t\t\t<div class=\"elementor-widget-container\">\n\t\t\t\t\t<h2 class=\"elementor-heading-title elementor-size-default\">Volontaire pour Soutien Technique<\/h2>\t\t\t\t<\/div>\n\t\t\t\t<\/div>\n\t\t\t\t<div class=\"elementor-element elementor-element-eed64f9 elementor-widget elementor-widget-text-editor\" data-id=\"eed64f9\" data-element_type=\"widget\" data-e-type=\"widget\" data-widget_type=\"text-editor.default\">\n\t\t\t\t<div class=\"elementor-widget-container\">\n\t\t\t\t\t\t\t\t\t<p>Notre minist\u00e8re en ligne n\u00e9cessite de nombreux domaines de soutien technique, tels que la production vid\u00e9o, les m\u00e9dias sociaux, la conception graphique et l&rsquo;informatique. Si vous avez de l\u2019exp\u00e9rience dans l\u2019un de ces domaines et que Dieu vous a mis \u00e0 c\u0153ur de donner de votre temps et de vos comp\u00e9tences pour aider God\u2019s Heart TV, veuillez soumettre vos informations dans le formulaire ci-dessous.<\/p>\t\t\t\t\t\t\t\t<\/div>\n\t\t\t\t<\/div>\n\t\t\t\t<div class=\"elementor-element elementor-element-dad54f3 elementor-widget elementor-widget-hubspot-form\" data-id=\"dad54f3\" data-element_type=\"widget\" data-e-type=\"widget\" data-widget_type=\"hubspot-form.default\">\n\t\t\t\t<div class=\"elementor-widget-container\">\n\t\t\t\t\t\n\t\t\t\t\t\t<script>\n\t\t\t\t\t\t\twindow.hsFormsOnReady = window.hsFormsOnReady || [];\n\t\t\t\t\t\t\twindow.hsFormsOnReady.push(()=>{\n\t\t\t\t\t\t\t\thbspt.forms.create({\n\t\t\t\t\t\t\t\t\tportalId: 25392988,\n\t\t\t\t\t\t\t\t\tformId: \"87d40348-f9b3-4fc4-95c5-a6ee0d9b52aa\",\n\t\t\t\t\t\t\t\t\ttarget: \"#hbspt-form-1778690881000-0238751901\",\n\t\t\t\t\t\t\t\t\tregion: \"eu1\",\n\t\t\t\t\t\t\t\t\t\n\t\t\t\t\t\t\t})});\n\t\t\t\t\t\t<\/script>\n\t\t\t\t\t\t<div class=\"hbspt-form\" id=\"hbspt-form-1778690881000-0238751901\"><\/div>\t\t\t\t<\/div>\n\t\t\t\t<\/div>\n\t\t\t\t<div class=\"elementor-element elementor-element-049e582 elementor-widget elementor-widget-image\" data-id=\"049e582\" data-element_type=\"widget\" data-e-type=\"widget\" data-widget_type=\"image.default\">\n\t\t\t\t<div class=\"elementor-widget-container\">\n\t\t\t\t\t\t\t\t\t\t\t\t\t\t\t<img fetchpriority=\"high\" decoding=\"async\" width=\"1140\" height=\"45\" src=\"https:\/\/godsheart.tv\/fr\/wp-content\/uploads\/2025\/05\/Bkgrnd-1140x45-1.jpg\" class=\"attachment-full size-full wp-image-17603\" alt=\"\" srcset=\"https:\/\/godsheart.tv\/fr\/wp-content\/uploads\/2025\/05\/Bkgrnd-1140x45-1.jpg 1140w, https:\/\/godsheart.tv\/fr\/wp-content\/uploads\/2025\/05\/Bkgrnd-1140x45-1-300x12.jpg 300w, https:\/\/godsheart.tv\/fr\/wp-content\/uploads\/2025\/05\/Bkgrnd-1140x45-1-1024x40.jpg 1024w, https:\/\/godsheart.tv\/fr\/wp-content\/uploads\/2025\/05\/Bkgrnd-1140x45-1-768x30.jpg 768w, https:\/\/godsheart.tv\/fr\/wp-content\/uploads\/2025\/05\/Bkgrnd-1140x45-1-1000x39.jpg 1000w, https:\/\/godsheart.tv\/fr\/wp-content\/uploads\/2025\/05\/Bkgrnd-1140x45-1-600x24.jpg 600w, https:\/\/godsheart.tv\/fr\/wp-content\/uploads\/2025\/05\/Bkgrnd-1140x45-1-36x1.jpg 36w, https:\/\/godsheart.tv\/fr\/wp-content\/uploads\/2025\/05\/Bkgrnd-1140x45-1-48x2.jpg 48w\" sizes=\"(max-width: 1140px) 100vw, 1140px\" \/>\t\t\t\t\t\t\t\t\t\t\t\t\t\t\t<\/div>\n\t\t\t\t<\/div>\n\t\t\t\t\t<\/div>\n\t\t\t\t<\/div>\n\t\t\t\t<\/div>\n\t\t","protected":false},"excerpt":{"rendered":"<p>Volontaire pour Soutien Technique Notre minist\u00e8re en ligne n\u00e9cessite de nombreux domaines de soutien technique, tels que la production vid\u00e9o, les m\u00e9dias sociaux, la conception graphique et l&rsquo;informatique. Si vous avez de l\u2019exp\u00e9rience dans l\u2019un de ces domaines et que Dieu vous a mis \u00e0 c\u0153ur de donner de votre [&hellip;]<\/p>\n","protected":false},"author":1,"featured_media":0,"parent":0,"menu_order":0,"comment_status":"closed","ping_status":"closed","template":"page-templates\/full-width-transparent.php","meta":{"content-type":"","footnotes":""},"class_list":["post-7628","page","type-page","status-publish","hentry"],"_links":{"self":[{"href":"https:\/\/godsheart.tv\/fr\/wp-json\/wp\/v2\/pages\/7628","targetHints":{"allow":["GET"]}}],"collection":[{"href":"https:\/\/godsheart.tv\/fr\/wp-json\/wp\/v2\/pages"}],"about":[{"href":"https:\/\/godsheart.tv\/fr\/wp-json\/wp\/v2\/types\/page"}],"author":[{"embeddable":true,"href":"https:\/\/godsheart.tv\/fr\/wp-json\/wp\/v2\/users\/1"}],"replies":[{"embeddable":true,"href":"https:\/\/godsheart.tv\/fr\/wp-json\/wp\/v2\/comments?post=7628"}],"version-history":[{"count":7,"href":"https:\/\/godsheart.tv\/fr\/wp-json\/wp\/v2\/pages\/7628\/revisions"}],"predecessor-version":[{"id":19474,"href":"https:\/\/godsheart.tv\/fr\/wp-json\/wp\/v2\/pages\/7628\/revisions\/19474"}],"wp:attachment":[{"href":"https:\/\/godsheart.tv\/fr\/wp-json\/wp\/v2\/media?parent=7628"}],"curies":[{"name":"wp","href":"https:\/\/api.w.org\/{rel}","templated":true}]}}