{"id":7637,"date":"2024-02-28T17:42:36","date_gmt":"2024-02-28T17:42:36","guid":{"rendered":"https:\/\/godsheart.tv\/newdesign\/?page_id=7637"},"modified":"2025-07-09T16:27:10","modified_gmt":"2025-07-09T15:27:10","slug":"traducteur","status":"publish","type":"page","link":"https:\/\/godsheart.tv\/fr\/traducteur\/","title":{"rendered":"Traducteur"},"content":{"rendered":"\t\t<div data-elementor-type=\"wp-page\" data-elementor-id=\"7637\" class=\"elementor elementor-7637\">\n\t\t\t\t\t\t<section class=\"elementor-section elementor-top-section elementor-element elementor-element-21aa954e elementor-section-full_width elementor-section-height-min-height elementor-section-height-default elementor-section-items-middle\" data-id=\"21aa954e\" data-element_type=\"section\" data-e-type=\"section\" data-settings=\"{&quot;background_background&quot;:&quot;classic&quot;}\">\n\t\t\t\t\t\t\t<div class=\"elementor-background-overlay\"><\/div>\n\t\t\t\t\t\t\t<div class=\"elementor-container elementor-column-gap-no\">\n\t\t\t\t\t<div class=\"elementor-column elementor-col-100 elementor-top-column elementor-element elementor-element-458a4330\" data-id=\"458a4330\" data-element_type=\"column\" data-e-type=\"column\" data-settings=\"{&quot;background_background&quot;:&quot;slideshow&quot;,&quot;background_slideshow_gallery&quot;:[],&quot;background_slideshow_loop&quot;:&quot;yes&quot;,&quot;background_slideshow_slide_duration&quot;:5000,&quot;background_slideshow_slide_transition&quot;:&quot;fade&quot;,&quot;background_slideshow_transition_duration&quot;:500}\">\n\t\t\t<div class=\"elementor-widget-wrap\">\n\t\t\t\t\t\t\t<\/div>\n\t\t<\/div>\n\t\t\t\t\t<\/div>\n\t\t<\/section>\n\t\t<div class=\"elementor-element elementor-element-75deb36 e-flex e-con-boxed e-con e-parent\" data-id=\"75deb36\" data-element_type=\"container\" data-e-type=\"container\">\n\t\t\t\t\t<div class=\"e-con-inner\">\n\t\t\t\t<div class=\"elementor-element elementor-element-e9a7a36 elementor-widget elementor-widget-heading\" data-id=\"e9a7a36\" data-element_type=\"widget\" data-e-type=\"widget\" data-widget_type=\"heading.default\">\n\t\t\t\t<div class=\"elementor-widget-container\">\n\t\t\t\t\t<h2 class=\"elementor-heading-title elementor-size-default\">Volontaire pour Traduction<\/h2>\t\t\t\t<\/div>\n\t\t\t\t<\/div>\n\t\t\t\t<div class=\"elementor-element elementor-element-eed64f9 elementor-widget elementor-widget-text-editor\" data-id=\"eed64f9\" data-element_type=\"widget\" data-e-type=\"widget\" data-widget_type=\"text-editor.default\">\n\t\t\t\t<div class=\"elementor-widget-container\">\n\t\t\t\t\t\t\t\t\t<div><p>La mission de God\u2019s Heart TV est de pr\u00eacher l\u2019\u00c9vangile de J\u00e9sus-Christ partout dans le monde. Il est donc important que nos contenus soient traduits dans le plus de langues possible! Nous avons actuellement des cha\u00eenes en espagnol, russe, allemand et fran\u00e7ais. Si Dieu vous a mis \u00e0 c\u0153ur de donner de votre temps et de vos comp\u00e9tences en tant que traducteur avec God&rsquo;s Heart TV, veuillez soumettre vos informations dans le formulaire ci-dessous.<\/p>Tous les traducteurs volontaires doivent:<\/div><ul><li>Parler et \u00e9crire couramment dans une autre langue que l&rsquo;anglais.<\/li><li>Poss\u00e9der un <strong>ordinateur<\/strong> portable ou un fixe (pas seulement un smartphone) avec acc\u00e8s \u00e0 Internet.<\/li><\/ul>\t\t\t\t\t\t\t\t<\/div>\n\t\t\t\t<\/div>\n\t\t\t\t<div class=\"elementor-element elementor-element-dad54f3 elementor-widget elementor-widget-hubspot-form\" data-id=\"dad54f3\" data-element_type=\"widget\" data-e-type=\"widget\" data-widget_type=\"hubspot-form.default\">\n\t\t\t\t<div class=\"elementor-widget-container\">\n\t\t\t\t\t\n\t\t\t\t\t\t<script>\n\t\t\t\t\t\t\twindow.hsFormsOnReady = window.hsFormsOnReady || [];\n\t\t\t\t\t\t\twindow.hsFormsOnReady.push(()=>{\n\t\t\t\t\t\t\t\thbspt.forms.create({\n\t\t\t\t\t\t\t\t\tportalId: 25392988,\n\t\t\t\t\t\t\t\t\tformId: \"75f172b6-d965-42f1-a67e-d2a9b4ec0c08\",\n\t\t\t\t\t\t\t\t\ttarget: \"#hbspt-form-1776882645000-7804137586\",\n\t\t\t\t\t\t\t\t\tregion: \"eu1\",\n\t\t\t\t\t\t\t\t\t\n\t\t\t\t\t\t\t})});\n\t\t\t\t\t\t<\/script>\n\t\t\t\t\t\t<div class=\"hbspt-form\" id=\"hbspt-form-1776882645000-7804137586\"><\/div>\t\t\t\t<\/div>\n\t\t\t\t<\/div>\n\t\t\t\t<div class=\"elementor-element elementor-element-aa3ff65 elementor-widget elementor-widget-image\" data-id=\"aa3ff65\" data-element_type=\"widget\" data-e-type=\"widget\" data-widget_type=\"image.default\">\n\t\t\t\t<div class=\"elementor-widget-container\">\n\t\t\t\t\t\t\t\t\t\t\t\t\t\t\t<img fetchpriority=\"high\" decoding=\"async\" width=\"1140\" height=\"45\" src=\"https:\/\/godsheart.tv\/fr\/wp-content\/uploads\/2025\/05\/Bkgrnd-1140x45-1.jpg\" class=\"attachment-full size-full wp-image-17603\" alt=\"\" srcset=\"https:\/\/godsheart.tv\/fr\/wp-content\/uploads\/2025\/05\/Bkgrnd-1140x45-1.jpg 1140w, https:\/\/godsheart.tv\/fr\/wp-content\/uploads\/2025\/05\/Bkgrnd-1140x45-1-300x12.jpg 300w, https:\/\/godsheart.tv\/fr\/wp-content\/uploads\/2025\/05\/Bkgrnd-1140x45-1-1024x40.jpg 1024w, https:\/\/godsheart.tv\/fr\/wp-content\/uploads\/2025\/05\/Bkgrnd-1140x45-1-768x30.jpg 768w, https:\/\/godsheart.tv\/fr\/wp-content\/uploads\/2025\/05\/Bkgrnd-1140x45-1-1000x39.jpg 1000w, https:\/\/godsheart.tv\/fr\/wp-content\/uploads\/2025\/05\/Bkgrnd-1140x45-1-600x24.jpg 600w, https:\/\/godsheart.tv\/fr\/wp-content\/uploads\/2025\/05\/Bkgrnd-1140x45-1-36x1.jpg 36w, https:\/\/godsheart.tv\/fr\/wp-content\/uploads\/2025\/05\/Bkgrnd-1140x45-1-48x2.jpg 48w\" sizes=\"(max-width: 1140px) 100vw, 1140px\" \/>\t\t\t\t\t\t\t\t\t\t\t\t\t\t\t<\/div>\n\t\t\t\t<\/div>\n\t\t\t\t\t<\/div>\n\t\t\t\t<\/div>\n\t\t\t\t<\/div>\n\t\t","protected":false},"excerpt":{"rendered":"<p>Volontaire pour Traduction La mission de God\u2019s Heart TV est de pr\u00eacher l\u2019\u00c9vangile de J\u00e9sus-Christ partout dans le monde. Il est donc important que nos contenus soient traduits dans le plus de langues possible! Nous avons actuellement des cha\u00eenes en espagnol, russe, allemand et fran\u00e7ais. Si Dieu vous a mis [&hellip;]<\/p>\n","protected":false},"author":1,"featured_media":0,"parent":0,"menu_order":0,"comment_status":"closed","ping_status":"closed","template":"page-templates\/full-width-transparent.php","meta":{"content-type":"","footnotes":""},"class_list":["post-7637","page","type-page","status-publish","hentry"],"_links":{"self":[{"href":"https:\/\/godsheart.tv\/fr\/wp-json\/wp\/v2\/pages\/7637","targetHints":{"allow":["GET"]}}],"collection":[{"href":"https:\/\/godsheart.tv\/fr\/wp-json\/wp\/v2\/pages"}],"about":[{"href":"https:\/\/godsheart.tv\/fr\/wp-json\/wp\/v2\/types\/page"}],"author":[{"embeddable":true,"href":"https:\/\/godsheart.tv\/fr\/wp-json\/wp\/v2\/users\/1"}],"replies":[{"embeddable":true,"href":"https:\/\/godsheart.tv\/fr\/wp-json\/wp\/v2\/comments?post=7637"}],"version-history":[{"count":7,"href":"https:\/\/godsheart.tv\/fr\/wp-json\/wp\/v2\/pages\/7637\/revisions"}],"predecessor-version":[{"id":19473,"href":"https:\/\/godsheart.tv\/fr\/wp-json\/wp\/v2\/pages\/7637\/revisions\/19473"}],"wp:attachment":[{"href":"https:\/\/godsheart.tv\/fr\/wp-json\/wp\/v2\/media?parent=7637"}],"curies":[{"name":"wp","href":"https:\/\/api.w.org\/{rel}","templated":true}]}}