{"id":7670,"date":"2024-02-28T19:50:33","date_gmt":"2024-02-28T19:50:33","guid":{"rendered":"https:\/\/godsheart.tv\/newdesign\/?page_id=7670"},"modified":"2025-06-24T13:24:04","modified_gmt":"2025-06-24T12:24:04","slug":"partenaire","status":"publish","type":"page","link":"https:\/\/godsheart.tv\/fr\/partenaire\/","title":{"rendered":"Partenariat financier"},"content":{"rendered":"\t\t<div data-elementor-type=\"wp-page\" data-elementor-id=\"7670\" class=\"elementor elementor-7670\">\n\t\t\t\t\t\t<section class=\"elementor-section elementor-top-section elementor-element elementor-element-21aa954e elementor-section-full_width elementor-section-height-min-height elementor-section-height-default elementor-section-items-middle\" data-id=\"21aa954e\" data-element_type=\"section\" data-e-type=\"section\" data-settings=\"{&quot;background_background&quot;:&quot;classic&quot;}\">\n\t\t\t\t\t\t\t<div class=\"elementor-background-overlay\"><\/div>\n\t\t\t\t\t\t\t<div class=\"elementor-container elementor-column-gap-no\">\n\t\t\t\t\t<div class=\"elementor-column elementor-col-100 elementor-top-column elementor-element elementor-element-458a4330\" data-id=\"458a4330\" data-element_type=\"column\" data-e-type=\"column\" data-settings=\"{&quot;background_background&quot;:&quot;slideshow&quot;,&quot;background_slideshow_gallery&quot;:[],&quot;background_slideshow_loop&quot;:&quot;yes&quot;,&quot;background_slideshow_slide_duration&quot;:5000,&quot;background_slideshow_slide_transition&quot;:&quot;fade&quot;,&quot;background_slideshow_transition_duration&quot;:500}\">\n\t\t\t<div class=\"elementor-widget-wrap\">\n\t\t\t\t\t\t\t<\/div>\n\t\t<\/div>\n\t\t\t\t\t<\/div>\n\t\t<\/section>\n\t\t\t\t<section class=\"elementor-section elementor-top-section elementor-element elementor-element-56a7173f elementor-section-boxed elementor-section-height-default elementor-section-height-default\" data-id=\"56a7173f\" data-element_type=\"section\" data-e-type=\"section\">\n\t\t\t\t\t\t<div class=\"elementor-container elementor-column-gap-no\">\n\t\t\t\t\t<div class=\"elementor-column elementor-col-100 elementor-top-column elementor-element elementor-element-69666e2\" data-id=\"69666e2\" data-element_type=\"column\" data-e-type=\"column\">\n\t\t\t<div class=\"elementor-widget-wrap elementor-element-populated\">\n\t\t\t\t\t\t<div class=\"elementor-element elementor-element-50fa200 elementor-widget elementor-widget-heading\" data-id=\"50fa200\" data-element_type=\"widget\" data-e-type=\"widget\" data-widget_type=\"heading.default\">\n\t\t\t\t<div class=\"elementor-widget-container\">\n\t\t\t\t\t<h2 class=\"elementor-heading-title elementor-size-xl\">Partenariat financier<\/h2>\t\t\t\t<\/div>\n\t\t\t\t<\/div>\n\t\t\t\t\t<\/div>\n\t\t<\/div>\n\t\t\t\t\t<\/div>\n\t\t<\/section>\n\t\t\t\t<section class=\"elementor-section elementor-top-section elementor-element elementor-element-33afe2b elementor-section-boxed elementor-section-height-default elementor-section-height-default\" data-id=\"33afe2b\" data-element_type=\"section\" data-e-type=\"section\">\n\t\t\t\t\t\t<div class=\"elementor-container elementor-column-gap-wider\">\n\t\t\t\t\t<div class=\"elementor-column elementor-col-50 elementor-top-column elementor-element elementor-element-1f65532\" data-id=\"1f65532\" data-element_type=\"column\" data-e-type=\"column\">\n\t\t\t<div class=\"elementor-widget-wrap elementor-element-populated\">\n\t\t\t\t\t\t<div class=\"elementor-element elementor-element-b79bde6 elementor-widget elementor-widget-text-editor\" data-id=\"b79bde6\" data-element_type=\"widget\" data-e-type=\"widget\" data-widget_type=\"text-editor.default\">\n\t\t\t\t<div class=\"elementor-widget-container\">\n\t\t\t\t\t\t\t\t\t<p><em>\u00abLes \u00e9motions ou les circonstances peuvent inciter au soutien, mais le c\u0153ur incite au partenariat.\u00bb<\/em><\/p><p>\u00c0 God\u2019s Heart TV, notre passion est de diffuser la Bonne Nouvelle de J\u00e9sus-Christ dans le monde entier et de montrer concr\u00e8tement l\u2019amour de Dieu \u00e0 ceux qui en ont besoin. J\u00e9sus a dit \u00e0 ses disciples dans <strong><em>Matthieu 10:8<\/em><\/strong> \u00a0<strong>\u00ab<em>Vous avez re\u00e7u gratuitement, donnez gratuitement<\/em>.\u00bb<\/strong> Nous ne facturons pas ce que nous faisons mais sommes financ\u00e9s par des partenaires qui partagent la m\u00eame vision. Si votre c\u0153ur est en accord avec cette mission et que Dieu vous a incit\u00e9 \u00e0 vous associer financi\u00e8rement \u00e0 God\u2019s Heart TV, vous pouvez faire un don mensuel ou ponctuel en remplissant le formulaire sur cette page.<\/p><p>Rappelez-vous &#8211; les personnes de conscience donnent gr\u00e2ce \u00e0 l&rsquo;encouragement du Saint-Esprit dans leur esprit <strong><em>(Exode 25:2)<\/em><\/strong>. Lorsque vous donnez librement de tout votre c\u0153ur, tout ce que vous donnez sera une b\u00e9n\u00e9diction pour vous ainsi que pour la personne ou le minist\u00e8re que vous soutenez. Merci pour votre amour. Que Dieu vous b\u00e9nisse!<\/p>\t\t\t\t\t\t\t\t<\/div>\n\t\t\t\t<\/div>\n\t\t\t\t\t<\/div>\n\t\t<\/div>\n\t\t\t\t<div class=\"elementor-column elementor-col-50 elementor-top-column elementor-element elementor-element-15b3cb2\" data-id=\"15b3cb2\" data-element_type=\"column\" data-e-type=\"column\">\n\t\t\t<div class=\"elementor-widget-wrap elementor-element-populated\">\n\t\t\t\t\t\t<div class=\"elementor-element elementor-element-7c9ecfb elementor-widget elementor-widget-heading\" data-id=\"7c9ecfb\" data-element_type=\"widget\" data-e-type=\"widget\" data-widget_type=\"heading.default\">\n\t\t\t\t<div class=\"elementor-widget-container\">\n\t\t\t\t\t<h4 class=\"elementor-heading-title elementor-size-default\">Formulaire s\u00e9curis\u00e9 de don<\/h4>\t\t\t\t<\/div>\n\t\t\t\t<\/div>\n\t\t\t\t<div class=\"elementor-element elementor-element-d94dca9 elementor-widget elementor-widget-html\" data-id=\"d94dca9\" data-element_type=\"widget\" data-e-type=\"widget\" data-widget_type=\"html.default\">\n\t\t\t\t<div class=\"elementor-widget-container\">\n\t\t\t\t\t<a href=\"#XHWYJFTA\" style=\"display: none\"><\/a>\t\t\t\t<\/div>\n\t\t\t\t<\/div>\n\t\t\t\t\t<\/div>\n\t\t<\/div>\n\t\t\t\t\t<\/div>\n\t\t<\/section>\n\t\t<div class=\"elementor-element elementor-element-1d54441 e-flex e-con-boxed e-con e-parent\" data-id=\"1d54441\" data-element_type=\"container\" data-e-type=\"container\">\n\t\t\t\t\t<div class=\"e-con-inner\">\n\t\t\t\t<div class=\"elementor-element elementor-element-0fa5b2f elementor-widget elementor-widget-text-editor\" data-id=\"0fa5b2f\" data-element_type=\"widget\" data-e-type=\"widget\" data-widget_type=\"text-editor.default\">\n\t\t\t\t<div class=\"elementor-widget-container\">\n\t\t\t\t\t\t\t\t\t<p>Alternativement, vous pouvez faire un don par virement bancaire en utilisant <a href=\"https:\/\/godsheart.tv\/fr\/banque\/\" rel=\"noopener\"><strong>les coordonn\u00e9es bancaires de God&rsquo;s Heart TV<\/strong><\/a>.<\/p>\t\t\t\t\t\t\t\t<\/div>\n\t\t\t\t<\/div>\n\t\t\t\t<div class=\"elementor-element elementor-element-c0a3cb1 elementor-widget elementor-widget-text-editor\" data-id=\"c0a3cb1\" data-element_type=\"widget\" data-e-type=\"widget\" data-widget_type=\"text-editor.default\">\n\t\t\t\t<div class=\"elementor-widget-container\">\n\t\t\t\t\t\t\t\t\t<p><strong>Remarque :<\/strong><br \/>God&rsquo;s Heart TV est une soci\u00e9t\u00e9 \u00e0 but non lucratif enregistr\u00e9e au Royaume-Uni. Comme nous ne sommes pas un organisme de bienfaisance enregistr\u00e9, les dons \u00e0 God&rsquo;s Heart TV ne sont pas \u00e9ligibles \u00e0 l&rsquo;all\u00e9gement fiscal ou \u00e0 Gift Aid.<\/p>\t\t\t\t\t\t\t\t<\/div>\n\t\t\t\t<\/div>\n\t\t\t\t\t<\/div>\n\t\t\t\t<\/div>\n\t\t\t\t<\/div>\n\t\t","protected":false},"excerpt":{"rendered":"<p>Partenariat financier \u00abLes \u00e9motions ou les circonstances peuvent inciter au soutien, mais le c\u0153ur incite au partenariat.\u00bb \u00c0 God\u2019s Heart TV, notre passion est de diffuser la Bonne Nouvelle de J\u00e9sus-Christ dans le monde entier et de montrer concr\u00e8tement l\u2019amour de Dieu \u00e0 ceux qui en ont besoin. J\u00e9sus a [&hellip;]<\/p>\n","protected":false},"author":1,"featured_media":0,"parent":0,"menu_order":0,"comment_status":"closed","ping_status":"closed","template":"page-templates\/full-width-transparent.php","meta":{"content-type":"","footnotes":""},"class_list":["post-7670","page","type-page","status-publish","hentry"],"_links":{"self":[{"href":"https:\/\/godsheart.tv\/fr\/wp-json\/wp\/v2\/pages\/7670","targetHints":{"allow":["GET"]}}],"collection":[{"href":"https:\/\/godsheart.tv\/fr\/wp-json\/wp\/v2\/pages"}],"about":[{"href":"https:\/\/godsheart.tv\/fr\/wp-json\/wp\/v2\/types\/page"}],"author":[{"embeddable":true,"href":"https:\/\/godsheart.tv\/fr\/wp-json\/wp\/v2\/users\/1"}],"replies":[{"embeddable":true,"href":"https:\/\/godsheart.tv\/fr\/wp-json\/wp\/v2\/comments?post=7670"}],"version-history":[{"count":13,"href":"https:\/\/godsheart.tv\/fr\/wp-json\/wp\/v2\/pages\/7670\/revisions"}],"predecessor-version":[{"id":18783,"href":"https:\/\/godsheart.tv\/fr\/wp-json\/wp\/v2\/pages\/7670\/revisions\/18783"}],"wp:attachment":[{"href":"https:\/\/godsheart.tv\/fr\/wp-json\/wp\/v2\/media?parent=7670"}],"curies":[{"name":"wp","href":"https:\/\/api.w.org\/{rel}","templated":true}]}}